{"id":14713,"date":"2024-03-21T11:47:18","date_gmt":"2024-03-21T11:47:18","guid":{"rendered":"https:\/\/gps.allegion.com\/axa-home\/?page_id=14713"},"modified":"2024-10-08T09:53:20","modified_gmt":"2024-10-08T09:53:20","slug":"werken-bij-axa","status":"publish","type":"page","link":"https:\/\/axabikesecurity.com\/de\/werken-bij-axa\/","title":{"rendered":"Karriere bei AXA"},"content":{"rendered":"<section id=\"\" class=\"relative after:w-full after:h-full after:top-0 after:left-0 after:bg-[rgba(0,0,0,0.35)] after:absolute   !pt-[96px] is-layout-flex wp-block-acf-hero-is-layout-flex\" style=\"padding-top:16px; padding-bottom:136px; color: var(--wp--preset--color--font); \">\n\n\t\t\t\t<img loading=\"lazy\" decoding=\"async\" width=\"2048\" height=\"1365\" src=\"https:\/\/axabikesecurity.com\/de\/wp-content\/uploads\/sites\/17\/2024\/04\/pand-AXA-Bike-Security.jpg?w=2048\" class=\"w-full h-full absolute top-0 left-0 object-cover \" alt=\"Pand AXA Bike Security\" srcset=\"https:\/\/axabikesecurity.com\/de\/wp-content\/uploads\/sites\/17\/2024\/04\/pand-AXA-Bike-Security.jpg 4724w, https:\/\/axabikesecurity.com\/de\/wp-content\/uploads\/sites\/17\/2024\/04\/pand-AXA-Bike-Security.jpg?resize=512,341 512w, https:\/\/axabikesecurity.com\/de\/wp-content\/uploads\/sites\/17\/2024\/04\/pand-AXA-Bike-Security.jpg?resize=768,512 768w, https:\/\/axabikesecurity.com\/de\/wp-content\/uploads\/sites\/17\/2024\/04\/pand-AXA-Bike-Security.jpg?resize=2048,1365 2048w, https:\/\/axabikesecurity.com\/de\/wp-content\/uploads\/sites\/17\/2024\/04\/pand-AXA-Bike-Security.jpg?resize=1536,1024 1536w, https:\/\/axabikesecurity.com\/de\/wp-content\/uploads\/sites\/17\/2024\/04\/pand-AXA-Bike-Security.jpg?resize=1215,810 1215w, https:\/\/axabikesecurity.com\/de\/wp-content\/uploads\/sites\/17\/2024\/04\/pand-AXA-Bike-Security.jpg?resize=600,400 600w\" sizes=\"auto, (max-width: 2048px) 100vw, 2048px\" data-ot-ignore=\"\" \/>\n\t\n\t\n\t<div class=\"relative container z-10\">\n\n\t\t<div class=\"relative w-full lg:w-6\/12\">\n\t\t\t<div class=\"content text-white    \">\n\t\t\t\t    <h1 class=\"\">Deine Karriere bei AXA?<\/h1>\n\t\t\t<\/div>\n\t\t<\/div>\n\n\t<\/div>\n<\/section>\n\n\n<section id=\"\" class=\"is-layout-flex wp-block-acf-content-image-is-layout-flex\" style=\"padding-top:var(--wp--preset--spacing--80); padding-bottom:var(--wp--preset--spacing--80); color: var(--wp--preset--color--font); \">\n\t<div class=\"container\">\n\n\t\t<div class=\"flex flex-col gap-10 lg:gap-0 lg:flex-row relative justify-start items-center justify-start \">\n\n\t\t\t<div class=\"w-full md:w-7\/12\">\n\t\t\t\t\t<img loading=\"lazy\" decoding=\"async\" width=\"2048\" height=\"1365\" src=\"https:\/\/axabikesecurity.com\/de\/wp-content\/uploads\/sites\/17\/2024\/04\/1DXB5479.jpg?w=2048\" class=\"w-full rounded \" alt=\"AXA Bike Security, sfeerbeeld\" srcset=\"https:\/\/axabikesecurity.com\/de\/wp-content\/uploads\/sites\/17\/2024\/04\/1DXB5479.jpg 5472w, https:\/\/axabikesecurity.com\/de\/wp-content\/uploads\/sites\/17\/2024\/04\/1DXB5479.jpg?resize=512,341 512w, https:\/\/axabikesecurity.com\/de\/wp-content\/uploads\/sites\/17\/2024\/04\/1DXB5479.jpg?resize=768,512 768w, https:\/\/axabikesecurity.com\/de\/wp-content\/uploads\/sites\/17\/2024\/04\/1DXB5479.jpg?resize=2048,1365 2048w, https:\/\/axabikesecurity.com\/de\/wp-content\/uploads\/sites\/17\/2024\/04\/1DXB5479.jpg?resize=1536,1024 1536w, https:\/\/axabikesecurity.com\/de\/wp-content\/uploads\/sites\/17\/2024\/04\/1DXB5479.jpg?resize=1215,810 1215w, https:\/\/axabikesecurity.com\/de\/wp-content\/uploads\/sites\/17\/2024\/04\/1DXB5479.jpg?resize=600,400 600w\" sizes=\"auto, (max-width: 2048px) 100vw, 2048px\" data-ot-ignore=\"\" \/>\n\t\t\t<\/div>\n\n\t\t\t<div class=\"w-full md:w-6\/12 lg:absolute top-1\/2 lg:-translate-y-1\/2 bg-white py-10 pl-9 pr-7 shadow-contentcard rounded-[2px] right-0\">\n\t\t\t\t<div class=\"content [&amp;_p]:text-[18px]    \">\n\t\t\t\t\t\t\t    <h3 id=\"block_acf-block-6705010f7ac4e2.95859687\" class=\"\">Schau dir unsere offenen Stellen an<\/h3>\n\t\t\t    <div class=\"[&amp;_p]:text-[18px]\">\n        <p>Bei AXA machen wir die Welt jeden Tag ein bisschen sicherer. Macht das auch dein Herz schneller? M\u00f6chtest du gerne f\u00fcr ein Unternehmen arbeiten, das sich um dich k\u00fcmmert, deine pers\u00f6nliche Entwicklung, Sicherheit und Wohlbefinden priorisiert? Dann laden wir dich herzlich ein, dich auf eine der Stellen in unserer Zentrale in Veenendaal zu bewerben.<\/p>\n\n    <\/div>\n\t\t<div class=\"flex flex-wrap gap-4 md:gap-6 mt-6\">\n\t\t\t\t\t\t\n\t<a href=\"https:\/\/axasecurity.com\/de\/vacancies\/\" class=\"btn mt-6 btn--solid flex-row-reverse\" target=\"_blank\">\n\t\t\t\t\t\t\t        <div class=\"h-6 w-6 text-[24px] color: var(--wp--preset--color--font); flex justify-center items-center \">\n        <span class=\"material-symbols-rounded\">open_in_new<\/span>\n    <\/div>\n\t\t\t\tStellenangebot\n\t<\/a>\n\t\t\t<\/div>\n\n<\/div>\n\t\t\t<\/div>\n\n\t\t<\/div>\n\n\t<\/div>\n<\/section>\n","protected":false},"excerpt":{"rendered":"","protected":false},"author":4,"featured_media":0,"parent":0,"menu_order":0,"comment_status":"closed","ping_status":"closed","template":"","meta":{"_acf_changed":false,"_trash_the_other_posts":false,"footnotes":""},"class_list":["post-14713","page","type-page","status-publish","hentry"],"acf":[],"yoast_head":"<!-- This site is optimized with the Yoast SEO plugin v27.4 - https:\/\/yoast.com\/product\/yoast-seo-wordpress\/ -->\n<title>Karriere bei AXA | AXA Bike Security \ud83c\udde9\ud83c\uddea<\/title>\n<meta name=\"description\" content=\"Interesse bei AXA zu arbeiten? Erfahren Sie mehr \u00fcber unser Unternehmen und sehen Sie, ob es eine Stellenanzeige gibt, die zu Ihnen passt.\" \/>\n<meta name=\"robots\" content=\"index, follow, max-snippet:-1, max-image-preview:large, max-video-preview:-1\" \/>\n<link rel=\"canonical\" href=\"https:\/\/axabikesecurity.com\/de\/werken-bij-axa\/\" \/>\n<meta property=\"og:locale\" content=\"en_US\" \/>\n<meta property=\"og:type\" content=\"article\" \/>\n<meta property=\"og:title\" content=\"Karriere bei AXA | AXA Bike Security \ud83c\udde9\ud83c\uddea\" \/>\n<meta property=\"og:description\" content=\"Interesse bei AXA zu arbeiten? Erfahren Sie mehr \u00fcber unser Unternehmen und sehen Sie, ob es eine Stellenanzeige gibt, die zu Ihnen passt.\" \/>\n<meta property=\"og:url\" content=\"https:\/\/axabikesecurity.com\/de\/werken-bij-axa\/\" \/>\n<meta property=\"og:site_name\" content=\"AXA Bike Security \ud83c\udde9\ud83c\uddea\" \/>\n<meta property=\"article:modified_time\" content=\"2024-10-08T09:53:20+00:00\" \/>\n<meta name=\"twitter:card\" content=\"summary_large_image\" \/>\n<script type=\"application\/ld+json\" class=\"yoast-schema-graph\">{\"@context\":\"https:\\\/\\\/schema.org\",\"@graph\":[{\"@type\":\"WebPage\",\"@id\":\"https:\\\/\\\/axabikesecurity.com\\\/de\\\/werken-bij-axa\\\/\",\"url\":\"https:\\\/\\\/axabikesecurity.com\\\/de\\\/werken-bij-axa\\\/\",\"name\":\"Karriere bei AXA | AXA Bike Security \ud83c\udde9\ud83c\uddea\",\"isPartOf\":{\"@id\":\"https:\\\/\\\/axabikesecurity.com\\\/de\\\/#website\"},\"datePublished\":\"2024-03-21T11:47:18+00:00\",\"dateModified\":\"2024-10-08T09:53:20+00:00\",\"description\":\"Interesse bei AXA zu arbeiten? Erfahren Sie mehr \u00fcber unser Unternehmen und sehen Sie, ob es eine Stellenanzeige gibt, die zu Ihnen passt.\",\"breadcrumb\":{\"@id\":\"https:\\\/\\\/axabikesecurity.com\\\/de\\\/werken-bij-axa\\\/#breadcrumb\"},\"inLanguage\":\"en-US\",\"potentialAction\":[{\"@type\":\"ReadAction\",\"target\":[\"https:\\\/\\\/axabikesecurity.com\\\/de\\\/werken-bij-axa\\\/\"]}]},{\"@type\":\"BreadcrumbList\",\"@id\":\"https:\\\/\\\/axabikesecurity.com\\\/de\\\/werken-bij-axa\\\/#breadcrumb\",\"itemListElement\":[{\"@type\":\"ListItem\",\"position\":1,\"name\":\"house\",\"item\":\"https:\\\/\\\/axabikesecurity.com\\\/de\\\/\"},{\"@type\":\"ListItem\",\"position\":2,\"name\":\"Karriere bei AXA\"}]},{\"@type\":\"WebSite\",\"@id\":\"https:\\\/\\\/axabikesecurity.com\\\/de\\\/#website\",\"url\":\"https:\\\/\\\/axabikesecurity.com\\\/de\\\/\",\"name\":\"AXA Bike\",\"description\":\"\",\"potentialAction\":[{\"@type\":\"SearchAction\",\"target\":{\"@type\":\"EntryPoint\",\"urlTemplate\":\"https:\\\/\\\/axabikesecurity.com\\\/de\\\/?s={search_term_string}\"},\"query-input\":{\"@type\":\"PropertyValueSpecification\",\"valueRequired\":true,\"valueName\":\"search_term_string\"}}],\"inLanguage\":\"en-US\"}]}<\/script>\n<!-- \/ Yoast SEO plugin. -->","yoast_head_json":{"title":"Karriere bei AXA | AXA Bike Security \ud83c\udde9\ud83c\uddea","description":"Interesse bei AXA zu arbeiten? Erfahren Sie mehr \u00fcber unser Unternehmen und sehen Sie, ob es eine Stellenanzeige gibt, die zu Ihnen passt.","robots":{"index":"index","follow":"follow","max-snippet":"max-snippet:-1","max-image-preview":"max-image-preview:large","max-video-preview":"max-video-preview:-1"},"canonical":"https:\/\/axabikesecurity.com\/de\/werken-bij-axa\/","og_locale":"en_US","og_type":"article","og_title":"Karriere bei AXA | AXA Bike Security \ud83c\udde9\ud83c\uddea","og_description":"Interesse bei AXA zu arbeiten? Erfahren Sie mehr \u00fcber unser Unternehmen und sehen Sie, ob es eine Stellenanzeige gibt, die zu Ihnen passt.","og_url":"https:\/\/axabikesecurity.com\/de\/werken-bij-axa\/","og_site_name":"AXA Bike Security \ud83c\udde9\ud83c\uddea","article_modified_time":"2024-10-08T09:53:20+00:00","twitter_card":"summary_large_image","schema":{"@context":"https:\/\/schema.org","@graph":[{"@type":"WebPage","@id":"https:\/\/axabikesecurity.com\/de\/werken-bij-axa\/","url":"https:\/\/axabikesecurity.com\/de\/werken-bij-axa\/","name":"Karriere bei AXA | AXA Bike Security \ud83c\udde9\ud83c\uddea","isPartOf":{"@id":"https:\/\/axabikesecurity.com\/de\/#website"},"datePublished":"2024-03-21T11:47:18+00:00","dateModified":"2024-10-08T09:53:20+00:00","description":"Interesse bei AXA zu arbeiten? Erfahren Sie mehr \u00fcber unser Unternehmen und sehen Sie, ob es eine Stellenanzeige gibt, die zu Ihnen passt.","breadcrumb":{"@id":"https:\/\/axabikesecurity.com\/de\/werken-bij-axa\/#breadcrumb"},"inLanguage":"en-US","potentialAction":[{"@type":"ReadAction","target":["https:\/\/axabikesecurity.com\/de\/werken-bij-axa\/"]}]},{"@type":"BreadcrumbList","@id":"https:\/\/axabikesecurity.com\/de\/werken-bij-axa\/#breadcrumb","itemListElement":[{"@type":"ListItem","position":1,"name":"house","item":"https:\/\/axabikesecurity.com\/de\/"},{"@type":"ListItem","position":2,"name":"Karriere bei AXA"}]},{"@type":"WebSite","@id":"https:\/\/axabikesecurity.com\/de\/#website","url":"https:\/\/axabikesecurity.com\/de\/","name":"AXA Bike","description":"","potentialAction":[{"@type":"SearchAction","target":{"@type":"EntryPoint","urlTemplate":"https:\/\/axabikesecurity.com\/de\/?s={search_term_string}"},"query-input":{"@type":"PropertyValueSpecification","valueRequired":true,"valueName":"search_term_string"}}],"inLanguage":"en-US"}]}},"jetpack_sharing_enabled":true,"_links":{"self":[{"href":"https:\/\/axabikesecurity.com\/de\/wp-json\/wp\/v2\/pages\/14713","targetHints":{"allow":["GET"]}}],"collection":[{"href":"https:\/\/axabikesecurity.com\/de\/wp-json\/wp\/v2\/pages"}],"about":[{"href":"https:\/\/axabikesecurity.com\/de\/wp-json\/wp\/v2\/types\/page"}],"author":[{"embeddable":true,"href":"https:\/\/axabikesecurity.com\/de\/wp-json\/wp\/v2\/users\/4"}],"replies":[{"embeddable":true,"href":"https:\/\/axabikesecurity.com\/de\/wp-json\/wp\/v2\/comments?post=14713"}],"version-history":[{"count":12,"href":"https:\/\/axabikesecurity.com\/de\/wp-json\/wp\/v2\/pages\/14713\/revisions"}],"predecessor-version":[{"id":20700,"href":"https:\/\/axabikesecurity.com\/de\/wp-json\/wp\/v2\/pages\/14713\/revisions\/20700"}],"wp:attachment":[{"href":"https:\/\/axabikesecurity.com\/de\/wp-json\/wp\/v2\/media?parent=14713"}],"curies":[{"name":"wp","href":"https:\/\/api.w.org\/{rel}","templated":true}]}}