{"id":15052,"date":"2024-04-24T13:09:56","date_gmt":"2024-04-24T13:09:56","guid":{"rendered":"https:\/\/axabikesecurity.com\/nl\/?page_id=15052"},"modified":"2024-04-30T08:46:35","modified_gmt":"2024-04-30T08:46:35","slug":"landing-page-bakfietsen","status":"publish","type":"page","link":"https:\/\/axabikesecurity.com\/de\/landing-page-bakfietsen\/","title":{"rendered":"Landing page &#8211; Lastenr\u00e4der"},"content":{"rendered":"<section id=\"\" class=\"relative after:w-full after:h-full after:top-0 after:left-0 after:bg-[rgba(0,0,0,0.35)] after:absolute   !pt-[96px] is-layout-flex wp-block-acf-hero-is-layout-flex\" style=\"padding-top:16px; padding-bottom:136px; color: var(--wp--preset--color--font); \">\n\n\t\t\t\t<img loading=\"lazy\" decoding=\"async\" width=\"2048\" height=\"1365\" src=\"https:\/\/axabikesecurity.com\/de\/wp-content\/uploads\/sites\/17\/2024\/04\/AXA-Linq-180-04.jpg?w=2048\" class=\"w-full h-full absolute top-0 left-0 object-cover \" alt=\"AXA Linq 180\" srcset=\"https:\/\/axabikesecurity.com\/de\/wp-content\/uploads\/sites\/17\/2024\/04\/AXA-Linq-180-04.jpg 5760w, https:\/\/axabikesecurity.com\/de\/wp-content\/uploads\/sites\/17\/2024\/04\/AXA-Linq-180-04.jpg?resize=512,341 512w, https:\/\/axabikesecurity.com\/de\/wp-content\/uploads\/sites\/17\/2024\/04\/AXA-Linq-180-04.jpg?resize=768,512 768w, https:\/\/axabikesecurity.com\/de\/wp-content\/uploads\/sites\/17\/2024\/04\/AXA-Linq-180-04.jpg?resize=2048,1365 2048w, https:\/\/axabikesecurity.com\/de\/wp-content\/uploads\/sites\/17\/2024\/04\/AXA-Linq-180-04.jpg?resize=1536,1024 1536w, https:\/\/axabikesecurity.com\/de\/wp-content\/uploads\/sites\/17\/2024\/04\/AXA-Linq-180-04.jpg?resize=1215,810 1215w, https:\/\/axabikesecurity.com\/de\/wp-content\/uploads\/sites\/17\/2024\/04\/AXA-Linq-180-04.jpg?resize=600,400 600w\" sizes=\"auto, (max-width: 2048px) 100vw, 2048px\" data-ot-ignore=\"\" \/>\n\t\n\t\n\t<div class=\"relative container z-10\">\n\n\t\t<div class=\"relative w-full lg:w-6\/12\">\n\t\t\t<div class=\"content text-white    \">\n\t\t\t\t    <h1 class=\"\">Schl\u00f6sser speziell f\u00fcr Lastenr\u00e4der<\/h1>\n\t\t    <div class=\"text-white\">\n        <p>Ein Lastenrad ist ein \u00e4u\u00dferst praktisches Transportmittel. Aufgrund des hohen Anschaffungspreises ist es jedoch auch ein beliebtes Objekt f\u00fcr Diebe. Daher ist es wichtig, es gut zu sichern. Nicht alle Ketten eignen sich zum Abschlie\u00dfen eines Lastenrads. Einige sind zu kurz, um das Fahrrad an etwas zu befestigen.<\/p>\n\n    <\/div>\n\t<\/div>\n\t\t<\/div>\n\n\t<\/div>\n<\/section>\n\n\n<section id=\"\" class=\"is-layout-flex wp-block-acf-content-image-is-layout-flex\" style=\"padding-top:var(--wp--preset--spacing--80); padding-bottom:var(--wp--preset--spacing--80); color: var(--wp--preset--color--font); \">\n\t<div class=\"container\">\n\n\t\t<div class=\"flex flex-col gap-10 lg:gap-0 lg:flex-row relative justify-end items-center justify-start \">\n\n\t\t\t<div class=\"w-full md:w-7\/12\">\n\t\t\t\t\t<div class=\"rounded-[2px] overflow-hidden\">\n\t\t\t\t<img loading=\"lazy\" decoding=\"async\" width=\"2048\" height=\"1365\" src=\"https:\/\/axabikesecurity.com\/de\/wp-content\/uploads\/sites\/17\/2024\/04\/Loop-3.jpg?w=2048\" class=\"w-full media-cutoff \" alt=\"AXA-Loop\" srcset=\"https:\/\/axabikesecurity.com\/de\/wp-content\/uploads\/sites\/17\/2024\/04\/Loop-3.jpg 5472w, https:\/\/axabikesecurity.com\/de\/wp-content\/uploads\/sites\/17\/2024\/04\/Loop-3.jpg?resize=512,341 512w, https:\/\/axabikesecurity.com\/de\/wp-content\/uploads\/sites\/17\/2024\/04\/Loop-3.jpg?resize=768,512 768w, https:\/\/axabikesecurity.com\/de\/wp-content\/uploads\/sites\/17\/2024\/04\/Loop-3.jpg?resize=2048,1365 2048w, https:\/\/axabikesecurity.com\/de\/wp-content\/uploads\/sites\/17\/2024\/04\/Loop-3.jpg?resize=1536,1024 1536w, https:\/\/axabikesecurity.com\/de\/wp-content\/uploads\/sites\/17\/2024\/04\/Loop-3.jpg?resize=1215,810 1215w, https:\/\/axabikesecurity.com\/de\/wp-content\/uploads\/sites\/17\/2024\/04\/Loop-3.jpg?resize=600,400 600w\" sizes=\"auto, (max-width: 2048px) 100vw, 2048px\" data-ot-ignore=\"\" \/>\n\t<\/div>\n\t\t\t<\/div>\n\n\t\t\t<div class=\"w-full md:w-6\/12 lg:absolute top-1\/2 lg:-translate-y-1\/2 bg-white py-10 pl-9 pr-7 shadow-contentcard rounded-[2px] left-0\">\n\t\t\t\t<div class=\"content [&amp;_p]:text-[18px]    \">\n\t\t\t\t\t\t\t    <h3 id=\"block_acf-block-6630afeabc9936.96721190\" class=\"\">Sichern Sie Ihr Lastenrad mit 2 verschiedenen Schl\u00f6ssern<\/h3>\n\t\t\t    <div class=\"[&amp;_p]:text-[18px]\">\n        <p>Fahrraddiebe haben oft eine Spezialisierung, daher sollten Sie Ihr Lastenrad immer mit 2 verschiedenen Schl\u00f6ssern sichern.<\/p>\n\n    <\/div>\n\t<\/div>\n\t\t\t<\/div>\n\n\t\t<\/div>\n\n\t<\/div>\n<\/section>\n\n\n\t\t\n\n\t\t\t\n\n<section id=\"\" class=\"overflow-hidden md:overflow-visisble relative\" style=\"padding-top:var(--wp--preset--spacing--80); padding-bottom:var(--wp--preset--spacing--80);  \">\n\t\t<div class=\"container col-span-12 md:col-span-6\">\n\t\t<div class=\" md:w-5\/12 xl:w-4\/12 mb-8\">\n\t\t\t<div class=\"content     \">\n\t\t\t\t\t\t\t    <h2 class=\"\">Wir haben eine gro\u00dfe Auswahl an Schl\u00f6ssern speziell f\u00fcr Lastenr\u00e4der<\/h2>\n\t\t\t\t<\/div>\n\t\t<\/div>\n\t<\/div>\n\t<div class=\"full-container relative md:overflow-hidden\">\n\t\t<div class=\"container-full\">\n\t\t\t<div class=\"flex flex-col lg:gap-8 md:grid gap-4 md:gap-6 md:grid-cols-12\">\n\t\t\t\t<div class=\"max-w-[calc(100vw-32px)] col-start-1 col-span-12\">\n\t\t\t\t\t\n\t\t\t\t<div class=\"\">\n\t<div class=\"slider\" data-swiper=\"{&quot;slidesPerView&quot;:1.3,&quot;spaceBetween&quot;:24,&quot;pagination&quot;:true,&quot;loop&quot;:false,&quot;breakpoints&quot;:{&quot;768&quot;:{&quot;slidesPerView&quot;:1.1}}}\">\n\t\t<div class=\"swiper   md:clip-slider-right\">\n\t\t\t<div class=\"swiper-wrapper cursor-grab\">\n\t\t\t\t\t\t\t\t\t<div class=\"swiper-slide !h-auto \">\n\t\t\t\t\t\t<article class=\"relative w-full px-[35px] h-[500px] overflow-hidden\">\n\t<div class=\"absolute inset-0 w-full h-full -z-10\">\n\t\t<div class=\"absolute inset-0 z-10 w-full h-full bg-black\/20\"><\/div>\n\t\t\t<img loading=\"lazy\" decoding=\"async\" width=\"2048\" height=\"1024\" src=\"https:\/\/axabikesecurity.com\/de\/wp-content\/uploads\/sites\/17\/2024\/04\/AXA-Loop.jpg?w=2048\" class=\"w-full h-full object-cover object-center \" alt=\"AXA-Loop\" srcset=\"https:\/\/axabikesecurity.com\/de\/wp-content\/uploads\/sites\/17\/2024\/04\/AXA-Loop.jpg 2400w, https:\/\/axabikesecurity.com\/de\/wp-content\/uploads\/sites\/17\/2024\/04\/AXA-Loop.jpg?resize=512,256 512w, https:\/\/axabikesecurity.com\/de\/wp-content\/uploads\/sites\/17\/2024\/04\/AXA-Loop.jpg?resize=768,384 768w, https:\/\/axabikesecurity.com\/de\/wp-content\/uploads\/sites\/17\/2024\/04\/AXA-Loop.jpg?resize=2048,1024 2048w, https:\/\/axabikesecurity.com\/de\/wp-content\/uploads\/sites\/17\/2024\/04\/AXA-Loop.jpg?resize=1536,768 1536w, https:\/\/axabikesecurity.com\/de\/wp-content\/uploads\/sites\/17\/2024\/04\/AXA-Loop.jpg?resize=1440,720 1440w, https:\/\/axabikesecurity.com\/de\/wp-content\/uploads\/sites\/17\/2024\/04\/AXA-Loop.jpg?resize=600,300 600w\" sizes=\"auto, (max-width: 2048px) 100vw, 2048px\" data-ot-ignore=\"\" \/>\n\t<\/div>\n\t<div class=\"h-full w-full flex\">\n\t\t<div class=\"content !my-auto max-w-[455px] text-white    \">\n\t\t\t\t\t\t\t    <h2 class=\"\">AXA Loop 110<\/h2>\n\t\t\t    <div class=\"!my-auto max-w-[455px] text-white\">\n        <p>Flexibilit\u00e4t beim Parken ist ein gro\u00dfer Vorteil, wenn man ein Lastenrad mit einem zweiten Schloss sichert. Um ganz sicher zu gehen, ist ein zweites Schloss wie das AXA Loop 110 sehr n\u00fctzlich. Indem man die Kette durch das gro\u00dfe Auge f\u00fchrt, kann man eine kurze Schlaufe erstellen und eine gr\u00f6\u00dfere Distanz abdecken.<\/p>\n\n    <\/div>\n\t<\/div>\n\t<\/div>\n<\/article>\n\t\t\t\t\t<\/div>\n\t\t\t\t\t\t\t\t\t<div class=\"swiper-slide !h-auto \">\n\t\t\t\t\t\t<article class=\"relative w-full px-[35px] h-[500px] overflow-hidden\">\n\t<div class=\"absolute inset-0 w-full h-full -z-10\">\n\t\t<div class=\"absolute inset-0 z-10 w-full h-full bg-black\/20\"><\/div>\n\t\t\t<img loading=\"lazy\" decoding=\"async\" width=\"2048\" height=\"1024\" src=\"https:\/\/axabikesecurity.com\/de\/wp-content\/uploads\/sites\/17\/2024\/04\/AXA-Linq-180-cm.jpg?w=2048\" class=\"w-full h-full object-cover object-center \" alt=\"AXA Linq 180\" srcset=\"https:\/\/axabikesecurity.com\/de\/wp-content\/uploads\/sites\/17\/2024\/04\/AXA-Linq-180-cm.jpg 2400w, https:\/\/axabikesecurity.com\/de\/wp-content\/uploads\/sites\/17\/2024\/04\/AXA-Linq-180-cm.jpg?resize=512,256 512w, https:\/\/axabikesecurity.com\/de\/wp-content\/uploads\/sites\/17\/2024\/04\/AXA-Linq-180-cm.jpg?resize=768,384 768w, https:\/\/axabikesecurity.com\/de\/wp-content\/uploads\/sites\/17\/2024\/04\/AXA-Linq-180-cm.jpg?resize=2048,1024 2048w, https:\/\/axabikesecurity.com\/de\/wp-content\/uploads\/sites\/17\/2024\/04\/AXA-Linq-180-cm.jpg?resize=1536,768 1536w, https:\/\/axabikesecurity.com\/de\/wp-content\/uploads\/sites\/17\/2024\/04\/AXA-Linq-180-cm.jpg?resize=1440,720 1440w, https:\/\/axabikesecurity.com\/de\/wp-content\/uploads\/sites\/17\/2024\/04\/AXA-Linq-180-cm.jpg?resize=600,300 600w\" sizes=\"auto, (max-width: 2048px) 100vw, 2048px\" data-ot-ignore=\"\" \/>\n\t<\/div>\n\t<div class=\"h-full w-full flex\">\n\t\t<div class=\"content !my-auto max-w-[455px] text-white    \">\n\t\t\t\t\t\t\t    <h2 class=\"\">AXA Linq 180 cm<\/h2>\n\t\t\t    <div class=\"!my-auto max-w-[455px] text-white\">\n        <p>Die Linq und Linq City haben eine L\u00e4nge von 180 cm. Die Linq hat eine ART 2-Sterne-Zulassung, was sie f\u00fcr Fahrradversicherungen geeignet macht. Der Durchmesser der Glieder betr\u00e4gt 9,5 mm.<\/p>\n<p>Die Linq City hat einen Durchmesser von 7 mm und ist daher eine leichtere Variante.<\/p>\n\n    <\/div>\n\t<\/div>\n\t<\/div>\n<\/article>\n\t\t\t\t\t<\/div>\n\t\t\t\t\t\t\t\t\t<div class=\"swiper-slide !h-auto \">\n\t\t\t\t\t\t<article class=\"relative w-full px-[35px] h-[500px] overflow-hidden\">\n\t<div class=\"absolute inset-0 w-full h-full -z-10\">\n\t\t<div class=\"absolute inset-0 z-10 w-full h-full bg-black\/20\"><\/div>\n\t\t\t<img loading=\"lazy\" decoding=\"async\" width=\"2048\" height=\"1024\" src=\"https:\/\/axabikesecurity.com\/de\/wp-content\/uploads\/sites\/17\/2024\/04\/AXA-Fold-Ultra-1.jpg?w=2048\" class=\"w-full h-full object-cover object-center \" alt=\"AXA-Fold-Ultra\" srcset=\"https:\/\/axabikesecurity.com\/de\/wp-content\/uploads\/sites\/17\/2024\/04\/AXA-Fold-Ultra-1.jpg 2400w, https:\/\/axabikesecurity.com\/de\/wp-content\/uploads\/sites\/17\/2024\/04\/AXA-Fold-Ultra-1.jpg?resize=512,256 512w, https:\/\/axabikesecurity.com\/de\/wp-content\/uploads\/sites\/17\/2024\/04\/AXA-Fold-Ultra-1.jpg?resize=768,384 768w, https:\/\/axabikesecurity.com\/de\/wp-content\/uploads\/sites\/17\/2024\/04\/AXA-Fold-Ultra-1.jpg?resize=2048,1024 2048w, https:\/\/axabikesecurity.com\/de\/wp-content\/uploads\/sites\/17\/2024\/04\/AXA-Fold-Ultra-1.jpg?resize=1536,768 1536w, https:\/\/axabikesecurity.com\/de\/wp-content\/uploads\/sites\/17\/2024\/04\/AXA-Fold-Ultra-1.jpg?resize=1440,720 1440w, https:\/\/axabikesecurity.com\/de\/wp-content\/uploads\/sites\/17\/2024\/04\/AXA-Fold-Ultra-1.jpg?resize=600,300 600w\" sizes=\"auto, (max-width: 2048px) 100vw, 2048px\" data-ot-ignore=\"\" \/>\n\t<\/div>\n\t<div class=\"h-full w-full flex\">\n\t\t<div class=\"content !my-auto max-w-[455px] text-white    \">\n\t\t\t\t\t\t\t    <h2 class=\"\">AXA Fold Ultra<\/h2>\n\t\t\t    <div class=\"!my-auto max-w-[455px] text-white\">\n        <p>Das AXA Fold Ultra ist ein ART**-Schloss, das mit einer super praktischen Halterung geliefert wird. Mit einem Knopfdruck \u00f6ffnet sich die Halterung und das Schloss kann entnommen werden. Beim Zur\u00fccklegen des Schlosses klickt man die Halterung wieder zu und das Schloss ist sicher verstaut. So l\u00e4sst sich ein zweites Schloss ganz einfach mitnehmen.<\/p>\n\n    <\/div>\n\t<\/div>\n\t<\/div>\n<\/article>\n\t\t\t\t\t<\/div>\n\t\t\t\t\t\t\t\t\t<div class=\"swiper-slide !h-auto \">\n\t\t\t\t\t\t<article class=\"relative w-full px-[35px] h-[500px] overflow-hidden\">\n\t<div class=\"absolute inset-0 w-full h-full -z-10\">\n\t\t<div class=\"absolute inset-0 z-10 w-full h-full bg-black\/20\"><\/div>\n\t\t\t<img loading=\"lazy\" decoding=\"async\" width=\"2048\" height=\"1024\" src=\"https:\/\/axabikesecurity.com\/de\/wp-content\/uploads\/sites\/17\/2024\/04\/AXA-Muuranker.jpg?w=2048\" class=\"w-full h-full object-cover object-center \" alt=\"AXA-Muuranker\" srcset=\"https:\/\/axabikesecurity.com\/de\/wp-content\/uploads\/sites\/17\/2024\/04\/AXA-Muuranker.jpg 2400w, https:\/\/axabikesecurity.com\/de\/wp-content\/uploads\/sites\/17\/2024\/04\/AXA-Muuranker.jpg?resize=512,256 512w, https:\/\/axabikesecurity.com\/de\/wp-content\/uploads\/sites\/17\/2024\/04\/AXA-Muuranker.jpg?resize=768,384 768w, https:\/\/axabikesecurity.com\/de\/wp-content\/uploads\/sites\/17\/2024\/04\/AXA-Muuranker.jpg?resize=2048,1024 2048w, https:\/\/axabikesecurity.com\/de\/wp-content\/uploads\/sites\/17\/2024\/04\/AXA-Muuranker.jpg?resize=1536,768 1536w, https:\/\/axabikesecurity.com\/de\/wp-content\/uploads\/sites\/17\/2024\/04\/AXA-Muuranker.jpg?resize=1440,720 1440w, https:\/\/axabikesecurity.com\/de\/wp-content\/uploads\/sites\/17\/2024\/04\/AXA-Muuranker.jpg?resize=600,300 600w\" sizes=\"auto, (max-width: 2048px) 100vw, 2048px\" data-ot-ignore=\"\" \/>\n\t<\/div>\n\t<div class=\"h-full w-full flex\">\n\t\t<div class=\"content !my-auto max-w-[455px] text-white    \">\n\t\t\t\t\t\t\t    <h2 class=\"\">AXA Wand Anker<\/h2>\n\t\t\t    <div class=\"!my-auto max-w-[455px] text-white\">\n        <div class=\"left flex flex-column\">\n<div class=\"leftitems\">\n<div class=\"leftitemstext\">\n<div class=\"customtext\">\n<p>Ein Lastenrad passt nicht immer in den Schuppen, daher stellen viele Menschen es auf der Stra\u00dfe vor ihrem Haus ab. An diesen Orten ist es wichtig, das Fahrrad an einem festen Objekt zu sichern.<\/p>\n<p>Das kann mit einem Anker erfolgen. Der Anker kann an der Wand oder dem Boden montiert werden. Mit dem zweiten Schloss kann das Fahrrad dann an der Stahlhalterung befestigt werden. Der Wandanker hat ein robustes Geh\u00e4use aus geh\u00e4rtetem Stahl und eine Halterung aus geh\u00e4rtetem Stahl mit einem Durchmesser von 14 mm. Er erf\u00fcllt die ART 4-Sterne-Zulassung, was bedeutet, dass du ihn f\u00fcr dein Fahrrad, Motorrad oder Roller verwenden kannst.<\/p>\n<\/div>\n<\/div>\n<\/div>\n<\/div>\n\n    <\/div>\n\t<\/div>\n\t<\/div>\n<\/article>\n\t\t\t\t\t<\/div>\n\t\t\t\t\t\t\t<\/div>\n\t\t<\/div>\n\t\t<div class=\"mt-12 flex gap-9 items-center  relative z-10 justify-end\">\n\n\t\t\t\n\t\t\t\n\t\t\t<div class=\"flex gap-4 items-center\">\n\t\t\t\t<div class=\"swiper-button-prev \" style=\"\"><\/div>\n\t\t\t\t\t\t\t\t<div class=\"swiper-button-next \" style=\"\"><\/div>\n\t\t\t<\/div>\n\t\t<\/div>\n\t<\/div>\n\n<\/div>\n\t\t\t\t<\/div>\n\t\t\t<\/div>\n\t\t<\/div>\n\t<\/div>\n<\/section>\n","protected":false},"excerpt":{"rendered":"","protected":false},"author":17,"featured_media":0,"parent":0,"menu_order":0,"comment_status":"closed","ping_status":"closed","template":"","meta":{"_acf_changed":false,"_trash_the_other_posts":false,"footnotes":""},"class_list":["post-15052","page","type-page","status-publish","hentry"],"acf":[],"yoast_head":"<!-- This site is optimized with the Yoast SEO plugin v27.1.1 - https:\/\/yoast.com\/product\/yoast-seo-wordpress\/ -->\n<title>Landing page - Lastenr\u00e4der | AXA Bike Security \ud83c\udde9\ud83c\uddea<\/title>\n<meta name=\"description\" content=\"Auf der Suche nach einem langen Schloss, um Ihr Lastenrad zu sichern? AXA bietet verschiedene Schl\u00f6sser an, die daf\u00fcr geeignet sind.\" \/>\n<meta name=\"robots\" content=\"index, follow, max-snippet:-1, max-image-preview:large, max-video-preview:-1\" \/>\n<link rel=\"canonical\" href=\"https:\/\/axabikesecurity.com\/de\/landing-page-bakfietsen\/\" \/>\n<meta property=\"og:locale\" content=\"en_US\" \/>\n<meta property=\"og:type\" content=\"article\" \/>\n<meta property=\"og:title\" content=\"Landing page - Lastenr\u00e4der | AXA Bike Security \ud83c\udde9\ud83c\uddea\" \/>\n<meta property=\"og:description\" content=\"Auf der Suche nach einem langen Schloss, um Ihr Lastenrad zu sichern? AXA bietet verschiedene Schl\u00f6sser an, die daf\u00fcr geeignet sind.\" \/>\n<meta property=\"og:url\" content=\"https:\/\/axabikesecurity.com\/de\/landing-page-bakfietsen\/\" \/>\n<meta property=\"og:site_name\" content=\"AXA Bike Security \ud83c\udde9\ud83c\uddea\" \/>\n<meta property=\"article:modified_time\" content=\"2024-04-30T08:46:35+00:00\" \/>\n<meta name=\"twitter:card\" content=\"summary_large_image\" \/>\n<script type=\"application\/ld+json\" class=\"yoast-schema-graph\">{\"@context\":\"https:\/\/schema.org\",\"@graph\":[{\"@type\":\"WebPage\",\"@id\":\"https:\/\/axabikesecurity.com\/de\/landing-page-bakfietsen\/\",\"url\":\"https:\/\/axabikesecurity.com\/de\/landing-page-bakfietsen\/\",\"name\":\"Landing page - Lastenr\u00e4der | AXA Bike Security \ud83c\udde9\ud83c\uddea\",\"isPartOf\":{\"@id\":\"https:\/\/axabikesecurity.com\/de\/#website\"},\"datePublished\":\"2024-04-24T13:09:56+00:00\",\"dateModified\":\"2024-04-30T08:46:35+00:00\",\"description\":\"Auf der Suche nach einem langen Schloss, um Ihr Lastenrad zu sichern? AXA bietet verschiedene Schl\u00f6sser an, die daf\u00fcr geeignet sind.\",\"breadcrumb\":{\"@id\":\"https:\/\/axabikesecurity.com\/de\/landing-page-bakfietsen\/#breadcrumb\"},\"inLanguage\":\"en-US\",\"potentialAction\":[{\"@type\":\"ReadAction\",\"target\":[\"https:\/\/axabikesecurity.com\/de\/landing-page-bakfietsen\/\"]}]},{\"@type\":\"BreadcrumbList\",\"@id\":\"https:\/\/axabikesecurity.com\/de\/landing-page-bakfietsen\/#breadcrumb\",\"itemListElement\":[{\"@type\":\"ListItem\",\"position\":1,\"name\":\"house\",\"item\":\"https:\/\/axabikesecurity.com\/de\/\"},{\"@type\":\"ListItem\",\"position\":2,\"name\":\"Landing page &#8211; Lastenr\u00e4der\"}]},{\"@type\":\"WebSite\",\"@id\":\"https:\/\/axabikesecurity.com\/de\/#website\",\"url\":\"https:\/\/axabikesecurity.com\/de\/\",\"name\":\"AXA Bike\",\"description\":\"\",\"potentialAction\":[{\"@type\":\"SearchAction\",\"target\":{\"@type\":\"EntryPoint\",\"urlTemplate\":\"https:\/\/axabikesecurity.com\/de\/?s={search_term_string}\"},\"query-input\":{\"@type\":\"PropertyValueSpecification\",\"valueRequired\":true,\"valueName\":\"search_term_string\"}}],\"inLanguage\":\"en-US\"}]}<\/script>\n<!-- \/ Yoast SEO plugin. -->","yoast_head_json":{"title":"Landing page - Lastenr\u00e4der | AXA Bike Security \ud83c\udde9\ud83c\uddea","description":"Auf der Suche nach einem langen Schloss, um Ihr Lastenrad zu sichern? AXA bietet verschiedene Schl\u00f6sser an, die daf\u00fcr geeignet sind.","robots":{"index":"index","follow":"follow","max-snippet":"max-snippet:-1","max-image-preview":"max-image-preview:large","max-video-preview":"max-video-preview:-1"},"canonical":"https:\/\/axabikesecurity.com\/de\/landing-page-bakfietsen\/","og_locale":"en_US","og_type":"article","og_title":"Landing page - Lastenr\u00e4der | AXA Bike Security \ud83c\udde9\ud83c\uddea","og_description":"Auf der Suche nach einem langen Schloss, um Ihr Lastenrad zu sichern? AXA bietet verschiedene Schl\u00f6sser an, die daf\u00fcr geeignet sind.","og_url":"https:\/\/axabikesecurity.com\/de\/landing-page-bakfietsen\/","og_site_name":"AXA Bike Security \ud83c\udde9\ud83c\uddea","article_modified_time":"2024-04-30T08:46:35+00:00","twitter_card":"summary_large_image","schema":{"@context":"https:\/\/schema.org","@graph":[{"@type":"WebPage","@id":"https:\/\/axabikesecurity.com\/de\/landing-page-bakfietsen\/","url":"https:\/\/axabikesecurity.com\/de\/landing-page-bakfietsen\/","name":"Landing page - Lastenr\u00e4der | AXA Bike Security \ud83c\udde9\ud83c\uddea","isPartOf":{"@id":"https:\/\/axabikesecurity.com\/de\/#website"},"datePublished":"2024-04-24T13:09:56+00:00","dateModified":"2024-04-30T08:46:35+00:00","description":"Auf der Suche nach einem langen Schloss, um Ihr Lastenrad zu sichern? AXA bietet verschiedene Schl\u00f6sser an, die daf\u00fcr geeignet sind.","breadcrumb":{"@id":"https:\/\/axabikesecurity.com\/de\/landing-page-bakfietsen\/#breadcrumb"},"inLanguage":"en-US","potentialAction":[{"@type":"ReadAction","target":["https:\/\/axabikesecurity.com\/de\/landing-page-bakfietsen\/"]}]},{"@type":"BreadcrumbList","@id":"https:\/\/axabikesecurity.com\/de\/landing-page-bakfietsen\/#breadcrumb","itemListElement":[{"@type":"ListItem","position":1,"name":"house","item":"https:\/\/axabikesecurity.com\/de\/"},{"@type":"ListItem","position":2,"name":"Landing page &#8211; Lastenr\u00e4der"}]},{"@type":"WebSite","@id":"https:\/\/axabikesecurity.com\/de\/#website","url":"https:\/\/axabikesecurity.com\/de\/","name":"AXA Bike","description":"","potentialAction":[{"@type":"SearchAction","target":{"@type":"EntryPoint","urlTemplate":"https:\/\/axabikesecurity.com\/de\/?s={search_term_string}"},"query-input":{"@type":"PropertyValueSpecification","valueRequired":true,"valueName":"search_term_string"}}],"inLanguage":"en-US"}]}},"jetpack_sharing_enabled":true,"_links":{"self":[{"href":"https:\/\/axabikesecurity.com\/de\/wp-json\/wp\/v2\/pages\/15052","targetHints":{"allow":["GET"]}}],"collection":[{"href":"https:\/\/axabikesecurity.com\/de\/wp-json\/wp\/v2\/pages"}],"about":[{"href":"https:\/\/axabikesecurity.com\/de\/wp-json\/wp\/v2\/types\/page"}],"author":[{"embeddable":true,"href":"https:\/\/axabikesecurity.com\/de\/wp-json\/wp\/v2\/users\/17"}],"replies":[{"embeddable":true,"href":"https:\/\/axabikesecurity.com\/de\/wp-json\/wp\/v2\/comments?post=15052"}],"version-history":[{"count":71,"href":"https:\/\/axabikesecurity.com\/de\/wp-json\/wp\/v2\/pages\/15052\/revisions"}],"predecessor-version":[{"id":17024,"href":"https:\/\/axabikesecurity.com\/de\/wp-json\/wp\/v2\/pages\/15052\/revisions\/17024"}],"wp:attachment":[{"href":"https:\/\/axabikesecurity.com\/de\/wp-json\/wp\/v2\/media?parent=15052"}],"curies":[{"name":"wp","href":"https:\/\/api.w.org\/{rel}","templated":true}]}}