{"id":15108,"date":"2024-04-22T13:33:38","date_gmt":"2024-04-22T13:33:38","guid":{"rendered":"https:\/\/axabikesecurity.com\/nl\/?page_id=15108"},"modified":"2024-06-02T09:40:56","modified_gmt":"2024-06-02T09:40:56","slug":"verschil-lux-en-lumen","status":"publish","type":"page","link":"https:\/\/axabikesecurity.com\/de\/verschil-lux-en-lumen\/","title":{"rendered":"Informationen &#8211; Unterscheid Lux und Lumen"},"content":{"rendered":"<section id=\"\" class=\"\" style=\"padding-top:var(--wp--preset--spacing--80); padding-bottom:var(--wp--preset--spacing--80); color: var(--wp--preset--color--font); \">\n\t<div class=\"container\">\n\t\t<div class=\"content     \">\n\t\t\t\t    <h1 class=\"\">Was ist der Unterschied zwischen Lux und Lumen?<\/h1>\n\t\t    <div class=\"\">\n        <p>Lux und Lumen sind Begriffe, die verwendet werden, um verschiedene Aspekte der Beleuchtung zu beschreiben<\/p>\n\n    <\/div>\n\t<\/div>\n\t<\/div>\n<\/section>\n\n\n<section id=\"\" class=\"is-layout-flex wp-block-acf-content-image-is-layout-flex\" style=\"padding-top:var(--wp--preset--spacing--80); padding-bottom:var(--wp--preset--spacing--80); color: var(--wp--preset--color--font); \">\n\t<div class=\"container\">\n\n\t\t<div class=\"flex flex-col gap-10 lg:gap-0 lg:flex-row relative justify-start items-center justify-start \">\n\n\t\t\t<div class=\"w-full md:w-7\/12\">\n\t\t\t\t\t<img loading=\"lazy\" decoding=\"async\" width=\"1600\" height=\"1200\" src=\"https:\/\/axabikesecurity.com\/de\/wp-content\/uploads\/sites\/17\/2024\/06\/AXA_Lights_Lux.png?w=1600\" class=\"w-full rounded \" alt=\"\" srcset=\"https:\/\/axabikesecurity.com\/de\/wp-content\/uploads\/sites\/17\/2024\/06\/AXA_Lights_Lux.png 1600w, https:\/\/axabikesecurity.com\/de\/wp-content\/uploads\/sites\/17\/2024\/06\/AXA_Lights_Lux.png?resize=512,384 512w, https:\/\/axabikesecurity.com\/de\/wp-content\/uploads\/sites\/17\/2024\/06\/AXA_Lights_Lux.png?resize=768,576 768w, https:\/\/axabikesecurity.com\/de\/wp-content\/uploads\/sites\/17\/2024\/06\/AXA_Lights_Lux.png?resize=1536,1152 1536w, https:\/\/axabikesecurity.com\/de\/wp-content\/uploads\/sites\/17\/2024\/06\/AXA_Lights_Lux.png?resize=1080,810 1080w, https:\/\/axabikesecurity.com\/de\/wp-content\/uploads\/sites\/17\/2024\/06\/AXA_Lights_Lux.png?resize=600,450 600w\" sizes=\"auto, (max-width: 1600px) 100vw, 1600px\" data-ot-ignore=\"\" \/>\n\t\t\t<\/div>\n\n\t\t\t<div class=\"w-full md:w-6\/12 lg:absolute top-1\/2 lg:-translate-y-1\/2 bg-white py-10 pl-9 pr-7 shadow-contentcard rounded-[2px] right-0\">\n\t\t\t\t<div class=\"content [&amp;_p]:text-[18px]    \">\n\t\t\t\t\t\t\t    <h3 id=\"block_acf-block-665c3e27dd82c2.10756706\" class=\"\">Lux<\/h3>\n\t\t\t    <div class=\"[&amp;_p]:text-[18px]\">\n        <p>ist eine Ma\u00dfeinheit f\u00fcr die Beleuchtungsst\u00e4rke auf einer Oberfl\u00e4che. Es misst die Menge an Licht, die auf eine bestimmte Fl\u00e4che f\u00e4llt. Je h\u00f6her die Anzahl an Lux, desto heller ist die Beleuchtung auf diesem spezifischen Bereich.<\/p>\n<p>Zusammenfassend: Lux misst die Beleuchtungsst\u00e4rke auf einer Oberfl\u00e4che<\/p>\n\n    <\/div>\n\t<\/div>\n\t\t\t<\/div>\n\n\t\t<\/div>\n\n\t<\/div>\n<\/section>\n\n\n<section id=\"\" class=\"is-layout-flex wp-block-acf-content-image-is-layout-flex\" style=\"padding-top:var(--wp--preset--spacing--80); padding-bottom:var(--wp--preset--spacing--80); color: var(--wp--preset--color--font); \">\n\t<div class=\"container\">\n\n\t\t<div class=\"flex flex-col gap-10 lg:gap-0 lg:flex-row relative justify-start items-center justify-start \">\n\n\t\t\t<div class=\"w-full md:w-7\/12\">\n\t\t\t\t\t<img loading=\"lazy\" decoding=\"async\" width=\"1600\" height=\"1200\" src=\"https:\/\/axabikesecurity.com\/de\/wp-content\/uploads\/sites\/17\/2024\/06\/AXA_Lights_Lumen.png?w=1600\" class=\"w-full rounded \" alt=\"\" srcset=\"https:\/\/axabikesecurity.com\/de\/wp-content\/uploads\/sites\/17\/2024\/06\/AXA_Lights_Lumen.png 1600w, https:\/\/axabikesecurity.com\/de\/wp-content\/uploads\/sites\/17\/2024\/06\/AXA_Lights_Lumen.png?resize=512,384 512w, https:\/\/axabikesecurity.com\/de\/wp-content\/uploads\/sites\/17\/2024\/06\/AXA_Lights_Lumen.png?resize=768,576 768w, https:\/\/axabikesecurity.com\/de\/wp-content\/uploads\/sites\/17\/2024\/06\/AXA_Lights_Lumen.png?resize=1536,1152 1536w, https:\/\/axabikesecurity.com\/de\/wp-content\/uploads\/sites\/17\/2024\/06\/AXA_Lights_Lumen.png?resize=1080,810 1080w, https:\/\/axabikesecurity.com\/de\/wp-content\/uploads\/sites\/17\/2024\/06\/AXA_Lights_Lumen.png?resize=600,450 600w\" sizes=\"auto, (max-width: 1600px) 100vw, 1600px\" data-ot-ignore=\"\" \/>\n\t\t\t<\/div>\n\n\t\t\t<div class=\"w-full md:w-6\/12 lg:absolute top-1\/2 lg:-translate-y-1\/2 bg-white py-10 pl-9 pr-7 shadow-contentcard rounded-[2px] right-0\">\n\t\t\t\t<div class=\"content [&amp;_p]:text-[18px]    \">\n\t\t\t\t\t\t\t    <h3 id=\"block_acf-block-665c3e27dd89a4.61584714\" class=\"\">Lumen<\/h3>\n\t\t\t    <div class=\"[&amp;_p]:text-[18px]\">\n        <p>ist eine Ma\u00dfeinheit f\u00fcr die Gesamtmenge an sichtbarem Licht, das von einer Lichtquelle ausgestrahlt wird. Es misst die Lichtausbeute einer Lampe, unabh\u00e4ngig von der Richtung, in die das Licht ausgestrahlt wird. Je h\u00f6her die Anzahl an Lumen, desto heller ist die Lampe im Allgemeinen.<\/p>\n<p>Zusammenfassend: Lumen misst die Gesamtlichtausbeute einer Lampe.<\/p>\n\n    <\/div>\n\t<\/div>\n\t\t\t<\/div>\n\n\t\t<\/div>\n\n\t<\/div>\n<\/section>\n\n\n<section id=\"\" class=\"is-layout-flex wp-block-acf-content-image-video-is-layout-flex\" style=\"padding-top:var(--wp--preset--spacing--80); padding-bottom:var(--wp--preset--spacing--80); color: var(--wp--preset--color--font); \">\n    <div class=\"container\">\n\n        <div class=\"flex flex-col gap-12 items-center justify-start horizontal\">\n\n            <div class=\"flex justify-start\">\n                <div class=\"w-full md:w-1\/2\">\n                        <h3 id=\"block_acf-block-665c3e27dd8bf5.83384480\" class=\"\">Sicher unterwegs<\/h3>\n                        <div class=\"\">\n        <p>Bei AXA wird auf allen Produkten die Anzahl der Lux einer Lampe angegeben. Dieser Begriff gibt an, wie viel Licht auf die Stra\u00dfe projiziert wird und daher wie viel Sichtbarkeit du erlebst: f\u00fcr deine Sicherheit!<\/p>\n\n    <\/div>\n                <\/div>\n            <\/div>\n\n            <div class=\"flex justify-start w-full justify-end\">\n                <div class=\"w-full md:w-3\/4 relative overflow-hidden before:w-[256px] before:h-[256px] before:rotate-[45deg] before:hidden before:md:block before:bottom-[-40%] before:left-[-25%] before:md:left-[-25%] before:lg:left-[-20%] before:xl:left-[-16%] before:bg-white before:content-[&#039;&#039;] before:absolute before:z-[4] after:w-[256px] after:h-[256px] after:rotate-[45deg] after:hidden after:md:block after:top-[-40%] after:right-[-25%] after:md:right-[-25%] after:lg:right-[-20%] after:xl:right-[-16%] after:bg-white after:content-[&#039;&#039;] after:absolute after:z-[4]\">\n\n                                            \t<img loading=\"lazy\" decoding=\"async\" width=\"1600\" height=\"1200\" src=\"https:\/\/axabikesecurity.com\/de\/wp-content\/uploads\/sites\/17\/2024\/06\/City-Village_Lux.jpg?w=1600\" class=\"w-full rounded \" alt=\"\" srcset=\"https:\/\/axabikesecurity.com\/de\/wp-content\/uploads\/sites\/17\/2024\/06\/City-Village_Lux.jpg 1600w, https:\/\/axabikesecurity.com\/de\/wp-content\/uploads\/sites\/17\/2024\/06\/City-Village_Lux.jpg?resize=512,384 512w, https:\/\/axabikesecurity.com\/de\/wp-content\/uploads\/sites\/17\/2024\/06\/City-Village_Lux.jpg?resize=768,576 768w, https:\/\/axabikesecurity.com\/de\/wp-content\/uploads\/sites\/17\/2024\/06\/City-Village_Lux.jpg?resize=1536,1152 1536w, https:\/\/axabikesecurity.com\/de\/wp-content\/uploads\/sites\/17\/2024\/06\/City-Village_Lux.jpg?resize=1080,810 1080w, https:\/\/axabikesecurity.com\/de\/wp-content\/uploads\/sites\/17\/2024\/06\/City-Village_Lux.jpg?resize=600,450 600w\" sizes=\"auto, (max-width: 1600px) 100vw, 1600px\" data-ot-ignore=\"\" \/>\n                                    <\/div>\n            <\/div>\n\n        <\/div>\n        \n    <\/div>\n<\/section>\n","protected":false},"excerpt":{"rendered":"","protected":false},"author":20,"featured_media":0,"parent":0,"menu_order":0,"comment_status":"closed","ping_status":"closed","template":"","meta":{"_acf_changed":false,"_trash_the_other_posts":false,"footnotes":""},"class_list":["post-15108","page","type-page","status-publish","hentry"],"acf":[],"yoast_head":"<!-- This site is optimized with the Yoast SEO plugin v27.4 - https:\/\/yoast.com\/product\/yoast-seo-wordpress\/ -->\n<title>Informationen - Unterscheid Lux und Lumen | AXA Bike Security \ud83c\udde9\ud83c\uddea<\/title>\n<meta name=\"description\" content=\"Kurz gesagt, misst Lux die Beleuchtungsst\u00e4rke auf einer Oberfl\u00e4che und Lumen messen die Gesamtlichtausbeute einer Lampe.\" \/>\n<meta name=\"robots\" content=\"index, follow, max-snippet:-1, max-image-preview:large, max-video-preview:-1\" \/>\n<link rel=\"canonical\" href=\"https:\/\/axabikesecurity.com\/de\/verschil-lux-en-lumen\/\" \/>\n<meta property=\"og:locale\" content=\"en_US\" \/>\n<meta property=\"og:type\" content=\"article\" \/>\n<meta property=\"og:title\" content=\"Informationen - Unterscheid Lux und Lumen | AXA Bike Security \ud83c\udde9\ud83c\uddea\" \/>\n<meta property=\"og:description\" content=\"Kurz gesagt, misst Lux die Beleuchtungsst\u00e4rke auf einer Oberfl\u00e4che und Lumen messen die Gesamtlichtausbeute einer Lampe.\" \/>\n<meta property=\"og:url\" content=\"https:\/\/axabikesecurity.com\/de\/verschil-lux-en-lumen\/\" \/>\n<meta property=\"og:site_name\" content=\"AXA Bike Security \ud83c\udde9\ud83c\uddea\" \/>\n<meta property=\"article:modified_time\" content=\"2024-06-02T09:40:56+00:00\" \/>\n<meta name=\"twitter:card\" content=\"summary_large_image\" \/>\n<script type=\"application\/ld+json\" class=\"yoast-schema-graph\">{\"@context\":\"https:\\\/\\\/schema.org\",\"@graph\":[{\"@type\":\"WebPage\",\"@id\":\"https:\\\/\\\/axabikesecurity.com\\\/de\\\/verschil-lux-en-lumen\\\/\",\"url\":\"https:\\\/\\\/axabikesecurity.com\\\/de\\\/verschil-lux-en-lumen\\\/\",\"name\":\"Informationen - Unterscheid Lux und Lumen | AXA Bike Security \ud83c\udde9\ud83c\uddea\",\"isPartOf\":{\"@id\":\"https:\\\/\\\/axabikesecurity.com\\\/de\\\/#website\"},\"datePublished\":\"2024-04-22T13:33:38+00:00\",\"dateModified\":\"2024-06-02T09:40:56+00:00\",\"description\":\"Kurz gesagt, misst Lux die Beleuchtungsst\u00e4rke auf einer Oberfl\u00e4che und Lumen messen die Gesamtlichtausbeute einer Lampe.\",\"breadcrumb\":{\"@id\":\"https:\\\/\\\/axabikesecurity.com\\\/de\\\/verschil-lux-en-lumen\\\/#breadcrumb\"},\"inLanguage\":\"en-US\",\"potentialAction\":[{\"@type\":\"ReadAction\",\"target\":[\"https:\\\/\\\/axabikesecurity.com\\\/de\\\/verschil-lux-en-lumen\\\/\"]}]},{\"@type\":\"BreadcrumbList\",\"@id\":\"https:\\\/\\\/axabikesecurity.com\\\/de\\\/verschil-lux-en-lumen\\\/#breadcrumb\",\"itemListElement\":[{\"@type\":\"ListItem\",\"position\":1,\"name\":\"house\",\"item\":\"https:\\\/\\\/axabikesecurity.com\\\/de\\\/\"},{\"@type\":\"ListItem\",\"position\":2,\"name\":\"Informationen &#8211; Unterscheid Lux und Lumen\"}]},{\"@type\":\"WebSite\",\"@id\":\"https:\\\/\\\/axabikesecurity.com\\\/de\\\/#website\",\"url\":\"https:\\\/\\\/axabikesecurity.com\\\/de\\\/\",\"name\":\"AXA Bike\",\"description\":\"\",\"potentialAction\":[{\"@type\":\"SearchAction\",\"target\":{\"@type\":\"EntryPoint\",\"urlTemplate\":\"https:\\\/\\\/axabikesecurity.com\\\/de\\\/?s={search_term_string}\"},\"query-input\":{\"@type\":\"PropertyValueSpecification\",\"valueRequired\":true,\"valueName\":\"search_term_string\"}}],\"inLanguage\":\"en-US\"}]}<\/script>\n<!-- \/ Yoast SEO plugin. -->","yoast_head_json":{"title":"Informationen - Unterscheid Lux und Lumen | AXA Bike Security \ud83c\udde9\ud83c\uddea","description":"Kurz gesagt, misst Lux die Beleuchtungsst\u00e4rke auf einer Oberfl\u00e4che und Lumen messen die Gesamtlichtausbeute einer Lampe.","robots":{"index":"index","follow":"follow","max-snippet":"max-snippet:-1","max-image-preview":"max-image-preview:large","max-video-preview":"max-video-preview:-1"},"canonical":"https:\/\/axabikesecurity.com\/de\/verschil-lux-en-lumen\/","og_locale":"en_US","og_type":"article","og_title":"Informationen - Unterscheid Lux und Lumen | AXA Bike Security \ud83c\udde9\ud83c\uddea","og_description":"Kurz gesagt, misst Lux die Beleuchtungsst\u00e4rke auf einer Oberfl\u00e4che und Lumen messen die Gesamtlichtausbeute einer Lampe.","og_url":"https:\/\/axabikesecurity.com\/de\/verschil-lux-en-lumen\/","og_site_name":"AXA Bike Security \ud83c\udde9\ud83c\uddea","article_modified_time":"2024-06-02T09:40:56+00:00","twitter_card":"summary_large_image","schema":{"@context":"https:\/\/schema.org","@graph":[{"@type":"WebPage","@id":"https:\/\/axabikesecurity.com\/de\/verschil-lux-en-lumen\/","url":"https:\/\/axabikesecurity.com\/de\/verschil-lux-en-lumen\/","name":"Informationen - Unterscheid Lux und Lumen | AXA Bike Security \ud83c\udde9\ud83c\uddea","isPartOf":{"@id":"https:\/\/axabikesecurity.com\/de\/#website"},"datePublished":"2024-04-22T13:33:38+00:00","dateModified":"2024-06-02T09:40:56+00:00","description":"Kurz gesagt, misst Lux die Beleuchtungsst\u00e4rke auf einer Oberfl\u00e4che und Lumen messen die Gesamtlichtausbeute einer Lampe.","breadcrumb":{"@id":"https:\/\/axabikesecurity.com\/de\/verschil-lux-en-lumen\/#breadcrumb"},"inLanguage":"en-US","potentialAction":[{"@type":"ReadAction","target":["https:\/\/axabikesecurity.com\/de\/verschil-lux-en-lumen\/"]}]},{"@type":"BreadcrumbList","@id":"https:\/\/axabikesecurity.com\/de\/verschil-lux-en-lumen\/#breadcrumb","itemListElement":[{"@type":"ListItem","position":1,"name":"house","item":"https:\/\/axabikesecurity.com\/de\/"},{"@type":"ListItem","position":2,"name":"Informationen &#8211; Unterscheid Lux und Lumen"}]},{"@type":"WebSite","@id":"https:\/\/axabikesecurity.com\/de\/#website","url":"https:\/\/axabikesecurity.com\/de\/","name":"AXA Bike","description":"","potentialAction":[{"@type":"SearchAction","target":{"@type":"EntryPoint","urlTemplate":"https:\/\/axabikesecurity.com\/de\/?s={search_term_string}"},"query-input":{"@type":"PropertyValueSpecification","valueRequired":true,"valueName":"search_term_string"}}],"inLanguage":"en-US"}]}},"jetpack_sharing_enabled":true,"_links":{"self":[{"href":"https:\/\/axabikesecurity.com\/de\/wp-json\/wp\/v2\/pages\/15108","targetHints":{"allow":["GET"]}}],"collection":[{"href":"https:\/\/axabikesecurity.com\/de\/wp-json\/wp\/v2\/pages"}],"about":[{"href":"https:\/\/axabikesecurity.com\/de\/wp-json\/wp\/v2\/types\/page"}],"author":[{"embeddable":true,"href":"https:\/\/axabikesecurity.com\/de\/wp-json\/wp\/v2\/users\/20"}],"replies":[{"embeddable":true,"href":"https:\/\/axabikesecurity.com\/de\/wp-json\/wp\/v2\/comments?post=15108"}],"version-history":[{"count":69,"href":"https:\/\/axabikesecurity.com\/de\/wp-json\/wp\/v2\/pages\/15108\/revisions"}],"predecessor-version":[{"id":17061,"href":"https:\/\/axabikesecurity.com\/de\/wp-json\/wp\/v2\/pages\/15108\/revisions\/17061"}],"wp:attachment":[{"href":"https:\/\/axabikesecurity.com\/de\/wp-json\/wp\/v2\/media?parent=15108"}],"curies":[{"name":"wp","href":"https:\/\/api.w.org\/{rel}","templated":true}]}}