{"id":15135,"date":"2024-04-22T13:31:17","date_gmt":"2024-04-22T13:31:17","guid":{"rendered":"https:\/\/axabikesecurity.com\/nl\/?page_id=15135"},"modified":"2024-08-21T06:54:20","modified_gmt":"2024-08-21T06:54:20","slug":"dagrijverlichting","status":"publish","type":"page","link":"https:\/\/axabikesecurity.com\/de\/dagrijverlichting\/","title":{"rendered":"Informationen &#8211; Tagfahrlicht"},"content":{"rendered":"<section id=\"\" class=\"relative after:w-full after:h-full after:top-0 after:left-0 after:bg-[rgba(0,0,0,0.35)] after:absolute   !pt-[96px] is-layout-flex wp-block-acf-hero-is-layout-flex\" style=\"padding-top:16px; padding-bottom:136px; color: var(--wp--preset--color--font); \">\n\n\t\t\t\t<img loading=\"lazy\" decoding=\"async\" width=\"1799\" height=\"1200\" src=\"https:\/\/axabikesecurity.com\/de\/wp-content\/uploads\/sites\/17\/2024\/04\/fietsers-in-bos-bewogen-.jpg?w=1799\" class=\"w-full h-full absolute top-0 left-0 object-cover \" alt=\"\" srcset=\"https:\/\/axabikesecurity.com\/de\/wp-content\/uploads\/sites\/17\/2024\/04\/fietsers-in-bos-bewogen-.jpg 1799w, https:\/\/axabikesecurity.com\/de\/wp-content\/uploads\/sites\/17\/2024\/04\/fietsers-in-bos-bewogen-.jpg?resize=512,342 512w, https:\/\/axabikesecurity.com\/de\/wp-content\/uploads\/sites\/17\/2024\/04\/fietsers-in-bos-bewogen-.jpg?resize=768,512 768w, https:\/\/axabikesecurity.com\/de\/wp-content\/uploads\/sites\/17\/2024\/04\/fietsers-in-bos-bewogen-.jpg?resize=1536,1025 1536w, https:\/\/axabikesecurity.com\/de\/wp-content\/uploads\/sites\/17\/2024\/04\/fietsers-in-bos-bewogen-.jpg?resize=1214,810 1214w, https:\/\/axabikesecurity.com\/de\/wp-content\/uploads\/sites\/17\/2024\/04\/fietsers-in-bos-bewogen-.jpg?resize=600,400 600w\" sizes=\"auto, (max-width: 1799px) 100vw, 1799px\" data-ot-ignore=\"\" \/>\n\t\n\t\n\t<div class=\"relative container z-10\">\n\n\t\t<div class=\"relative w-full lg:w-6\/12\">\n\t\t\t<div class=\"content text-white    \">\n\t\t\t\t    <h1 class=\"\">Auch tags\u00fcber gut sichtbar<\/h1>\n\t\t    <div class=\"text-white\">\n        <p>Sichtbarkeit ist ein absolutes Muss, wenn man am Verkehr teilnimmt. Bei D\u00e4mmerung oder abends ist es eine Verpflichtung, eine gute Beleuchtung am Fahrrad zu haben, aber auch tags\u00fcber m\u00f6chte man nicht \u00fcbersehen werden. Das Tagfahrlicht von AXA bietet zus\u00e4tzliche Sicherheit, da zwei zus\u00e4tzliche helle Power-LEDs tags\u00fcber daf\u00fcr sorgen, dass man auch bei Sonnenlicht gut sichtbar bleibt.<\/p>\n\n    <\/div>\n\t<\/div>\n\t\t<\/div>\n\n\t<\/div>\n<\/section>\n","protected":false},"excerpt":{"rendered":"","protected":false},"author":20,"featured_media":0,"parent":0,"menu_order":0,"comment_status":"closed","ping_status":"closed","template":"","meta":{"_acf_changed":false,"_trash_the_other_posts":false,"footnotes":""},"class_list":["post-15135","page","type-page","status-publish","hentry"],"acf":[],"yoast_head":"<!-- This site is optimized with the Yoast SEO plugin v27.4 - https:\/\/yoast.com\/product\/yoast-seo-wordpress\/ -->\n<title>Informationen - Tagfahrlicht | AXA Bike Security \ud83c\udde9\ud83c\uddea<\/title>\n<meta name=\"description\" content=\"Das Tagfahrlicht von AXA bietet Ihnen zus\u00e4tzliche Sicherheit, da zwei zus\u00e4tzliche helle Power-LEDs daf\u00fcr sorgen, dass Sie tags\u00fcber gut sichtbar bleiben.\" \/>\n<meta name=\"robots\" content=\"index, follow, max-snippet:-1, max-image-preview:large, max-video-preview:-1\" \/>\n<link rel=\"canonical\" href=\"https:\/\/axabikesecurity.com\/de\/dagrijverlichting\/\" \/>\n<meta property=\"og:locale\" content=\"en_US\" \/>\n<meta property=\"og:type\" content=\"article\" \/>\n<meta property=\"og:title\" content=\"Informationen - Tagfahrlicht | AXA Bike Security \ud83c\udde9\ud83c\uddea\" \/>\n<meta property=\"og:description\" content=\"Das Tagfahrlicht von AXA bietet Ihnen zus\u00e4tzliche Sicherheit, da zwei zus\u00e4tzliche helle Power-LEDs daf\u00fcr sorgen, dass Sie tags\u00fcber gut sichtbar bleiben.\" \/>\n<meta property=\"og:url\" content=\"https:\/\/axabikesecurity.com\/de\/dagrijverlichting\/\" \/>\n<meta property=\"og:site_name\" content=\"AXA Bike Security \ud83c\udde9\ud83c\uddea\" \/>\n<meta property=\"article:modified_time\" content=\"2024-08-21T06:54:20+00:00\" \/>\n<meta name=\"twitter:card\" content=\"summary_large_image\" \/>\n<script type=\"application\/ld+json\" class=\"yoast-schema-graph\">{\"@context\":\"https:\\\/\\\/schema.org\",\"@graph\":[{\"@type\":\"WebPage\",\"@id\":\"https:\\\/\\\/axabikesecurity.com\\\/de\\\/dagrijverlichting\\\/\",\"url\":\"https:\\\/\\\/axabikesecurity.com\\\/de\\\/dagrijverlichting\\\/\",\"name\":\"Informationen - Tagfahrlicht | AXA Bike Security \ud83c\udde9\ud83c\uddea\",\"isPartOf\":{\"@id\":\"https:\\\/\\\/axabikesecurity.com\\\/de\\\/#website\"},\"datePublished\":\"2024-04-22T13:31:17+00:00\",\"dateModified\":\"2024-08-21T06:54:20+00:00\",\"description\":\"Das Tagfahrlicht von AXA bietet Ihnen zus\u00e4tzliche Sicherheit, da zwei zus\u00e4tzliche helle Power-LEDs daf\u00fcr sorgen, dass Sie tags\u00fcber gut sichtbar bleiben.\",\"breadcrumb\":{\"@id\":\"https:\\\/\\\/axabikesecurity.com\\\/de\\\/dagrijverlichting\\\/#breadcrumb\"},\"inLanguage\":\"en-US\",\"potentialAction\":[{\"@type\":\"ReadAction\",\"target\":[\"https:\\\/\\\/axabikesecurity.com\\\/de\\\/dagrijverlichting\\\/\"]}]},{\"@type\":\"BreadcrumbList\",\"@id\":\"https:\\\/\\\/axabikesecurity.com\\\/de\\\/dagrijverlichting\\\/#breadcrumb\",\"itemListElement\":[{\"@type\":\"ListItem\",\"position\":1,\"name\":\"house\",\"item\":\"https:\\\/\\\/axabikesecurity.com\\\/de\\\/\"},{\"@type\":\"ListItem\",\"position\":2,\"name\":\"Informationen &#8211; Tagfahrlicht\"}]},{\"@type\":\"WebSite\",\"@id\":\"https:\\\/\\\/axabikesecurity.com\\\/de\\\/#website\",\"url\":\"https:\\\/\\\/axabikesecurity.com\\\/de\\\/\",\"name\":\"AXA Bike\",\"description\":\"\",\"potentialAction\":[{\"@type\":\"SearchAction\",\"target\":{\"@type\":\"EntryPoint\",\"urlTemplate\":\"https:\\\/\\\/axabikesecurity.com\\\/de\\\/?s={search_term_string}\"},\"query-input\":{\"@type\":\"PropertyValueSpecification\",\"valueRequired\":true,\"valueName\":\"search_term_string\"}}],\"inLanguage\":\"en-US\"}]}<\/script>\n<!-- \/ Yoast SEO plugin. -->","yoast_head_json":{"title":"Informationen - Tagfahrlicht | AXA Bike Security \ud83c\udde9\ud83c\uddea","description":"Das Tagfahrlicht von AXA bietet Ihnen zus\u00e4tzliche Sicherheit, da zwei zus\u00e4tzliche helle Power-LEDs daf\u00fcr sorgen, dass Sie tags\u00fcber gut sichtbar bleiben.","robots":{"index":"index","follow":"follow","max-snippet":"max-snippet:-1","max-image-preview":"max-image-preview:large","max-video-preview":"max-video-preview:-1"},"canonical":"https:\/\/axabikesecurity.com\/de\/dagrijverlichting\/","og_locale":"en_US","og_type":"article","og_title":"Informationen - Tagfahrlicht | AXA Bike Security \ud83c\udde9\ud83c\uddea","og_description":"Das Tagfahrlicht von AXA bietet Ihnen zus\u00e4tzliche Sicherheit, da zwei zus\u00e4tzliche helle Power-LEDs daf\u00fcr sorgen, dass Sie tags\u00fcber gut sichtbar bleiben.","og_url":"https:\/\/axabikesecurity.com\/de\/dagrijverlichting\/","og_site_name":"AXA Bike Security \ud83c\udde9\ud83c\uddea","article_modified_time":"2024-08-21T06:54:20+00:00","twitter_card":"summary_large_image","schema":{"@context":"https:\/\/schema.org","@graph":[{"@type":"WebPage","@id":"https:\/\/axabikesecurity.com\/de\/dagrijverlichting\/","url":"https:\/\/axabikesecurity.com\/de\/dagrijverlichting\/","name":"Informationen - Tagfahrlicht | AXA Bike Security \ud83c\udde9\ud83c\uddea","isPartOf":{"@id":"https:\/\/axabikesecurity.com\/de\/#website"},"datePublished":"2024-04-22T13:31:17+00:00","dateModified":"2024-08-21T06:54:20+00:00","description":"Das Tagfahrlicht von AXA bietet Ihnen zus\u00e4tzliche Sicherheit, da zwei zus\u00e4tzliche helle Power-LEDs daf\u00fcr sorgen, dass Sie tags\u00fcber gut sichtbar bleiben.","breadcrumb":{"@id":"https:\/\/axabikesecurity.com\/de\/dagrijverlichting\/#breadcrumb"},"inLanguage":"en-US","potentialAction":[{"@type":"ReadAction","target":["https:\/\/axabikesecurity.com\/de\/dagrijverlichting\/"]}]},{"@type":"BreadcrumbList","@id":"https:\/\/axabikesecurity.com\/de\/dagrijverlichting\/#breadcrumb","itemListElement":[{"@type":"ListItem","position":1,"name":"house","item":"https:\/\/axabikesecurity.com\/de\/"},{"@type":"ListItem","position":2,"name":"Informationen &#8211; Tagfahrlicht"}]},{"@type":"WebSite","@id":"https:\/\/axabikesecurity.com\/de\/#website","url":"https:\/\/axabikesecurity.com\/de\/","name":"AXA Bike","description":"","potentialAction":[{"@type":"SearchAction","target":{"@type":"EntryPoint","urlTemplate":"https:\/\/axabikesecurity.com\/de\/?s={search_term_string}"},"query-input":{"@type":"PropertyValueSpecification","valueRequired":true,"valueName":"search_term_string"}}],"inLanguage":"en-US"}]}},"jetpack_sharing_enabled":true,"_links":{"self":[{"href":"https:\/\/axabikesecurity.com\/de\/wp-json\/wp\/v2\/pages\/15135","targetHints":{"allow":["GET"]}}],"collection":[{"href":"https:\/\/axabikesecurity.com\/de\/wp-json\/wp\/v2\/pages"}],"about":[{"href":"https:\/\/axabikesecurity.com\/de\/wp-json\/wp\/v2\/types\/page"}],"author":[{"embeddable":true,"href":"https:\/\/axabikesecurity.com\/de\/wp-json\/wp\/v2\/users\/20"}],"replies":[{"embeddable":true,"href":"https:\/\/axabikesecurity.com\/de\/wp-json\/wp\/v2\/comments?post=15135"}],"version-history":[{"count":7,"href":"https:\/\/axabikesecurity.com\/de\/wp-json\/wp\/v2\/pages\/15135\/revisions"}],"predecessor-version":[{"id":19485,"href":"https:\/\/axabikesecurity.com\/de\/wp-json\/wp\/v2\/pages\/15135\/revisions\/19485"}],"wp:attachment":[{"href":"https:\/\/axabikesecurity.com\/de\/wp-json\/wp\/v2\/media?parent=15135"}],"curies":[{"name":"wp","href":"https:\/\/api.w.org\/{rel}","templated":true}]}}