{"id":15276,"date":"2024-04-22T13:36:41","date_gmt":"2024-04-22T13:36:41","guid":{"rendered":"https:\/\/axabikesecurity.com\/nl\/?page_id=15276"},"modified":"2024-08-21T07:04:25","modified_gmt":"2024-08-21T07:04:25","slug":"verblind-je-tegenligger-niet","status":"publish","type":"page","link":"https:\/\/axabikesecurity.com\/de\/verblind-je-tegenligger-niet\/","title":{"rendered":"Informationen &#8211; Blendung des Gegenverkehrs vermeiden"},"content":{"rendered":"<section id=\"\" class=\"relative after:w-full after:h-full after:top-0 after:left-0 after:bg-[rgba(0,0,0,0.35)] after:absolute   !pt-[96px] is-layout-flex wp-block-acf-hero-is-layout-flex\" style=\"padding-top:16px; padding-bottom:136px; color: var(--wp--preset--color--font); \">\n\n\t\t\t\t<img loading=\"lazy\" decoding=\"async\" width=\"2048\" height=\"1365\" src=\"https:\/\/axabikesecurity.com\/de\/wp-content\/uploads\/sites\/17\/2024\/04\/2023-Utrecht-AXA-Adjust-lights_Perfect.jpg?w=2048\" class=\"w-full h-full absolute top-0 left-0 object-cover \" alt=\"Adjust angle light beam - perfect\" srcset=\"https:\/\/axabikesecurity.com\/de\/wp-content\/uploads\/sites\/17\/2024\/04\/2023-Utrecht-AXA-Adjust-lights_Perfect.jpg 8256w, https:\/\/axabikesecurity.com\/de\/wp-content\/uploads\/sites\/17\/2024\/04\/2023-Utrecht-AXA-Adjust-lights_Perfect.jpg?resize=512,341 512w, https:\/\/axabikesecurity.com\/de\/wp-content\/uploads\/sites\/17\/2024\/04\/2023-Utrecht-AXA-Adjust-lights_Perfect.jpg?resize=768,512 768w, https:\/\/axabikesecurity.com\/de\/wp-content\/uploads\/sites\/17\/2024\/04\/2023-Utrecht-AXA-Adjust-lights_Perfect.jpg?resize=2048,1365 2048w, https:\/\/axabikesecurity.com\/de\/wp-content\/uploads\/sites\/17\/2024\/04\/2023-Utrecht-AXA-Adjust-lights_Perfect.jpg?resize=1536,1024 1536w, https:\/\/axabikesecurity.com\/de\/wp-content\/uploads\/sites\/17\/2024\/04\/2023-Utrecht-AXA-Adjust-lights_Perfect.jpg?resize=1215,810 1215w, https:\/\/axabikesecurity.com\/de\/wp-content\/uploads\/sites\/17\/2024\/04\/2023-Utrecht-AXA-Adjust-lights_Perfect.jpg?resize=600,400 600w\" sizes=\"auto, (max-width: 2048px) 100vw, 2048px\" data-ot-ignore=\"\" \/>\n\t\n\t\n\t<div class=\"relative container z-10\">\n\n\t\t<div class=\"relative w-full lg:w-6\/12\">\n\t\t\t<div class=\"content text-white    \">\n\t\t\t\t    <h1 class=\"\">Stelle deine Beleuchtung richtig ein<\/h1>\n\t\t\t<\/div>\n\t\t<\/div>\n\n\t<\/div>\n<\/section>\n\n\n<section id=\"\" class=\"is-layout-flex wp-block-acf-content-image-is-layout-flex\" style=\"padding-top:var(--wp--preset--spacing--80); padding-bottom:var(--wp--preset--spacing--80); color: var(--wp--preset--color--font); \">\n\t<div class=\"container\">\n\n\t\t<div class=\"flex flex-col gap-10 lg:gap-0 lg:flex-row relative justify-start items-center justify-start \">\n\n\t\t\t<div class=\"w-full md:w-7\/12\">\n\t\t\t\t\t<div class=\"rounded-[2px] overflow-hidden\">\n\t\t\t\t<img loading=\"lazy\" decoding=\"async\" width=\"2048\" height=\"1365\" src=\"https:\/\/axabikesecurity.com\/de\/wp-content\/uploads\/sites\/17\/2024\/04\/AXA-Dwn-Sfeer_14.jpeg?w=2048\" class=\"w-full media-cutoff \" alt=\"AXA Dwn sfeer\" srcset=\"https:\/\/axabikesecurity.com\/de\/wp-content\/uploads\/sites\/17\/2024\/04\/AXA-Dwn-Sfeer_14.jpeg 7354w, https:\/\/axabikesecurity.com\/de\/wp-content\/uploads\/sites\/17\/2024\/04\/AXA-Dwn-Sfeer_14.jpeg?resize=512,341 512w, https:\/\/axabikesecurity.com\/de\/wp-content\/uploads\/sites\/17\/2024\/04\/AXA-Dwn-Sfeer_14.jpeg?resize=768,512 768w, https:\/\/axabikesecurity.com\/de\/wp-content\/uploads\/sites\/17\/2024\/04\/AXA-Dwn-Sfeer_14.jpeg?resize=2048,1365 2048w, https:\/\/axabikesecurity.com\/de\/wp-content\/uploads\/sites\/17\/2024\/04\/AXA-Dwn-Sfeer_14.jpeg?resize=1536,1024 1536w, https:\/\/axabikesecurity.com\/de\/wp-content\/uploads\/sites\/17\/2024\/04\/AXA-Dwn-Sfeer_14.jpeg?resize=1215,810 1215w, https:\/\/axabikesecurity.com\/de\/wp-content\/uploads\/sites\/17\/2024\/04\/AXA-Dwn-Sfeer_14.jpeg?resize=600,400 600w\" sizes=\"auto, (max-width: 2048px) 100vw, 2048px\" data-ot-ignore=\"\" \/>\n\t<\/div>\n\t\t\t<\/div>\n\n\t\t\t<div class=\"w-full md:w-6\/12 lg:absolute top-1\/2 lg:-translate-y-1\/2 bg-white py-10 pl-9 pr-7 shadow-contentcard rounded-[2px] right-0\">\n\t\t\t\t<div class=\"content [&amp;_p]:text-[18px]    \">\n\t\t\t\t\t\t\t    <h3 id=\"block_acf-block-66c59178ea9100.83696950\" class=\"\">Sei im Verkehr gut sichtbar, aber blendet andere nicht<\/h3>\n\t\t\t    <div class=\"[&amp;_p]:text-[18px]\">\n        <p>Hast du als Radfahrer eine gute Lampe gekauft und bekommst du den Kommentar, dass du den Gegenverkehr blendest? Da f\u00e4hrst du nun mit deinem guten Verhalten! Zum Gl\u00fcck ist es sehr einfach zu l\u00f6sen.<\/p>\n<p>Also sei im Verkehr gut sichtbar, aber blendet andere nicht.<\/p>\n\n    <\/div>\n\t<\/div>\n\t\t\t<\/div>\n\n\t\t<\/div>\n\n\t<\/div>\n<\/section>\n\n\n<section id=\"\" class=\"\" style=\"padding-top:var(--wp--preset--spacing--80); padding-bottom:var(--wp--preset--spacing--80); color: var(--wp--preset--color--font); \">\n\t<div class=\"container\">\n\t\t<div class=\"content     \">\n\t\t\t\t\t\t\t    <h2 class=\"\">Einstellen deiner Beleuchtung<\/h2>\n\t\t\t    <div class=\"\">\n        <p>Wenn deine Beleuchtung zu hoch eingestellt ist, blendest du den Gegenverkehr. Aber wenn du den Lichtstrahl zu stark nach unten richtest, hast du selbst zu wenig Sicht. Das korrekte Einstellen deiner Beleuchtung ist sehr einfach:<\/p>\n<ol>\n<li>Eine gute Lampe hat eine klare Trennung zwischen dem oberen, schw\u00e4cheren Licht, das daf\u00fcr sorgt, dass du gesehen wirst, und dem helleren, unteren Licht, das f\u00fcr gute Sicht sorgt. Dies nennt man den &#8216;cut-off&#8217;.<\/li>\n<li>Der Fokus des Lichtstrahls leuchtet 5 bis 10 Meter vor dir auf die Stra\u00dfe, sodass du nach vorne schaust und nicht nur kurz \u00fcber dein Lenkrad vor dein Vorderrad.<\/li>\n<\/ol>\n\n    <\/div>\n\t<\/div>\n\t<\/div>\n<\/section>\n\n\n<section id=\"\" class=\"\" style=\"padding-top:var(--wp--preset--spacing--80); padding-bottom:var(--wp--preset--spacing--80);  \">\n    <div class=\"container\">\n                    \t<img loading=\"lazy\" decoding=\"async\" width=\"1500\" height=\"634\" src=\"https:\/\/axabikesecurity.com\/de\/wp-content\/uploads\/sites\/17\/2024\/04\/adjust-angle-light-beam.png?w=1500\" class=\"w-full rounded \" alt=\"Adjust angle light beam\" srcset=\"https:\/\/axabikesecurity.com\/de\/wp-content\/uploads\/sites\/17\/2024\/04\/adjust-angle-light-beam.png 1500w, https:\/\/axabikesecurity.com\/de\/wp-content\/uploads\/sites\/17\/2024\/04\/adjust-angle-light-beam.png?resize=512,216 512w, https:\/\/axabikesecurity.com\/de\/wp-content\/uploads\/sites\/17\/2024\/04\/adjust-angle-light-beam.png?resize=768,325 768w, https:\/\/axabikesecurity.com\/de\/wp-content\/uploads\/sites\/17\/2024\/04\/adjust-angle-light-beam.png?resize=1440,609 1440w, https:\/\/axabikesecurity.com\/de\/wp-content\/uploads\/sites\/17\/2024\/04\/adjust-angle-light-beam.png?resize=600,254 600w\" sizes=\"auto, (max-width: 1500px) 100vw, 1500px\" data-ot-ignore=\"\" \/>\n            <\/div>\n<\/section>\n\n\n\n<section id=\"\" class=\"is-layout-flex wp-block-acf-content-image-is-layout-flex\" style=\"padding-top:var(--wp--preset--spacing--80); padding-bottom:var(--wp--preset--spacing--80); color: var(--wp--preset--color--font); \">\n\t<div class=\"container\">\n\n\t\t<div class=\"flex flex-col gap-10 lg:gap-0 lg:flex-row relative justify-start items-center justify-start \">\n\n\t\t\t<div class=\"w-full md:w-7\/12\">\n\t\t\t\t\t<img loading=\"lazy\" decoding=\"async\" width=\"2048\" height=\"1365\" src=\"https:\/\/axabikesecurity.com\/de\/wp-content\/uploads\/sites\/17\/2024\/04\/2023-Utrecht-AXA-Dwn-Sfeer_05-1.jpg?w=2048\" class=\"w-full rounded \" alt=\"AXA Dwn sfeer\" srcset=\"https:\/\/axabikesecurity.com\/de\/wp-content\/uploads\/sites\/17\/2024\/04\/2023-Utrecht-AXA-Dwn-Sfeer_05-1.jpg 6606w, https:\/\/axabikesecurity.com\/de\/wp-content\/uploads\/sites\/17\/2024\/04\/2023-Utrecht-AXA-Dwn-Sfeer_05-1.jpg?resize=512,341 512w, https:\/\/axabikesecurity.com\/de\/wp-content\/uploads\/sites\/17\/2024\/04\/2023-Utrecht-AXA-Dwn-Sfeer_05-1.jpg?resize=768,512 768w, https:\/\/axabikesecurity.com\/de\/wp-content\/uploads\/sites\/17\/2024\/04\/2023-Utrecht-AXA-Dwn-Sfeer_05-1.jpg?resize=2048,1365 2048w, https:\/\/axabikesecurity.com\/de\/wp-content\/uploads\/sites\/17\/2024\/04\/2023-Utrecht-AXA-Dwn-Sfeer_05-1.jpg?resize=1536,1024 1536w, https:\/\/axabikesecurity.com\/de\/wp-content\/uploads\/sites\/17\/2024\/04\/2023-Utrecht-AXA-Dwn-Sfeer_05-1.jpg?resize=1215,810 1215w, https:\/\/axabikesecurity.com\/de\/wp-content\/uploads\/sites\/17\/2024\/04\/2023-Utrecht-AXA-Dwn-Sfeer_05-1.jpg?resize=600,400 600w\" sizes=\"auto, (max-width: 2048px) 100vw, 2048px\" data-ot-ignore=\"\" \/>\n\t\t\t<\/div>\n\n\t\t\t<div class=\"w-full md:w-6\/12 lg:absolute top-1\/2 lg:-translate-y-1\/2 bg-white py-10 pl-9 pr-7 shadow-contentcard rounded-[2px] right-0\">\n\t\t\t\t<div class=\"content [&amp;_p]:text-[18px]    \">\n\t\t\t\t\t\t\t    <h3 id=\"block_acf-block-66c59178ead0a9.14334131\" class=\"\">USB-aufladbare Lampen<\/h3>\n\t\t\t    <div class=\"[&amp;_p]:text-[18px]\">\n        <p>Die Menge an Licht, die auf die Stra\u00dfe scheint, wird in Lux gemessen. Die AXA Dwn USB-Frontleuchte ist in 4 Varianten erh\u00e4ltlich: 30, 50, 70 und 100 Lux.<\/p>\n<p>Die Frontleuchten haben verschiedene Modi: von voller Leistung bis hin zu einem energiesparenden Modus. AXA-Fahrradlampen sind Dutch Design und gegen Regen und Kondensation best\u00e4ndig.<\/p>\n\n    <\/div>\n\t\t<div class=\"flex flex-wrap gap-4 md:gap-6 mt-6\">\n\t\t\t\t\t\t\n\t<a href=\"https:\/\/axabikesecurity.com\/de\/product-category\/beleuchtung-427\/scheinwerfer-431\/usb-scheinwerfer-447\/\" class=\"btn mt-6 btn--solid flex-row-reverse\" target=\"_blank\">\n\t\t\t\t\t\t\t        <div class=\"h-6 w-6 text-[24px] color: var(--wp--preset--color--font); flex justify-center items-center \">\n        <span class=\"material-symbols-rounded\">open_in_new<\/span>\n    <\/div>\n\t\t\t\tUSB Scheinwerfer\n\t<\/a>\n\t\t\t\t\t\t\n\t<a href=\"https:\/\/axabikesecurity.com\/de\/product-category\/beleuchtung-427\/rucklichten-432\/usb-rucklicht-451\/\" class=\"btn mt-6 btn--solid flex-row-reverse\" target=\"_blank\">\n\t\t\t\t\t\t\t        <div class=\"h-6 w-6 text-[24px] color: var(--wp--preset--color--font); flex justify-center items-center \">\n        <span class=\"material-symbols-rounded\">open_in_new<\/span>\n    <\/div>\n\t\t\t\tUSB R\u00fcck licht\n\t<\/a>\n\t\t\t<\/div>\n\n<\/div>\n\t\t\t<\/div>\n\n\t\t<\/div>\n\n\t<\/div>\n<\/section>\n\n\n<section id=\"\" class=\"is-layout-flex wp-block-acf-content-image-is-layout-flex\" style=\"padding-top:var(--wp--preset--spacing--80); padding-bottom:var(--wp--preset--spacing--80); color: var(--wp--preset--color--font); \">\n\t<div class=\"container\">\n\n\t\t<div class=\"flex flex-col gap-10 lg:gap-0 lg:flex-row relative justify-end items-center justify-start \">\n\n\t\t\t<div class=\"w-full md:w-7\/12\">\n\t\t\t\t\t<img loading=\"lazy\" decoding=\"async\" width=\"2048\" height=\"1365\" src=\"https:\/\/axabikesecurity.com\/de\/wp-content\/uploads\/sites\/17\/2024\/04\/AXA-Nxt-Sfeer_04.jpeg?w=2048\" class=\"w-full rounded \" alt=\"AXA Nxt sfeer\" srcset=\"https:\/\/axabikesecurity.com\/de\/wp-content\/uploads\/sites\/17\/2024\/04\/AXA-Nxt-Sfeer_04.jpeg 8256w, https:\/\/axabikesecurity.com\/de\/wp-content\/uploads\/sites\/17\/2024\/04\/AXA-Nxt-Sfeer_04.jpeg?resize=512,341 512w, https:\/\/axabikesecurity.com\/de\/wp-content\/uploads\/sites\/17\/2024\/04\/AXA-Nxt-Sfeer_04.jpeg?resize=768,512 768w, https:\/\/axabikesecurity.com\/de\/wp-content\/uploads\/sites\/17\/2024\/04\/AXA-Nxt-Sfeer_04.jpeg?resize=2048,1365 2048w, https:\/\/axabikesecurity.com\/de\/wp-content\/uploads\/sites\/17\/2024\/04\/AXA-Nxt-Sfeer_04.jpeg?resize=1536,1024 1536w, https:\/\/axabikesecurity.com\/de\/wp-content\/uploads\/sites\/17\/2024\/04\/AXA-Nxt-Sfeer_04.jpeg?resize=1215,810 1215w, https:\/\/axabikesecurity.com\/de\/wp-content\/uploads\/sites\/17\/2024\/04\/AXA-Nxt-Sfeer_04.jpeg?resize=600,400 600w\" sizes=\"auto, (max-width: 2048px) 100vw, 2048px\" data-ot-ignore=\"\" \/>\n\t\t\t<\/div>\n\n\t\t\t<div class=\"w-full md:w-6\/12 lg:absolute top-1\/2 lg:-translate-y-1\/2 bg-white py-10 pl-9 pr-7 shadow-contentcard rounded-[2px] left-0\">\n\t\t\t\t<div class=\"content [&amp;_p]:text-[18px]    \">\n\t\t\t\t\t\t\t    <h3 id=\"block_acf-block-66c59178ead4e4.16800037\" class=\"\">Dynamo- und E-Bike-Beleuchtung<\/h3>\n\t\t\t    <div class=\"[&amp;_p]:text-[18px]\">\n        <p>Wenn du Beleuchtung f\u00fcr dein E-Bike oder Fahrrad mit Dynamo ben\u00f6tigst, ben\u00f6tigst du keine USB-Beleuchtung, sondern die AXA Nxt. Es gibt 4 Helligkeitsstufen: 30, 45, 60 und 80 Lux.<\/p>\n<p>Die Dynamo-Versionen verf\u00fcgen \u00fcber Standlicht: das Licht bleibt 4 Minuten lang eingeschaltet, wenn du still stehst. Die 30 Lux E-Bike-Version f\u00fcr eine 6-48V-Batterie geeignet, w\u00e4hrend die anderen E-Bike-Versionen f\u00fcr eine 6-12V-Batterie geeignet sind.<\/p>\n\n    <\/div>\n\t\t<div class=\"flex flex-wrap gap-4 md:gap-6 mt-6\">\n\t\t\t\t\t\t\n\t<a href=\"https:\/\/axabikesecurity.com\/de\/product-category\/beleuchtung-427\/scheinwerfer-431\/dynamo-scheinwerfer-445\/\" class=\"btn mt-6 btn--solid flex-row-reverse\" target=\"_blank\">\n\t\t\t\t\t\t\t        <div class=\"h-6 w-6 text-[24px] color: var(--wp--preset--color--font); flex justify-center items-center \">\n        <span class=\"material-symbols-rounded\">open_in_new<\/span>\n    <\/div>\n\t\t\t\tDynamo Scheinwerfer\n\t<\/a>\n\t\t\t\t\t\t\n\t<a href=\"https:\/\/axabikesecurity.com\/de\/product-category\/beleuchtung-427\/scheinwerfer-431\/e-bike-scheinwerfer-446\/\" class=\"btn mt-6 btn--solid flex-row-reverse\" target=\"_blank\">\n\t\t\t\t\t\t\t        <div class=\"h-6 w-6 text-[24px] color: var(--wp--preset--color--font); flex justify-center items-center \">\n        <span class=\"material-symbols-rounded\">open_in_new<\/span>\n    <\/div>\n\t\t\t\tE-bike Scheinwerfer\n\t<\/a>\n\t\t\t<\/div>\n\n<\/div>\n\t\t\t<\/div>\n\n\t\t<\/div>\n\n\t<\/div>\n<\/section>\n","protected":false},"excerpt":{"rendered":"","protected":false},"author":20,"featured_media":0,"parent":0,"menu_order":0,"comment_status":"closed","ping_status":"closed","template":"","meta":{"_acf_changed":false,"_trash_the_other_posts":false,"footnotes":""},"class_list":["post-15276","page","type-page","status-publish","hentry"],"acf":[],"yoast_head":"<!-- This site is optimized with the Yoast SEO plugin v27.4 - https:\/\/yoast.com\/product\/yoast-seo-wordpress\/ -->\n<title>Informationen - Blendung des Gegenverkehrs vermeiden | AXA Bike Security \ud83c\udde9\ud83c\uddea<\/title>\n<meta name=\"description\" content=\"Findest du es auch so \u00e4rgerlich, von Fahrradlichtern geblendet zu werden? Lies hier, wie du sie am besten einstellen kannst.\" \/>\n<meta name=\"robots\" content=\"index, follow, max-snippet:-1, max-image-preview:large, max-video-preview:-1\" \/>\n<link rel=\"canonical\" href=\"https:\/\/axabikesecurity.com\/de\/verblind-je-tegenligger-niet\/\" \/>\n<meta property=\"og:locale\" content=\"en_US\" \/>\n<meta property=\"og:type\" content=\"article\" \/>\n<meta property=\"og:title\" content=\"Informationen - Blendung des Gegenverkehrs vermeiden | AXA Bike Security \ud83c\udde9\ud83c\uddea\" \/>\n<meta property=\"og:description\" content=\"Findest du es auch so \u00e4rgerlich, von Fahrradlichtern geblendet zu werden? Lies hier, wie du sie am besten einstellen kannst.\" \/>\n<meta property=\"og:url\" content=\"https:\/\/axabikesecurity.com\/de\/verblind-je-tegenligger-niet\/\" \/>\n<meta property=\"og:site_name\" content=\"AXA Bike Security \ud83c\udde9\ud83c\uddea\" \/>\n<meta property=\"article:modified_time\" content=\"2024-08-21T07:04:25+00:00\" \/>\n<meta name=\"twitter:card\" content=\"summary_large_image\" \/>\n<script type=\"application\/ld+json\" class=\"yoast-schema-graph\">{\"@context\":\"https:\\\/\\\/schema.org\",\"@graph\":[{\"@type\":\"WebPage\",\"@id\":\"https:\\\/\\\/axabikesecurity.com\\\/de\\\/verblind-je-tegenligger-niet\\\/\",\"url\":\"https:\\\/\\\/axabikesecurity.com\\\/de\\\/verblind-je-tegenligger-niet\\\/\",\"name\":\"Informationen - Blendung des Gegenverkehrs vermeiden | AXA Bike Security \ud83c\udde9\ud83c\uddea\",\"isPartOf\":{\"@id\":\"https:\\\/\\\/axabikesecurity.com\\\/de\\\/#website\"},\"datePublished\":\"2024-04-22T13:36:41+00:00\",\"dateModified\":\"2024-08-21T07:04:25+00:00\",\"description\":\"Findest du es auch so \u00e4rgerlich, von Fahrradlichtern geblendet zu werden? Lies hier, wie du sie am besten einstellen kannst.\",\"breadcrumb\":{\"@id\":\"https:\\\/\\\/axabikesecurity.com\\\/de\\\/verblind-je-tegenligger-niet\\\/#breadcrumb\"},\"inLanguage\":\"en-US\",\"potentialAction\":[{\"@type\":\"ReadAction\",\"target\":[\"https:\\\/\\\/axabikesecurity.com\\\/de\\\/verblind-je-tegenligger-niet\\\/\"]}]},{\"@type\":\"BreadcrumbList\",\"@id\":\"https:\\\/\\\/axabikesecurity.com\\\/de\\\/verblind-je-tegenligger-niet\\\/#breadcrumb\",\"itemListElement\":[{\"@type\":\"ListItem\",\"position\":1,\"name\":\"house\",\"item\":\"https:\\\/\\\/axabikesecurity.com\\\/de\\\/\"},{\"@type\":\"ListItem\",\"position\":2,\"name\":\"Informationen &#8211; Blendung des Gegenverkehrs vermeiden\"}]},{\"@type\":\"WebSite\",\"@id\":\"https:\\\/\\\/axabikesecurity.com\\\/de\\\/#website\",\"url\":\"https:\\\/\\\/axabikesecurity.com\\\/de\\\/\",\"name\":\"AXA Bike\",\"description\":\"\",\"potentialAction\":[{\"@type\":\"SearchAction\",\"target\":{\"@type\":\"EntryPoint\",\"urlTemplate\":\"https:\\\/\\\/axabikesecurity.com\\\/de\\\/?s={search_term_string}\"},\"query-input\":{\"@type\":\"PropertyValueSpecification\",\"valueRequired\":true,\"valueName\":\"search_term_string\"}}],\"inLanguage\":\"en-US\"}]}<\/script>\n<!-- \/ Yoast SEO plugin. -->","yoast_head_json":{"title":"Informationen - Blendung des Gegenverkehrs vermeiden | AXA Bike Security \ud83c\udde9\ud83c\uddea","description":"Findest du es auch so \u00e4rgerlich, von Fahrradlichtern geblendet zu werden? Lies hier, wie du sie am besten einstellen kannst.","robots":{"index":"index","follow":"follow","max-snippet":"max-snippet:-1","max-image-preview":"max-image-preview:large","max-video-preview":"max-video-preview:-1"},"canonical":"https:\/\/axabikesecurity.com\/de\/verblind-je-tegenligger-niet\/","og_locale":"en_US","og_type":"article","og_title":"Informationen - Blendung des Gegenverkehrs vermeiden | AXA Bike Security \ud83c\udde9\ud83c\uddea","og_description":"Findest du es auch so \u00e4rgerlich, von Fahrradlichtern geblendet zu werden? Lies hier, wie du sie am besten einstellen kannst.","og_url":"https:\/\/axabikesecurity.com\/de\/verblind-je-tegenligger-niet\/","og_site_name":"AXA Bike Security \ud83c\udde9\ud83c\uddea","article_modified_time":"2024-08-21T07:04:25+00:00","twitter_card":"summary_large_image","schema":{"@context":"https:\/\/schema.org","@graph":[{"@type":"WebPage","@id":"https:\/\/axabikesecurity.com\/de\/verblind-je-tegenligger-niet\/","url":"https:\/\/axabikesecurity.com\/de\/verblind-je-tegenligger-niet\/","name":"Informationen - Blendung des Gegenverkehrs vermeiden | AXA Bike Security \ud83c\udde9\ud83c\uddea","isPartOf":{"@id":"https:\/\/axabikesecurity.com\/de\/#website"},"datePublished":"2024-04-22T13:36:41+00:00","dateModified":"2024-08-21T07:04:25+00:00","description":"Findest du es auch so \u00e4rgerlich, von Fahrradlichtern geblendet zu werden? Lies hier, wie du sie am besten einstellen kannst.","breadcrumb":{"@id":"https:\/\/axabikesecurity.com\/de\/verblind-je-tegenligger-niet\/#breadcrumb"},"inLanguage":"en-US","potentialAction":[{"@type":"ReadAction","target":["https:\/\/axabikesecurity.com\/de\/verblind-je-tegenligger-niet\/"]}]},{"@type":"BreadcrumbList","@id":"https:\/\/axabikesecurity.com\/de\/verblind-je-tegenligger-niet\/#breadcrumb","itemListElement":[{"@type":"ListItem","position":1,"name":"house","item":"https:\/\/axabikesecurity.com\/de\/"},{"@type":"ListItem","position":2,"name":"Informationen &#8211; Blendung des Gegenverkehrs vermeiden"}]},{"@type":"WebSite","@id":"https:\/\/axabikesecurity.com\/de\/#website","url":"https:\/\/axabikesecurity.com\/de\/","name":"AXA Bike","description":"","potentialAction":[{"@type":"SearchAction","target":{"@type":"EntryPoint","urlTemplate":"https:\/\/axabikesecurity.com\/de\/?s={search_term_string}"},"query-input":{"@type":"PropertyValueSpecification","valueRequired":true,"valueName":"search_term_string"}}],"inLanguage":"en-US"}]}},"jetpack_sharing_enabled":true,"_links":{"self":[{"href":"https:\/\/axabikesecurity.com\/de\/wp-json\/wp\/v2\/pages\/15276","targetHints":{"allow":["GET"]}}],"collection":[{"href":"https:\/\/axabikesecurity.com\/de\/wp-json\/wp\/v2\/pages"}],"about":[{"href":"https:\/\/axabikesecurity.com\/de\/wp-json\/wp\/v2\/types\/page"}],"author":[{"embeddable":true,"href":"https:\/\/axabikesecurity.com\/de\/wp-json\/wp\/v2\/users\/20"}],"replies":[{"embeddable":true,"href":"https:\/\/axabikesecurity.com\/de\/wp-json\/wp\/v2\/comments?post=15276"}],"version-history":[{"count":53,"href":"https:\/\/axabikesecurity.com\/de\/wp-json\/wp\/v2\/pages\/15276\/revisions"}],"predecessor-version":[{"id":19487,"href":"https:\/\/axabikesecurity.com\/de\/wp-json\/wp\/v2\/pages\/15276\/revisions\/19487"}],"wp:attachment":[{"href":"https:\/\/axabikesecurity.com\/de\/wp-json\/wp\/v2\/media?parent=15276"}],"curies":[{"name":"wp","href":"https:\/\/api.w.org\/{rel}","templated":true}]}}