{"id":15431,"date":"2024-04-24T13:11:05","date_gmt":"2024-04-24T13:11:05","guid":{"rendered":"https:\/\/axabikesecurity.com\/nl\/?page_id=15431"},"modified":"2024-09-13T08:59:51","modified_gmt":"2024-09-13T08:59:51","slug":"landing-page-nxt-serie","status":"publish","type":"page","link":"https:\/\/axabikesecurity.com\/de\/landing-page-nxt-serie\/","title":{"rendered":"Landing page &#8211; Nxt serie"},"content":{"rendered":"<section id=\"\" class=\"relative after:w-full after:h-full after:top-0 after:left-0 after:bg-[rgba(0,0,0,0.35)] after:absolute   !pt-[96px] is-layout-flex wp-block-acf-hero-is-layout-flex\" style=\"padding-top:16px; padding-bottom:136px; color: var(--wp--preset--color--font); \">\n\n\t\t\t\t<img loading=\"lazy\" decoding=\"async\" width=\"2048\" height=\"1365\" src=\"https:\/\/axabikesecurity.com\/de\/wp-content\/uploads\/sites\/17\/2024\/04\/2023-Utrecht-AXA-Nxt-Sfeer_06-1.jpg?w=2048\" class=\"w-full h-full absolute top-0 left-0 object-cover \" alt=\"AXA Nxt\" srcset=\"https:\/\/axabikesecurity.com\/de\/wp-content\/uploads\/sites\/17\/2024\/04\/2023-Utrecht-AXA-Nxt-Sfeer_06-1.jpg 7988w, https:\/\/axabikesecurity.com\/de\/wp-content\/uploads\/sites\/17\/2024\/04\/2023-Utrecht-AXA-Nxt-Sfeer_06-1.jpg?resize=512,341 512w, https:\/\/axabikesecurity.com\/de\/wp-content\/uploads\/sites\/17\/2024\/04\/2023-Utrecht-AXA-Nxt-Sfeer_06-1.jpg?resize=768,512 768w, https:\/\/axabikesecurity.com\/de\/wp-content\/uploads\/sites\/17\/2024\/04\/2023-Utrecht-AXA-Nxt-Sfeer_06-1.jpg?resize=2048,1365 2048w, https:\/\/axabikesecurity.com\/de\/wp-content\/uploads\/sites\/17\/2024\/04\/2023-Utrecht-AXA-Nxt-Sfeer_06-1.jpg?resize=1536,1024 1536w, https:\/\/axabikesecurity.com\/de\/wp-content\/uploads\/sites\/17\/2024\/04\/2023-Utrecht-AXA-Nxt-Sfeer_06-1.jpg?resize=1215,810 1215w, https:\/\/axabikesecurity.com\/de\/wp-content\/uploads\/sites\/17\/2024\/04\/2023-Utrecht-AXA-Nxt-Sfeer_06-1.jpg?resize=600,400 600w\" sizes=\"auto, (max-width: 2048px) 100vw, 2048px\" data-ot-ignore=\"\" \/>\n\t\n\t\n\t<div class=\"relative container z-10\">\n\n\t\t<div class=\"relative w-full lg:w-6\/12\">\n\t\t\t<div class=\"content text-white    \">\n\t\t\t\t    <h1 class=\"\">Optimale Lichtverteilung: AXA Nxt<\/h1>\n\t\t    <div class=\"text-white\">\n        <p>Unsere Serie von Dynamo- und E-Bike-Beleuchtung verf\u00fcgt \u00fcber ein neues Landschaftsdesign, das perfekt zur Geometrie des Fahrrads passt. Das neueste Mitglied der Familie ist der High-End Nxt 130: Aluminiumgeh\u00e4use und leistungsstarke Beleuchtung mit nicht weniger als 130 Lux. Alle Versionen sind mit der StVZO-Zulassung versehen.<\/p>\n\n    <\/div>\n\t<\/div>\n\t\t<\/div>\n\n\t<\/div>\n<\/section>\n\n\n<section id=\"\" class=\"is-layout-flex wp-block-acf-content-image-is-layout-flex\" style=\"padding-top:var(--wp--preset--spacing--80); padding-bottom:var(--wp--preset--spacing--80); color: var(--wp--preset--color--font); \">\n\t<div class=\"container\">\n\n\t\t<div class=\"flex flex-col gap-10 lg:gap-0 lg:flex-row relative justify-end items-center justify-start \">\n\n\t\t\t<div class=\"w-full md:w-7\/12\">\n\t\t\t\t\t<div class=\"rounded-[2px] overflow-hidden\">\n\t\t\t\t<img loading=\"lazy\" decoding=\"async\" width=\"2048\" height=\"1365\" src=\"https:\/\/axabikesecurity.com\/de\/wp-content\/uploads\/sites\/17\/2024\/04\/2023-Utrecht-AXA-Nxt-Sfeer_05.jpg?w=2048\" class=\"w-full media-cutoff \" alt=\"AXA Nxt\" srcset=\"https:\/\/axabikesecurity.com\/de\/wp-content\/uploads\/sites\/17\/2024\/04\/2023-Utrecht-AXA-Nxt-Sfeer_05.jpg 8256w, https:\/\/axabikesecurity.com\/de\/wp-content\/uploads\/sites\/17\/2024\/04\/2023-Utrecht-AXA-Nxt-Sfeer_05.jpg?resize=512,341 512w, https:\/\/axabikesecurity.com\/de\/wp-content\/uploads\/sites\/17\/2024\/04\/2023-Utrecht-AXA-Nxt-Sfeer_05.jpg?resize=768,512 768w, https:\/\/axabikesecurity.com\/de\/wp-content\/uploads\/sites\/17\/2024\/04\/2023-Utrecht-AXA-Nxt-Sfeer_05.jpg?resize=2048,1365 2048w, https:\/\/axabikesecurity.com\/de\/wp-content\/uploads\/sites\/17\/2024\/04\/2023-Utrecht-AXA-Nxt-Sfeer_05.jpg?resize=1536,1024 1536w, https:\/\/axabikesecurity.com\/de\/wp-content\/uploads\/sites\/17\/2024\/04\/2023-Utrecht-AXA-Nxt-Sfeer_05.jpg?resize=1215,810 1215w, https:\/\/axabikesecurity.com\/de\/wp-content\/uploads\/sites\/17\/2024\/04\/2023-Utrecht-AXA-Nxt-Sfeer_05.jpg?resize=600,400 600w\" sizes=\"auto, (max-width: 2048px) 100vw, 2048px\" data-ot-ignore=\"\" \/>\n\t<\/div>\n\t\t\t<\/div>\n\n\t\t\t<div class=\"w-full md:w-6\/12 lg:absolute top-1\/2 lg:-translate-y-1\/2 bg-white py-10 pl-9 pr-7 shadow-contentcard rounded-[2px] left-0\">\n\t\t\t\t<div class=\"content [&amp;_p]:text-[18px]    \">\n\t\t\t\t\t\t\t    <h3 id=\"block_acf-block-66e3ff05d2bd12.50087959\" class=\"\">Hervorragende Lichtverteilung<\/h3>\n\t\t\t    <div class=\"[&amp;_p]:text-[18px]\">\n        <p>Der Nxt bietet eine hervorragende Lichtverteilung. Die Nahfeldbeleuchtung und der breite Lichtstrahl sorgen daf\u00fcr, dass du sowohl direkt vor dir als auch bis zu 10 Meter voraus eine gute Sicht hast. Der integrierte Reflektor bietet zus\u00e4tzliche Sicherheit, da du f\u00fcr den Gegenverkehr besser sichtbar bist.<\/p>\n\n    <\/div>\n\t<\/div>\n\t\t\t<\/div>\n\n\t\t<\/div>\n\n\t<\/div>\n<\/section>\n\n\n<section id=\"\" class=\"is-layout-flex wp-block-acf-content-image-is-layout-flex\" style=\"padding-top:var(--wp--preset--spacing--80); padding-bottom:var(--wp--preset--spacing--80); color: var(--wp--preset--color--font); \">\n\t<div class=\"container\">\n\n\t\t<div class=\"flex flex-col gap-10 lg:gap-0 lg:flex-row relative justify-start items-center justify-start \">\n\n\t\t\t<div class=\"w-full md:w-7\/12\">\n\t\t\t\t\t<div class=\"rounded-[2px] overflow-hidden\">\n\t\t\t\t<img loading=\"lazy\" decoding=\"async\" width=\"2048\" height=\"2048\" src=\"https:\/\/axabikesecurity.com\/de\/wp-content\/uploads\/sites\/17\/2024\/04\/AXA-Nxt-Handle-Bar-Bracket-Angle-Front-Left.jpg?w=2048\" class=\"w-full media-cutoff \" alt=\"\" srcset=\"https:\/\/axabikesecurity.com\/de\/wp-content\/uploads\/sites\/17\/2024\/04\/AXA-Nxt-Handle-Bar-Bracket-Angle-Front-Left.jpg 2500w, https:\/\/axabikesecurity.com\/de\/wp-content\/uploads\/sites\/17\/2024\/04\/AXA-Nxt-Handle-Bar-Bracket-Angle-Front-Left.jpg?resize=150,150 150w, https:\/\/axabikesecurity.com\/de\/wp-content\/uploads\/sites\/17\/2024\/04\/AXA-Nxt-Handle-Bar-Bracket-Angle-Front-Left.jpg?resize=512,512 512w, https:\/\/axabikesecurity.com\/de\/wp-content\/uploads\/sites\/17\/2024\/04\/AXA-Nxt-Handle-Bar-Bracket-Angle-Front-Left.jpg?resize=768,768 768w, https:\/\/axabikesecurity.com\/de\/wp-content\/uploads\/sites\/17\/2024\/04\/AXA-Nxt-Handle-Bar-Bracket-Angle-Front-Left.jpg?resize=2048,2048 2048w, https:\/\/axabikesecurity.com\/de\/wp-content\/uploads\/sites\/17\/2024\/04\/AXA-Nxt-Handle-Bar-Bracket-Angle-Front-Left.jpg?resize=1536,1536 1536w, https:\/\/axabikesecurity.com\/de\/wp-content\/uploads\/sites\/17\/2024\/04\/AXA-Nxt-Handle-Bar-Bracket-Angle-Front-Left.jpg?resize=810,810 810w, https:\/\/axabikesecurity.com\/de\/wp-content\/uploads\/sites\/17\/2024\/04\/AXA-Nxt-Handle-Bar-Bracket-Angle-Front-Left.jpg?resize=300,300 300w, https:\/\/axabikesecurity.com\/de\/wp-content\/uploads\/sites\/17\/2024\/04\/AXA-Nxt-Handle-Bar-Bracket-Angle-Front-Left.jpg?resize=600,600 600w, https:\/\/axabikesecurity.com\/de\/wp-content\/uploads\/sites\/17\/2024\/04\/AXA-Nxt-Handle-Bar-Bracket-Angle-Front-Left.jpg?resize=100,100 100w\" sizes=\"auto, (max-width: 2048px) 100vw, 2048px\" data-ot-ignore=\"\" \/>\n\t<\/div>\n\t\t\t<\/div>\n\n\t\t\t<div class=\"w-full md:w-6\/12 lg:absolute top-1\/2 lg:-translate-y-1\/2 bg-white py-10 pl-9 pr-7 shadow-contentcard rounded-[2px] right-0\">\n\t\t\t\t<div class=\"content [&amp;_p]:text-[18px]    \">\n\t\t\t\t\t\t\t    <h3 id=\"block_acf-block-66e3ff05d2bf67.92506624\" class=\"\">2 Montageoptionen<\/h3>\n\t\t\t    <div class=\"[&amp;_p]:text-[18px]\">\n        <p>Der Nxt kann auf 2 Arten montiert werden. Er wird mit einer neu gestalteten Halterung geliefert, die auf alle Standard-Vorderradgabeln passt. Diese Halterung kann durch eine einarmige Aluminiumlenkerhalterung ersetzt werden, mit der der Scheinwerfer am Lenker befestigt werden kann.<\/p>\n\n    <\/div>\n\t<\/div>\n\t\t\t<\/div>\n\n\t\t<\/div>\n\n\t<\/div>\n<\/section>\n\n\n<section id=\"\" class=\"is-layout-flex wp-block-acf-content-image-is-layout-flex\" style=\"padding-top:var(--wp--preset--spacing--80); padding-bottom:var(--wp--preset--spacing--80); color: var(--wp--preset--color--font); \">\n\t<div class=\"container\">\n\n\t\t<div class=\"flex flex-col gap-10 lg:gap-0 lg:flex-row relative justify-end items-center justify-start \">\n\n\t\t\t<div class=\"w-full md:w-7\/12\">\n\t\t\t\t\t<div class=\"rounded-[2px] overflow-hidden\">\n\t\t\t\t<img loading=\"lazy\" decoding=\"async\" width=\"2048\" height=\"1365\" src=\"https:\/\/axabikesecurity.com\/de\/wp-content\/uploads\/sites\/17\/2024\/04\/2023-Utrecht-AXA-Nxt-Sfeer_04.jpg?w=2048\" class=\"w-full media-cutoff \" alt=\"AXA Nxt 130\" srcset=\"https:\/\/axabikesecurity.com\/de\/wp-content\/uploads\/sites\/17\/2024\/04\/2023-Utrecht-AXA-Nxt-Sfeer_04.jpg 8256w, https:\/\/axabikesecurity.com\/de\/wp-content\/uploads\/sites\/17\/2024\/04\/2023-Utrecht-AXA-Nxt-Sfeer_04.jpg?resize=512,341 512w, https:\/\/axabikesecurity.com\/de\/wp-content\/uploads\/sites\/17\/2024\/04\/2023-Utrecht-AXA-Nxt-Sfeer_04.jpg?resize=768,512 768w, https:\/\/axabikesecurity.com\/de\/wp-content\/uploads\/sites\/17\/2024\/04\/2023-Utrecht-AXA-Nxt-Sfeer_04.jpg?resize=2048,1365 2048w, https:\/\/axabikesecurity.com\/de\/wp-content\/uploads\/sites\/17\/2024\/04\/2023-Utrecht-AXA-Nxt-Sfeer_04.jpg?resize=1536,1024 1536w, https:\/\/axabikesecurity.com\/de\/wp-content\/uploads\/sites\/17\/2024\/04\/2023-Utrecht-AXA-Nxt-Sfeer_04.jpg?resize=1215,810 1215w, https:\/\/axabikesecurity.com\/de\/wp-content\/uploads\/sites\/17\/2024\/04\/2023-Utrecht-AXA-Nxt-Sfeer_04.jpg?resize=600,400 600w\" sizes=\"auto, (max-width: 2048px) 100vw, 2048px\" data-ot-ignore=\"\" \/>\n\t<\/div>\n\t\t\t<\/div>\n\n\t\t\t<div class=\"w-full md:w-6\/12 lg:absolute top-1\/2 lg:-translate-y-1\/2 bg-white py-10 pl-9 pr-7 shadow-contentcard rounded-[2px] left-0\">\n\t\t\t\t<div class=\"content [&amp;_p]:text-[18px]    \">\n\t\t\t\t\t\t\t    <h3 id=\"block_acf-block-66e3ff05d2e430.85883274\" class=\"\">Nxt 130 Lux E-bike Beleuchtung<\/h3>\n\t\t\t    <div class=\"[&amp;_p]:text-[18px]\">\n        <p>Das Lichtbild des Nxt 130 ist das beste, das AXA bisher auf den Markt gebracht hat. Dies liegt an dem sehr breiten Lichtstrahl, der die gesamte Stra\u00dfe abdeckt, und der guten Lichtmenge direkt vor dem Fahrrad. Das Geh\u00e4use besteht vollst\u00e4ndig aus Aluminium, was f\u00fcr eine optimale W\u00e4rmeableitung sorgt. Der Reflektor ist abnehmbar, was die Lampe f\u00fcr eine flexible Montage geeignet macht.<\/p>\n\n    <\/div>\n\t<\/div>\n\t\t\t<\/div>\n\n\t\t<\/div>\n\n\t<\/div>\n<\/section>\n\n\n\t\t\n\n\t\t\t\n\n<section id=\"\" class=\"overflow-hidden md:overflow-visisble relative\" style=\"padding-top:var(--wp--preset--spacing--80); padding-bottom:var(--wp--preset--spacing--80);  \">\n\t\t<div class=\"container col-span-12 md:col-span-6\">\n\t\t<div class=\" md:w-5\/12 xl:w-4\/12 mb-8\">\n\t\t\t<div class=\"content     \">\n\t\t\t\t\t\t\t    <h2 class=\"\">Nxt-Funktionen<\/h2>\n\t\t\t\t<\/div>\n\t\t<\/div>\n\t<\/div>\n\t<div class=\"full-container relative md:overflow-hidden\">\n\t\t<div class=\"container-full\">\n\t\t\t<div class=\"flex flex-col lg:gap-8 md:grid gap-4 md:gap-6 md:grid-cols-12\">\n\t\t\t\t<div class=\"max-w-[calc(100vw-32px)] col-start-1 col-span-12\">\n\t\t\t\t\t\n\t\t\t\t<div class=\"\">\n\t<div class=\"slider\" data-swiper=\"{&quot;slidesPerView&quot;:1.3,&quot;spaceBetween&quot;:24,&quot;pagination&quot;:true,&quot;loop&quot;:false,&quot;breakpoints&quot;:{&quot;768&quot;:{&quot;slidesPerView&quot;:1.1}}}\">\n\t\t<div class=\"swiper   md:clip-slider-right\">\n\t\t\t<div class=\"swiper-wrapper cursor-grab\">\n\t\t\t\t\t\t\t\t\t<div class=\"swiper-slide !h-auto \">\n\t\t\t\t\t\t<article class=\"relative w-full px-[35px] h-[500px] overflow-hidden\">\n\t<div class=\"absolute inset-0 w-full h-full -z-10\">\n\t\t<div class=\"absolute inset-0 z-10 w-full h-full bg-black\/20\"><\/div>\n\t\t\t<img loading=\"lazy\" decoding=\"async\" width=\"2048\" height=\"1024\" src=\"https:\/\/axabikesecurity.com\/de\/wp-content\/uploads\/sites\/17\/2024\/04\/AXA-Nxt-versies.jpg?w=2048\" class=\"w-full h-full object-cover object-center \" alt=\"AXA Nxt sfeer\" srcset=\"https:\/\/axabikesecurity.com\/de\/wp-content\/uploads\/sites\/17\/2024\/04\/AXA-Nxt-versies.jpg 2400w, https:\/\/axabikesecurity.com\/de\/wp-content\/uploads\/sites\/17\/2024\/04\/AXA-Nxt-versies.jpg?resize=512,256 512w, https:\/\/axabikesecurity.com\/de\/wp-content\/uploads\/sites\/17\/2024\/04\/AXA-Nxt-versies.jpg?resize=768,384 768w, https:\/\/axabikesecurity.com\/de\/wp-content\/uploads\/sites\/17\/2024\/04\/AXA-Nxt-versies.jpg?resize=2048,1024 2048w, https:\/\/axabikesecurity.com\/de\/wp-content\/uploads\/sites\/17\/2024\/04\/AXA-Nxt-versies.jpg?resize=1536,768 1536w, https:\/\/axabikesecurity.com\/de\/wp-content\/uploads\/sites\/17\/2024\/04\/AXA-Nxt-versies.jpg?resize=1440,720 1440w, https:\/\/axabikesecurity.com\/de\/wp-content\/uploads\/sites\/17\/2024\/04\/AXA-Nxt-versies.jpg?resize=600,300 600w\" sizes=\"auto, (max-width: 2048px) 100vw, 2048px\" data-ot-ignore=\"\" \/>\n\t<\/div>\n\t<div class=\"h-full w-full flex\">\n\t\t<div class=\"content !my-auto max-w-[455px] text-white    \">\n\t\t\t\t\t\t\t    <h2 class=\"\">Versionen<\/h2>\n\t\t\t    <div class=\"!my-auto max-w-[455px] text-white\">\n        <p>Du kannst zwischen 5 verschiedenen Lux-Typen w\u00e4hlen: 30, 45, 60, 80 und 130 Lux. Die 30 Lux E-Bike-Version kann an eine 6-48V Batterie angeschlossen werden, w\u00e4hrend die anderen E-Bike-Versionen an eine 6-12V Batterie angeschlossen werden k\u00f6nnen.<\/p>\n\n    <\/div>\n\t<\/div>\n\t<\/div>\n<\/article>\n\t\t\t\t\t<\/div>\n\t\t\t\t\t\t\t\t\t<div class=\"swiper-slide !h-auto \">\n\t\t\t\t\t\t<article class=\"relative w-full px-[35px] h-[500px] overflow-hidden\">\n\t<div class=\"absolute inset-0 w-full h-full -z-10\">\n\t\t<div class=\"absolute inset-0 z-10 w-full h-full bg-black\/20\"><\/div>\n\t\t\t<img loading=\"lazy\" decoding=\"async\" width=\"2048\" height=\"1024\" src=\"https:\/\/axabikesecurity.com\/de\/wp-content\/uploads\/sites\/17\/2024\/04\/AXA-Nxt-Steady-light-functie.jpg?w=2048\" class=\"w-full h-full object-cover object-center \" alt=\"\" srcset=\"https:\/\/axabikesecurity.com\/de\/wp-content\/uploads\/sites\/17\/2024\/04\/AXA-Nxt-Steady-light-functie.jpg 2400w, https:\/\/axabikesecurity.com\/de\/wp-content\/uploads\/sites\/17\/2024\/04\/AXA-Nxt-Steady-light-functie.jpg?resize=512,256 512w, https:\/\/axabikesecurity.com\/de\/wp-content\/uploads\/sites\/17\/2024\/04\/AXA-Nxt-Steady-light-functie.jpg?resize=768,384 768w, https:\/\/axabikesecurity.com\/de\/wp-content\/uploads\/sites\/17\/2024\/04\/AXA-Nxt-Steady-light-functie.jpg?resize=2048,1024 2048w, https:\/\/axabikesecurity.com\/de\/wp-content\/uploads\/sites\/17\/2024\/04\/AXA-Nxt-Steady-light-functie.jpg?resize=1536,768 1536w, https:\/\/axabikesecurity.com\/de\/wp-content\/uploads\/sites\/17\/2024\/04\/AXA-Nxt-Steady-light-functie.jpg?resize=1440,720 1440w, https:\/\/axabikesecurity.com\/de\/wp-content\/uploads\/sites\/17\/2024\/04\/AXA-Nxt-Steady-light-functie.jpg?resize=600,300 600w\" sizes=\"auto, (max-width: 2048px) 100vw, 2048px\" data-ot-ignore=\"\" \/>\n\t<\/div>\n\t<div class=\"h-full w-full flex\">\n\t\t<div class=\"content !my-auto max-w-[455px] text-white    \">\n\t\t\t\t\t\t\t    <h2 class=\"\">Steady-Light-Funktion<\/h2>\n\t\t\t    <div class=\"!my-auto max-w-[455px] text-white\">\n        <p>Die Dynamo-Version verf\u00fcgt \u00fcber eine Standlichtfunktion, das bedeutet, dass das Fahrradlicht bis zu vier Minuten lang brennt, wenn du zum Beispiel an einer Ampel stehen bleibst. Dies sorgt f\u00fcr zus\u00e4tzliche Sicherheit auf der Stra\u00dfe, auch wenn du nicht radelst!<\/p>\n\n    <\/div>\n\t<\/div>\n\t<\/div>\n<\/article>\n\t\t\t\t\t<\/div>\n\t\t\t\t\t\t\t<\/div>\n\t\t<\/div>\n\t\t<div class=\"mt-12 flex gap-9 items-center  relative z-10 justify-end\">\n\n\t\t\t\n\t\t\t\n\t\t\t<div class=\"flex gap-4 items-center\">\n\t\t\t\t<div class=\"swiper-button-prev \" style=\"\"><\/div>\n\t\t\t\t\t\t\t\t<div class=\"swiper-button-next \" style=\"\"><\/div>\n\t\t\t<\/div>\n\t\t<\/div>\n\t<\/div>\n\n<\/div>\n\t\t\t\t<\/div>\n\t\t\t<\/div>\n\t\t<\/div>\n\t<\/div>\n<\/section>\n\n\n<section id=\"\" class=\"is-layout-flex wp-block-acf-video-is-layout-flex\" style=\"padding-top:var(--wp--preset--spacing--80); padding-bottom:var(--wp--preset--spacing--80); color: var(--wp--preset--color--font); \">\n    <div class=\"container\">\n        <div class=\"flex flex-row gap-12 justify-end\">\n                <div class=\"w-full \">\n\n                                                <h3 id=\"block_acf-block-66e3ff05d33b06.13950934\" class=\"mb-6\">Sieh dir das AXA Nxt-Video an<\/h3>\n                    \n                                            <div class=\"video \">\n\t<iframe loading=\"lazy\" title=\"AXA NXT fietsverlichting\" width=\"640\" height=\"360\" src=\"https:\/\/www.youtube.com\/embed\/7Wfkl51f-jo?feature=oembed\" frameborder=\"0\" allow=\"accelerometer; autoplay; clipboard-write; encrypted-media; gyroscope; picture-in-picture; web-share\" referrerpolicy=\"strict-origin-when-cross-origin\" allowfullscreen data-ot-ignore><\/iframe>\n<\/div>\n                    \n                    \n                <\/div>\n            <\/div>\n    <\/div>\n<\/section>\n","protected":false},"excerpt":{"rendered":"","protected":false},"author":17,"featured_media":0,"parent":0,"menu_order":0,"comment_status":"closed","ping_status":"closed","template":"","meta":{"_acf_changed":false,"_trash_the_other_posts":false,"footnotes":""},"class_list":["post-15431","page","type-page","status-publish","hentry"],"acf":[],"yoast_head":"<!-- This site is optimized with the Yoast SEO plugin v27.1.1 - https:\/\/yoast.com\/product\/yoast-seo-wordpress\/ -->\n<title>Landing page - Nxt serie | AXA Bike Security \ud83c\udde9\ud83c\uddea<\/title>\n<meta name=\"description\" content=\"Auf der Suche nach guter Beleuchtung? Die AXA Nxt Lampen bieten eine gro\u00dfartige Lichtverteilung. Geeignet f\u00fcr Dynamo und E-Bike.\" \/>\n<meta name=\"robots\" content=\"index, follow, max-snippet:-1, max-image-preview:large, max-video-preview:-1\" \/>\n<link rel=\"canonical\" href=\"https:\/\/axabikesecurity.com\/de\/landing-page-nxt-serie\/\" \/>\n<meta property=\"og:locale\" content=\"en_US\" \/>\n<meta property=\"og:type\" content=\"article\" \/>\n<meta property=\"og:title\" content=\"Landing page - Nxt serie | AXA Bike Security \ud83c\udde9\ud83c\uddea\" \/>\n<meta property=\"og:description\" content=\"Auf der Suche nach guter Beleuchtung? Die AXA Nxt Lampen bieten eine gro\u00dfartige Lichtverteilung. Geeignet f\u00fcr Dynamo und E-Bike.\" \/>\n<meta property=\"og:url\" content=\"https:\/\/axabikesecurity.com\/de\/landing-page-nxt-serie\/\" \/>\n<meta property=\"og:site_name\" content=\"AXA Bike Security \ud83c\udde9\ud83c\uddea\" \/>\n<meta property=\"article:modified_time\" content=\"2024-09-13T08:59:51+00:00\" \/>\n<meta name=\"twitter:card\" content=\"summary_large_image\" \/>\n<script type=\"application\/ld+json\" class=\"yoast-schema-graph\">{\"@context\":\"https:\/\/schema.org\",\"@graph\":[{\"@type\":\"WebPage\",\"@id\":\"https:\/\/axabikesecurity.com\/de\/landing-page-nxt-serie\/\",\"url\":\"https:\/\/axabikesecurity.com\/de\/landing-page-nxt-serie\/\",\"name\":\"Landing page - Nxt serie | AXA Bike Security \ud83c\udde9\ud83c\uddea\",\"isPartOf\":{\"@id\":\"https:\/\/axabikesecurity.com\/de\/#website\"},\"datePublished\":\"2024-04-24T13:11:05+00:00\",\"dateModified\":\"2024-09-13T08:59:51+00:00\",\"description\":\"Auf der Suche nach guter Beleuchtung? Die AXA Nxt Lampen bieten eine gro\u00dfartige Lichtverteilung. Geeignet f\u00fcr Dynamo und E-Bike.\",\"breadcrumb\":{\"@id\":\"https:\/\/axabikesecurity.com\/de\/landing-page-nxt-serie\/#breadcrumb\"},\"inLanguage\":\"en-US\",\"potentialAction\":[{\"@type\":\"ReadAction\",\"target\":[\"https:\/\/axabikesecurity.com\/de\/landing-page-nxt-serie\/\"]}]},{\"@type\":\"BreadcrumbList\",\"@id\":\"https:\/\/axabikesecurity.com\/de\/landing-page-nxt-serie\/#breadcrumb\",\"itemListElement\":[{\"@type\":\"ListItem\",\"position\":1,\"name\":\"house\",\"item\":\"https:\/\/axabikesecurity.com\/de\/\"},{\"@type\":\"ListItem\",\"position\":2,\"name\":\"Landing page &#8211; Nxt serie\"}]},{\"@type\":\"WebSite\",\"@id\":\"https:\/\/axabikesecurity.com\/de\/#website\",\"url\":\"https:\/\/axabikesecurity.com\/de\/\",\"name\":\"AXA Bike\",\"description\":\"\",\"potentialAction\":[{\"@type\":\"SearchAction\",\"target\":{\"@type\":\"EntryPoint\",\"urlTemplate\":\"https:\/\/axabikesecurity.com\/de\/?s={search_term_string}\"},\"query-input\":{\"@type\":\"PropertyValueSpecification\",\"valueRequired\":true,\"valueName\":\"search_term_string\"}}],\"inLanguage\":\"en-US\"}]}<\/script>\n<!-- \/ Yoast SEO plugin. -->","yoast_head_json":{"title":"Landing page - Nxt serie | AXA Bike Security \ud83c\udde9\ud83c\uddea","description":"Auf der Suche nach guter Beleuchtung? Die AXA Nxt Lampen bieten eine gro\u00dfartige Lichtverteilung. Geeignet f\u00fcr Dynamo und E-Bike.","robots":{"index":"index","follow":"follow","max-snippet":"max-snippet:-1","max-image-preview":"max-image-preview:large","max-video-preview":"max-video-preview:-1"},"canonical":"https:\/\/axabikesecurity.com\/de\/landing-page-nxt-serie\/","og_locale":"en_US","og_type":"article","og_title":"Landing page - Nxt serie | AXA Bike Security \ud83c\udde9\ud83c\uddea","og_description":"Auf der Suche nach guter Beleuchtung? Die AXA Nxt Lampen bieten eine gro\u00dfartige Lichtverteilung. Geeignet f\u00fcr Dynamo und E-Bike.","og_url":"https:\/\/axabikesecurity.com\/de\/landing-page-nxt-serie\/","og_site_name":"AXA Bike Security \ud83c\udde9\ud83c\uddea","article_modified_time":"2024-09-13T08:59:51+00:00","twitter_card":"summary_large_image","schema":{"@context":"https:\/\/schema.org","@graph":[{"@type":"WebPage","@id":"https:\/\/axabikesecurity.com\/de\/landing-page-nxt-serie\/","url":"https:\/\/axabikesecurity.com\/de\/landing-page-nxt-serie\/","name":"Landing page - Nxt serie | AXA Bike Security \ud83c\udde9\ud83c\uddea","isPartOf":{"@id":"https:\/\/axabikesecurity.com\/de\/#website"},"datePublished":"2024-04-24T13:11:05+00:00","dateModified":"2024-09-13T08:59:51+00:00","description":"Auf der Suche nach guter Beleuchtung? Die AXA Nxt Lampen bieten eine gro\u00dfartige Lichtverteilung. Geeignet f\u00fcr Dynamo und E-Bike.","breadcrumb":{"@id":"https:\/\/axabikesecurity.com\/de\/landing-page-nxt-serie\/#breadcrumb"},"inLanguage":"en-US","potentialAction":[{"@type":"ReadAction","target":["https:\/\/axabikesecurity.com\/de\/landing-page-nxt-serie\/"]}]},{"@type":"BreadcrumbList","@id":"https:\/\/axabikesecurity.com\/de\/landing-page-nxt-serie\/#breadcrumb","itemListElement":[{"@type":"ListItem","position":1,"name":"house","item":"https:\/\/axabikesecurity.com\/de\/"},{"@type":"ListItem","position":2,"name":"Landing page &#8211; Nxt serie"}]},{"@type":"WebSite","@id":"https:\/\/axabikesecurity.com\/de\/#website","url":"https:\/\/axabikesecurity.com\/de\/","name":"AXA Bike","description":"","potentialAction":[{"@type":"SearchAction","target":{"@type":"EntryPoint","urlTemplate":"https:\/\/axabikesecurity.com\/de\/?s={search_term_string}"},"query-input":{"@type":"PropertyValueSpecification","valueRequired":true,"valueName":"search_term_string"}}],"inLanguage":"en-US"}]}},"jetpack_sharing_enabled":true,"_links":{"self":[{"href":"https:\/\/axabikesecurity.com\/de\/wp-json\/wp\/v2\/pages\/15431","targetHints":{"allow":["GET"]}}],"collection":[{"href":"https:\/\/axabikesecurity.com\/de\/wp-json\/wp\/v2\/pages"}],"about":[{"href":"https:\/\/axabikesecurity.com\/de\/wp-json\/wp\/v2\/types\/page"}],"author":[{"embeddable":true,"href":"https:\/\/axabikesecurity.com\/de\/wp-json\/wp\/v2\/users\/17"}],"replies":[{"embeddable":true,"href":"https:\/\/axabikesecurity.com\/de\/wp-json\/wp\/v2\/comments?post=15431"}],"version-history":[{"count":33,"href":"https:\/\/axabikesecurity.com\/de\/wp-json\/wp\/v2\/pages\/15431\/revisions"}],"predecessor-version":[{"id":20594,"href":"https:\/\/axabikesecurity.com\/de\/wp-json\/wp\/v2\/pages\/15431\/revisions\/20594"}],"wp:attachment":[{"href":"https:\/\/axabikesecurity.com\/de\/wp-json\/wp\/v2\/media?parent=15431"}],"curies":[{"name":"wp","href":"https:\/\/api.w.org\/{rel}","templated":true}]}}