{"id":15432,"date":"2024-04-24T13:09:33","date_gmt":"2024-04-24T13:09:33","guid":{"rendered":"https:\/\/axabikesecurity.com\/nl\/?page_id=15432"},"modified":"2024-04-29T12:20:29","modified_gmt":"2024-04-29T12:20:29","slug":"landing-page-axa-fold-ultra-90","status":"publish","type":"page","link":"https:\/\/axabikesecurity.com\/de\/landing-page-axa-fold-ultra-90\/","title":{"rendered":"Landing page &#8211; AXA Fold Ultra 90"},"content":{"rendered":"<section id=\"\" class=\"relative after:w-full after:h-full after:top-0 after:left-0 after:bg-[rgba(0,0,0,0.35)] after:absolute   !pt-[96px] is-layout-flex wp-block-acf-hero-is-layout-flex\" style=\"padding-top:16px; padding-bottom:136px; color: var(--wp--preset--color--font); \">\n\n\t\t\t\t<div class=\"rounded-[2px] overflow-hidden\">\n\t\t\t\t<img loading=\"lazy\" decoding=\"async\" width=\"2048\" height=\"1024\" src=\"https:\/\/axabikesecurity.com\/de\/wp-content\/uploads\/sites\/17\/2024\/04\/AXA-Fold_Ultra-Header.jpg?w=2048\" class=\"w-full h-full absolute top-0 left-0 object-cover 1 \" alt=\"AXA Fold Ultra, sfeer, mounted\" srcset=\"https:\/\/axabikesecurity.com\/de\/wp-content\/uploads\/sites\/17\/2024\/04\/AXA-Fold_Ultra-Header.jpg 2400w, https:\/\/axabikesecurity.com\/de\/wp-content\/uploads\/sites\/17\/2024\/04\/AXA-Fold_Ultra-Header.jpg?resize=512,256 512w, https:\/\/axabikesecurity.com\/de\/wp-content\/uploads\/sites\/17\/2024\/04\/AXA-Fold_Ultra-Header.jpg?resize=768,384 768w, https:\/\/axabikesecurity.com\/de\/wp-content\/uploads\/sites\/17\/2024\/04\/AXA-Fold_Ultra-Header.jpg?resize=2048,1024 2048w, https:\/\/axabikesecurity.com\/de\/wp-content\/uploads\/sites\/17\/2024\/04\/AXA-Fold_Ultra-Header.jpg?resize=1536,768 1536w, https:\/\/axabikesecurity.com\/de\/wp-content\/uploads\/sites\/17\/2024\/04\/AXA-Fold_Ultra-Header.jpg?resize=1440,720 1440w, https:\/\/axabikesecurity.com\/de\/wp-content\/uploads\/sites\/17\/2024\/04\/AXA-Fold_Ultra-Header.jpg?resize=600,300 600w\" sizes=\"auto, (max-width: 2048px) 100vw, 2048px\" data-ot-ignore=\"\" \/>\n\t<\/div>\n\t\n\t\n\t<div class=\"relative container z-10\">\n\n\t\t<div class=\"relative w-full lg:w-6\/12\">\n\t\t\t<div class=\"content text-white    \">\n\t\t\t\t    <h1 class=\"\">Der AXA Fold Ultra 90<\/h1>\n\t\t    <div class=\"text-white\">\n        <p>Der Fold Ultra ist das Kraftpaket in der Fold-Faltschlossreihe. Es handelt sich um ein zugelassenes (ART 2 Sterne) Faltschloss, das sich hervorragend eignet, um ein teures (elektrisches) Fahrrad, Fatbike oder Speed Pedelec zu sichern.<\/p>\n\n    <\/div>\n\t<\/div>\n\t\t<\/div>\n\n\t<\/div>\n<\/section>\n\n\n<section id=\"\" class=\"is-layout-flex wp-block-acf-content-image-is-layout-flex\" style=\"padding-top:var(--wp--preset--spacing--80); padding-bottom:var(--wp--preset--spacing--80); color: var(--wp--preset--color--font); \">\n\t<div class=\"container\">\n\n\t\t<div class=\"flex flex-col gap-10 lg:gap-0 lg:flex-row relative justify-start items-center justify-start \">\n\n\t\t\t<div class=\"w-full md:w-7\/12\">\n\t\t\t\t\t<div class=\"rounded-[2px] overflow-hidden\">\n\t\t\t\t<img loading=\"lazy\" decoding=\"async\" width=\"2048\" height=\"1365\" src=\"https:\/\/axabikesecurity.com\/de\/wp-content\/uploads\/sites\/17\/2024\/04\/AXA-Fold-Ultra-Sfeer_13.jpeg?w=2048\" class=\"w-full media-cutoff--reverse \" alt=\"AXA Fold Ultra 90, sfeer\" srcset=\"https:\/\/axabikesecurity.com\/de\/wp-content\/uploads\/sites\/17\/2024\/04\/AXA-Fold-Ultra-Sfeer_13.jpeg 8256w, https:\/\/axabikesecurity.com\/de\/wp-content\/uploads\/sites\/17\/2024\/04\/AXA-Fold-Ultra-Sfeer_13.jpeg?resize=512,341 512w, https:\/\/axabikesecurity.com\/de\/wp-content\/uploads\/sites\/17\/2024\/04\/AXA-Fold-Ultra-Sfeer_13.jpeg?resize=768,512 768w, https:\/\/axabikesecurity.com\/de\/wp-content\/uploads\/sites\/17\/2024\/04\/AXA-Fold-Ultra-Sfeer_13.jpeg?resize=2048,1365 2048w, https:\/\/axabikesecurity.com\/de\/wp-content\/uploads\/sites\/17\/2024\/04\/AXA-Fold-Ultra-Sfeer_13.jpeg?resize=1536,1024 1536w, https:\/\/axabikesecurity.com\/de\/wp-content\/uploads\/sites\/17\/2024\/04\/AXA-Fold-Ultra-Sfeer_13.jpeg?resize=1215,810 1215w, https:\/\/axabikesecurity.com\/de\/wp-content\/uploads\/sites\/17\/2024\/04\/AXA-Fold-Ultra-Sfeer_13.jpeg?resize=600,400 600w\" sizes=\"auto, (max-width: 2048px) 100vw, 2048px\" data-ot-ignore=\"\" \/>\n\t<\/div>\n\t\t\t<\/div>\n\n\t\t\t<div class=\"w-full md:w-6\/12 lg:absolute top-1\/2 lg:-translate-y-1\/2 bg-white py-10 pl-9 pr-7 shadow-contentcard rounded-[2px] right-0\">\n\t\t\t\t<div class=\"content [&amp;_p]:text-[18px]    \">\n\t\t\t\t\t\t\t    <h3 id=\"block_acf-block-662b624236ef72.08651375\" class=\"\">Falten, klicken, fertig<\/h3>\n\t\t\t    <div class=\"[&amp;_p]:text-[18px]\">\n        <p>Der Fold Ultra ist im t\u00e4glichen Gebrauch praktisch und st\u00f6rt nicht auf dem Fahrrad. Dank der flexiblen Gelenkpunkte und der L\u00e4nge von 90 cm kann das Fahrrad problemlos an einem Zaun oder Pfosten befestigt werden.<\/p>\n\n    <\/div>\n\t<\/div>\n\t\t\t<\/div>\n\n\t\t<\/div>\n\n\t<\/div>\n<\/section>\n\n\n<section id=\"\" class=\"is-layout-flex wp-block-acf-content-image-is-layout-flex\" style=\"padding-top:var(--wp--preset--spacing--80); padding-bottom:var(--wp--preset--spacing--80); color: var(--wp--preset--color--font); \">\n\t<div class=\"container\">\n\n\t\t<div class=\"flex flex-col gap-10 lg:gap-0 lg:flex-row relative justify-end items-center justify-start \">\n\n\t\t\t<div class=\"w-full md:w-7\/12\">\n\t\t\t\t\t<div class=\"rounded-[2px] overflow-hidden\">\n\t\t\t\t<img loading=\"lazy\" decoding=\"async\" width=\"2048\" height=\"1365\" src=\"https:\/\/axabikesecurity.com\/de\/wp-content\/uploads\/sites\/17\/2024\/04\/AXA-Fold-Ultra.jpg?w=2048\" class=\"w-full media-cutoff \" alt=\"AXA Fold Ultra\" srcset=\"https:\/\/axabikesecurity.com\/de\/wp-content\/uploads\/sites\/17\/2024\/04\/AXA-Fold-Ultra.jpg 5472w, https:\/\/axabikesecurity.com\/de\/wp-content\/uploads\/sites\/17\/2024\/04\/AXA-Fold-Ultra.jpg?resize=512,341 512w, https:\/\/axabikesecurity.com\/de\/wp-content\/uploads\/sites\/17\/2024\/04\/AXA-Fold-Ultra.jpg?resize=768,512 768w, https:\/\/axabikesecurity.com\/de\/wp-content\/uploads\/sites\/17\/2024\/04\/AXA-Fold-Ultra.jpg?resize=2048,1365 2048w, https:\/\/axabikesecurity.com\/de\/wp-content\/uploads\/sites\/17\/2024\/04\/AXA-Fold-Ultra.jpg?resize=1536,1024 1536w, https:\/\/axabikesecurity.com\/de\/wp-content\/uploads\/sites\/17\/2024\/04\/AXA-Fold-Ultra.jpg?resize=1215,810 1215w, https:\/\/axabikesecurity.com\/de\/wp-content\/uploads\/sites\/17\/2024\/04\/AXA-Fold-Ultra.jpg?resize=600,400 600w\" sizes=\"auto, (max-width: 2048px) 100vw, 2048px\" data-ot-ignore=\"\" \/>\n\t<\/div>\n\t\t\t<\/div>\n\n\t\t\t<div class=\"w-full md:w-6\/12 lg:absolute top-1\/2 lg:-translate-y-1\/2 bg-white py-10 pl-9 pr-7 shadow-contentcard rounded-[2px] left-0\">\n\t\t\t\t<div class=\"content [&amp;_p]:text-[18px]    \">\n\t\t\t\t\t\t\t    <h3 id=\"block_acf-block-662b624236f5e4.95549928\" class=\"\">Einfache Halterung<\/h3>\n\t\t\t    <div class=\"[&amp;_p]:text-[18px]\">\n        <p>Das Faltschloss wird mit einer Klickhalterung geliefert. Mit einem Knopfdruck \u00f6ffnet sich diese Halterung und das Schloss kann herausgenommen werden. Beim Zur\u00fccklegen wird die Halterung wieder geschlossen und das Schloss ist sicher verstaut. Dank des Anti-Rassel-Mechanismus wird man w\u00e4hrend der Fahrt nicht von Ger\u00e4uschen gest\u00f6rt.<\/p>\n<p>Die Halterung kann an den Flaschenhalteraufnahmen montiert werden. Keine Flaschenhalteraufnahmen? Kein Problem. Sie k\u00f6nnen die Halterung mit zwei mitgelieferten B\u00e4ndern am Rahmen befestigen.<\/p>\n\n    <\/div>\n\t<\/div>\n\t\t\t<\/div>\n\n\t\t<\/div>\n\n\t<\/div>\n<\/section>\n\n\n\t\t\n\n\t\t\t\n\n<section id=\"\" class=\"overflow-hidden md:overflow-visisble relative\" style=\"padding-top:var(--wp--preset--spacing--80); padding-bottom:var(--wp--preset--spacing--80);  \">\n\t\t<div class=\"container col-span-12 md:col-span-6\">\n\t\t<div class=\" md:w-5\/12 xl:w-4\/12 mb-8\">\n\t\t\t<div class=\"content     \">\n\t\t\t\t\t\t\t    <h2 class=\"\">Funktionalit\u00e4ten des Fold Ultra<\/h2>\n\t\t\t\t<\/div>\n\t\t<\/div>\n\t<\/div>\n\t<div class=\"full-container relative md:overflow-hidden\">\n\t\t<div class=\"container-full\">\n\t\t\t<div class=\"flex flex-col lg:gap-8 md:grid gap-4 md:gap-6 md:grid-cols-12\">\n\t\t\t\t<div class=\"max-w-[calc(100vw-32px)] col-start-1 col-span-12\">\n\t\t\t\t\t\n\t\t\t\t<div class=\"\">\n\t<div class=\"slider\" data-swiper=\"{&quot;slidesPerView&quot;:1.3,&quot;spaceBetween&quot;:24,&quot;pagination&quot;:true,&quot;loop&quot;:false,&quot;breakpoints&quot;:{&quot;768&quot;:{&quot;slidesPerView&quot;:1.1}}}\">\n\t\t<div class=\"swiper   md:clip-slider-right\">\n\t\t\t<div class=\"swiper-wrapper cursor-grab\">\n\t\t\t\t\t\t\t\t\t<div class=\"swiper-slide !h-auto \">\n\t\t\t\t\t\t<article class=\"relative w-full px-[35px] h-[500px] overflow-hidden\">\n\t<div class=\"absolute inset-0 w-full h-full -z-10\">\n\t\t<div class=\"absolute inset-0 z-10 w-full h-full bg-black\/20\"><\/div>\n\t\t\t<img loading=\"lazy\" decoding=\"async\" width=\"2048\" height=\"1024\" src=\"https:\/\/axabikesecurity.com\/de\/wp-content\/uploads\/sites\/17\/2024\/04\/AXA-Fold_Ultra-Bescherming-tegen-krassen.jpg?w=2048\" class=\"w-full h-full object-cover object-center \" alt=\"AXA Fold Ultra\" srcset=\"https:\/\/axabikesecurity.com\/de\/wp-content\/uploads\/sites\/17\/2024\/04\/AXA-Fold_Ultra-Bescherming-tegen-krassen.jpg 2400w, https:\/\/axabikesecurity.com\/de\/wp-content\/uploads\/sites\/17\/2024\/04\/AXA-Fold_Ultra-Bescherming-tegen-krassen.jpg?resize=512,256 512w, https:\/\/axabikesecurity.com\/de\/wp-content\/uploads\/sites\/17\/2024\/04\/AXA-Fold_Ultra-Bescherming-tegen-krassen.jpg?resize=768,384 768w, https:\/\/axabikesecurity.com\/de\/wp-content\/uploads\/sites\/17\/2024\/04\/AXA-Fold_Ultra-Bescherming-tegen-krassen.jpg?resize=2048,1024 2048w, https:\/\/axabikesecurity.com\/de\/wp-content\/uploads\/sites\/17\/2024\/04\/AXA-Fold_Ultra-Bescherming-tegen-krassen.jpg?resize=1536,768 1536w, https:\/\/axabikesecurity.com\/de\/wp-content\/uploads\/sites\/17\/2024\/04\/AXA-Fold_Ultra-Bescherming-tegen-krassen.jpg?resize=1440,720 1440w, https:\/\/axabikesecurity.com\/de\/wp-content\/uploads\/sites\/17\/2024\/04\/AXA-Fold_Ultra-Bescherming-tegen-krassen.jpg?resize=600,300 600w\" sizes=\"auto, (max-width: 2048px) 100vw, 2048px\" data-ot-ignore=\"\" \/>\n\t<\/div>\n\t<div class=\"h-full w-full flex\">\n\t\t<div class=\"content !my-auto max-w-[455px] text-white    \">\n\t\t\t\t\t\t\t    <h2 class=\"\">Schutz vor Kratzern<\/h2>\n\t\t\t    <div class=\"!my-auto max-w-[455px] text-white\">\n        <p>Das Gummi-Geh\u00e4use der Glieder verhindert Kratzer am Fahrrad. Das Schloss ist mit einer Staubschutzkappe ausgestattet, die den Zylinder vor Feuchtigkeit und Schmutz sch\u00fctzt und zur Langlebigkeit des Schlosses beitr\u00e4gt.<\/p>\n\n    <\/div>\n\t<\/div>\n\t<\/div>\n<\/article>\n\t\t\t\t\t<\/div>\n\t\t\t\t\t\t\t\t\t<div class=\"swiper-slide !h-auto \">\n\t\t\t\t\t\t<article class=\"relative w-full px-[35px] h-[500px] overflow-hidden\">\n\t<div class=\"absolute inset-0 w-full h-full -z-10\">\n\t\t<div class=\"absolute inset-0 z-10 w-full h-full bg-black\/20\"><\/div>\n\t\t\t<img loading=\"lazy\" decoding=\"async\" width=\"2048\" height=\"1024\" src=\"https:\/\/axabikesecurity.com\/de\/wp-content\/uploads\/sites\/17\/2024\/04\/AXA-Fold_Ultra-Gehard-staal.jpg?w=2048\" class=\"w-full h-full object-cover object-center \" alt=\"AXA Fold Ultra\" srcset=\"https:\/\/axabikesecurity.com\/de\/wp-content\/uploads\/sites\/17\/2024\/04\/AXA-Fold_Ultra-Gehard-staal.jpg 2400w, https:\/\/axabikesecurity.com\/de\/wp-content\/uploads\/sites\/17\/2024\/04\/AXA-Fold_Ultra-Gehard-staal.jpg?resize=512,256 512w, https:\/\/axabikesecurity.com\/de\/wp-content\/uploads\/sites\/17\/2024\/04\/AXA-Fold_Ultra-Gehard-staal.jpg?resize=768,384 768w, https:\/\/axabikesecurity.com\/de\/wp-content\/uploads\/sites\/17\/2024\/04\/AXA-Fold_Ultra-Gehard-staal.jpg?resize=2048,1024 2048w, https:\/\/axabikesecurity.com\/de\/wp-content\/uploads\/sites\/17\/2024\/04\/AXA-Fold_Ultra-Gehard-staal.jpg?resize=1536,768 1536w, https:\/\/axabikesecurity.com\/de\/wp-content\/uploads\/sites\/17\/2024\/04\/AXA-Fold_Ultra-Gehard-staal.jpg?resize=1440,720 1440w, https:\/\/axabikesecurity.com\/de\/wp-content\/uploads\/sites\/17\/2024\/04\/AXA-Fold_Ultra-Gehard-staal.jpg?resize=600,300 600w\" sizes=\"auto, (max-width: 2048px) 100vw, 2048px\" data-ot-ignore=\"\" \/>\n\t<\/div>\n\t<div class=\"h-full w-full flex\">\n\t\t<div class=\"content !my-auto max-w-[455px] text-white    \">\n\t\t\t\t\t\t\t    <h2 class=\"\">Geh\u00e4rteter Stahl<\/h2>\n\t\t\t    <div class=\"!my-auto max-w-[455px] text-white\">\n        <p>Das Schloss besteht aus geh\u00e4rtetem Stahl und ist best\u00e4ndig gegen Angriffe wie Schneiden und Ziehen.<\/p>\n\n    <\/div>\n\t<\/div>\n\t<\/div>\n<\/article>\n\t\t\t\t\t<\/div>\n\t\t\t\t\t\t\t\t\t<div class=\"swiper-slide !h-auto \">\n\t\t\t\t\t\t<article class=\"relative w-full px-[35px] h-[500px] overflow-hidden\">\n\t<div class=\"absolute inset-0 w-full h-full -z-10\">\n\t\t<div class=\"absolute inset-0 z-10 w-full h-full bg-black\/20\"><\/div>\n\t\t\t<img loading=\"lazy\" decoding=\"async\" width=\"2048\" height=\"1024\" src=\"https:\/\/axabikesecurity.com\/de\/wp-content\/uploads\/sites\/17\/2024\/04\/AXA-Sleutelservice.jpg?w=2048\" class=\"w-full h-full object-cover object-center \" alt=\"AXA Sleutel Service\" srcset=\"https:\/\/axabikesecurity.com\/de\/wp-content\/uploads\/sites\/17\/2024\/04\/AXA-Sleutelservice.jpg 2400w, https:\/\/axabikesecurity.com\/de\/wp-content\/uploads\/sites\/17\/2024\/04\/AXA-Sleutelservice.jpg?resize=512,256 512w, https:\/\/axabikesecurity.com\/de\/wp-content\/uploads\/sites\/17\/2024\/04\/AXA-Sleutelservice.jpg?resize=768,384 768w, https:\/\/axabikesecurity.com\/de\/wp-content\/uploads\/sites\/17\/2024\/04\/AXA-Sleutelservice.jpg?resize=2048,1024 2048w, https:\/\/axabikesecurity.com\/de\/wp-content\/uploads\/sites\/17\/2024\/04\/AXA-Sleutelservice.jpg?resize=1536,768 1536w, https:\/\/axabikesecurity.com\/de\/wp-content\/uploads\/sites\/17\/2024\/04\/AXA-Sleutelservice.jpg?resize=1440,720 1440w, https:\/\/axabikesecurity.com\/de\/wp-content\/uploads\/sites\/17\/2024\/04\/AXA-Sleutelservice.jpg?resize=600,300 600w\" sizes=\"auto, (max-width: 2048px) 100vw, 2048px\" data-ot-ignore=\"\" \/>\n\t<\/div>\n\t<div class=\"h-full w-full flex\">\n\t\t<div class=\"content !my-auto max-w-[455px] text-white    \">\n\t\t\t\t\t\t\t    <h2 class=\"\">Schl\u00fcsselservice<\/h2>\n\t\t\t    <div class=\"!my-auto max-w-[455px] text-white\">\n        <p>Wenn man den Fahrradschl\u00fcssel verliert, ist das kein Problem. Ein zus\u00e4tzlicher Schl\u00fcssel kann \u00fcber den AXA Online-Schl\u00fcsselservice bestellt und innerhalb weniger Tage geliefert werden.<\/p>\n\n    <\/div>\n\t\t<div class=\"flex flex-wrap gap-4 md:gap-6 \">\n\t\t\t\t\t\n\t<a href=\"https:\/\/keyservice.axasecurity.com\/\" class=\"btn  btn--solid \" target=\"_self\">\n\t\t\t\t\t\tAXA sleutelservice\n\t<\/a>\n\t\t\t<\/div>\n\n<\/div>\n\t<\/div>\n<\/article>\n\t\t\t\t\t<\/div>\n\t\t\t\t\t\t\t<\/div>\n\t\t<\/div>\n\t\t<div class=\"mt-12 flex gap-9 items-center  relative z-10 justify-end\">\n\n\t\t\t\n\t\t\t\n\t\t\t<div class=\"flex gap-4 items-center\">\n\t\t\t\t<div class=\"swiper-button-prev \" style=\"\"><\/div>\n\t\t\t\t\t\t\t\t<div class=\"swiper-button-next \" style=\"\"><\/div>\n\t\t\t<\/div>\n\t\t<\/div>\n\t<\/div>\n\n<\/div>\n\t\t\t\t<\/div>\n\t\t\t<\/div>\n\t\t<\/div>\n\t<\/div>\n<\/section>\n\n\n<section id=\"\" class=\"is-layout-flex wp-block-acf-content-image-video-is-layout-flex\" style=\"padding-top:var(--wp--preset--spacing--80); padding-bottom:var(--wp--preset--spacing--80); color: var(--wp--preset--color--font); \">\n    <div class=\"container\">\n\n        <div class=\"flex flex-col gap-12 items-center justify-start horizontal\">\n\n            <div class=\"flex justify-end\">\n                <div class=\"w-full md:w-1\/2\">\n                        <h3 id=\"block_acf-block-662b6242376a27.58866311\" class=\"\">Der Fold Ultra in Aktion<\/h3>\n                        <div class=\"\">\n        <p>Der Fold Ultra ist extrem stark und einfach zu bedienen. Mit dem um 360 Grad drehbaren Schlosskopf kann man das Fahrrad in jeder Situation an einem Objekt sichern. Im Gegensatz zu einem Kettenschloss, das man um den Sattelst\u00fctze wickelt, l\u00e4sst sich ein Faltschloss leicht im mitgelieferten Halter transportieren.<\/p>\n\n    <\/div>\n                <\/div>\n            <\/div>\n\n            <div class=\"flex justify-start w-full justify-start\">\n                <div class=\"w-full md:w-3\/4 relative overflow-hidden before:w-[256px] before:h-[256px] before:rotate-[45deg] before:hidden before:md:block before:bottom-[-40%] before:left-[-25%] before:md:left-[-25%] before:lg:left-[-20%] before:xl:left-[-16%] before:bg-white before:content-[&#039;&#039;] before:absolute before:z-[4] after:w-[256px] after:h-[256px] after:rotate-[45deg] after:hidden after:md:block after:top-[-40%] after:right-[-25%] after:md:right-[-25%] after:lg:right-[-20%] after:xl:right-[-16%] after:bg-white after:content-[&#039;&#039;] after:absolute after:z-[4]\">\n\n                                            <div class=\"video \">\n\t<iframe loading=\"lazy\" title=\"AXA Fold Ultra - Approved high quality folding lock for bicycles that are parked for a longer period\" width=\"640\" height=\"360\" src=\"https:\/\/www.youtube.com\/embed\/0hkqaqi8NSE?feature=oembed\" frameborder=\"0\" allow=\"accelerometer; autoplay; clipboard-write; encrypted-media; gyroscope; picture-in-picture; web-share\" referrerpolicy=\"strict-origin-when-cross-origin\" allowfullscreen data-ot-ignore><\/iframe>\n<\/div>\n                                    <\/div>\n            <\/div>\n\n        <\/div>\n        \n    <\/div>\n<\/section>\n","protected":false},"excerpt":{"rendered":"","protected":false},"author":20,"featured_media":0,"parent":0,"menu_order":0,"comment_status":"closed","ping_status":"closed","template":"","meta":{"_acf_changed":false,"_trash_the_other_posts":false,"footnotes":""},"class_list":["post-15432","page","type-page","status-publish","hentry"],"acf":[],"yoast_head":"<!-- This site is optimized with the Yoast SEO plugin v27.4 - https:\/\/yoast.com\/product\/yoast-seo-wordpress\/ -->\n<title>Landing page - AXA Fold Ultra 90 | AXA Bike Security \ud83c\udde9\ud83c\uddea<\/title>\n<meta name=\"description\" content=\"Auf der Suche nach einem starken Faltschloss f\u00fcr Ihr Fahrrad mit ART-Zertifizierung? Dann ist das Fold Ultra das ideale Faltschloss f\u00fcr Sie.\" \/>\n<meta name=\"robots\" content=\"index, follow, max-snippet:-1, max-image-preview:large, max-video-preview:-1\" \/>\n<link rel=\"canonical\" href=\"https:\/\/axabikesecurity.com\/de\/landing-page-axa-fold-ultra-90\/\" \/>\n<meta property=\"og:locale\" content=\"en_US\" \/>\n<meta property=\"og:type\" content=\"article\" \/>\n<meta property=\"og:title\" content=\"Landing page - AXA Fold Ultra 90 | AXA Bike Security \ud83c\udde9\ud83c\uddea\" \/>\n<meta property=\"og:description\" content=\"Auf der Suche nach einem starken Faltschloss f\u00fcr Ihr Fahrrad mit ART-Zertifizierung? Dann ist das Fold Ultra das ideale Faltschloss f\u00fcr Sie.\" \/>\n<meta property=\"og:url\" content=\"https:\/\/axabikesecurity.com\/de\/landing-page-axa-fold-ultra-90\/\" \/>\n<meta property=\"og:site_name\" content=\"AXA Bike Security \ud83c\udde9\ud83c\uddea\" \/>\n<meta property=\"article:modified_time\" content=\"2024-04-29T12:20:29+00:00\" \/>\n<meta name=\"twitter:card\" content=\"summary_large_image\" \/>\n<script type=\"application\/ld+json\" class=\"yoast-schema-graph\">{\"@context\":\"https:\\\/\\\/schema.org\",\"@graph\":[{\"@type\":\"WebPage\",\"@id\":\"https:\\\/\\\/axabikesecurity.com\\\/de\\\/landing-page-axa-fold-ultra-90\\\/\",\"url\":\"https:\\\/\\\/axabikesecurity.com\\\/de\\\/landing-page-axa-fold-ultra-90\\\/\",\"name\":\"Landing page - AXA Fold Ultra 90 | AXA Bike Security \ud83c\udde9\ud83c\uddea\",\"isPartOf\":{\"@id\":\"https:\\\/\\\/axabikesecurity.com\\\/de\\\/#website\"},\"datePublished\":\"2024-04-24T13:09:33+00:00\",\"dateModified\":\"2024-04-29T12:20:29+00:00\",\"description\":\"Auf der Suche nach einem starken Faltschloss f\u00fcr Ihr Fahrrad mit ART-Zertifizierung? Dann ist das Fold Ultra das ideale Faltschloss f\u00fcr Sie.\",\"breadcrumb\":{\"@id\":\"https:\\\/\\\/axabikesecurity.com\\\/de\\\/landing-page-axa-fold-ultra-90\\\/#breadcrumb\"},\"inLanguage\":\"en-US\",\"potentialAction\":[{\"@type\":\"ReadAction\",\"target\":[\"https:\\\/\\\/axabikesecurity.com\\\/de\\\/landing-page-axa-fold-ultra-90\\\/\"]}]},{\"@type\":\"BreadcrumbList\",\"@id\":\"https:\\\/\\\/axabikesecurity.com\\\/de\\\/landing-page-axa-fold-ultra-90\\\/#breadcrumb\",\"itemListElement\":[{\"@type\":\"ListItem\",\"position\":1,\"name\":\"house\",\"item\":\"https:\\\/\\\/axabikesecurity.com\\\/de\\\/\"},{\"@type\":\"ListItem\",\"position\":2,\"name\":\"Landing page &#8211; AXA Fold Ultra 90\"}]},{\"@type\":\"WebSite\",\"@id\":\"https:\\\/\\\/axabikesecurity.com\\\/de\\\/#website\",\"url\":\"https:\\\/\\\/axabikesecurity.com\\\/de\\\/\",\"name\":\"AXA Bike\",\"description\":\"\",\"potentialAction\":[{\"@type\":\"SearchAction\",\"target\":{\"@type\":\"EntryPoint\",\"urlTemplate\":\"https:\\\/\\\/axabikesecurity.com\\\/de\\\/?s={search_term_string}\"},\"query-input\":{\"@type\":\"PropertyValueSpecification\",\"valueRequired\":true,\"valueName\":\"search_term_string\"}}],\"inLanguage\":\"en-US\"}]}<\/script>\n<!-- \/ Yoast SEO plugin. -->","yoast_head_json":{"title":"Landing page - AXA Fold Ultra 90 | AXA Bike Security \ud83c\udde9\ud83c\uddea","description":"Auf der Suche nach einem starken Faltschloss f\u00fcr Ihr Fahrrad mit ART-Zertifizierung? Dann ist das Fold Ultra das ideale Faltschloss f\u00fcr Sie.","robots":{"index":"index","follow":"follow","max-snippet":"max-snippet:-1","max-image-preview":"max-image-preview:large","max-video-preview":"max-video-preview:-1"},"canonical":"https:\/\/axabikesecurity.com\/de\/landing-page-axa-fold-ultra-90\/","og_locale":"en_US","og_type":"article","og_title":"Landing page - AXA Fold Ultra 90 | AXA Bike Security \ud83c\udde9\ud83c\uddea","og_description":"Auf der Suche nach einem starken Faltschloss f\u00fcr Ihr Fahrrad mit ART-Zertifizierung? Dann ist das Fold Ultra das ideale Faltschloss f\u00fcr Sie.","og_url":"https:\/\/axabikesecurity.com\/de\/landing-page-axa-fold-ultra-90\/","og_site_name":"AXA Bike Security \ud83c\udde9\ud83c\uddea","article_modified_time":"2024-04-29T12:20:29+00:00","twitter_card":"summary_large_image","schema":{"@context":"https:\/\/schema.org","@graph":[{"@type":"WebPage","@id":"https:\/\/axabikesecurity.com\/de\/landing-page-axa-fold-ultra-90\/","url":"https:\/\/axabikesecurity.com\/de\/landing-page-axa-fold-ultra-90\/","name":"Landing page - AXA Fold Ultra 90 | AXA Bike Security \ud83c\udde9\ud83c\uddea","isPartOf":{"@id":"https:\/\/axabikesecurity.com\/de\/#website"},"datePublished":"2024-04-24T13:09:33+00:00","dateModified":"2024-04-29T12:20:29+00:00","description":"Auf der Suche nach einem starken Faltschloss f\u00fcr Ihr Fahrrad mit ART-Zertifizierung? Dann ist das Fold Ultra das ideale Faltschloss f\u00fcr Sie.","breadcrumb":{"@id":"https:\/\/axabikesecurity.com\/de\/landing-page-axa-fold-ultra-90\/#breadcrumb"},"inLanguage":"en-US","potentialAction":[{"@type":"ReadAction","target":["https:\/\/axabikesecurity.com\/de\/landing-page-axa-fold-ultra-90\/"]}]},{"@type":"BreadcrumbList","@id":"https:\/\/axabikesecurity.com\/de\/landing-page-axa-fold-ultra-90\/#breadcrumb","itemListElement":[{"@type":"ListItem","position":1,"name":"house","item":"https:\/\/axabikesecurity.com\/de\/"},{"@type":"ListItem","position":2,"name":"Landing page &#8211; AXA Fold Ultra 90"}]},{"@type":"WebSite","@id":"https:\/\/axabikesecurity.com\/de\/#website","url":"https:\/\/axabikesecurity.com\/de\/","name":"AXA Bike","description":"","potentialAction":[{"@type":"SearchAction","target":{"@type":"EntryPoint","urlTemplate":"https:\/\/axabikesecurity.com\/de\/?s={search_term_string}"},"query-input":{"@type":"PropertyValueSpecification","valueRequired":true,"valueName":"search_term_string"}}],"inLanguage":"en-US"}]}},"jetpack_sharing_enabled":true,"_links":{"self":[{"href":"https:\/\/axabikesecurity.com\/de\/wp-json\/wp\/v2\/pages\/15432","targetHints":{"allow":["GET"]}}],"collection":[{"href":"https:\/\/axabikesecurity.com\/de\/wp-json\/wp\/v2\/pages"}],"about":[{"href":"https:\/\/axabikesecurity.com\/de\/wp-json\/wp\/v2\/types\/page"}],"author":[{"embeddable":true,"href":"https:\/\/axabikesecurity.com\/de\/wp-json\/wp\/v2\/users\/20"}],"replies":[{"embeddable":true,"href":"https:\/\/axabikesecurity.com\/de\/wp-json\/wp\/v2\/comments?post=15432"}],"version-history":[{"count":90,"href":"https:\/\/axabikesecurity.com\/de\/wp-json\/wp\/v2\/pages\/15432\/revisions"}],"predecessor-version":[{"id":16810,"href":"https:\/\/axabikesecurity.com\/de\/wp-json\/wp\/v2\/pages\/15432\/revisions\/16810"}],"wp:attachment":[{"href":"https:\/\/axabikesecurity.com\/de\/wp-json\/wp\/v2\/media?parent=15432"}],"curies":[{"name":"wp","href":"https:\/\/api.w.org\/{rel}","templated":true}]}}