{"id":15487,"date":"2024-04-24T13:10:26","date_gmt":"2024-04-24T13:10:26","guid":{"rendered":"https:\/\/axabikesecurity.com\/nl\/?page_id=15487"},"modified":"2024-04-29T12:53:28","modified_gmt":"2024-04-29T12:53:28","slug":"landing-page-juno-serie","status":"publish","type":"page","link":"https:\/\/axabikesecurity.com\/de\/landing-page-juno-serie\/","title":{"rendered":"Landing page &#8211; Juno serie"},"content":{"rendered":"<section id=\"\" class=\"relative after:w-full after:h-full after:top-0 after:left-0 after:bg-[rgba(0,0,0,0.35)] after:absolute   !pt-[96px] is-layout-flex wp-block-acf-hero-is-layout-flex\" style=\"padding-top:16px; padding-bottom:136px; color: var(--wp--preset--color--font); \">\n\n\t\t\t\t<img loading=\"lazy\" decoding=\"async\" width=\"2048\" height=\"1365\" src=\"https:\/\/axabikesecurity.com\/de\/wp-content\/uploads\/sites\/17\/2024\/04\/2023-Utrecht-AXA-Juno-Sfeer_01.jpg?w=2048\" class=\"w-full h-full absolute top-0 left-0 object-cover \" alt=\"AXA Juno\" srcset=\"https:\/\/axabikesecurity.com\/de\/wp-content\/uploads\/sites\/17\/2024\/04\/2023-Utrecht-AXA-Juno-Sfeer_01.jpg 8256w, https:\/\/axabikesecurity.com\/de\/wp-content\/uploads\/sites\/17\/2024\/04\/2023-Utrecht-AXA-Juno-Sfeer_01.jpg?resize=512,341 512w, https:\/\/axabikesecurity.com\/de\/wp-content\/uploads\/sites\/17\/2024\/04\/2023-Utrecht-AXA-Juno-Sfeer_01.jpg?resize=768,512 768w, https:\/\/axabikesecurity.com\/de\/wp-content\/uploads\/sites\/17\/2024\/04\/2023-Utrecht-AXA-Juno-Sfeer_01.jpg?resize=2048,1365 2048w, https:\/\/axabikesecurity.com\/de\/wp-content\/uploads\/sites\/17\/2024\/04\/2023-Utrecht-AXA-Juno-Sfeer_01.jpg?resize=1536,1024 1536w, https:\/\/axabikesecurity.com\/de\/wp-content\/uploads\/sites\/17\/2024\/04\/2023-Utrecht-AXA-Juno-Sfeer_01.jpg?resize=1215,810 1215w, https:\/\/axabikesecurity.com\/de\/wp-content\/uploads\/sites\/17\/2024\/04\/2023-Utrecht-AXA-Juno-Sfeer_01.jpg?resize=600,400 600w\" sizes=\"auto, (max-width: 2048px) 100vw, 2048px\" data-ot-ignore=\"\" \/>\n\t\n\t\n\t<div class=\"relative container z-10\">\n\n\t\t<div class=\"relative w-full lg:w-6\/12\">\n\t\t\t<div class=\"content text-white    \">\n\t\t\t\t    <h1 class=\"\">Kompaktes R\u00fccklicht: AXA Juno<\/h1>\n\t\t    <div class=\"text-white\">\n        <p>Die AXA Juno hat ein minimalistisches Design und verf\u00fcgt \u00fcber einen der kleinsten Reflektoren auf dem Markt! F\u00fcr zus\u00e4tzliche Sicherheit bist du auch von der Seite sichtbar.<\/p>\n\n    <\/div>\n\t<\/div>\n\t\t<\/div>\n\n\t<\/div>\n<\/section>\n\n\n<section id=\"\" class=\"is-layout-flex wp-block-acf-content-image-is-layout-flex\" style=\"padding-top:var(--wp--preset--spacing--80); padding-bottom:var(--wp--preset--spacing--80); color: var(--wp--preset--color--font); \">\n\t<div class=\"container\">\n\n\t\t<div class=\"flex flex-col gap-10 lg:gap-0 lg:flex-row relative justify-end items-center justify-start \">\n\n\t\t\t<div class=\"w-full md:w-7\/12\">\n\t\t\t\t\t<div class=\"rounded-[2px] overflow-hidden\">\n\t\t\t\t<img loading=\"lazy\" decoding=\"async\" width=\"2048\" height=\"1365\" src=\"https:\/\/axabikesecurity.com\/de\/wp-content\/uploads\/sites\/17\/2024\/04\/AXA-Juno-2.jpg?w=2048\" class=\"w-full media-cutoff \" alt=\"AXA Juno\" srcset=\"https:\/\/axabikesecurity.com\/de\/wp-content\/uploads\/sites\/17\/2024\/04\/AXA-Juno-2.jpg 5472w, https:\/\/axabikesecurity.com\/de\/wp-content\/uploads\/sites\/17\/2024\/04\/AXA-Juno-2.jpg?resize=512,341 512w, https:\/\/axabikesecurity.com\/de\/wp-content\/uploads\/sites\/17\/2024\/04\/AXA-Juno-2.jpg?resize=768,512 768w, https:\/\/axabikesecurity.com\/de\/wp-content\/uploads\/sites\/17\/2024\/04\/AXA-Juno-2.jpg?resize=2048,1365 2048w, https:\/\/axabikesecurity.com\/de\/wp-content\/uploads\/sites\/17\/2024\/04\/AXA-Juno-2.jpg?resize=1536,1024 1536w, https:\/\/axabikesecurity.com\/de\/wp-content\/uploads\/sites\/17\/2024\/04\/AXA-Juno-2.jpg?resize=1215,810 1215w, https:\/\/axabikesecurity.com\/de\/wp-content\/uploads\/sites\/17\/2024\/04\/AXA-Juno-2.jpg?resize=600,400 600w\" sizes=\"auto, (max-width: 2048px) 100vw, 2048px\" data-ot-ignore=\"\" \/>\n\t<\/div>\n\t\t\t<\/div>\n\n\t\t\t<div class=\"w-full md:w-6\/12 lg:absolute top-1\/2 lg:-translate-y-1\/2 bg-white py-10 pl-9 pr-7 shadow-contentcard rounded-[2px] left-0\">\n\t\t\t\t<div class=\"content [&amp;_p]:text-[18px]    \">\n\t\t\t\t\t\t\t    <h3 id=\"block_acf-block-662b8b7cae3708.83006935\" class=\"\">3 verschiedene Versionen<\/h3>\n\t\t\t    <div class=\"[&amp;_p]:text-[18px]\">\n        <p>Die AXA Juno kann an einen Dynamo oder eine E-Bike (6-12V) Batterie angeschlossen werden. Es gibt auch eine Version, die mit herk\u00f6mmlichen Batterien funktioniert. Diese Version arbeitet mit zwei AAA-Batterien, die einfach ausgetauscht werden k\u00f6nnen. Die Batterie bietet bis zu 50 Stunden Fahrvergn\u00fcgen. Dank des Batterie-Almost-Empty-Indikators musst du nie wieder ohne Licht fahren.<\/p>\n\n    <\/div>\n\t<\/div>\n\t\t\t<\/div>\n\n\t\t<\/div>\n\n\t<\/div>\n<\/section>\n\n\n<section id=\"\" class=\"is-layout-flex wp-block-acf-content-image-is-layout-flex\" style=\"padding-top:var(--wp--preset--spacing--80); padding-bottom:var(--wp--preset--spacing--80); color: var(--wp--preset--color--font); \">\n\t<div class=\"container\">\n\n\t\t<div class=\"flex flex-col gap-10 lg:gap-0 lg:flex-row relative justify-start items-center justify-start \">\n\n\t\t\t<div class=\"w-full md:w-7\/12\">\n\t\t\t\t\t<div class=\"rounded-[2px] overflow-hidden\">\n\t\t\t\t<img loading=\"lazy\" decoding=\"async\" width=\"2048\" height=\"1365\" src=\"https:\/\/axabikesecurity.com\/de\/wp-content\/uploads\/sites\/17\/2024\/04\/2023-Utrecht-AXA-Dwn-Juno-Sfeer_02.jpg?w=2048\" class=\"w-full media-cutoff \" alt=\"AXA Juno\" srcset=\"https:\/\/axabikesecurity.com\/de\/wp-content\/uploads\/sites\/17\/2024\/04\/2023-Utrecht-AXA-Dwn-Juno-Sfeer_02.jpg 8002w, https:\/\/axabikesecurity.com\/de\/wp-content\/uploads\/sites\/17\/2024\/04\/2023-Utrecht-AXA-Dwn-Juno-Sfeer_02.jpg?resize=512,341 512w, https:\/\/axabikesecurity.com\/de\/wp-content\/uploads\/sites\/17\/2024\/04\/2023-Utrecht-AXA-Dwn-Juno-Sfeer_02.jpg?resize=768,512 768w, https:\/\/axabikesecurity.com\/de\/wp-content\/uploads\/sites\/17\/2024\/04\/2023-Utrecht-AXA-Dwn-Juno-Sfeer_02.jpg?resize=2048,1365 2048w, https:\/\/axabikesecurity.com\/de\/wp-content\/uploads\/sites\/17\/2024\/04\/2023-Utrecht-AXA-Dwn-Juno-Sfeer_02.jpg?resize=1536,1024 1536w, https:\/\/axabikesecurity.com\/de\/wp-content\/uploads\/sites\/17\/2024\/04\/2023-Utrecht-AXA-Dwn-Juno-Sfeer_02.jpg?resize=1215,810 1215w, https:\/\/axabikesecurity.com\/de\/wp-content\/uploads\/sites\/17\/2024\/04\/2023-Utrecht-AXA-Dwn-Juno-Sfeer_02.jpg?resize=600,400 600w\" sizes=\"auto, (max-width: 2048px) 100vw, 2048px\" data-ot-ignore=\"\" \/>\n\t<\/div>\n\t\t\t<\/div>\n\n\t\t\t<div class=\"w-full md:w-6\/12 lg:absolute top-1\/2 lg:-translate-y-1\/2 bg-white py-10 pl-9 pr-7 shadow-contentcard rounded-[2px] right-0\">\n\t\t\t\t<div class=\"content [&amp;_p]:text-[18px]    \">\n\t\t\t\t\t\t\t    <h3 id=\"block_acf-block-662b8b7cae4548.56555415\" class=\"\">Auto-Off-Funktion<\/h3>\n\t\t\t    <div class=\"[&amp;_p]:text-[18px]\">\n        <p>Wir haben auch eine Batterieversion mit einer Auto-Off-Funktion. Das bedeutet, dass das R\u00fccklicht automatisch nach 5 Minuten ohne Bewegung ausgeht. Ideal, wenn du oft vergisst, dein Licht auszuschalten.<\/p>\n\n    <\/div>\n\t<\/div>\n\t\t\t<\/div>\n\n\t\t<\/div>\n\n\t<\/div>\n<\/section>\n\n\n\t\t\n\n\t\t\t\n\n<section id=\"\" class=\"overflow-hidden md:overflow-visisble relative\" style=\"padding-top:var(--wp--preset--spacing--80); padding-bottom:var(--wp--preset--spacing--80);  \">\n\t\t<div class=\"container col-span-12 md:col-span-6\">\n\t\t<div class=\" md:w-5\/12 xl:w-4\/12 mb-8\">\n\t\t\t<div class=\"content     \">\n\t\t\t\t\t\t\t    <h2 class=\"\">Juno-Funktionen<\/h2>\n\t\t\t\t<\/div>\n\t\t<\/div>\n\t<\/div>\n\t<div class=\"full-container relative md:overflow-hidden\">\n\t\t<div class=\"container-full\">\n\t\t\t<div class=\"flex flex-col lg:gap-8 md:grid gap-4 md:gap-6 md:grid-cols-12\">\n\t\t\t\t<div class=\"max-w-[calc(100vw-32px)] col-start-1 col-span-12\">\n\t\t\t\t\t\n\t\t\t\t<div class=\"\">\n\t<div class=\"slider\" data-swiper=\"{&quot;slidesPerView&quot;:1.3,&quot;spaceBetween&quot;:24,&quot;pagination&quot;:true,&quot;loop&quot;:false,&quot;breakpoints&quot;:{&quot;768&quot;:{&quot;slidesPerView&quot;:1.1}}}\">\n\t\t<div class=\"swiper   md:clip-slider-right\">\n\t\t\t<div class=\"swiper-wrapper cursor-grab\">\n\t\t\t\t\t\t\t\t\t<div class=\"swiper-slide !h-auto \">\n\t\t\t\t\t\t<article class=\"relative w-full px-[35px] h-[500px] overflow-hidden\">\n\t<div class=\"absolute inset-0 w-full h-full -z-10\">\n\t\t<div class=\"absolute inset-0 z-10 w-full h-full bg-black\/20\"><\/div>\n\t\t\t<img loading=\"lazy\" decoding=\"async\" width=\"2048\" height=\"1024\" src=\"https:\/\/axabikesecurity.com\/de\/wp-content\/uploads\/sites\/17\/2024\/04\/AXA-Juno-Design.jpg?w=2048\" class=\"w-full h-full object-cover object-center \" alt=\"AXA Juno\" srcset=\"https:\/\/axabikesecurity.com\/de\/wp-content\/uploads\/sites\/17\/2024\/04\/AXA-Juno-Design.jpg 2400w, https:\/\/axabikesecurity.com\/de\/wp-content\/uploads\/sites\/17\/2024\/04\/AXA-Juno-Design.jpg?resize=512,256 512w, https:\/\/axabikesecurity.com\/de\/wp-content\/uploads\/sites\/17\/2024\/04\/AXA-Juno-Design.jpg?resize=768,384 768w, https:\/\/axabikesecurity.com\/de\/wp-content\/uploads\/sites\/17\/2024\/04\/AXA-Juno-Design.jpg?resize=2048,1024 2048w, https:\/\/axabikesecurity.com\/de\/wp-content\/uploads\/sites\/17\/2024\/04\/AXA-Juno-Design.jpg?resize=1536,768 1536w, https:\/\/axabikesecurity.com\/de\/wp-content\/uploads\/sites\/17\/2024\/04\/AXA-Juno-Design.jpg?resize=1440,720 1440w, https:\/\/axabikesecurity.com\/de\/wp-content\/uploads\/sites\/17\/2024\/04\/AXA-Juno-Design.jpg?resize=600,300 600w\" sizes=\"auto, (max-width: 2048px) 100vw, 2048px\" data-ot-ignore=\"\" \/>\n\t<\/div>\n\t<div class=\"h-full w-full flex\">\n\t\t<div class=\"content !my-auto max-w-[455px] text-white    \">\n\t\t\t\t\t\t\t    <h2 class=\"\">Design<\/h2>\n\t\t\t    <div class=\"!my-auto max-w-[455px] text-white\">\n        <p>Die Juno kann auf 50 oder 80 mm montiert werden. Das R\u00fccklicht verf\u00fcgt \u00fcber einen ergonomischen Ein-\/Ausschalter und alle Versionen haben die deutsche StVZO-Zulassung.<\/p>\n\n    <\/div>\n\t<\/div>\n\t<\/div>\n<\/article>\n\t\t\t\t\t<\/div>\n\t\t\t\t\t\t\t\t\t<div class=\"swiper-slide !h-auto \">\n\t\t\t\t\t\t<article class=\"relative w-full px-[35px] h-[500px] overflow-hidden\">\n\t<div class=\"absolute inset-0 w-full h-full -z-10\">\n\t\t<div class=\"absolute inset-0 z-10 w-full h-full bg-black\/20\"><\/div>\n\t\t\t<img loading=\"lazy\" decoding=\"async\" width=\"2048\" height=\"1024\" src=\"https:\/\/axabikesecurity.com\/de\/wp-content\/uploads\/sites\/17\/2024\/04\/AXA-Juno-Steady-light-functie.jpg?w=2048\" class=\"w-full h-full object-cover object-center \" alt=\"AXA Juno\" srcset=\"https:\/\/axabikesecurity.com\/de\/wp-content\/uploads\/sites\/17\/2024\/04\/AXA-Juno-Steady-light-functie.jpg 2400w, https:\/\/axabikesecurity.com\/de\/wp-content\/uploads\/sites\/17\/2024\/04\/AXA-Juno-Steady-light-functie.jpg?resize=512,256 512w, https:\/\/axabikesecurity.com\/de\/wp-content\/uploads\/sites\/17\/2024\/04\/AXA-Juno-Steady-light-functie.jpg?resize=768,384 768w, https:\/\/axabikesecurity.com\/de\/wp-content\/uploads\/sites\/17\/2024\/04\/AXA-Juno-Steady-light-functie.jpg?resize=2048,1024 2048w, https:\/\/axabikesecurity.com\/de\/wp-content\/uploads\/sites\/17\/2024\/04\/AXA-Juno-Steady-light-functie.jpg?resize=1536,768 1536w, https:\/\/axabikesecurity.com\/de\/wp-content\/uploads\/sites\/17\/2024\/04\/AXA-Juno-Steady-light-functie.jpg?resize=1440,720 1440w, https:\/\/axabikesecurity.com\/de\/wp-content\/uploads\/sites\/17\/2024\/04\/AXA-Juno-Steady-light-functie.jpg?resize=600,300 600w\" sizes=\"auto, (max-width: 2048px) 100vw, 2048px\" data-ot-ignore=\"\" \/>\n\t<\/div>\n\t<div class=\"h-full w-full flex\">\n\t\t<div class=\"content !my-auto max-w-[455px] text-white    \">\n\t\t\t\t\t\t\t    <h2 class=\"\">Standlichtfunktion<\/h2>\n\t\t\t    <div class=\"!my-auto max-w-[455px] text-white\">\n        <p>Die Dynamo-Version verf\u00fcgt \u00fcber eine Standlichtfunktion, das bedeutet, dass das Fahrradlicht bis zu vier Minuten lang brennt, wenn du zum Beispiel an einer Ampel stehen bleibst. Dies sorgt f\u00fcr zus\u00e4tzliche Sicherheit auf der Stra\u00dfe, auch wenn du nicht radelst!<\/p>\n\n    <\/div>\n\t<\/div>\n\t<\/div>\n<\/article>\n\t\t\t\t\t<\/div>\n\t\t\t\t\t\t\t<\/div>\n\t\t<\/div>\n\t\t<div class=\"mt-12 flex gap-9 items-center  relative z-10 justify-end\">\n\n\t\t\t\n\t\t\t\n\t\t\t<div class=\"flex gap-4 items-center\">\n\t\t\t\t<div class=\"swiper-button-prev \" style=\"\"><\/div>\n\t\t\t\t\t\t\t\t<div class=\"swiper-button-next \" style=\"\"><\/div>\n\t\t\t<\/div>\n\t\t<\/div>\n\t<\/div>\n\n<\/div>\n\t\t\t\t<\/div>\n\t\t\t<\/div>\n\t\t<\/div>\n\t<\/div>\n<\/section>\n\n\n<section id=\"\" class=\"is-layout-flex wp-block-acf-video-is-layout-flex\" style=\"padding-top:var(--wp--preset--spacing--80); padding-bottom:var(--wp--preset--spacing--80); color: var(--wp--preset--color--font); \">\n    <div class=\"container\">\n        <div class=\"flex flex-row gap-12 justify-end\">\n                <div class=\"w-full \">\n\n                    \n                    \n                    \n                <\/div>\n            <\/div>\n    <\/div>\n<\/section>\n\n\n<section id=\"\" class=\"is-layout-flex wp-block-acf-video-is-layout-flex\" style=\"padding-top:var(--wp--preset--spacing--80); padding-bottom:var(--wp--preset--spacing--80); color: var(--wp--preset--color--font); \">\n    <div class=\"container\">\n        <div class=\"flex flex-row gap-12 justify-end\">\n                <div class=\"w-full \">\n\n                                                <h3 id=\"block_acf-block-662b8b7caefbd6.83681011\" class=\"mb-6\">Hier kannst du die Juno-Batterieversion ansehen.<\/h3>\n                    \n                                            <div class=\"video \">\n\t<iframe loading=\"lazy\" title=\"AXA Juno Battery - Is a rear light with a mounting distance of 50 mm and an auto off function\" width=\"640\" height=\"360\" src=\"https:\/\/www.youtube.com\/embed\/t51m4Qv4cVE?feature=oembed\" frameborder=\"0\" allow=\"accelerometer; autoplay; clipboard-write; encrypted-media; gyroscope; picture-in-picture; web-share\" referrerpolicy=\"strict-origin-when-cross-origin\" allowfullscreen data-ot-ignore><\/iframe>\n<\/div>\n                    \n                    \n                <\/div>\n            <\/div>\n    <\/div>\n<\/section>\n","protected":false},"excerpt":{"rendered":"","protected":false},"author":17,"featured_media":0,"parent":0,"menu_order":0,"comment_status":"closed","ping_status":"closed","template":"","meta":{"_acf_changed":false,"_trash_the_other_posts":false,"footnotes":""},"class_list":["post-15487","page","type-page","status-publish","hentry"],"acf":[],"yoast_head":"<!-- This site is optimized with the Yoast SEO plugin v27.4 - https:\/\/yoast.com\/product\/yoast-seo-wordpress\/ -->\n<title>Landing page - Juno serie | AXA Bike Security \ud83c\udde9\ud83c\uddea<\/title>\n<meta name=\"description\" content=\"Die AXA Juno hat einen der kleinsten Reflektoren auf dem Markt! F\u00fcr zus\u00e4tzliche Sicherheit bist du auch von der Seite sichtbar.\" \/>\n<meta name=\"robots\" content=\"index, follow, max-snippet:-1, max-image-preview:large, max-video-preview:-1\" \/>\n<link rel=\"canonical\" href=\"https:\/\/axabikesecurity.com\/de\/landing-page-juno-serie\/\" \/>\n<meta property=\"og:locale\" content=\"en_US\" \/>\n<meta property=\"og:type\" content=\"article\" \/>\n<meta property=\"og:title\" content=\"Landing page - Juno serie | AXA Bike Security \ud83c\udde9\ud83c\uddea\" \/>\n<meta property=\"og:description\" content=\"Die AXA Juno hat einen der kleinsten Reflektoren auf dem Markt! F\u00fcr zus\u00e4tzliche Sicherheit bist du auch von der Seite sichtbar.\" \/>\n<meta property=\"og:url\" content=\"https:\/\/axabikesecurity.com\/de\/landing-page-juno-serie\/\" \/>\n<meta property=\"og:site_name\" content=\"AXA Bike Security \ud83c\udde9\ud83c\uddea\" \/>\n<meta property=\"article:modified_time\" content=\"2024-04-29T12:53:28+00:00\" \/>\n<meta name=\"twitter:card\" content=\"summary_large_image\" \/>\n<script type=\"application\/ld+json\" class=\"yoast-schema-graph\">{\"@context\":\"https:\\\/\\\/schema.org\",\"@graph\":[{\"@type\":\"WebPage\",\"@id\":\"https:\\\/\\\/axabikesecurity.com\\\/de\\\/landing-page-juno-serie\\\/\",\"url\":\"https:\\\/\\\/axabikesecurity.com\\\/de\\\/landing-page-juno-serie\\\/\",\"name\":\"Landing page - Juno serie | AXA Bike Security \ud83c\udde9\ud83c\uddea\",\"isPartOf\":{\"@id\":\"https:\\\/\\\/axabikesecurity.com\\\/de\\\/#website\"},\"datePublished\":\"2024-04-24T13:10:26+00:00\",\"dateModified\":\"2024-04-29T12:53:28+00:00\",\"description\":\"Die AXA Juno hat einen der kleinsten Reflektoren auf dem Markt! F\u00fcr zus\u00e4tzliche Sicherheit bist du auch von der Seite sichtbar.\",\"breadcrumb\":{\"@id\":\"https:\\\/\\\/axabikesecurity.com\\\/de\\\/landing-page-juno-serie\\\/#breadcrumb\"},\"inLanguage\":\"en-US\",\"potentialAction\":[{\"@type\":\"ReadAction\",\"target\":[\"https:\\\/\\\/axabikesecurity.com\\\/de\\\/landing-page-juno-serie\\\/\"]}]},{\"@type\":\"BreadcrumbList\",\"@id\":\"https:\\\/\\\/axabikesecurity.com\\\/de\\\/landing-page-juno-serie\\\/#breadcrumb\",\"itemListElement\":[{\"@type\":\"ListItem\",\"position\":1,\"name\":\"house\",\"item\":\"https:\\\/\\\/axabikesecurity.com\\\/de\\\/\"},{\"@type\":\"ListItem\",\"position\":2,\"name\":\"Landing page &#8211; Juno serie\"}]},{\"@type\":\"WebSite\",\"@id\":\"https:\\\/\\\/axabikesecurity.com\\\/de\\\/#website\",\"url\":\"https:\\\/\\\/axabikesecurity.com\\\/de\\\/\",\"name\":\"AXA Bike\",\"description\":\"\",\"potentialAction\":[{\"@type\":\"SearchAction\",\"target\":{\"@type\":\"EntryPoint\",\"urlTemplate\":\"https:\\\/\\\/axabikesecurity.com\\\/de\\\/?s={search_term_string}\"},\"query-input\":{\"@type\":\"PropertyValueSpecification\",\"valueRequired\":true,\"valueName\":\"search_term_string\"}}],\"inLanguage\":\"en-US\"}]}<\/script>\n<!-- \/ Yoast SEO plugin. -->","yoast_head_json":{"title":"Landing page - Juno serie | AXA Bike Security \ud83c\udde9\ud83c\uddea","description":"Die AXA Juno hat einen der kleinsten Reflektoren auf dem Markt! F\u00fcr zus\u00e4tzliche Sicherheit bist du auch von der Seite sichtbar.","robots":{"index":"index","follow":"follow","max-snippet":"max-snippet:-1","max-image-preview":"max-image-preview:large","max-video-preview":"max-video-preview:-1"},"canonical":"https:\/\/axabikesecurity.com\/de\/landing-page-juno-serie\/","og_locale":"en_US","og_type":"article","og_title":"Landing page - Juno serie | AXA Bike Security \ud83c\udde9\ud83c\uddea","og_description":"Die AXA Juno hat einen der kleinsten Reflektoren auf dem Markt! F\u00fcr zus\u00e4tzliche Sicherheit bist du auch von der Seite sichtbar.","og_url":"https:\/\/axabikesecurity.com\/de\/landing-page-juno-serie\/","og_site_name":"AXA Bike Security \ud83c\udde9\ud83c\uddea","article_modified_time":"2024-04-29T12:53:28+00:00","twitter_card":"summary_large_image","schema":{"@context":"https:\/\/schema.org","@graph":[{"@type":"WebPage","@id":"https:\/\/axabikesecurity.com\/de\/landing-page-juno-serie\/","url":"https:\/\/axabikesecurity.com\/de\/landing-page-juno-serie\/","name":"Landing page - Juno serie | AXA Bike Security \ud83c\udde9\ud83c\uddea","isPartOf":{"@id":"https:\/\/axabikesecurity.com\/de\/#website"},"datePublished":"2024-04-24T13:10:26+00:00","dateModified":"2024-04-29T12:53:28+00:00","description":"Die AXA Juno hat einen der kleinsten Reflektoren auf dem Markt! F\u00fcr zus\u00e4tzliche Sicherheit bist du auch von der Seite sichtbar.","breadcrumb":{"@id":"https:\/\/axabikesecurity.com\/de\/landing-page-juno-serie\/#breadcrumb"},"inLanguage":"en-US","potentialAction":[{"@type":"ReadAction","target":["https:\/\/axabikesecurity.com\/de\/landing-page-juno-serie\/"]}]},{"@type":"BreadcrumbList","@id":"https:\/\/axabikesecurity.com\/de\/landing-page-juno-serie\/#breadcrumb","itemListElement":[{"@type":"ListItem","position":1,"name":"house","item":"https:\/\/axabikesecurity.com\/de\/"},{"@type":"ListItem","position":2,"name":"Landing page &#8211; Juno serie"}]},{"@type":"WebSite","@id":"https:\/\/axabikesecurity.com\/de\/#website","url":"https:\/\/axabikesecurity.com\/de\/","name":"AXA Bike","description":"","potentialAction":[{"@type":"SearchAction","target":{"@type":"EntryPoint","urlTemplate":"https:\/\/axabikesecurity.com\/de\/?s={search_term_string}"},"query-input":{"@type":"PropertyValueSpecification","valueRequired":true,"valueName":"search_term_string"}}],"inLanguage":"en-US"}]}},"jetpack_sharing_enabled":true,"_links":{"self":[{"href":"https:\/\/axabikesecurity.com\/de\/wp-json\/wp\/v2\/pages\/15487","targetHints":{"allow":["GET"]}}],"collection":[{"href":"https:\/\/axabikesecurity.com\/de\/wp-json\/wp\/v2\/pages"}],"about":[{"href":"https:\/\/axabikesecurity.com\/de\/wp-json\/wp\/v2\/types\/page"}],"author":[{"embeddable":true,"href":"https:\/\/axabikesecurity.com\/de\/wp-json\/wp\/v2\/users\/17"}],"replies":[{"embeddable":true,"href":"https:\/\/axabikesecurity.com\/de\/wp-json\/wp\/v2\/comments?post=15487"}],"version-history":[{"count":6,"href":"https:\/\/axabikesecurity.com\/de\/wp-json\/wp\/v2\/pages\/15487\/revisions"}],"predecessor-version":[{"id":16875,"href":"https:\/\/axabikesecurity.com\/de\/wp-json\/wp\/v2\/pages\/15487\/revisions\/16875"}],"wp:attachment":[{"href":"https:\/\/axabikesecurity.com\/de\/wp-json\/wp\/v2\/media?parent=15487"}],"curies":[{"name":"wp","href":"https:\/\/api.w.org\/{rel}","templated":true}]}}