{"id":15566,"date":"2024-04-23T16:13:01","date_gmt":"2024-04-23T16:13:01","guid":{"rendered":"https:\/\/axabikesecurity.com\/nl\/?page_id=15566"},"modified":"2024-04-29T12:50:21","modified_gmt":"2024-04-29T12:50:21","slug":"landing-page-fold-lite-serie","status":"publish","type":"page","link":"https:\/\/axabikesecurity.com\/de\/landing-page-fold-lite-serie\/","title":{"rendered":"Landing page &#8211; Fold Lite serie"},"content":{"rendered":"<section id=\"\" class=\"relative after:w-full after:h-full after:top-0 after:left-0 after:bg-[rgba(0,0,0,0.35)] after:absolute   !pt-[96px] is-layout-flex wp-block-acf-hero-is-layout-flex\" style=\"padding-top:16px; padding-bottom:136px; color: var(--wp--preset--color--font); \">\n\n\t\t\t\t<img loading=\"lazy\" decoding=\"async\" width=\"2048\" height=\"1024\" src=\"https:\/\/axabikesecurity.com\/de\/wp-content\/uploads\/sites\/17\/2024\/04\/AXA-Fold-Lite-header.jpg?w=2048\" class=\"w-full h-full absolute top-0 left-0 object-cover \" alt=\"AXA Fold Lite 80, sfeer, mounted\" srcset=\"https:\/\/axabikesecurity.com\/de\/wp-content\/uploads\/sites\/17\/2024\/04\/AXA-Fold-Lite-header.jpg 2400w, https:\/\/axabikesecurity.com\/de\/wp-content\/uploads\/sites\/17\/2024\/04\/AXA-Fold-Lite-header.jpg?resize=512,256 512w, https:\/\/axabikesecurity.com\/de\/wp-content\/uploads\/sites\/17\/2024\/04\/AXA-Fold-Lite-header.jpg?resize=768,384 768w, https:\/\/axabikesecurity.com\/de\/wp-content\/uploads\/sites\/17\/2024\/04\/AXA-Fold-Lite-header.jpg?resize=2048,1024 2048w, https:\/\/axabikesecurity.com\/de\/wp-content\/uploads\/sites\/17\/2024\/04\/AXA-Fold-Lite-header.jpg?resize=1536,768 1536w, https:\/\/axabikesecurity.com\/de\/wp-content\/uploads\/sites\/17\/2024\/04\/AXA-Fold-Lite-header.jpg?resize=1440,720 1440w, https:\/\/axabikesecurity.com\/de\/wp-content\/uploads\/sites\/17\/2024\/04\/AXA-Fold-Lite-header.jpg?resize=600,300 600w\" sizes=\"auto, (max-width: 2048px) 100vw, 2048px\" data-ot-ignore=\"\" \/>\n\t\n\t\n\t<div class=\"relative container z-10\">\n\n\t\t<div class=\"relative w-full lg:w-6\/12\">\n\t\t\t<div class=\"content text-white    \">\n\t\t\t\t    <h1 class=\"\">Falten, klicken, fertig: die AXA Fold Lite Serie<\/h1>\n\t\t    <div class=\"text-white\">\n        <p>Die Schl\u00f6sser wurden f\u00fcr Fahrr\u00e4der entwickelt, die f\u00fcr kurze Zeit an einem Ort mit geringem Diebstahlrisiko geparkt werden. Dank der flexiblen Scharnierpunkte und des leichten Gewichts ist das Schloss m\u00fchelos zu bedienen.<\/p>\n\n    <\/div>\n\t<\/div>\n\t\t<\/div>\n\n\t<\/div>\n<\/section>\n\n\n<section id=\"\" class=\"\" style=\"padding-top:var(--wp--preset--spacing--80); padding-bottom:var(--wp--preset--spacing--80); margin-top:0; margin-bottom:0; color: var(--wp--preset--color--font); \">\n\t<div class=\"container\">\n\t\t<div class=\"content     \">\n\t\t\t\t\t\t\t    <h2 class=\"\">Drei verschiedene leichte Faltschl\u00f6sser<\/h2>\n\t\t\t    <div class=\"\">\n        <p>Die AXA Fold Lite Serie besteht aus drei verschiedenen leichten Faltschl\u00f6ssern f\u00fcr den t\u00e4glichen Gebrauch. Das Fold Lite C100 ist das Zahlenschloss in dieser Serie. Das Schloss besteht aus geh\u00e4rtetem Stahl und ist best\u00e4ndig gegen Angriffe wie Schneiden, S\u00e4gen und Ziehen.<\/p>\n\n    <\/div>\n\t<\/div>\n\t<\/div>\n<\/section>\n\n\n<section id=\"\" class=\"\" style=\"padding-top:0; padding-bottom:0; margin-top:0; margin-bottom:0;  \">\n    <div class=\"container\">\n                    \t<div class=\"rounded-[2px] overflow-hidden\">\n\t\t\t\t<img loading=\"lazy\" decoding=\"async\" width=\"1584\" height=\"990\" src=\"https:\/\/axabikesecurity.com\/de\/wp-content\/uploads\/sites\/17\/2024\/04\/AXA-Fold-Lite-Serie.jpg?w=1584\" class=\"w-full media-cutoff \" alt=\"Overview AXA Fold Lite series\" srcset=\"https:\/\/axabikesecurity.com\/de\/wp-content\/uploads\/sites\/17\/2024\/04\/AXA-Fold-Lite-Serie.jpg 1584w, https:\/\/axabikesecurity.com\/de\/wp-content\/uploads\/sites\/17\/2024\/04\/AXA-Fold-Lite-Serie.jpg?resize=512,320 512w, https:\/\/axabikesecurity.com\/de\/wp-content\/uploads\/sites\/17\/2024\/04\/AXA-Fold-Lite-Serie.jpg?resize=768,480 768w, https:\/\/axabikesecurity.com\/de\/wp-content\/uploads\/sites\/17\/2024\/04\/AXA-Fold-Lite-Serie.jpg?resize=1536,960 1536w, https:\/\/axabikesecurity.com\/de\/wp-content\/uploads\/sites\/17\/2024\/04\/AXA-Fold-Lite-Serie.jpg?resize=1296,810 1296w, https:\/\/axabikesecurity.com\/de\/wp-content\/uploads\/sites\/17\/2024\/04\/AXA-Fold-Lite-Serie.jpg?resize=600,375 600w\" sizes=\"auto, (max-width: 1584px) 100vw, 1584px\" data-ot-ignore=\"\" \/>\n\t<\/div>\n            <\/div>\n<\/section>\n\n\n\n\t\t\n\n\t\t\t\n\n<section id=\"\" class=\"overflow-hidden md:overflow-visisble relative\" style=\"padding-top:var(--wp--preset--spacing--80); padding-bottom:var(--wp--preset--spacing--80);  \">\n\t\t<div class=\"container col-span-12 md:col-span-6\">\n\t\t<div class=\" md:w-5\/12 xl:w-4\/12 mb-8\">\n\t\t\t<div class=\"content     \">\n\t\t\t\t\t\t\t    <h2 class=\"\">Eigenschaften der AXA Fold Lite Serie<\/h2>\n\t\t\t\t<\/div>\n\t\t<\/div>\n\t<\/div>\n\t<div class=\"full-container relative md:overflow-hidden\">\n\t\t<div class=\"container-full\">\n\t\t\t<div class=\"flex flex-col lg:gap-8 md:grid gap-4 md:gap-6 md:grid-cols-12\">\n\t\t\t\t<div class=\"max-w-[calc(100vw-32px)] col-start-1 col-span-12\">\n\t\t\t\t\t\n\t\t\t\t<div class=\"\">\n\t<div class=\"slider\" data-swiper=\"{&quot;slidesPerView&quot;:1.3,&quot;spaceBetween&quot;:24,&quot;pagination&quot;:true,&quot;loop&quot;:false,&quot;breakpoints&quot;:{&quot;768&quot;:{&quot;slidesPerView&quot;:1.1}}}\">\n\t\t<div class=\"swiper   md:clip-slider-right\">\n\t\t\t<div class=\"swiper-wrapper cursor-grab\">\n\t\t\t\t\t\t\t\t\t<div class=\"swiper-slide !h-auto \">\n\t\t\t\t\t\t<article class=\"relative w-full px-[35px] h-[500px] overflow-hidden\">\n\t<div class=\"absolute inset-0 w-full h-full -z-10\">\n\t\t<div class=\"absolute inset-0 z-10 w-full h-full bg-black\/20\"><\/div>\n\t\t\t<img loading=\"lazy\" decoding=\"async\" width=\"1713\" height=\"459\" src=\"https:\/\/axabikesecurity.com\/de\/wp-content\/uploads\/sites\/17\/2024\/04\/AXB22-024-Overzicht_1713x459px_NL.jpg?w=1713\" class=\"w-full h-full object-cover object-center \" alt=\"AXA Fold Lite Serie, Schakeldikte vs concurrentie\" srcset=\"https:\/\/axabikesecurity.com\/de\/wp-content\/uploads\/sites\/17\/2024\/04\/AXB22-024-Overzicht_1713x459px_NL.jpg 1713w, https:\/\/axabikesecurity.com\/de\/wp-content\/uploads\/sites\/17\/2024\/04\/AXB22-024-Overzicht_1713x459px_NL.jpg?resize=512,137 512w, https:\/\/axabikesecurity.com\/de\/wp-content\/uploads\/sites\/17\/2024\/04\/AXB22-024-Overzicht_1713x459px_NL.jpg?resize=768,206 768w, https:\/\/axabikesecurity.com\/de\/wp-content\/uploads\/sites\/17\/2024\/04\/AXB22-024-Overzicht_1713x459px_NL.jpg?resize=1536,412 1536w, https:\/\/axabikesecurity.com\/de\/wp-content\/uploads\/sites\/17\/2024\/04\/AXB22-024-Overzicht_1713x459px_NL.jpg?resize=1440,386 1440w, https:\/\/axabikesecurity.com\/de\/wp-content\/uploads\/sites\/17\/2024\/04\/AXB22-024-Overzicht_1713x459px_NL.jpg?resize=600,161 600w\" sizes=\"auto, (max-width: 1713px) 100vw, 1713px\" data-ot-ignore=\"\" \/>\n\t<\/div>\n\t<div class=\"h-full w-full flex\">\n\t\t<div class=\"content !my-auto max-w-[455px] text-white    \">\n\t\t\t\t\t\t\t    <h2 class=\"\">Hohe Qualit\u00e4t<\/h2>\n\t\t\t    <div class=\"!my-auto max-w-[455px] text-white\">\n        <p>Der Durchmesser der geh\u00e4rteten Stahlglieder betr\u00e4gt 5 mm. Andere Hersteller verwenden keine geh\u00e4rteten Stahlglieder, sondern Stahldraht, der f\u00fcr einen Fahrraddieb relativ einfach durchges\u00e4gt oder durchgeknipst werden kann.<\/p>\n\n    <\/div>\n\t<\/div>\n\t<\/div>\n<\/article>\n\t\t\t\t\t<\/div>\n\t\t\t\t\t\t\t\t\t<div class=\"swiper-slide !h-auto \">\n\t\t\t\t\t\t<article class=\"relative w-full px-[35px] h-[500px] overflow-hidden\">\n\t<div class=\"absolute inset-0 w-full h-full -z-10\">\n\t\t<div class=\"absolute inset-0 z-10 w-full h-full bg-black\/20\"><\/div>\n\t\t\t<img loading=\"lazy\" decoding=\"async\" width=\"2048\" height=\"1024\" src=\"https:\/\/axabikesecurity.com\/de\/wp-content\/uploads\/sites\/17\/2024\/04\/AXA-Fold-Lite-Gebruikersgemak.jpg?w=2048\" class=\"w-full h-full object-cover object-center \" alt=\"AXA Fold lite\" srcset=\"https:\/\/axabikesecurity.com\/de\/wp-content\/uploads\/sites\/17\/2024\/04\/AXA-Fold-Lite-Gebruikersgemak.jpg 2400w, https:\/\/axabikesecurity.com\/de\/wp-content\/uploads\/sites\/17\/2024\/04\/AXA-Fold-Lite-Gebruikersgemak.jpg?resize=512,256 512w, https:\/\/axabikesecurity.com\/de\/wp-content\/uploads\/sites\/17\/2024\/04\/AXA-Fold-Lite-Gebruikersgemak.jpg?resize=768,384 768w, https:\/\/axabikesecurity.com\/de\/wp-content\/uploads\/sites\/17\/2024\/04\/AXA-Fold-Lite-Gebruikersgemak.jpg?resize=2048,1024 2048w, https:\/\/axabikesecurity.com\/de\/wp-content\/uploads\/sites\/17\/2024\/04\/AXA-Fold-Lite-Gebruikersgemak.jpg?resize=1536,768 1536w, https:\/\/axabikesecurity.com\/de\/wp-content\/uploads\/sites\/17\/2024\/04\/AXA-Fold-Lite-Gebruikersgemak.jpg?resize=1440,720 1440w, https:\/\/axabikesecurity.com\/de\/wp-content\/uploads\/sites\/17\/2024\/04\/AXA-Fold-Lite-Gebruikersgemak.jpg?resize=600,300 600w\" sizes=\"auto, (max-width: 2048px) 100vw, 2048px\" data-ot-ignore=\"\" \/>\n\t<\/div>\n\t<div class=\"h-full w-full flex\">\n\t\t<div class=\"content !my-auto max-w-[455px] text-white    \">\n\t\t\t\t\t\t\t    <h2 class=\"\">Benutzerfreundlichkeit<\/h2>\n\t\t\t    <div class=\"!my-auto max-w-[455px] text-white\">\n        <p>Ein AXA Fold Lite Schloss hat 8 Glieder anstelle von 6, wie bei einigen Schl\u00f6ssern unserer Konkurrenten. Dadurch kannst du dein Fahrrad leicht an einem Pfosten oder Zaun befestigen. Au\u00dferdem haben die Glieder einen Gummischutz, der verhindert, dass Kratzer auf deinem Fahrrad entstehen.<\/p>\n\n    <\/div>\n\t<\/div>\n\t<\/div>\n<\/article>\n\t\t\t\t\t<\/div>\n\t\t\t\t\t\t\t\t\t<div class=\"swiper-slide !h-auto \">\n\t\t\t\t\t\t<article class=\"relative w-full px-[35px] h-[500px] overflow-hidden\">\n\t<div class=\"absolute inset-0 w-full h-full -z-10\">\n\t\t<div class=\"absolute inset-0 z-10 w-full h-full bg-black\/20\"><\/div>\n\t\t\t<img loading=\"lazy\" decoding=\"async\" width=\"2048\" height=\"1024\" src=\"https:\/\/axabikesecurity.com\/de\/wp-content\/uploads\/sites\/17\/2024\/04\/AXA-Fold-Lite-Handige-houder.jpg?w=2048\" class=\"w-full h-full object-cover object-center \" alt=\"AXA Fold lite\" srcset=\"https:\/\/axabikesecurity.com\/de\/wp-content\/uploads\/sites\/17\/2024\/04\/AXA-Fold-Lite-Handige-houder.jpg 2400w, https:\/\/axabikesecurity.com\/de\/wp-content\/uploads\/sites\/17\/2024\/04\/AXA-Fold-Lite-Handige-houder.jpg?resize=512,256 512w, https:\/\/axabikesecurity.com\/de\/wp-content\/uploads\/sites\/17\/2024\/04\/AXA-Fold-Lite-Handige-houder.jpg?resize=768,384 768w, https:\/\/axabikesecurity.com\/de\/wp-content\/uploads\/sites\/17\/2024\/04\/AXA-Fold-Lite-Handige-houder.jpg?resize=2048,1024 2048w, https:\/\/axabikesecurity.com\/de\/wp-content\/uploads\/sites\/17\/2024\/04\/AXA-Fold-Lite-Handige-houder.jpg?resize=1536,768 1536w, https:\/\/axabikesecurity.com\/de\/wp-content\/uploads\/sites\/17\/2024\/04\/AXA-Fold-Lite-Handige-houder.jpg?resize=1440,720 1440w, https:\/\/axabikesecurity.com\/de\/wp-content\/uploads\/sites\/17\/2024\/04\/AXA-Fold-Lite-Handige-houder.jpg?resize=600,300 600w\" sizes=\"auto, (max-width: 2048px) 100vw, 2048px\" data-ot-ignore=\"\" \/>\n\t<\/div>\n\t<div class=\"h-full w-full flex\">\n\t\t<div class=\"content !my-auto max-w-[455px] text-white    \">\n\t\t\t\t\t\t\t    <h2 class=\"\">Praktische Halterung<\/h2>\n\t\t\t    <div class=\"!my-auto max-w-[455px] text-white\">\n        <p>Die AXA Fold Lite Serie wird mit einer praktischen Halterung geliefert. Diese kann am Flaschenhalter montiert werden oder du kannst sie mit den 2 mitgelieferten B\u00e4ndern am Rahmen befestigen.<\/p>\n\n    <\/div>\n\t<\/div>\n\t<\/div>\n<\/article>\n\t\t\t\t\t<\/div>\n\t\t\t\t\t\t\t\t\t<div class=\"swiper-slide !h-auto \">\n\t\t\t\t\t\t<article class=\"relative w-full px-[35px] h-[500px] overflow-hidden\">\n\t<div class=\"absolute inset-0 w-full h-full -z-10\">\n\t\t<div class=\"absolute inset-0 z-10 w-full h-full bg-black\/20\"><\/div>\n\t\t\t<img loading=\"lazy\" decoding=\"async\" width=\"2048\" height=\"1024\" src=\"https:\/\/axabikesecurity.com\/de\/wp-content\/uploads\/sites\/17\/2024\/04\/AXA-Fold-Lite-Geen-rammel-geluid.jpg?w=2048\" class=\"w-full h-full object-cover object-center \" alt=\"AXA Fold lite C100\" srcset=\"https:\/\/axabikesecurity.com\/de\/wp-content\/uploads\/sites\/17\/2024\/04\/AXA-Fold-Lite-Geen-rammel-geluid.jpg 2400w, https:\/\/axabikesecurity.com\/de\/wp-content\/uploads\/sites\/17\/2024\/04\/AXA-Fold-Lite-Geen-rammel-geluid.jpg?resize=512,256 512w, https:\/\/axabikesecurity.com\/de\/wp-content\/uploads\/sites\/17\/2024\/04\/AXA-Fold-Lite-Geen-rammel-geluid.jpg?resize=768,384 768w, https:\/\/axabikesecurity.com\/de\/wp-content\/uploads\/sites\/17\/2024\/04\/AXA-Fold-Lite-Geen-rammel-geluid.jpg?resize=2048,1024 2048w, https:\/\/axabikesecurity.com\/de\/wp-content\/uploads\/sites\/17\/2024\/04\/AXA-Fold-Lite-Geen-rammel-geluid.jpg?resize=1536,768 1536w, https:\/\/axabikesecurity.com\/de\/wp-content\/uploads\/sites\/17\/2024\/04\/AXA-Fold-Lite-Geen-rammel-geluid.jpg?resize=1440,720 1440w, https:\/\/axabikesecurity.com\/de\/wp-content\/uploads\/sites\/17\/2024\/04\/AXA-Fold-Lite-Geen-rammel-geluid.jpg?resize=600,300 600w\" sizes=\"auto, (max-width: 2048px) 100vw, 2048px\" data-ot-ignore=\"\" \/>\n\t<\/div>\n\t<div class=\"h-full w-full flex\">\n\t\t<div class=\"content !my-auto max-w-[455px] text-white    \">\n\t\t\t\t\t\t\t    <h2 class=\"\">Kein Klapperger\u00e4usch<\/h2>\n\t\t\t    <div class=\"!my-auto max-w-[455px] text-white\">\n        <p>Das Schloss befindet sich unten in der Halterung, daher kannst du es einfach herauskippen. Da du das Schloss nicht aus der Halterung schieben musst, passt es auf alle Rahmen.<\/p>\n<p>Dank des revolution\u00e4ren Verschlussmechanismus wird das Schloss in der Halterung fixiert, sodass es w\u00e4hrend der Fahrt nicht klappert.<\/p>\n\n    <\/div>\n\t<\/div>\n\t<\/div>\n<\/article>\n\t\t\t\t\t<\/div>\n\t\t\t\t\t\t\t<\/div>\n\t\t<\/div>\n\t\t<div class=\"mt-12 flex gap-9 items-center  relative z-10 justify-end\">\n\n\t\t\t\n\t\t\t\n\t\t\t<div class=\"flex gap-4 items-center\">\n\t\t\t\t<div class=\"swiper-button-prev \" style=\"\"><\/div>\n\t\t\t\t\t\t\t\t<div class=\"swiper-button-next \" style=\"\"><\/div>\n\t\t\t<\/div>\n\t\t<\/div>\n\t<\/div>\n\n<\/div>\n\t\t\t\t<\/div>\n\t\t\t<\/div>\n\t\t<\/div>\n\t<\/div>\n<\/section>\n\n\n<section id=\"\" class=\"is-layout-flex wp-block-acf-content-image-is-layout-flex\" style=\"padding-top:var(--wp--preset--spacing--20); padding-bottom:var(--wp--preset--spacing--20); color: var(--wp--preset--color--font); \">\n\t<div class=\"container\">\n\n\t\t<div class=\"flex flex-col gap-10 lg:gap-0 lg:flex-row relative justify-start items-center justify-start \">\n\n\t\t\t<div class=\"w-full md:w-7\/12\">\n\t\t\t\t\t<div class=\"rounded-[2px] overflow-hidden\">\n\t\t\t\t<img loading=\"lazy\" decoding=\"async\" width=\"2048\" height=\"1367\" src=\"https:\/\/axabikesecurity.com\/de\/wp-content\/uploads\/sites\/17\/2024\/04\/59840995SC-AXA-Fold-Lite-80-Duo-Pack-on-counter.jpg?w=2048\" class=\"w-full media-cutoff \" alt=\"AXA Bike Security Fold Lite Duo on a counter, lifestyle image\" srcset=\"https:\/\/axabikesecurity.com\/de\/wp-content\/uploads\/sites\/17\/2024\/04\/59840995SC-AXA-Fold-Lite-80-Duo-Pack-on-counter.jpg 5862w, https:\/\/axabikesecurity.com\/de\/wp-content\/uploads\/sites\/17\/2024\/04\/59840995SC-AXA-Fold-Lite-80-Duo-Pack-on-counter.jpg?resize=512,342 512w, https:\/\/axabikesecurity.com\/de\/wp-content\/uploads\/sites\/17\/2024\/04\/59840995SC-AXA-Fold-Lite-80-Duo-Pack-on-counter.jpg?resize=768,513 768w, https:\/\/axabikesecurity.com\/de\/wp-content\/uploads\/sites\/17\/2024\/04\/59840995SC-AXA-Fold-Lite-80-Duo-Pack-on-counter.jpg?resize=2048,1367 2048w, https:\/\/axabikesecurity.com\/de\/wp-content\/uploads\/sites\/17\/2024\/04\/59840995SC-AXA-Fold-Lite-80-Duo-Pack-on-counter.jpg?resize=1536,1025 1536w, https:\/\/axabikesecurity.com\/de\/wp-content\/uploads\/sites\/17\/2024\/04\/59840995SC-AXA-Fold-Lite-80-Duo-Pack-on-counter.jpg?resize=1213,810 1213w, https:\/\/axabikesecurity.com\/de\/wp-content\/uploads\/sites\/17\/2024\/04\/59840995SC-AXA-Fold-Lite-80-Duo-Pack-on-counter.jpg?resize=600,401 600w\" sizes=\"auto, (max-width: 2048px) 100vw, 2048px\" data-ot-ignore=\"\" \/>\n\t<\/div>\n\t\t\t<\/div>\n\n\t\t\t<div class=\"w-full md:w-6\/12 lg:absolute top-1\/2 lg:-translate-y-1\/2 bg-white py-10 pl-9 pr-7 shadow-contentcard rounded-[2px] right-0\">\n\t\t\t\t<div class=\"content [&amp;_p]:text-[18px]    \">\n\t\t\t\t\t\t\t    <h3 id=\"block_acf-block-662b815beac4e6.28220027\" class=\"\">Fold Lite 80 Duo<\/h3>\n\t\t\t    <div class=\"[&amp;_p]:text-[18px]\">\n        <p>Da es ein so beliebtes Produkt unter Radfahrern ist, ist das Schloss jetzt als Duo Pack erh\u00e4ltlich. Die beiden Schl\u00f6sser werden mit demselben Schl\u00fcssel ge\u00f6ffnet, was in Haushalten praktisch ist. Das bedeutet, dass das Duo Pack nicht mit einem Satz von zwei Schl\u00fcsseln verkauft wird, sondern mit insgesamt vier Schl\u00fcsseln. Du kannst die beiden Schl\u00f6sser miteinander verbinden, um die L\u00e4nge zu verdoppeln.<\/p>\n\n    <\/div>\n\t<\/div>\n\t\t\t<\/div>\n\n\t\t<\/div>\n\n\t<\/div>\n<\/section>\n\n\n<section id=\"\" class=\"is-layout-flex wp-block-acf-content-image-video-is-layout-flex\" style=\"padding-top:var(--wp--preset--spacing--80); padding-bottom:var(--wp--preset--spacing--80); color: var(--wp--preset--color--font); \">\n    <div class=\"container\">\n\n        <div class=\"flex flex-col gap-12 items-center justify-start horizontal\">\n\n            <div class=\"flex justify-start\">\n                <div class=\"w-full md:w-1\/2\">\n                        <h3 id=\"block_acf-block-662b815beaf7a7.65016833\" class=\"\">Gro\u00dfartig in der Benutzerfreundlichkeit<\/h3>\n                        <div class=\"\">\n        <p>Das AXA Fold Lite Schloss ist praktisch im t\u00e4glichen Gebrauch, st\u00f6rt nicht auf deinem Fahrrad und ist aufgrund seines geringen Gewichts leicht mitzunehmen. Sieh dir hier das Video an.<\/p>\n\n    <\/div>\n                <\/div>\n            <\/div>\n\n            <div class=\"flex justify-start w-full justify-end\">\n                <div class=\"w-full md:w-3\/4 relative overflow-hidden before:w-[256px] before:h-[256px] before:rotate-[45deg] before:hidden before:md:block before:bottom-[-40%] before:left-[-25%] before:md:left-[-25%] before:lg:left-[-20%] before:xl:left-[-16%] before:bg-white before:content-[&#039;&#039;] before:absolute before:z-[4] after:w-[256px] after:h-[256px] after:rotate-[45deg] after:hidden after:md:block after:top-[-40%] after:right-[-25%] after:md:right-[-25%] after:lg:right-[-20%] after:xl:right-[-16%] after:bg-white after:content-[&#039;&#039;] after:absolute after:z-[4]\">\n\n                                            <div class=\"video \">\n\t<iframe loading=\"lazy\" title=\"AXA Fold Lite 80 - Is a light weight folding lock for bicycles that are parked for a shorter period\" width=\"640\" height=\"360\" src=\"https:\/\/www.youtube.com\/embed\/b1qqLHp0DoY?feature=oembed\" frameborder=\"0\" allow=\"accelerometer; autoplay; clipboard-write; encrypted-media; gyroscope; picture-in-picture; web-share\" referrerpolicy=\"strict-origin-when-cross-origin\" allowfullscreen data-ot-ignore><\/iframe>\n<\/div>\n                                    <\/div>\n            <\/div>\n\n        <\/div>\n        \n    <\/div>\n<\/section>\n","protected":false},"excerpt":{"rendered":"","protected":false},"author":20,"featured_media":0,"parent":0,"menu_order":0,"comment_status":"closed","ping_status":"closed","template":"","meta":{"_acf_changed":false,"_trash_the_other_posts":false,"footnotes":""},"class_list":["post-15566","page","type-page","status-publish","hentry"],"acf":[],"yoast_head":"<!-- This site is optimized with the Yoast SEO plugin v27.4 - https:\/\/yoast.com\/product\/yoast-seo-wordpress\/ -->\n<title>Landing page - Fold Lite serie | AXA Bike Security \ud83c\udde9\ud83c\uddea<\/title>\n<meta name=\"description\" content=\"Entscheiden Sie sich f\u00fcr das AXA Fold Lite und sichern Sie Ihr Fahrrad an einem Pfosten. Auch in einer Code-Variante erh\u00e4ltlich!\" \/>\n<meta name=\"robots\" content=\"index, follow, max-snippet:-1, max-image-preview:large, max-video-preview:-1\" \/>\n<link rel=\"canonical\" href=\"https:\/\/axabikesecurity.com\/de\/landing-page-fold-lite-serie\/\" \/>\n<meta property=\"og:locale\" content=\"en_US\" \/>\n<meta property=\"og:type\" content=\"article\" \/>\n<meta property=\"og:title\" content=\"Landing page - Fold Lite serie | AXA Bike Security \ud83c\udde9\ud83c\uddea\" \/>\n<meta property=\"og:description\" content=\"Entscheiden Sie sich f\u00fcr das AXA Fold Lite und sichern Sie Ihr Fahrrad an einem Pfosten. Auch in einer Code-Variante erh\u00e4ltlich!\" \/>\n<meta property=\"og:url\" content=\"https:\/\/axabikesecurity.com\/de\/landing-page-fold-lite-serie\/\" \/>\n<meta property=\"og:site_name\" content=\"AXA Bike Security \ud83c\udde9\ud83c\uddea\" \/>\n<meta property=\"article:modified_time\" content=\"2024-04-29T12:50:21+00:00\" \/>\n<meta name=\"twitter:card\" content=\"summary_large_image\" \/>\n<script type=\"application\/ld+json\" class=\"yoast-schema-graph\">{\"@context\":\"https:\\\/\\\/schema.org\",\"@graph\":[{\"@type\":\"WebPage\",\"@id\":\"https:\\\/\\\/axabikesecurity.com\\\/de\\\/landing-page-fold-lite-serie\\\/\",\"url\":\"https:\\\/\\\/axabikesecurity.com\\\/de\\\/landing-page-fold-lite-serie\\\/\",\"name\":\"Landing page - Fold Lite serie | AXA Bike Security \ud83c\udde9\ud83c\uddea\",\"isPartOf\":{\"@id\":\"https:\\\/\\\/axabikesecurity.com\\\/de\\\/#website\"},\"datePublished\":\"2024-04-23T16:13:01+00:00\",\"dateModified\":\"2024-04-29T12:50:21+00:00\",\"description\":\"Entscheiden Sie sich f\u00fcr das AXA Fold Lite und sichern Sie Ihr Fahrrad an einem Pfosten. Auch in einer Code-Variante erh\u00e4ltlich!\",\"breadcrumb\":{\"@id\":\"https:\\\/\\\/axabikesecurity.com\\\/de\\\/landing-page-fold-lite-serie\\\/#breadcrumb\"},\"inLanguage\":\"en-US\",\"potentialAction\":[{\"@type\":\"ReadAction\",\"target\":[\"https:\\\/\\\/axabikesecurity.com\\\/de\\\/landing-page-fold-lite-serie\\\/\"]}]},{\"@type\":\"BreadcrumbList\",\"@id\":\"https:\\\/\\\/axabikesecurity.com\\\/de\\\/landing-page-fold-lite-serie\\\/#breadcrumb\",\"itemListElement\":[{\"@type\":\"ListItem\",\"position\":1,\"name\":\"house\",\"item\":\"https:\\\/\\\/axabikesecurity.com\\\/de\\\/\"},{\"@type\":\"ListItem\",\"position\":2,\"name\":\"Landing page &#8211; Fold Lite serie\"}]},{\"@type\":\"WebSite\",\"@id\":\"https:\\\/\\\/axabikesecurity.com\\\/de\\\/#website\",\"url\":\"https:\\\/\\\/axabikesecurity.com\\\/de\\\/\",\"name\":\"AXA Bike\",\"description\":\"\",\"potentialAction\":[{\"@type\":\"SearchAction\",\"target\":{\"@type\":\"EntryPoint\",\"urlTemplate\":\"https:\\\/\\\/axabikesecurity.com\\\/de\\\/?s={search_term_string}\"},\"query-input\":{\"@type\":\"PropertyValueSpecification\",\"valueRequired\":true,\"valueName\":\"search_term_string\"}}],\"inLanguage\":\"en-US\"}]}<\/script>\n<!-- \/ Yoast SEO plugin. -->","yoast_head_json":{"title":"Landing page - Fold Lite serie | AXA Bike Security \ud83c\udde9\ud83c\uddea","description":"Entscheiden Sie sich f\u00fcr das AXA Fold Lite und sichern Sie Ihr Fahrrad an einem Pfosten. Auch in einer Code-Variante erh\u00e4ltlich!","robots":{"index":"index","follow":"follow","max-snippet":"max-snippet:-1","max-image-preview":"max-image-preview:large","max-video-preview":"max-video-preview:-1"},"canonical":"https:\/\/axabikesecurity.com\/de\/landing-page-fold-lite-serie\/","og_locale":"en_US","og_type":"article","og_title":"Landing page - Fold Lite serie | AXA Bike Security \ud83c\udde9\ud83c\uddea","og_description":"Entscheiden Sie sich f\u00fcr das AXA Fold Lite und sichern Sie Ihr Fahrrad an einem Pfosten. Auch in einer Code-Variante erh\u00e4ltlich!","og_url":"https:\/\/axabikesecurity.com\/de\/landing-page-fold-lite-serie\/","og_site_name":"AXA Bike Security \ud83c\udde9\ud83c\uddea","article_modified_time":"2024-04-29T12:50:21+00:00","twitter_card":"summary_large_image","schema":{"@context":"https:\/\/schema.org","@graph":[{"@type":"WebPage","@id":"https:\/\/axabikesecurity.com\/de\/landing-page-fold-lite-serie\/","url":"https:\/\/axabikesecurity.com\/de\/landing-page-fold-lite-serie\/","name":"Landing page - Fold Lite serie | AXA Bike Security \ud83c\udde9\ud83c\uddea","isPartOf":{"@id":"https:\/\/axabikesecurity.com\/de\/#website"},"datePublished":"2024-04-23T16:13:01+00:00","dateModified":"2024-04-29T12:50:21+00:00","description":"Entscheiden Sie sich f\u00fcr das AXA Fold Lite und sichern Sie Ihr Fahrrad an einem Pfosten. Auch in einer Code-Variante erh\u00e4ltlich!","breadcrumb":{"@id":"https:\/\/axabikesecurity.com\/de\/landing-page-fold-lite-serie\/#breadcrumb"},"inLanguage":"en-US","potentialAction":[{"@type":"ReadAction","target":["https:\/\/axabikesecurity.com\/de\/landing-page-fold-lite-serie\/"]}]},{"@type":"BreadcrumbList","@id":"https:\/\/axabikesecurity.com\/de\/landing-page-fold-lite-serie\/#breadcrumb","itemListElement":[{"@type":"ListItem","position":1,"name":"house","item":"https:\/\/axabikesecurity.com\/de\/"},{"@type":"ListItem","position":2,"name":"Landing page &#8211; Fold Lite serie"}]},{"@type":"WebSite","@id":"https:\/\/axabikesecurity.com\/de\/#website","url":"https:\/\/axabikesecurity.com\/de\/","name":"AXA Bike","description":"","potentialAction":[{"@type":"SearchAction","target":{"@type":"EntryPoint","urlTemplate":"https:\/\/axabikesecurity.com\/de\/?s={search_term_string}"},"query-input":{"@type":"PropertyValueSpecification","valueRequired":true,"valueName":"search_term_string"}}],"inLanguage":"en-US"}]}},"jetpack_sharing_enabled":true,"_links":{"self":[{"href":"https:\/\/axabikesecurity.com\/de\/wp-json\/wp\/v2\/pages\/15566","targetHints":{"allow":["GET"]}}],"collection":[{"href":"https:\/\/axabikesecurity.com\/de\/wp-json\/wp\/v2\/pages"}],"about":[{"href":"https:\/\/axabikesecurity.com\/de\/wp-json\/wp\/v2\/types\/page"}],"author":[{"embeddable":true,"href":"https:\/\/axabikesecurity.com\/de\/wp-json\/wp\/v2\/users\/20"}],"replies":[{"embeddable":true,"href":"https:\/\/axabikesecurity.com\/de\/wp-json\/wp\/v2\/comments?post=15566"}],"version-history":[{"count":99,"href":"https:\/\/axabikesecurity.com\/de\/wp-json\/wp\/v2\/pages\/15566\/revisions"}],"predecessor-version":[{"id":16854,"href":"https:\/\/axabikesecurity.com\/de\/wp-json\/wp\/v2\/pages\/15566\/revisions\/16854"}],"wp:attachment":[{"href":"https:\/\/axabikesecurity.com\/de\/wp-json\/wp\/v2\/media?parent=15566"}],"curies":[{"name":"wp","href":"https:\/\/api.w.org\/{rel}","templated":true}]}}