{"id":15607,"date":"2024-04-24T13:09:08","date_gmt":"2024-04-24T13:09:08","guid":{"rendered":"https:\/\/axabikesecurity.com\/nl\/?page_id=15607"},"modified":"2024-07-17T17:51:25","modified_gmt":"2024-07-17T17:51:25","slug":"informatie-zien-en-gezien-worden","status":"publish","type":"page","link":"https:\/\/axabikesecurity.com\/de\/informatie-zien-en-gezien-worden\/","title":{"rendered":"Informationen &#8211; Sehen und Gesehen werden"},"content":{"rendered":"<section id=\"\" class=\"relative after:w-full after:h-full after:top-0 after:left-0 after:bg-[rgba(0,0,0,0.35)] after:absolute   !pt-[96px] is-layout-flex wp-block-acf-hero-is-layout-flex\" style=\"padding-top:16px; padding-bottom:136px; color: var(--wp--preset--color--font); \">\n\n\t\t\t\t<img loading=\"lazy\" decoding=\"async\" width=\"2048\" height=\"1024\" src=\"https:\/\/axabikesecurity.com\/de\/wp-content\/uploads\/sites\/17\/2024\/07\/To-see-be-seen.jpg?w=2048\" class=\"w-full h-full absolute top-0 left-0 object-cover \" alt=\"To see-be seen\" srcset=\"https:\/\/axabikesecurity.com\/de\/wp-content\/uploads\/sites\/17\/2024\/07\/To-see-be-seen.jpg 2400w, https:\/\/axabikesecurity.com\/de\/wp-content\/uploads\/sites\/17\/2024\/07\/To-see-be-seen.jpg?resize=512,256 512w, https:\/\/axabikesecurity.com\/de\/wp-content\/uploads\/sites\/17\/2024\/07\/To-see-be-seen.jpg?resize=768,384 768w, https:\/\/axabikesecurity.com\/de\/wp-content\/uploads\/sites\/17\/2024\/07\/To-see-be-seen.jpg?resize=2048,1024 2048w, https:\/\/axabikesecurity.com\/de\/wp-content\/uploads\/sites\/17\/2024\/07\/To-see-be-seen.jpg?resize=1536,768 1536w, https:\/\/axabikesecurity.com\/de\/wp-content\/uploads\/sites\/17\/2024\/07\/To-see-be-seen.jpg?resize=1440,720 1440w, https:\/\/axabikesecurity.com\/de\/wp-content\/uploads\/sites\/17\/2024\/07\/To-see-be-seen.jpg?resize=600,300 600w\" sizes=\"auto, (max-width: 2048px) 100vw, 2048px\" data-ot-ignore=\"\" \/>\n\t\n\t\n\t<div class=\"relative container z-10\">\n\n\t\t<div class=\"relative w-full lg:w-6\/12\">\n\t\t\t<div class=\"content text-white    \">\n\t\t\t\t    <h1 class=\"\">Was bedeutet &#8216;Sehen&#8217; und &#8216;Gesehen werden&#8217;?<\/h1>\n\t\t\t<\/div>\n\t\t<\/div>\n\n\t<\/div>\n<\/section>\n\n\n<section id=\"\" class=\"\" style=\"padding-top:var(--wp--preset--spacing--80); padding-bottom:var(--wp--preset--spacing--80); color: var(--wp--preset--color--font); \">\n\t<div class=\"container\">\n\t\t<div class=\"content     \">\n\t\t\t\t\t\t    <div class=\"\">\n        <p>Wenn du mit dem Fahrrad am Verkehr teilnimmst, ist es wichtig, sowohl selbst gut sehen zu k\u00f6nnen als auch von anderen Verkehrsteilnehmern gesehen zu werden. Auf unserer Website wird daher bei der Beleuchtung zwischen &#8216;Sehen&#8217; und &#8216;Gesehen werden&#8217; unterschieden.<\/p>\n\n    <\/div>\n\t<\/div>\n\t<\/div>\n<\/section>\n\n\n<section id=\"\" class=\"is-layout-flex wp-block-acf-content-image-is-layout-flex\" style=\"padding-top:var(--wp--preset--spacing--80); padding-bottom:var(--wp--preset--spacing--80); color: var(--wp--preset--color--font); \">\n\t<div class=\"container\">\n\n\t\t<div class=\"flex flex-col gap-10 lg:gap-0 lg:flex-row relative justify-end items-center justify-start \">\n\n\t\t\t<div class=\"w-full md:w-7\/12\">\n\t\t\t\t\t<div class=\"rounded-[2px] overflow-hidden\">\n\t\t\t\t<img loading=\"lazy\" decoding=\"async\" width=\"2048\" height=\"1365\" src=\"https:\/\/axabikesecurity.com\/de\/wp-content\/uploads\/sites\/17\/2024\/04\/2023-Utrecht-AXA-Dwn-Sfeer_18.jpg?w=2048\" class=\"w-full media-cutoff \" alt=\"\" srcset=\"https:\/\/axabikesecurity.com\/de\/wp-content\/uploads\/sites\/17\/2024\/04\/2023-Utrecht-AXA-Dwn-Sfeer_18.jpg 7188w, https:\/\/axabikesecurity.com\/de\/wp-content\/uploads\/sites\/17\/2024\/04\/2023-Utrecht-AXA-Dwn-Sfeer_18.jpg?resize=512,341 512w, https:\/\/axabikesecurity.com\/de\/wp-content\/uploads\/sites\/17\/2024\/04\/2023-Utrecht-AXA-Dwn-Sfeer_18.jpg?resize=768,512 768w, https:\/\/axabikesecurity.com\/de\/wp-content\/uploads\/sites\/17\/2024\/04\/2023-Utrecht-AXA-Dwn-Sfeer_18.jpg?resize=2048,1365 2048w, https:\/\/axabikesecurity.com\/de\/wp-content\/uploads\/sites\/17\/2024\/04\/2023-Utrecht-AXA-Dwn-Sfeer_18.jpg?resize=1536,1024 1536w, https:\/\/axabikesecurity.com\/de\/wp-content\/uploads\/sites\/17\/2024\/04\/2023-Utrecht-AXA-Dwn-Sfeer_18.jpg?resize=1215,810 1215w, https:\/\/axabikesecurity.com\/de\/wp-content\/uploads\/sites\/17\/2024\/04\/2023-Utrecht-AXA-Dwn-Sfeer_18.jpg?resize=600,400 600w\" sizes=\"auto, (max-width: 2048px) 100vw, 2048px\" data-ot-ignore=\"\" \/>\n\t<\/div>\n\t\t\t<\/div>\n\n\t\t\t<div class=\"w-full md:w-6\/12 lg:absolute top-1\/2 lg:-translate-y-1\/2 bg-white py-10 pl-9 pr-7 shadow-contentcard rounded-[2px] left-0\">\n\t\t\t\t<div class=\"content [&amp;_p]:text-[18px]    \">\n\t\t\t\t\t\t\t    <h3 id=\"block_acf-block-6698049ce4ce38.29472010\" class=\"\">Sehen<\/h3>\n\t\t\t    <div class=\"[&amp;_p]:text-[18px]\">\n        <p>&#8216;Sehen&#8217; gibt an, wie weit du selbst mit der Beleuchtung sehen kannst. Diese Beleuchtung wird haupts\u00e4chlich von Radfahrern verwendet, die auf schlecht beleuchteten Stra\u00dfen fahren und die Lampe verwenden, um selbst einen guten Blick auf die Fahrbahn zu haben.<\/p>\n\n    <\/div>\n\t<\/div>\n\t\t\t<\/div>\n\n\t\t<\/div>\n\n\t<\/div>\n<\/section>\n\n\n<section id=\"\" class=\"is-layout-flex wp-block-acf-content-image-is-layout-flex\" style=\"padding-top:var(--wp--preset--spacing--80); padding-bottom:var(--wp--preset--spacing--80); color: var(--wp--preset--color--font); \">\n\t<div class=\"container\">\n\n\t\t<div class=\"flex flex-col gap-10 lg:gap-0 lg:flex-row relative justify-start items-center justify-start \">\n\n\t\t\t<div class=\"w-full md:w-7\/12\">\n\t\t\t\t\t<div class=\"rounded-[2px] overflow-hidden\">\n\t\t\t\t<img loading=\"lazy\" decoding=\"async\" width=\"2048\" height=\"1365\" src=\"https:\/\/axabikesecurity.com\/de\/wp-content\/uploads\/sites\/17\/2024\/04\/AXA-Dwn-Sfeer_19-1.jpeg?w=2048\" class=\"w-full media-cutoff \" alt=\"\" srcset=\"https:\/\/axabikesecurity.com\/de\/wp-content\/uploads\/sites\/17\/2024\/04\/AXA-Dwn-Sfeer_19-1.jpeg 8256w, https:\/\/axabikesecurity.com\/de\/wp-content\/uploads\/sites\/17\/2024\/04\/AXA-Dwn-Sfeer_19-1.jpeg?resize=512,341 512w, https:\/\/axabikesecurity.com\/de\/wp-content\/uploads\/sites\/17\/2024\/04\/AXA-Dwn-Sfeer_19-1.jpeg?resize=768,512 768w, https:\/\/axabikesecurity.com\/de\/wp-content\/uploads\/sites\/17\/2024\/04\/AXA-Dwn-Sfeer_19-1.jpeg?resize=2048,1365 2048w, https:\/\/axabikesecurity.com\/de\/wp-content\/uploads\/sites\/17\/2024\/04\/AXA-Dwn-Sfeer_19-1.jpeg?resize=1536,1024 1536w, https:\/\/axabikesecurity.com\/de\/wp-content\/uploads\/sites\/17\/2024\/04\/AXA-Dwn-Sfeer_19-1.jpeg?resize=1215,810 1215w, https:\/\/axabikesecurity.com\/de\/wp-content\/uploads\/sites\/17\/2024\/04\/AXA-Dwn-Sfeer_19-1.jpeg?resize=600,400 600w\" sizes=\"auto, (max-width: 2048px) 100vw, 2048px\" data-ot-ignore=\"\" \/>\n\t<\/div>\n\t\t\t<\/div>\n\n\t\t\t<div class=\"w-full md:w-6\/12 lg:absolute top-1\/2 lg:-translate-y-1\/2 bg-white py-10 pl-9 pr-7 shadow-contentcard rounded-[2px] right-0\">\n\t\t\t\t<div class=\"content [&amp;_p]:text-[18px]    \">\n\t\t\t\t\t\t\t    <h3 id=\"block_acf-block-6698049ce4d1b0.84445428\" class=\"\">Gesehen werden<\/h3>\n\t\t\t    <div class=\"[&amp;_p]:text-[18px]\">\n        <section id=\"\" class=\"\">\n<div class=\"container\">\n<div class=\"content \">\n<div class=\"\">\n<p>&#8216;Gesehen werden&#8217; gibt an, ab welcher Entfernung du von anderen Verkehrsteilnehmern gesehen werden kannst. Diese Beleuchtung ist besonders n\u00fctzlich, wenn du in der Stadt f\u00e4hrst und auf gut beleuchteten Stra\u00dfen gesehen werden m\u00f6chtest.<\/p>\n<\/div>\n<\/div>\n<\/div>\n<\/section>\n\n    <\/div>\n\t<\/div>\n\t\t\t<\/div>\n\n\t\t<\/div>\n\n\t<\/div>\n<\/section>\n\n\n<section id=\"\" class=\"is-layout-flex wp-block-acf-video-is-layout-flex\" style=\"padding-top:var(--wp--preset--spacing--80); padding-bottom:var(--wp--preset--spacing--80); color: var(--wp--preset--color--font); \">\n    <div class=\"container\">\n        <div class=\"flex flex-row gap-12 justify-end\">\n                <div class=\"w-full \">\n\n                                                <h3 id=\"block_acf-block-6698049ce4d3d8.36078333\" class=\"mb-6\">Stelle sicher, dass du gesehen wirst<\/h3>\n                    \n                                            <div class=\"video \">\n\t<iframe loading=\"lazy\" title=\"AXA: wordt gezien fiets verlicht\" width=\"640\" height=\"360\" src=\"https:\/\/www.youtube.com\/embed\/j-tTU1wdl4U?feature=oembed\" frameborder=\"0\" allow=\"accelerometer; autoplay; clipboard-write; encrypted-media; gyroscope; picture-in-picture; web-share\" referrerpolicy=\"strict-origin-when-cross-origin\" allowfullscreen data-ot-ignore><\/iframe>\n<\/div>\n                    \n                    \n                <\/div>\n            <\/div>\n    <\/div>\n<\/section>\n","protected":false},"excerpt":{"rendered":"","protected":false},"author":17,"featured_media":0,"parent":0,"menu_order":0,"comment_status":"closed","ping_status":"closed","template":"","meta":{"_acf_changed":false,"_trash_the_other_posts":false,"footnotes":""},"class_list":["post-15607","page","type-page","status-publish","hentry"],"acf":[],"yoast_head":"<!-- This site is optimized with the Yoast SEO plugin v27.1.1 - https:\/\/yoast.com\/product\/yoast-seo-wordpress\/ -->\n<title>Informationen - Sehen und Gesehen werden | AXA Bike Security \ud83c\udde9\ud83c\uddea<\/title>\n<meta name=\"description\" content=\"Wenn du mit deinem Fahrrad am Stra\u00dfenverkehr teilnimmst, ist es wichtig, sowohl selbst gut sehen zu k\u00f6nnen als auch von anderen Verkehrsteilnehmern gesehen zu werden.\" \/>\n<meta name=\"robots\" content=\"index, follow, max-snippet:-1, max-image-preview:large, max-video-preview:-1\" \/>\n<link rel=\"canonical\" href=\"https:\/\/axabikesecurity.com\/de\/informatie-zien-en-gezien-worden\/\" \/>\n<meta property=\"og:locale\" content=\"en_US\" \/>\n<meta property=\"og:type\" content=\"article\" \/>\n<meta property=\"og:title\" content=\"Informationen - Sehen und Gesehen werden | AXA Bike Security \ud83c\udde9\ud83c\uddea\" \/>\n<meta property=\"og:description\" content=\"Wenn du mit deinem Fahrrad am Stra\u00dfenverkehr teilnimmst, ist es wichtig, sowohl selbst gut sehen zu k\u00f6nnen als auch von anderen Verkehrsteilnehmern gesehen zu werden.\" \/>\n<meta property=\"og:url\" content=\"https:\/\/axabikesecurity.com\/de\/informatie-zien-en-gezien-worden\/\" \/>\n<meta property=\"og:site_name\" content=\"AXA Bike Security \ud83c\udde9\ud83c\uddea\" \/>\n<meta property=\"article:modified_time\" content=\"2024-07-17T17:51:25+00:00\" \/>\n<meta name=\"twitter:card\" content=\"summary_large_image\" \/>\n<script type=\"application\/ld+json\" class=\"yoast-schema-graph\">{\"@context\":\"https:\/\/schema.org\",\"@graph\":[{\"@type\":\"WebPage\",\"@id\":\"https:\/\/axabikesecurity.com\/de\/informatie-zien-en-gezien-worden\/\",\"url\":\"https:\/\/axabikesecurity.com\/de\/informatie-zien-en-gezien-worden\/\",\"name\":\"Informationen - Sehen und Gesehen werden | AXA Bike Security \ud83c\udde9\ud83c\uddea\",\"isPartOf\":{\"@id\":\"https:\/\/axabikesecurity.com\/de\/#website\"},\"datePublished\":\"2024-04-24T13:09:08+00:00\",\"dateModified\":\"2024-07-17T17:51:25+00:00\",\"description\":\"Wenn du mit deinem Fahrrad am Stra\u00dfenverkehr teilnimmst, ist es wichtig, sowohl selbst gut sehen zu k\u00f6nnen als auch von anderen Verkehrsteilnehmern gesehen zu werden.\",\"breadcrumb\":{\"@id\":\"https:\/\/axabikesecurity.com\/de\/informatie-zien-en-gezien-worden\/#breadcrumb\"},\"inLanguage\":\"en-US\",\"potentialAction\":[{\"@type\":\"ReadAction\",\"target\":[\"https:\/\/axabikesecurity.com\/de\/informatie-zien-en-gezien-worden\/\"]}]},{\"@type\":\"BreadcrumbList\",\"@id\":\"https:\/\/axabikesecurity.com\/de\/informatie-zien-en-gezien-worden\/#breadcrumb\",\"itemListElement\":[{\"@type\":\"ListItem\",\"position\":1,\"name\":\"house\",\"item\":\"https:\/\/axabikesecurity.com\/de\/\"},{\"@type\":\"ListItem\",\"position\":2,\"name\":\"Informationen &#8211; Sehen und Gesehen werden\"}]},{\"@type\":\"WebSite\",\"@id\":\"https:\/\/axabikesecurity.com\/de\/#website\",\"url\":\"https:\/\/axabikesecurity.com\/de\/\",\"name\":\"AXA Bike\",\"description\":\"\",\"potentialAction\":[{\"@type\":\"SearchAction\",\"target\":{\"@type\":\"EntryPoint\",\"urlTemplate\":\"https:\/\/axabikesecurity.com\/de\/?s={search_term_string}\"},\"query-input\":{\"@type\":\"PropertyValueSpecification\",\"valueRequired\":true,\"valueName\":\"search_term_string\"}}],\"inLanguage\":\"en-US\"}]}<\/script>\n<!-- \/ Yoast SEO plugin. -->","yoast_head_json":{"title":"Informationen - Sehen und Gesehen werden | AXA Bike Security \ud83c\udde9\ud83c\uddea","description":"Wenn du mit deinem Fahrrad am Stra\u00dfenverkehr teilnimmst, ist es wichtig, sowohl selbst gut sehen zu k\u00f6nnen als auch von anderen Verkehrsteilnehmern gesehen zu werden.","robots":{"index":"index","follow":"follow","max-snippet":"max-snippet:-1","max-image-preview":"max-image-preview:large","max-video-preview":"max-video-preview:-1"},"canonical":"https:\/\/axabikesecurity.com\/de\/informatie-zien-en-gezien-worden\/","og_locale":"en_US","og_type":"article","og_title":"Informationen - Sehen und Gesehen werden | AXA Bike Security \ud83c\udde9\ud83c\uddea","og_description":"Wenn du mit deinem Fahrrad am Stra\u00dfenverkehr teilnimmst, ist es wichtig, sowohl selbst gut sehen zu k\u00f6nnen als auch von anderen Verkehrsteilnehmern gesehen zu werden.","og_url":"https:\/\/axabikesecurity.com\/de\/informatie-zien-en-gezien-worden\/","og_site_name":"AXA Bike Security \ud83c\udde9\ud83c\uddea","article_modified_time":"2024-07-17T17:51:25+00:00","twitter_card":"summary_large_image","schema":{"@context":"https:\/\/schema.org","@graph":[{"@type":"WebPage","@id":"https:\/\/axabikesecurity.com\/de\/informatie-zien-en-gezien-worden\/","url":"https:\/\/axabikesecurity.com\/de\/informatie-zien-en-gezien-worden\/","name":"Informationen - Sehen und Gesehen werden | AXA Bike Security \ud83c\udde9\ud83c\uddea","isPartOf":{"@id":"https:\/\/axabikesecurity.com\/de\/#website"},"datePublished":"2024-04-24T13:09:08+00:00","dateModified":"2024-07-17T17:51:25+00:00","description":"Wenn du mit deinem Fahrrad am Stra\u00dfenverkehr teilnimmst, ist es wichtig, sowohl selbst gut sehen zu k\u00f6nnen als auch von anderen Verkehrsteilnehmern gesehen zu werden.","breadcrumb":{"@id":"https:\/\/axabikesecurity.com\/de\/informatie-zien-en-gezien-worden\/#breadcrumb"},"inLanguage":"en-US","potentialAction":[{"@type":"ReadAction","target":["https:\/\/axabikesecurity.com\/de\/informatie-zien-en-gezien-worden\/"]}]},{"@type":"BreadcrumbList","@id":"https:\/\/axabikesecurity.com\/de\/informatie-zien-en-gezien-worden\/#breadcrumb","itemListElement":[{"@type":"ListItem","position":1,"name":"house","item":"https:\/\/axabikesecurity.com\/de\/"},{"@type":"ListItem","position":2,"name":"Informationen &#8211; Sehen und Gesehen werden"}]},{"@type":"WebSite","@id":"https:\/\/axabikesecurity.com\/de\/#website","url":"https:\/\/axabikesecurity.com\/de\/","name":"AXA Bike","description":"","potentialAction":[{"@type":"SearchAction","target":{"@type":"EntryPoint","urlTemplate":"https:\/\/axabikesecurity.com\/de\/?s={search_term_string}"},"query-input":{"@type":"PropertyValueSpecification","valueRequired":true,"valueName":"search_term_string"}}],"inLanguage":"en-US"}]}},"jetpack_sharing_enabled":true,"_links":{"self":[{"href":"https:\/\/axabikesecurity.com\/de\/wp-json\/wp\/v2\/pages\/15607","targetHints":{"allow":["GET"]}}],"collection":[{"href":"https:\/\/axabikesecurity.com\/de\/wp-json\/wp\/v2\/pages"}],"about":[{"href":"https:\/\/axabikesecurity.com\/de\/wp-json\/wp\/v2\/types\/page"}],"author":[{"embeddable":true,"href":"https:\/\/axabikesecurity.com\/de\/wp-json\/wp\/v2\/users\/17"}],"replies":[{"embeddable":true,"href":"https:\/\/axabikesecurity.com\/de\/wp-json\/wp\/v2\/comments?post=15607"}],"version-history":[{"count":17,"href":"https:\/\/axabikesecurity.com\/de\/wp-json\/wp\/v2\/pages\/15607\/revisions"}],"predecessor-version":[{"id":17160,"href":"https:\/\/axabikesecurity.com\/de\/wp-json\/wp\/v2\/pages\/15607\/revisions\/17160"}],"wp:attachment":[{"href":"https:\/\/axabikesecurity.com\/de\/wp-json\/wp\/v2\/media?parent=15607"}],"curies":[{"name":"wp","href":"https:\/\/api.w.org\/{rel}","templated":true}]}}