{"id":15729,"date":"2024-04-23T07:47:36","date_gmt":"2024-04-23T07:47:36","guid":{"rendered":"https:\/\/axabikesecurity.com\/nl\/?page_id=15729"},"modified":"2024-11-26T11:53:29","modified_gmt":"2024-11-26T11:53:29","slug":"informatie-welk-fietsslot-heb-je-nodig-voor-een-fietsverzekering","status":"publish","type":"page","link":"https:\/\/axabikesecurity.com\/de\/informatie-welk-fietsslot-heb-je-nodig-voor-een-fietsverzekering\/","title":{"rendered":"Informationen &#8211; Welches Fahrradschloss ben\u00f6tigst du f\u00fcr eine Fahrradversicherung"},"content":{"rendered":"<section id=\"\" class=\"relative after:w-full after:h-full after:top-0 after:left-0 after:bg-[rgba(0,0,0,0.35)] after:absolute   !pt-[96px] is-layout-flex wp-block-acf-hero-is-layout-flex\" style=\"padding-top:16px; padding-bottom:136px; color: var(--wp--preset--color--font); \">\n\n\t\t\t\t<img loading=\"lazy\" decoding=\"async\" width=\"2048\" height=\"1024\" src=\"https:\/\/axabikesecurity.com\/de\/wp-content\/uploads\/sites\/17\/2024\/07\/bike-insurance-header.jpg?w=2048\" class=\"w-full h-full absolute top-0 left-0 object-cover \" alt=\"bike insurance-header\" srcset=\"https:\/\/axabikesecurity.com\/de\/wp-content\/uploads\/sites\/17\/2024\/07\/bike-insurance-header.jpg 2400w, https:\/\/axabikesecurity.com\/de\/wp-content\/uploads\/sites\/17\/2024\/07\/bike-insurance-header.jpg?resize=512,256 512w, https:\/\/axabikesecurity.com\/de\/wp-content\/uploads\/sites\/17\/2024\/07\/bike-insurance-header.jpg?resize=768,384 768w, https:\/\/axabikesecurity.com\/de\/wp-content\/uploads\/sites\/17\/2024\/07\/bike-insurance-header.jpg?resize=2048,1024 2048w, https:\/\/axabikesecurity.com\/de\/wp-content\/uploads\/sites\/17\/2024\/07\/bike-insurance-header.jpg?resize=1536,768 1536w, https:\/\/axabikesecurity.com\/de\/wp-content\/uploads\/sites\/17\/2024\/07\/bike-insurance-header.jpg?resize=1440,720 1440w, https:\/\/axabikesecurity.com\/de\/wp-content\/uploads\/sites\/17\/2024\/07\/bike-insurance-header.jpg?resize=600,300 600w\" sizes=\"auto, (max-width: 2048px) 100vw, 2048px\" data-ot-ignore=\"\" \/>\n\t\n\t\n\t<div class=\"relative container z-10\">\n\n\t\t<div class=\"relative w-full lg:w-6\/12\">\n\t\t\t<div class=\"content text-white    \">\n\t\t\t\t    <h1 class=\"\">Welches Fahrradschloss ben\u00f6tigst du f\u00fcr eine Fahrradversicherung?<\/h1>\n\t\t    <div class=\"text-white\">\n        <p>Du hast ein neues Fahrrad gekauft und m\u00f6chtest daf\u00fcr eine Fahrradversicherung abschlie\u00dfen.<\/p>\n<p>Aber wie wei\u00dft du, welches Schloss du f\u00fcr eine Fahrradversicherung ben\u00f6tigst?<\/p>\n\n    <\/div>\n\t<\/div>\n\t\t<\/div>\n\n\t<\/div>\n<\/section>\n\n\n<section id=\"\" class=\"\" style=\"padding-top:var(--wp--preset--spacing--80); padding-bottom:var(--wp--preset--spacing--80); color: var(--wp--preset--color--font); \">\n\t<div class=\"container\">\n\t\t<div class=\"content     \">\n\t\t\t\t\t\t    <div class=\"\">\n        <p>Die genauen Anforderungen findest du in den Versicherungsbedingungen der Versicherungsgesellschaft. Die meisten Versicherer verlangen ein ART2-zugelassenes Fahrradschloss. Das bedeutet, dass ein Fahrradschloss von der <a href=\"https:\/\/stichtingart.nl\/\" target=\"_blank\" rel=\"noopener\">ART-Stiftung<\/a> zugelassen sein muss. Fast alle Versicherer verlangen ein zweites Schloss, das ebenfalls eine ART2-Zertifizierung haben muss. Keines dieser beiden Basisschl\u00f6sser darf ein Einsteckkettenschloss sein.<\/p>\n<p>Die ART-Stiftung testet alle Schl\u00f6sser ausf\u00fchrlich, um festzustellen, ob sie diebstahlsicher sind. W\u00e4hrend dieses Tests wird gepr\u00fcft, ob das Schloss gegen S\u00e4gen und Schneiden best\u00e4ndig ist. Es wird \u00fcberpr\u00fcft, ob das Schloss auch bei Frost noch funktioniert. Schlie\u00dflich wird mit Maschinen die St\u00e4rke des Schlosses getestet. Wenn ein Fahrradschloss diesen Test besteht, erh\u00e4lt es die ART 2-Sterne-Zertifizierung. Die ART-Stiftung genehmigt alle Arten von Fahrradschl\u00f6ssern: Ringschl\u00f6sser, Einsteckketten, Kettenschl\u00f6sser, Faltschl\u00f6sser und B\u00fcgelschl\u00f6sser.<\/p>\n<p>Ein zugelassenes Fahrradschloss garantiert nicht gegen Diebstahl, aber es stellt sicher, dass das Risiko eines Diebstahls erheblich verringert wird. Neben einem zugelassenen Schloss ist es wichtig, das Fahrrad ordnungsgem\u00e4\u00df abzuschlie\u00dfen. <a href=\"https:\/\/axabikesecurity.com\/de\/informatie-hoe-zet-ik-mijn-fiets-op-slot\/\" target=\"_blank\" rel=\"noopener\">Auf dieser Seite findest du alle unsere Tipps.<\/a><\/p>\n\n    <\/div>\n\t<\/div>\n\t<\/div>\n<\/section>\n\n\n<section id=\"\" class=\"\" style=\"padding-top:var(--wp--preset--spacing--80); padding-bottom:var(--wp--preset--spacing--80);  \">\n    <div class=\"container\">\n        <div class=\"grid gap-4 ms:gap-6 grid-cols-2\">\n                            \t<img loading=\"lazy\" decoding=\"async\" width=\"2048\" height=\"1365\" src=\"https:\/\/axabikesecurity.com\/de\/wp-content\/uploads\/sites\/17\/2024\/11\/2023-AXA-Absolute-9-90-Sfeer_04.jpg?w=2048\" class=\"w-full rounded \" alt=\"\" srcset=\"https:\/\/axabikesecurity.com\/de\/wp-content\/uploads\/sites\/17\/2024\/11\/2023-AXA-Absolute-9-90-Sfeer_04.jpg 8256w, https:\/\/axabikesecurity.com\/de\/wp-content\/uploads\/sites\/17\/2024\/11\/2023-AXA-Absolute-9-90-Sfeer_04.jpg?resize=512,341 512w, https:\/\/axabikesecurity.com\/de\/wp-content\/uploads\/sites\/17\/2024\/11\/2023-AXA-Absolute-9-90-Sfeer_04.jpg?resize=768,512 768w, https:\/\/axabikesecurity.com\/de\/wp-content\/uploads\/sites\/17\/2024\/11\/2023-AXA-Absolute-9-90-Sfeer_04.jpg?resize=2048,1365 2048w, https:\/\/axabikesecurity.com\/de\/wp-content\/uploads\/sites\/17\/2024\/11\/2023-AXA-Absolute-9-90-Sfeer_04.jpg?resize=1536,1024 1536w, https:\/\/axabikesecurity.com\/de\/wp-content\/uploads\/sites\/17\/2024\/11\/2023-AXA-Absolute-9-90-Sfeer_04.jpg?resize=1215,810 1215w, https:\/\/axabikesecurity.com\/de\/wp-content\/uploads\/sites\/17\/2024\/11\/2023-AXA-Absolute-9-90-Sfeer_04.jpg?resize=600,400 600w\" sizes=\"auto, (max-width: 2048px) 100vw, 2048px\" data-ot-ignore=\"\" \/>\n                            \t<img loading=\"lazy\" decoding=\"async\" width=\"2048\" height=\"1365\" src=\"https:\/\/axabikesecurity.com\/de\/wp-content\/uploads\/sites\/17\/2024\/04\/AXA-Fold-Ultra-Sfeer_07.jpeg?w=2048\" class=\"w-full rounded \" alt=\"AXA Fold Ultra 90, sfeerbeeld\" srcset=\"https:\/\/axabikesecurity.com\/de\/wp-content\/uploads\/sites\/17\/2024\/04\/AXA-Fold-Ultra-Sfeer_07.jpeg 8256w, https:\/\/axabikesecurity.com\/de\/wp-content\/uploads\/sites\/17\/2024\/04\/AXA-Fold-Ultra-Sfeer_07.jpeg?resize=512,341 512w, https:\/\/axabikesecurity.com\/de\/wp-content\/uploads\/sites\/17\/2024\/04\/AXA-Fold-Ultra-Sfeer_07.jpeg?resize=768,512 768w, https:\/\/axabikesecurity.com\/de\/wp-content\/uploads\/sites\/17\/2024\/04\/AXA-Fold-Ultra-Sfeer_07.jpeg?resize=2048,1365 2048w, https:\/\/axabikesecurity.com\/de\/wp-content\/uploads\/sites\/17\/2024\/04\/AXA-Fold-Ultra-Sfeer_07.jpeg?resize=1536,1024 1536w, https:\/\/axabikesecurity.com\/de\/wp-content\/uploads\/sites\/17\/2024\/04\/AXA-Fold-Ultra-Sfeer_07.jpeg?resize=1215,810 1215w, https:\/\/axabikesecurity.com\/de\/wp-content\/uploads\/sites\/17\/2024\/04\/AXA-Fold-Ultra-Sfeer_07.jpeg?resize=600,400 600w\" sizes=\"auto, (max-width: 2048px) 100vw, 2048px\" data-ot-ignore=\"\" \/>\n                    <\/div>\n    <\/div>\n<\/section>\n","protected":false},"excerpt":{"rendered":"","protected":false},"author":17,"featured_media":0,"parent":0,"menu_order":0,"comment_status":"closed","ping_status":"closed","template":"","meta":{"_acf_changed":false,"_trash_the_other_posts":false,"footnotes":""},"class_list":["post-15729","page","type-page","status-publish","hentry"],"acf":[],"yoast_head":"<!-- This site is optimized with the Yoast SEO plugin v27.1.1 - https:\/\/yoast.com\/product\/yoast-seo-wordpress\/ -->\n<title>Informationen - Welches Fahrradschloss ben\u00f6tigst du f\u00fcr eine Fahrradversicherung | AXA Bike Security \ud83c\udde9\ud83c\uddea<\/title>\n<meta name=\"description\" content=\"Du hast dir ein neues Fahrrad gekauft und m\u00f6chtest daf\u00fcr eine Fahrradversicherung abschlie\u00dfen. Lies hier, welches Schloss geeignet ist.\" \/>\n<meta name=\"robots\" content=\"index, follow, max-snippet:-1, max-image-preview:large, max-video-preview:-1\" \/>\n<link rel=\"canonical\" href=\"https:\/\/axabikesecurity.com\/de\/informatie-welk-fietsslot-heb-je-nodig-voor-een-fietsverzekering\/\" \/>\n<meta property=\"og:locale\" content=\"en_US\" \/>\n<meta property=\"og:type\" content=\"article\" \/>\n<meta property=\"og:title\" content=\"Informationen - Welches Fahrradschloss ben\u00f6tigst du f\u00fcr eine Fahrradversicherung | AXA Bike Security \ud83c\udde9\ud83c\uddea\" \/>\n<meta property=\"og:description\" content=\"Du hast dir ein neues Fahrrad gekauft und m\u00f6chtest daf\u00fcr eine Fahrradversicherung abschlie\u00dfen. Lies hier, welches Schloss geeignet ist.\" \/>\n<meta property=\"og:url\" content=\"https:\/\/axabikesecurity.com\/de\/informatie-welk-fietsslot-heb-je-nodig-voor-een-fietsverzekering\/\" \/>\n<meta property=\"og:site_name\" content=\"AXA Bike Security \ud83c\udde9\ud83c\uddea\" \/>\n<meta property=\"article:modified_time\" content=\"2024-11-26T11:53:29+00:00\" \/>\n<meta name=\"twitter:card\" content=\"summary_large_image\" \/>\n<script type=\"application\/ld+json\" class=\"yoast-schema-graph\">{\"@context\":\"https:\/\/schema.org\",\"@graph\":[{\"@type\":\"WebPage\",\"@id\":\"https:\/\/axabikesecurity.com\/de\/informatie-welk-fietsslot-heb-je-nodig-voor-een-fietsverzekering\/\",\"url\":\"https:\/\/axabikesecurity.com\/de\/informatie-welk-fietsslot-heb-je-nodig-voor-een-fietsverzekering\/\",\"name\":\"Informationen - Welches Fahrradschloss ben\u00f6tigst du f\u00fcr eine Fahrradversicherung | AXA Bike Security \ud83c\udde9\ud83c\uddea\",\"isPartOf\":{\"@id\":\"https:\/\/axabikesecurity.com\/de\/#website\"},\"datePublished\":\"2024-04-23T07:47:36+00:00\",\"dateModified\":\"2024-11-26T11:53:29+00:00\",\"description\":\"Du hast dir ein neues Fahrrad gekauft und m\u00f6chtest daf\u00fcr eine Fahrradversicherung abschlie\u00dfen. Lies hier, welches Schloss geeignet ist.\",\"breadcrumb\":{\"@id\":\"https:\/\/axabikesecurity.com\/de\/informatie-welk-fietsslot-heb-je-nodig-voor-een-fietsverzekering\/#breadcrumb\"},\"inLanguage\":\"en-US\",\"potentialAction\":[{\"@type\":\"ReadAction\",\"target\":[\"https:\/\/axabikesecurity.com\/de\/informatie-welk-fietsslot-heb-je-nodig-voor-een-fietsverzekering\/\"]}]},{\"@type\":\"BreadcrumbList\",\"@id\":\"https:\/\/axabikesecurity.com\/de\/informatie-welk-fietsslot-heb-je-nodig-voor-een-fietsverzekering\/#breadcrumb\",\"itemListElement\":[{\"@type\":\"ListItem\",\"position\":1,\"name\":\"house\",\"item\":\"https:\/\/axabikesecurity.com\/de\/\"},{\"@type\":\"ListItem\",\"position\":2,\"name\":\"Informationen &#8211; Welches Fahrradschloss ben\u00f6tigst du f\u00fcr eine Fahrradversicherung\"}]},{\"@type\":\"WebSite\",\"@id\":\"https:\/\/axabikesecurity.com\/de\/#website\",\"url\":\"https:\/\/axabikesecurity.com\/de\/\",\"name\":\"AXA Bike\",\"description\":\"\",\"potentialAction\":[{\"@type\":\"SearchAction\",\"target\":{\"@type\":\"EntryPoint\",\"urlTemplate\":\"https:\/\/axabikesecurity.com\/de\/?s={search_term_string}\"},\"query-input\":{\"@type\":\"PropertyValueSpecification\",\"valueRequired\":true,\"valueName\":\"search_term_string\"}}],\"inLanguage\":\"en-US\"}]}<\/script>\n<!-- \/ Yoast SEO plugin. -->","yoast_head_json":{"title":"Informationen - Welches Fahrradschloss ben\u00f6tigst du f\u00fcr eine Fahrradversicherung | AXA Bike Security \ud83c\udde9\ud83c\uddea","description":"Du hast dir ein neues Fahrrad gekauft und m\u00f6chtest daf\u00fcr eine Fahrradversicherung abschlie\u00dfen. Lies hier, welches Schloss geeignet ist.","robots":{"index":"index","follow":"follow","max-snippet":"max-snippet:-1","max-image-preview":"max-image-preview:large","max-video-preview":"max-video-preview:-1"},"canonical":"https:\/\/axabikesecurity.com\/de\/informatie-welk-fietsslot-heb-je-nodig-voor-een-fietsverzekering\/","og_locale":"en_US","og_type":"article","og_title":"Informationen - Welches Fahrradschloss ben\u00f6tigst du f\u00fcr eine Fahrradversicherung | AXA Bike Security \ud83c\udde9\ud83c\uddea","og_description":"Du hast dir ein neues Fahrrad gekauft und m\u00f6chtest daf\u00fcr eine Fahrradversicherung abschlie\u00dfen. Lies hier, welches Schloss geeignet ist.","og_url":"https:\/\/axabikesecurity.com\/de\/informatie-welk-fietsslot-heb-je-nodig-voor-een-fietsverzekering\/","og_site_name":"AXA Bike Security \ud83c\udde9\ud83c\uddea","article_modified_time":"2024-11-26T11:53:29+00:00","twitter_card":"summary_large_image","schema":{"@context":"https:\/\/schema.org","@graph":[{"@type":"WebPage","@id":"https:\/\/axabikesecurity.com\/de\/informatie-welk-fietsslot-heb-je-nodig-voor-een-fietsverzekering\/","url":"https:\/\/axabikesecurity.com\/de\/informatie-welk-fietsslot-heb-je-nodig-voor-een-fietsverzekering\/","name":"Informationen - Welches Fahrradschloss ben\u00f6tigst du f\u00fcr eine Fahrradversicherung | AXA Bike Security \ud83c\udde9\ud83c\uddea","isPartOf":{"@id":"https:\/\/axabikesecurity.com\/de\/#website"},"datePublished":"2024-04-23T07:47:36+00:00","dateModified":"2024-11-26T11:53:29+00:00","description":"Du hast dir ein neues Fahrrad gekauft und m\u00f6chtest daf\u00fcr eine Fahrradversicherung abschlie\u00dfen. Lies hier, welches Schloss geeignet ist.","breadcrumb":{"@id":"https:\/\/axabikesecurity.com\/de\/informatie-welk-fietsslot-heb-je-nodig-voor-een-fietsverzekering\/#breadcrumb"},"inLanguage":"en-US","potentialAction":[{"@type":"ReadAction","target":["https:\/\/axabikesecurity.com\/de\/informatie-welk-fietsslot-heb-je-nodig-voor-een-fietsverzekering\/"]}]},{"@type":"BreadcrumbList","@id":"https:\/\/axabikesecurity.com\/de\/informatie-welk-fietsslot-heb-je-nodig-voor-een-fietsverzekering\/#breadcrumb","itemListElement":[{"@type":"ListItem","position":1,"name":"house","item":"https:\/\/axabikesecurity.com\/de\/"},{"@type":"ListItem","position":2,"name":"Informationen &#8211; Welches Fahrradschloss ben\u00f6tigst du f\u00fcr eine Fahrradversicherung"}]},{"@type":"WebSite","@id":"https:\/\/axabikesecurity.com\/de\/#website","url":"https:\/\/axabikesecurity.com\/de\/","name":"AXA Bike","description":"","potentialAction":[{"@type":"SearchAction","target":{"@type":"EntryPoint","urlTemplate":"https:\/\/axabikesecurity.com\/de\/?s={search_term_string}"},"query-input":{"@type":"PropertyValueSpecification","valueRequired":true,"valueName":"search_term_string"}}],"inLanguage":"en-US"}]}},"jetpack_sharing_enabled":true,"_links":{"self":[{"href":"https:\/\/axabikesecurity.com\/de\/wp-json\/wp\/v2\/pages\/15729","targetHints":{"allow":["GET"]}}],"collection":[{"href":"https:\/\/axabikesecurity.com\/de\/wp-json\/wp\/v2\/pages"}],"about":[{"href":"https:\/\/axabikesecurity.com\/de\/wp-json\/wp\/v2\/types\/page"}],"author":[{"embeddable":true,"href":"https:\/\/axabikesecurity.com\/de\/wp-json\/wp\/v2\/users\/17"}],"replies":[{"embeddable":true,"href":"https:\/\/axabikesecurity.com\/de\/wp-json\/wp\/v2\/comments?post=15729"}],"version-history":[{"count":35,"href":"https:\/\/axabikesecurity.com\/de\/wp-json\/wp\/v2\/pages\/15729\/revisions"}],"predecessor-version":[{"id":20752,"href":"https:\/\/axabikesecurity.com\/de\/wp-json\/wp\/v2\/pages\/15729\/revisions\/20752"}],"wp:attachment":[{"href":"https:\/\/axabikesecurity.com\/de\/wp-json\/wp\/v2\/media?parent=15729"}],"curies":[{"name":"wp","href":"https:\/\/api.w.org\/{rel}","templated":true}]}}