{"id":15749,"date":"2024-04-23T07:23:51","date_gmt":"2024-04-23T07:23:51","guid":{"rendered":"https:\/\/axabikesecurity.com\/nl\/?page_id=15749"},"modified":"2024-12-11T14:41:39","modified_gmt":"2024-12-11T14:41:39","slug":"informatie-welk-fietsslot-moet-ik-kopen","status":"publish","type":"page","link":"https:\/\/axabikesecurity.com\/de\/informatie-welk-fietsslot-moet-ik-kopen\/","title":{"rendered":"Informationen &#8211; Welches Fahrradschloss sollte ich kaufen"},"content":{"rendered":"<section id=\"\" class=\"relative after:w-full after:h-full after:top-0 after:left-0 after:bg-[rgba(0,0,0,0.35)] after:absolute   !pt-[96px] is-layout-flex wp-block-acf-hero-is-layout-flex\" style=\"padding-top:16px; padding-bottom:136px; color: var(--wp--preset--color--font); \">\n\n\t\t\t\t<img loading=\"lazy\" decoding=\"async\" width=\"2048\" height=\"1365\" src=\"https:\/\/axabikesecurity.com\/de\/wp-content\/uploads\/sites\/17\/2024\/04\/AXA-Fold-4.jpg?w=2048\" class=\"w-full h-full absolute top-0 left-0 object-cover \" alt=\"AXA Fold\" srcset=\"https:\/\/axabikesecurity.com\/de\/wp-content\/uploads\/sites\/17\/2024\/04\/AXA-Fold-4.jpg 5472w, https:\/\/axabikesecurity.com\/de\/wp-content\/uploads\/sites\/17\/2024\/04\/AXA-Fold-4.jpg?resize=512,341 512w, https:\/\/axabikesecurity.com\/de\/wp-content\/uploads\/sites\/17\/2024\/04\/AXA-Fold-4.jpg?resize=768,512 768w, https:\/\/axabikesecurity.com\/de\/wp-content\/uploads\/sites\/17\/2024\/04\/AXA-Fold-4.jpg?resize=2048,1365 2048w, https:\/\/axabikesecurity.com\/de\/wp-content\/uploads\/sites\/17\/2024\/04\/AXA-Fold-4.jpg?resize=1536,1024 1536w, https:\/\/axabikesecurity.com\/de\/wp-content\/uploads\/sites\/17\/2024\/04\/AXA-Fold-4.jpg?resize=1215,810 1215w, https:\/\/axabikesecurity.com\/de\/wp-content\/uploads\/sites\/17\/2024\/04\/AXA-Fold-4.jpg?resize=600,400 600w\" sizes=\"auto, (max-width: 2048px) 100vw, 2048px\" data-ot-ignore=\"\" \/>\n\t\n\t\n\t<div class=\"relative container z-10\">\n\n\t\t<div class=\"relative w-full lg:w-6\/12\">\n\t\t\t<div class=\"content text-white    \">\n\t\t\t\t    <h1 class=\"\">Welches Fahrradschloss sollte ich kaufen?<\/h1>\n\t\t    <div class=\"text-white\">\n        <p>Du suchst nach einem Fahrradschloss, aber welches solltest du kaufen?<\/p>\n<p>Hier helfen wir dir bei der Auswahl des richtigen AXA-Fahrradschlosses. Denn welches Schloss am besten zu deiner Situation passt, erf\u00e4hrst du hier.<\/p>\n\n    <\/div>\n\t<\/div>\n\t\t<\/div>\n\n\t<\/div>\n<\/section>\n\n\n<section id=\"\" class=\"\" style=\"padding-top:var(--wp--preset--spacing--80); padding-bottom:var(--wp--preset--spacing--80); color: var(--wp--preset--color--font); \">\n\t<div class=\"container\">\n\t\t<div class=\"content     \">\n\t\t\t\t\t\t\t    <h2 class=\"\">Worauf sollte man achten?<\/h2>\n\t\t\t    <div class=\"\">\n        <p>Es gibt verschiedene Umst\u00e4nde, auf die du achten solltest. Es h\u00e4ngt vom Fahrradtyp ab, den du hast. Auch der Wert des Fahrrads spielt eine Rolle. Ebenso, ob du in der Stadt oder in einem ruhigen Dorf lebst. Und nat\u00fcrlich, wie lange du dein Fahrrad parken wirst.<\/p>\n\n    <\/div>\n\t<\/div>\n\t<\/div>\n<\/section>\n\n\n<section id=\"\" class=\"is-layout-flex wp-block-acf-content-image-is-layout-flex\" style=\"padding-top:var(--wp--preset--spacing--80); padding-bottom:var(--wp--preset--spacing--80); color: var(--wp--preset--color--font); \">\n\t<div class=\"container\">\n\n\t\t<div class=\"flex flex-col gap-10 lg:gap-0 lg:flex-row relative justify-start items-center justify-start \">\n\n\t\t\t<div class=\"w-full md:w-7\/12\">\n\t\t\t\t\t<img loading=\"lazy\" decoding=\"async\" width=\"2048\" height=\"1024\" src=\"https:\/\/axabikesecurity.com\/de\/wp-content\/uploads\/sites\/17\/2024\/11\/Informatie-welk-slot.jpg?w=2048\" class=\"w-full rounded \" alt=\"\" srcset=\"https:\/\/axabikesecurity.com\/de\/wp-content\/uploads\/sites\/17\/2024\/11\/Informatie-welk-slot.jpg 2400w, https:\/\/axabikesecurity.com\/de\/wp-content\/uploads\/sites\/17\/2024\/11\/Informatie-welk-slot.jpg?resize=512,256 512w, https:\/\/axabikesecurity.com\/de\/wp-content\/uploads\/sites\/17\/2024\/11\/Informatie-welk-slot.jpg?resize=768,384 768w, https:\/\/axabikesecurity.com\/de\/wp-content\/uploads\/sites\/17\/2024\/11\/Informatie-welk-slot.jpg?resize=2048,1024 2048w, https:\/\/axabikesecurity.com\/de\/wp-content\/uploads\/sites\/17\/2024\/11\/Informatie-welk-slot.jpg?resize=1536,768 1536w, https:\/\/axabikesecurity.com\/de\/wp-content\/uploads\/sites\/17\/2024\/11\/Informatie-welk-slot.jpg?resize=1440,720 1440w, https:\/\/axabikesecurity.com\/de\/wp-content\/uploads\/sites\/17\/2024\/11\/Informatie-welk-slot.jpg?resize=600,300 600w\" sizes=\"auto, (max-width: 2048px) 100vw, 2048px\" data-ot-ignore=\"\" \/>\n\t\t\t<\/div>\n\n\t\t\t<div class=\"w-full md:w-6\/12 lg:absolute top-1\/2 lg:-translate-y-1\/2 bg-white py-10 pl-9 pr-7 shadow-contentcard rounded-[2px] right-0\">\n\t\t\t\t<div class=\"content [&amp;_p]:text-[18px]    \">\n\t\t\t\t\t\t\t    <h3 id=\"block_acf-block-6759a4a264dac0.35526622\" class=\"\">Finde immer das richtige Schloss<\/h3>\n\t\t\t    <div class=\"[&amp;_p]:text-[18px]\">\n        <p>Finde immer das passende Schloss. Wir helfen dir bei der Auswahl des besten Fahrradschlosses. Egal, ob du stolzer Besitzer eines Elektrofahrrads, eines Fatbikes, eines Lastenfahrrads, eines Speed-Pedelecs oder eines zuverl\u00e4ssigen Stadtrads oder Kinderfahrrads bist: AXA hat immer das passende Fahrradschloss, das zu deiner Situation passt.<\/p>\n\n    <\/div>\n\t\t<div class=\"flex flex-wrap gap-4 md:gap-6 mt-6\">\n\t\t\t\t\t\t\n\t<a href=\"https:\/\/axabikesecurity.com\/de\/slot-selector\/\" class=\"btn mt-6 btn--solid flex-row-reverse\" target=\"_blank\">\n\t\t\t\t\t\t\t        <div class=\"h-6 w-6 text-[24px] color: var(--wp--preset--color--font); flex justify-center items-center \">\n        <span class=\"material-symbols-rounded\">open_in_new<\/span>\n    <\/div>\n\t\t\t\tNach Schloss auswahl\n\t<\/a>\n\t\t\t<\/div>\n\n<\/div>\n\t\t\t<\/div>\n\n\t\t<\/div>\n\n\t<\/div>\n<\/section>\n\n\n<section id=\"\" class=\"\" style=\"padding-top:var(--wp--preset--spacing--80); padding-bottom:var(--wp--preset--spacing--80); color: var(--wp--preset--color--font); \">\n\t<div class=\"container\">\n\t\t<div class=\"content     \">\n\t\t\t\t\t\t\t    <h2 class=\"\">Sicherheitsstufen von Fahrradschl\u00f6ssern<\/h2>\n\t\t\t    <div class=\"\">\n        <p>AXA hat ihr Sortiment an Fahrradschl\u00f6ssern in Sicherheitsstufen eingeteilt. Level 1 steht f\u00fcr das leichteste Fahrradschloss. Level 15 steht f\u00fcr die st\u00e4rksten Ketten, mit denen Fahrr\u00e4der gesichert werden k\u00f6nnen.<\/p>\n<p>Um dir bei der Auswahl zu helfen, haben wir eine Einteilung in High Safety, Medium Safety und Basic Safety vorgenommen.<\/p>\n\n    <\/div>\n\t<\/div>\n\t<\/div>\n<\/section>\n\n\n<section id=\"\" class=\"is-layout-flex wp-block-acf-content-image-is-layout-flex\" style=\"padding-top:var(--wp--preset--spacing--80); padding-bottom:var(--wp--preset--spacing--80); color: var(--wp--preset--color--font); \">\n\t<div class=\"container\">\n\n\t\t<div class=\"flex flex-col gap-10 lg:gap-0 lg:flex-row relative justify-end items-center justify-start \">\n\n\t\t\t<div class=\"w-full md:w-7\/12\">\n\t\t\t\t\t<div class=\"rounded-[2px] overflow-hidden\">\n\t\t\t\t<img loading=\"lazy\" decoding=\"async\" width=\"1600\" height=\"1200\" src=\"https:\/\/axabikesecurity.com\/de\/wp-content\/uploads\/sites\/17\/2024\/12\/AXB24-232-Premium_11-15_1600x1200px_vs1.jpg?w=1600\" class=\"w-full media-cutoff \" alt=\"\" srcset=\"https:\/\/axabikesecurity.com\/de\/wp-content\/uploads\/sites\/17\/2024\/12\/AXB24-232-Premium_11-15_1600x1200px_vs1.jpg 1600w, https:\/\/axabikesecurity.com\/de\/wp-content\/uploads\/sites\/17\/2024\/12\/AXB24-232-Premium_11-15_1600x1200px_vs1.jpg?resize=512,384 512w, https:\/\/axabikesecurity.com\/de\/wp-content\/uploads\/sites\/17\/2024\/12\/AXB24-232-Premium_11-15_1600x1200px_vs1.jpg?resize=768,576 768w, https:\/\/axabikesecurity.com\/de\/wp-content\/uploads\/sites\/17\/2024\/12\/AXB24-232-Premium_11-15_1600x1200px_vs1.jpg?resize=1536,1152 1536w, https:\/\/axabikesecurity.com\/de\/wp-content\/uploads\/sites\/17\/2024\/12\/AXB24-232-Premium_11-15_1600x1200px_vs1.jpg?resize=1080,810 1080w, https:\/\/axabikesecurity.com\/de\/wp-content\/uploads\/sites\/17\/2024\/12\/AXB24-232-Premium_11-15_1600x1200px_vs1.jpg?resize=600,450 600w\" sizes=\"auto, (max-width: 1600px) 100vw, 1600px\" data-ot-ignore=\"\" \/>\n\t<\/div>\n\t\t\t<\/div>\n\n\t\t\t<div class=\"w-full md:w-6\/12 lg:absolute top-1\/2 lg:-translate-y-1\/2 bg-white py-10 pl-9 pr-7 shadow-contentcard rounded-[2px] left-0\">\n\t\t\t\t<div class=\"content [&amp;_p]:text-[18px]    \">\n\t\t\t\t\t\t\t    <h3 id=\"block_acf-block-6759a4a2650de3.77226768\" class=\"\">Hohe Sicherheit<\/h3>\n\t\t\t    <div class=\"[&amp;_p]:text-[18px]\">\n        <p>Wohnst du in einer belebten Stadt oder parkst du dein Fahrrad f\u00fcr l\u00e4ngere Zeit an einem diebstahlgef\u00e4hrdeten Ort? Dann w\u00e4hle ein Fahrradschloss mit Sicherheitsstufe 11 bis 15, den ultimativen Schutz f\u00fcr dein Fahrrad! Der Gro\u00dfteil dieser Fahrradschl\u00f6sser verf\u00fcgt \u00fcber eine ART-Zertifizierung, sodass sie auch f\u00fcr eine Fahrradversicherung geeignet sind. Achte auf das ART-Logo, um sicherzustellen, dass es sich um ein zugelassenes Schloss f\u00fcr eine Fahrradversicherung handelt. <a href=\"https:\/\/axabikesecurity.com\/de\/informatie-welk-fietsslot-heb-je-nodig-voor-een-fietsverzekering\/\" target=\"_blank\" rel=\"noopener\">Hier erf\u00e4hrst du mehr \u00fcber die ART-Zertifizierung.<\/a><\/p>\n<p>Diese Fahrradschl\u00f6sser sind geeignet f\u00fcr: Elektrofahrr\u00e4der, Speed-Pedelecs, Lastenfahrr\u00e4der und Stadtfahrr\u00e4der.<\/p>\n\n    <\/div>\n\t<\/div>\n\t\t\t<\/div>\n\n\t\t<\/div>\n\n\t<\/div>\n<\/section>\n\n\n<section id=\"\" class=\"is-layout-flex wp-block-acf-content-image-is-layout-flex\" style=\"padding-top:var(--wp--preset--spacing--80); padding-bottom:var(--wp--preset--spacing--80); color: var(--wp--preset--color--font); \">\n\t<div class=\"container\">\n\n\t\t<div class=\"flex flex-col gap-10 lg:gap-0 lg:flex-row relative justify-start items-center justify-start \">\n\n\t\t\t<div class=\"w-full md:w-7\/12\">\n\t\t\t\t\t<div class=\"rounded-[2px] overflow-hidden\">\n\t\t\t\t<img loading=\"lazy\" decoding=\"async\" width=\"1600\" height=\"1200\" src=\"https:\/\/axabikesecurity.com\/de\/wp-content\/uploads\/sites\/17\/2024\/12\/AXB24-232-Advanced_7-10_1600x1200px_vs1.jpg?w=1600\" class=\"w-full media-cutoff \" alt=\"\" srcset=\"https:\/\/axabikesecurity.com\/de\/wp-content\/uploads\/sites\/17\/2024\/12\/AXB24-232-Advanced_7-10_1600x1200px_vs1.jpg 1600w, https:\/\/axabikesecurity.com\/de\/wp-content\/uploads\/sites\/17\/2024\/12\/AXB24-232-Advanced_7-10_1600x1200px_vs1.jpg?resize=512,384 512w, https:\/\/axabikesecurity.com\/de\/wp-content\/uploads\/sites\/17\/2024\/12\/AXB24-232-Advanced_7-10_1600x1200px_vs1.jpg?resize=768,576 768w, https:\/\/axabikesecurity.com\/de\/wp-content\/uploads\/sites\/17\/2024\/12\/AXB24-232-Advanced_7-10_1600x1200px_vs1.jpg?resize=1536,1152 1536w, https:\/\/axabikesecurity.com\/de\/wp-content\/uploads\/sites\/17\/2024\/12\/AXB24-232-Advanced_7-10_1600x1200px_vs1.jpg?resize=1080,810 1080w, https:\/\/axabikesecurity.com\/de\/wp-content\/uploads\/sites\/17\/2024\/12\/AXB24-232-Advanced_7-10_1600x1200px_vs1.jpg?resize=600,450 600w\" sizes=\"auto, (max-width: 1600px) 100vw, 1600px\" data-ot-ignore=\"\" \/>\n\t<\/div>\n\t\t\t<\/div>\n\n\t\t\t<div class=\"w-full md:w-6\/12 lg:absolute top-1\/2 lg:-translate-y-1\/2 bg-white py-10 pl-9 pr-7 shadow-contentcard rounded-[2px] right-0\">\n\t\t\t\t<div class=\"content [&amp;_p]:text-[18px]    \">\n\t\t\t\t\t\t\t    <h3 id=\"block_acf-block-6759a4a2651698.87090083\" class=\"\">Mittlere Sicherheit<\/h3>\n\t\t\t    <div class=\"[&amp;_p]:text-[18px]\">\n        <p>Dies sind starke Fahrradschl\u00f6sser, die sich ideal als Zweitverschluss f\u00fcr Fahrr\u00e4der eignen, die an Schulen oder an belebten \u00f6ffentlichen Orten abgestellt sind. Fahrraddiebe haben oft eine Spezialisierung und lassen daher oft ein Fahrrad mit zwei Schl\u00f6ssern stehen. Diese Schl\u00f6sser haben Sicherheitsstufen von 7 bis 10.<\/p>\n<p>Diese Fahrradschl\u00f6sser sind geeignet f\u00fcr: Elektrofahrr\u00e4der und Stadtfahrr\u00e4der.<\/p>\n\n    <\/div>\n\t<\/div>\n\t\t\t<\/div>\n\n\t\t<\/div>\n\n\t<\/div>\n<\/section>\n\n\n<section id=\"\" class=\"is-layout-flex wp-block-acf-content-image-is-layout-flex\" style=\"padding-top:var(--wp--preset--spacing--80); padding-bottom:var(--wp--preset--spacing--80); color: var(--wp--preset--color--font); \">\n\t<div class=\"container\">\n\n\t\t<div class=\"flex flex-col gap-10 lg:gap-0 lg:flex-row relative justify-end items-center justify-start \">\n\n\t\t\t<div class=\"w-full md:w-7\/12\">\n\t\t\t\t\t<div class=\"rounded-[2px] overflow-hidden\">\n\t\t\t\t<img loading=\"lazy\" decoding=\"async\" width=\"1600\" height=\"1200\" src=\"https:\/\/axabikesecurity.com\/de\/wp-content\/uploads\/sites\/17\/2024\/12\/AXB24-232-Standard_1-6_1600x1200px_vs1.jpg?w=1600\" class=\"w-full media-cutoff \" alt=\"\" srcset=\"https:\/\/axabikesecurity.com\/de\/wp-content\/uploads\/sites\/17\/2024\/12\/AXB24-232-Standard_1-6_1600x1200px_vs1.jpg 1600w, https:\/\/axabikesecurity.com\/de\/wp-content\/uploads\/sites\/17\/2024\/12\/AXB24-232-Standard_1-6_1600x1200px_vs1.jpg?resize=512,384 512w, https:\/\/axabikesecurity.com\/de\/wp-content\/uploads\/sites\/17\/2024\/12\/AXB24-232-Standard_1-6_1600x1200px_vs1.jpg?resize=768,576 768w, https:\/\/axabikesecurity.com\/de\/wp-content\/uploads\/sites\/17\/2024\/12\/AXB24-232-Standard_1-6_1600x1200px_vs1.jpg?resize=1536,1152 1536w, https:\/\/axabikesecurity.com\/de\/wp-content\/uploads\/sites\/17\/2024\/12\/AXB24-232-Standard_1-6_1600x1200px_vs1.jpg?resize=1080,810 1080w, https:\/\/axabikesecurity.com\/de\/wp-content\/uploads\/sites\/17\/2024\/12\/AXB24-232-Standard_1-6_1600x1200px_vs1.jpg?resize=600,450 600w\" sizes=\"auto, (max-width: 1600px) 100vw, 1600px\" data-ot-ignore=\"\" \/>\n\t<\/div>\n\t\t\t<\/div>\n\n\t\t\t<div class=\"w-full md:w-6\/12 lg:absolute top-1\/2 lg:-translate-y-1\/2 bg-white py-10 pl-9 pr-7 shadow-contentcard rounded-[2px] left-0\">\n\t\t\t\t<div class=\"content [&amp;_p]:text-[18px]    \">\n\t\t\t\t\t\t\t    <h3 id=\"block_acf-block-6759a4a2651e65.75496134\" class=\"\">Grundlegende Sicherheit<\/h3>\n\t\t\t    <div class=\"[&amp;_p]:text-[18px]\">\n        <p>Die Fahrradschl\u00f6sser, die zur grundlegenden Sicherheit geh\u00f6ren, sind leichtere Schl\u00f6sser. Perfekt f\u00fcr Kinderfahrr\u00e4der und f\u00fcr Fahrr\u00e4der, die f\u00fcr kurze Zeit an einem Ort mit geringem Diebstahlrisiko abgestellt werden. Diese Schl\u00f6sser sind an Sicherheitsstufen 1 bis 6 erkennbar.<\/p>\n<p>Diese Fahrradschl\u00f6sser sind geeignet f\u00fcr: Fahrr\u00e4der in einer niedrigeren Preisklasse, Kinderfahrr\u00e4der und Klappr\u00e4der.<\/p>\n\n    <\/div>\n\t<\/div>\n\t\t\t<\/div>\n\n\t\t<\/div>\n\n\t<\/div>\n<\/section>\n\n\n<section id=\"\" class=\"\" style=\"padding-top:var(--wp--preset--spacing--80); padding-bottom:var(--wp--preset--spacing--80); color: var(--wp--preset--color--font); \">\n\t<div class=\"container\">\n\t\t<div class=\"content     \">\n\t\t\t\t\t\t\t    <h2 class=\"\">Wie schlie\u00dft man sein Fahrrad richtig ab?<\/h2>\n\t\t\t    <div class=\"\">\n        <p>Wir empfehlen immer, dein Fahrrad mit 2 verschiedenen Schl\u00f6ssern abzuschlie\u00dfen. Wir haben einige Tipps, wie du dein Fahrrad am besten abschlie\u00dfen kannst.<\/p>\n\n    <\/div>\n\t\t<div class=\"flex flex-wrap gap-4 md:gap-6 \">\n\t\t\t\t\t\t\n\t<a href=\"https:\/\/axabikesecurity.com\/de\/informatie-hoe-zet-ik-mijn-fiets-op-slot\/\" class=\"btn  btn--solid flex-row-reverse\" target=\"_blank\">\n\t\t\t\t\t\t\t        <div class=\"h-6 w-6 text-[24px] color: var(--wp--preset--color--font); flex justify-center items-center \">\n        <span class=\"material-symbols-rounded\">open_in_new<\/span>\n    <\/div>\n\t\t\t\tLesen Sie die 4 Tipps\n\t<\/a>\n\t\t\t<\/div>\n\n<\/div>\n\t<\/div>\n<\/section>\n","protected":false},"excerpt":{"rendered":"","protected":false},"author":17,"featured_media":0,"parent":0,"menu_order":0,"comment_status":"closed","ping_status":"closed","template":"","meta":{"_acf_changed":false,"_trash_the_other_posts":false,"footnotes":""},"class_list":["post-15749","page","type-page","status-publish","hentry"],"acf":[],"yoast_head":"<!-- This site is optimized with the Yoast SEO plugin v27.4 - https:\/\/yoast.com\/product\/yoast-seo-wordpress\/ -->\n<title>Informationen - Welches Fahrradschloss sollte ich kaufen | AXA Bike Security \ud83c\udde9\ud83c\uddea<\/title>\n<meta name=\"description\" content=\"Du bist auf der Suche nach einem Fahrradschloss, aber welches Fahrradschloss solltest du kaufen? Wir helfen dir bei der richtigen Auswahl.\" \/>\n<meta name=\"robots\" content=\"index, follow, max-snippet:-1, max-image-preview:large, max-video-preview:-1\" \/>\n<link rel=\"canonical\" href=\"https:\/\/axabikesecurity.com\/de\/informatie-welk-fietsslot-moet-ik-kopen\/\" \/>\n<meta property=\"og:locale\" content=\"en_US\" \/>\n<meta property=\"og:type\" content=\"article\" \/>\n<meta property=\"og:title\" content=\"Informationen - Welches Fahrradschloss sollte ich kaufen | AXA Bike Security \ud83c\udde9\ud83c\uddea\" \/>\n<meta property=\"og:description\" content=\"Du bist auf der Suche nach einem Fahrradschloss, aber welches Fahrradschloss solltest du kaufen? Wir helfen dir bei der richtigen Auswahl.\" \/>\n<meta property=\"og:url\" content=\"https:\/\/axabikesecurity.com\/de\/informatie-welk-fietsslot-moet-ik-kopen\/\" \/>\n<meta property=\"og:site_name\" content=\"AXA Bike Security \ud83c\udde9\ud83c\uddea\" \/>\n<meta property=\"article:modified_time\" content=\"2024-12-11T14:41:39+00:00\" \/>\n<meta name=\"twitter:card\" content=\"summary_large_image\" \/>\n<script type=\"application\/ld+json\" class=\"yoast-schema-graph\">{\"@context\":\"https:\\\/\\\/schema.org\",\"@graph\":[{\"@type\":\"WebPage\",\"@id\":\"https:\\\/\\\/axabikesecurity.com\\\/de\\\/informatie-welk-fietsslot-moet-ik-kopen\\\/\",\"url\":\"https:\\\/\\\/axabikesecurity.com\\\/de\\\/informatie-welk-fietsslot-moet-ik-kopen\\\/\",\"name\":\"Informationen - Welches Fahrradschloss sollte ich kaufen | AXA Bike Security \ud83c\udde9\ud83c\uddea\",\"isPartOf\":{\"@id\":\"https:\\\/\\\/axabikesecurity.com\\\/de\\\/#website\"},\"datePublished\":\"2024-04-23T07:23:51+00:00\",\"dateModified\":\"2024-12-11T14:41:39+00:00\",\"description\":\"Du bist auf der Suche nach einem Fahrradschloss, aber welches Fahrradschloss solltest du kaufen? Wir helfen dir bei der richtigen Auswahl.\",\"breadcrumb\":{\"@id\":\"https:\\\/\\\/axabikesecurity.com\\\/de\\\/informatie-welk-fietsslot-moet-ik-kopen\\\/#breadcrumb\"},\"inLanguage\":\"en-US\",\"potentialAction\":[{\"@type\":\"ReadAction\",\"target\":[\"https:\\\/\\\/axabikesecurity.com\\\/de\\\/informatie-welk-fietsslot-moet-ik-kopen\\\/\"]}]},{\"@type\":\"BreadcrumbList\",\"@id\":\"https:\\\/\\\/axabikesecurity.com\\\/de\\\/informatie-welk-fietsslot-moet-ik-kopen\\\/#breadcrumb\",\"itemListElement\":[{\"@type\":\"ListItem\",\"position\":1,\"name\":\"house\",\"item\":\"https:\\\/\\\/axabikesecurity.com\\\/de\\\/\"},{\"@type\":\"ListItem\",\"position\":2,\"name\":\"Informationen &#8211; Welches Fahrradschloss sollte ich kaufen\"}]},{\"@type\":\"WebSite\",\"@id\":\"https:\\\/\\\/axabikesecurity.com\\\/de\\\/#website\",\"url\":\"https:\\\/\\\/axabikesecurity.com\\\/de\\\/\",\"name\":\"AXA Bike\",\"description\":\"\",\"potentialAction\":[{\"@type\":\"SearchAction\",\"target\":{\"@type\":\"EntryPoint\",\"urlTemplate\":\"https:\\\/\\\/axabikesecurity.com\\\/de\\\/?s={search_term_string}\"},\"query-input\":{\"@type\":\"PropertyValueSpecification\",\"valueRequired\":true,\"valueName\":\"search_term_string\"}}],\"inLanguage\":\"en-US\"}]}<\/script>\n<!-- \/ Yoast SEO plugin. -->","yoast_head_json":{"title":"Informationen - Welches Fahrradschloss sollte ich kaufen | AXA Bike Security \ud83c\udde9\ud83c\uddea","description":"Du bist auf der Suche nach einem Fahrradschloss, aber welches Fahrradschloss solltest du kaufen? Wir helfen dir bei der richtigen Auswahl.","robots":{"index":"index","follow":"follow","max-snippet":"max-snippet:-1","max-image-preview":"max-image-preview:large","max-video-preview":"max-video-preview:-1"},"canonical":"https:\/\/axabikesecurity.com\/de\/informatie-welk-fietsslot-moet-ik-kopen\/","og_locale":"en_US","og_type":"article","og_title":"Informationen - Welches Fahrradschloss sollte ich kaufen | AXA Bike Security \ud83c\udde9\ud83c\uddea","og_description":"Du bist auf der Suche nach einem Fahrradschloss, aber welches Fahrradschloss solltest du kaufen? Wir helfen dir bei der richtigen Auswahl.","og_url":"https:\/\/axabikesecurity.com\/de\/informatie-welk-fietsslot-moet-ik-kopen\/","og_site_name":"AXA Bike Security \ud83c\udde9\ud83c\uddea","article_modified_time":"2024-12-11T14:41:39+00:00","twitter_card":"summary_large_image","schema":{"@context":"https:\/\/schema.org","@graph":[{"@type":"WebPage","@id":"https:\/\/axabikesecurity.com\/de\/informatie-welk-fietsslot-moet-ik-kopen\/","url":"https:\/\/axabikesecurity.com\/de\/informatie-welk-fietsslot-moet-ik-kopen\/","name":"Informationen - Welches Fahrradschloss sollte ich kaufen | AXA Bike Security \ud83c\udde9\ud83c\uddea","isPartOf":{"@id":"https:\/\/axabikesecurity.com\/de\/#website"},"datePublished":"2024-04-23T07:23:51+00:00","dateModified":"2024-12-11T14:41:39+00:00","description":"Du bist auf der Suche nach einem Fahrradschloss, aber welches Fahrradschloss solltest du kaufen? Wir helfen dir bei der richtigen Auswahl.","breadcrumb":{"@id":"https:\/\/axabikesecurity.com\/de\/informatie-welk-fietsslot-moet-ik-kopen\/#breadcrumb"},"inLanguage":"en-US","potentialAction":[{"@type":"ReadAction","target":["https:\/\/axabikesecurity.com\/de\/informatie-welk-fietsslot-moet-ik-kopen\/"]}]},{"@type":"BreadcrumbList","@id":"https:\/\/axabikesecurity.com\/de\/informatie-welk-fietsslot-moet-ik-kopen\/#breadcrumb","itemListElement":[{"@type":"ListItem","position":1,"name":"house","item":"https:\/\/axabikesecurity.com\/de\/"},{"@type":"ListItem","position":2,"name":"Informationen &#8211; Welches Fahrradschloss sollte ich kaufen"}]},{"@type":"WebSite","@id":"https:\/\/axabikesecurity.com\/de\/#website","url":"https:\/\/axabikesecurity.com\/de\/","name":"AXA Bike","description":"","potentialAction":[{"@type":"SearchAction","target":{"@type":"EntryPoint","urlTemplate":"https:\/\/axabikesecurity.com\/de\/?s={search_term_string}"},"query-input":{"@type":"PropertyValueSpecification","valueRequired":true,"valueName":"search_term_string"}}],"inLanguage":"en-US"}]}},"jetpack_sharing_enabled":true,"_links":{"self":[{"href":"https:\/\/axabikesecurity.com\/de\/wp-json\/wp\/v2\/pages\/15749","targetHints":{"allow":["GET"]}}],"collection":[{"href":"https:\/\/axabikesecurity.com\/de\/wp-json\/wp\/v2\/pages"}],"about":[{"href":"https:\/\/axabikesecurity.com\/de\/wp-json\/wp\/v2\/types\/page"}],"author":[{"embeddable":true,"href":"https:\/\/axabikesecurity.com\/de\/wp-json\/wp\/v2\/users\/17"}],"replies":[{"embeddable":true,"href":"https:\/\/axabikesecurity.com\/de\/wp-json\/wp\/v2\/comments?post=15749"}],"version-history":[{"count":31,"href":"https:\/\/axabikesecurity.com\/de\/wp-json\/wp\/v2\/pages\/15749\/revisions"}],"predecessor-version":[{"id":20826,"href":"https:\/\/axabikesecurity.com\/de\/wp-json\/wp\/v2\/pages\/15749\/revisions\/20826"}],"wp:attachment":[{"href":"https:\/\/axabikesecurity.com\/de\/wp-json\/wp\/v2\/media?parent=15749"}],"curies":[{"name":"wp","href":"https:\/\/api.w.org\/{rel}","templated":true}]}}