{"id":15760,"date":"2024-04-23T07:10:52","date_gmt":"2024-04-23T07:10:52","guid":{"rendered":"https:\/\/axabikesecurity.com\/nl\/?page_id=15760"},"modified":"2024-07-17T14:28:13","modified_gmt":"2024-07-17T14:28:13","slug":"informatie-hoe-zet-ik-mijn-fiets-op-slot","status":"publish","type":"page","link":"https:\/\/axabikesecurity.com\/de\/informatie-hoe-zet-ik-mijn-fiets-op-slot\/","title":{"rendered":"Informationen &#8211; Wie schlie\u00dfe ich mein Fahrrad ab"},"content":{"rendered":"<section id=\"\" class=\"relative after:w-full after:h-full after:top-0 after:left-0 after:bg-[rgba(0,0,0,0.35)] after:absolute   !pt-[96px] is-layout-flex wp-block-acf-hero-is-layout-flex\" style=\"padding-top:16px; padding-bottom:136px; color: var(--wp--preset--color--font); \">\n\n\t\t\t\t<img loading=\"lazy\" decoding=\"async\" width=\"2048\" height=\"1024\" src=\"https:\/\/axabikesecurity.com\/de\/wp-content\/uploads\/sites\/17\/2024\/07\/tips-page-header.jpg?w=2048\" class=\"w-full h-full absolute top-0 left-0 object-cover \" alt=\"tips page-header\" srcset=\"https:\/\/axabikesecurity.com\/de\/wp-content\/uploads\/sites\/17\/2024\/07\/tips-page-header.jpg 2400w, https:\/\/axabikesecurity.com\/de\/wp-content\/uploads\/sites\/17\/2024\/07\/tips-page-header.jpg?resize=512,256 512w, https:\/\/axabikesecurity.com\/de\/wp-content\/uploads\/sites\/17\/2024\/07\/tips-page-header.jpg?resize=768,384 768w, https:\/\/axabikesecurity.com\/de\/wp-content\/uploads\/sites\/17\/2024\/07\/tips-page-header.jpg?resize=2048,1024 2048w, https:\/\/axabikesecurity.com\/de\/wp-content\/uploads\/sites\/17\/2024\/07\/tips-page-header.jpg?resize=1536,768 1536w, https:\/\/axabikesecurity.com\/de\/wp-content\/uploads\/sites\/17\/2024\/07\/tips-page-header.jpg?resize=1440,720 1440w, https:\/\/axabikesecurity.com\/de\/wp-content\/uploads\/sites\/17\/2024\/07\/tips-page-header.jpg?resize=600,300 600w\" sizes=\"auto, (max-width: 2048px) 100vw, 2048px\" data-ot-ignore=\"\" \/>\n\t\n\t\n\t<div class=\"relative container z-10\">\n\n\t\t<div class=\"relative w-full lg:w-6\/12\">\n\t\t\t<div class=\"content text-white    \">\n\t\t\t\t    <h1 class=\"\">Verringere das Diebstahlrisiko<\/h1>\n\t\t    <div class=\"text-white\">\n        <p>Jeden Tag werden unz\u00e4hlige Fahrr\u00e4der gestohlen. Die Diebe haben es in letzter Zeit besonders auf teure E-Bikes abgesehen. Diese werden nicht nur von der Stra\u00dfe gestohlen. Es gibt immer mehr Berichte \u00fcber Diebst\u00e4hle aus Schuppen, Garagen und Lagerr\u00e4umen.<\/p>\n\n    <\/div>\n\t<\/div>\n\t\t<\/div>\n\n\t<\/div>\n<\/section>\n\n\n<section id=\"\" class=\"\" style=\"padding-top:var(--wp--preset--spacing--80); padding-bottom:var(--wp--preset--spacing--80); color: var(--wp--preset--color--font); \">\n\t<div class=\"container\">\n\t\t<div class=\"content     \">\n\t\t\t\t\t\t    <div class=\"\">\n        <p>Es ist daher wichtig, dein Fahrrad richtig abzuschlie\u00dfen. Dies erfordert die Verwendung der richtigen Schl\u00f6sser und das richtige Abschlie\u00dfen. Auf dieser Seite findest du das beste Fahrradschloss f\u00fcr deine Situation: Welches Fahrradschloss sollte ich kaufen. Und unten findest du 4 Tipps, wie du dein Fahrrad am besten abschlie\u00dfen kannst.<\/p>\n\n    <\/div>\n\t<\/div>\n\t<\/div>\n<\/section>\n\n\n<section id=\"\" class=\"\" style=\"padding-top:var(--wp--preset--spacing--80); padding-bottom:var(--wp--preset--spacing--80); color: var(--wp--preset--color--font); \">\n\t<div class=\"container\">\n\t\t<div class=\"content     \">\n\t\t\t\t\t\t\t    <h1 class=\"\">4 Tipps, wie du dein Fahrrad am besten abschlie\u00dfen kannst<\/h1>\n\t\t\t\t<\/div>\n\t<\/div>\n<\/section>\n\n\n<section id=\"\" class=\"is-layout-flex wp-block-acf-content-image-is-layout-flex\" style=\"padding-top:var(--wp--preset--spacing--80); padding-bottom:var(--wp--preset--spacing--80); color: var(--wp--preset--color--font); \">\n\t<div class=\"container\">\n\n\t\t<div class=\"flex flex-col gap-10 lg:gap-0 lg:flex-row relative justify-end items-center justify-start \">\n\n\t\t\t<div class=\"w-full md:w-7\/12\">\n\t\t\t\t\t<div class=\"rounded-[2px] overflow-hidden\">\n\t\t\t\t<img loading=\"lazy\" decoding=\"async\" width=\"2048\" height=\"1365\" src=\"https:\/\/axabikesecurity.com\/de\/wp-content\/uploads\/sites\/17\/2024\/04\/AXA-Ring-lock-and-chain-2.jpg?w=2048\" class=\"w-full media-cutoff \" alt=\"\" srcset=\"https:\/\/axabikesecurity.com\/de\/wp-content\/uploads\/sites\/17\/2024\/04\/AXA-Ring-lock-and-chain-2.jpg 5472w, https:\/\/axabikesecurity.com\/de\/wp-content\/uploads\/sites\/17\/2024\/04\/AXA-Ring-lock-and-chain-2.jpg?resize=512,341 512w, https:\/\/axabikesecurity.com\/de\/wp-content\/uploads\/sites\/17\/2024\/04\/AXA-Ring-lock-and-chain-2.jpg?resize=768,512 768w, https:\/\/axabikesecurity.com\/de\/wp-content\/uploads\/sites\/17\/2024\/04\/AXA-Ring-lock-and-chain-2.jpg?resize=2048,1365 2048w, https:\/\/axabikesecurity.com\/de\/wp-content\/uploads\/sites\/17\/2024\/04\/AXA-Ring-lock-and-chain-2.jpg?resize=1536,1024 1536w, https:\/\/axabikesecurity.com\/de\/wp-content\/uploads\/sites\/17\/2024\/04\/AXA-Ring-lock-and-chain-2.jpg?resize=1215,810 1215w, https:\/\/axabikesecurity.com\/de\/wp-content\/uploads\/sites\/17\/2024\/04\/AXA-Ring-lock-and-chain-2.jpg?resize=600,400 600w\" sizes=\"auto, (max-width: 2048px) 100vw, 2048px\" data-ot-ignore=\"\" \/>\n\t<\/div>\n\t\t\t<\/div>\n\n\t\t\t<div class=\"w-full md:w-6\/12 lg:absolute top-1\/2 lg:-translate-y-1\/2 bg-white py-10 pl-9 pr-7 shadow-contentcard rounded-[2px] left-0\">\n\t\t\t\t<div class=\"content [&amp;_p]:text-[18px]    \">\n\t\t\t\t\t\t\t    <h3 id=\"block_acf-block-6697d4fbe98e29.94675188\" class=\"\">1: Verwende immer 2 Schl\u00f6sser<\/h3>\n\t\t\t    <div class=\"[&amp;_p]:text-[18px]\">\n        <p>Fahrraddiebe haben oft eine Spezialisierung und lassen daher oft ein Fahrrad mit zwei Schl\u00f6ssern stehen. Verwende zum Beispiel ein Rahmenschloss und ein Kettenschloss. Es dauert viel l\u00e4nger, zwei Schl\u00f6sser aufzubrechen als nur eins. Verwende immer ein von der ART genehmigtes Schloss, da diese von einem unabh\u00e4ngigen Institut genehmigt wurden.<\/p>\n\n    <\/div>\n\t<\/div>\n\t\t\t<\/div>\n\n\t\t<\/div>\n\n\t<\/div>\n<\/section>\n\n\n<section id=\"\" class=\"is-layout-flex wp-block-acf-content-image-is-layout-flex\" style=\"padding-top:var(--wp--preset--spacing--80); padding-bottom:var(--wp--preset--spacing--80); color: var(--wp--preset--color--font); \">\n\t<div class=\"container\">\n\n\t\t<div class=\"flex flex-col gap-10 lg:gap-0 lg:flex-row relative justify-start items-center justify-start \">\n\n\t\t\t<div class=\"w-full md:w-7\/12\">\n\t\t\t\t\t<div class=\"rounded-[2px] overflow-hidden\">\n\t\t\t\t<img loading=\"lazy\" decoding=\"async\" width=\"2048\" height=\"1365\" src=\"https:\/\/axabikesecurity.com\/de\/wp-content\/uploads\/sites\/17\/2024\/04\/AXA-Chain-4.jpg?w=2048\" class=\"w-full media-cutoff \" alt=\"\" srcset=\"https:\/\/axabikesecurity.com\/de\/wp-content\/uploads\/sites\/17\/2024\/04\/AXA-Chain-4.jpg 5472w, https:\/\/axabikesecurity.com\/de\/wp-content\/uploads\/sites\/17\/2024\/04\/AXA-Chain-4.jpg?resize=512,341 512w, https:\/\/axabikesecurity.com\/de\/wp-content\/uploads\/sites\/17\/2024\/04\/AXA-Chain-4.jpg?resize=768,512 768w, https:\/\/axabikesecurity.com\/de\/wp-content\/uploads\/sites\/17\/2024\/04\/AXA-Chain-4.jpg?resize=2048,1365 2048w, https:\/\/axabikesecurity.com\/de\/wp-content\/uploads\/sites\/17\/2024\/04\/AXA-Chain-4.jpg?resize=1536,1024 1536w, https:\/\/axabikesecurity.com\/de\/wp-content\/uploads\/sites\/17\/2024\/04\/AXA-Chain-4.jpg?resize=1215,810 1215w, https:\/\/axabikesecurity.com\/de\/wp-content\/uploads\/sites\/17\/2024\/04\/AXA-Chain-4.jpg?resize=600,400 600w\" sizes=\"auto, (max-width: 2048px) 100vw, 2048px\" data-ot-ignore=\"\" \/>\n\t<\/div>\n\t\t\t<\/div>\n\n\t\t\t<div class=\"w-full md:w-6\/12 lg:absolute top-1\/2 lg:-translate-y-1\/2 bg-white py-10 pl-9 pr-7 shadow-contentcard rounded-[2px] right-0\">\n\t\t\t\t<div class=\"content [&amp;_p]:text-[18px]    \">\n\t\t\t\t\t\t\t    <h3 id=\"block_acf-block-6697d4fbe99086.92672376\" class=\"\">2: Schlie\u00dfe dein Fahrrad immer an etwas an<\/h3>\n\t\t\t    <div class=\"[&amp;_p]:text-[18px]\">\n        <p>Verhindere, dass Diebe dein Schloss an einem ruhigen Ort aufbrechen oder dein Fahrrad in einen Transporter laden. Indem du dein Fahrrad an etwas anschlie\u00dft, kann es nicht angehoben und weggenommen werden. Achte daher auf den Ort, an dem du dein Fahrrad abstellst.<\/p>\n\n    <\/div>\n\t<\/div>\n\t\t\t<\/div>\n\n\t\t<\/div>\n\n\t<\/div>\n<\/section>\n\n\n<section id=\"\" class=\"is-layout-flex wp-block-acf-content-image-is-layout-flex\" style=\"padding-top:var(--wp--preset--spacing--80); padding-bottom:var(--wp--preset--spacing--80); color: var(--wp--preset--color--font); \">\n\t<div class=\"container\">\n\n\t\t<div class=\"flex flex-col gap-10 lg:gap-0 lg:flex-row relative justify-end items-center justify-start \">\n\n\t\t\t<div class=\"w-full md:w-7\/12\">\n\t\t\t\t\t<div class=\"rounded-[2px] overflow-hidden\">\n\t\t\t\t<img loading=\"lazy\" decoding=\"async\" width=\"2048\" height=\"1365\" src=\"https:\/\/axabikesecurity.com\/de\/wp-content\/uploads\/sites\/17\/2024\/04\/AXA-Folding-lock-3.jpg?w=2048\" class=\"w-full media-cutoff \" alt=\"\" srcset=\"https:\/\/axabikesecurity.com\/de\/wp-content\/uploads\/sites\/17\/2024\/04\/AXA-Folding-lock-3.jpg 5472w, https:\/\/axabikesecurity.com\/de\/wp-content\/uploads\/sites\/17\/2024\/04\/AXA-Folding-lock-3.jpg?resize=512,341 512w, https:\/\/axabikesecurity.com\/de\/wp-content\/uploads\/sites\/17\/2024\/04\/AXA-Folding-lock-3.jpg?resize=768,512 768w, https:\/\/axabikesecurity.com\/de\/wp-content\/uploads\/sites\/17\/2024\/04\/AXA-Folding-lock-3.jpg?resize=2048,1365 2048w, https:\/\/axabikesecurity.com\/de\/wp-content\/uploads\/sites\/17\/2024\/04\/AXA-Folding-lock-3.jpg?resize=1536,1024 1536w, https:\/\/axabikesecurity.com\/de\/wp-content\/uploads\/sites\/17\/2024\/04\/AXA-Folding-lock-3.jpg?resize=1215,810 1215w, https:\/\/axabikesecurity.com\/de\/wp-content\/uploads\/sites\/17\/2024\/04\/AXA-Folding-lock-3.jpg?resize=600,400 600w\" sizes=\"auto, (max-width: 2048px) 100vw, 2048px\" data-ot-ignore=\"\" \/>\n\t<\/div>\n\t\t\t<\/div>\n\n\t\t\t<div class=\"w-full md:w-6\/12 lg:absolute top-1\/2 lg:-translate-y-1\/2 bg-white py-10 pl-9 pr-7 shadow-contentcard rounded-[2px] left-0\">\n\t\t\t\t<div class=\"content [&amp;_p]:text-[18px]    \">\n\t\t\t\t\t\t\t    <h3 id=\"block_acf-block-6697d4fbe992c7.54731821\" class=\"\">3: Befestige das Schloss hoch am Fahrrad<\/h3>\n\t\t\t    <div class=\"[&amp;_p]:text-[18px]\">\n        <p>Indem du deine Kette oder dein Kabel hoch am Fahrrad und nicht auf dem Boden befestigst, kann bei einem Einbruchsversuch weniger Kraft ausge\u00fcbt werden. Befestige Schl\u00f6sser vorzugsweise am Rahmen oder am Hinterrad des Fahrrads. Vorderr\u00e4der k\u00f6nnen schneller entfernt werden.<\/p>\n\n    <\/div>\n\t<\/div>\n\t\t\t<\/div>\n\n\t\t<\/div>\n\n\t<\/div>\n<\/section>\n\n\n<section id=\"\" class=\"is-layout-flex wp-block-acf-content-image-is-layout-flex\" style=\"padding-top:var(--wp--preset--spacing--80); padding-bottom:var(--wp--preset--spacing--80); color: var(--wp--preset--color--font); \">\n\t<div class=\"container\">\n\n\t\t<div class=\"flex flex-col gap-10 lg:gap-0 lg:flex-row relative justify-start items-center justify-start \">\n\n\t\t\t<div class=\"w-full md:w-7\/12\">\n\t\t\t\t\t<img loading=\"lazy\" decoding=\"async\" width=\"2048\" height=\"1365\" src=\"https:\/\/axabikesecurity.com\/de\/wp-content\/uploads\/sites\/17\/2024\/04\/1DXA0528_690f34.jpg?w=2048\" class=\"w-full rounded \" alt=\"\" srcset=\"https:\/\/axabikesecurity.com\/de\/wp-content\/uploads\/sites\/17\/2024\/04\/1DXA0528_690f34.jpg 5472w, https:\/\/axabikesecurity.com\/de\/wp-content\/uploads\/sites\/17\/2024\/04\/1DXA0528_690f34.jpg?resize=512,341 512w, https:\/\/axabikesecurity.com\/de\/wp-content\/uploads\/sites\/17\/2024\/04\/1DXA0528_690f34.jpg?resize=768,512 768w, https:\/\/axabikesecurity.com\/de\/wp-content\/uploads\/sites\/17\/2024\/04\/1DXA0528_690f34.jpg?resize=2048,1365 2048w, https:\/\/axabikesecurity.com\/de\/wp-content\/uploads\/sites\/17\/2024\/04\/1DXA0528_690f34.jpg?resize=1536,1024 1536w, https:\/\/axabikesecurity.com\/de\/wp-content\/uploads\/sites\/17\/2024\/04\/1DXA0528_690f34.jpg?resize=1215,810 1215w, https:\/\/axabikesecurity.com\/de\/wp-content\/uploads\/sites\/17\/2024\/04\/1DXA0528_690f34.jpg?resize=600,400 600w\" sizes=\"auto, (max-width: 2048px) 100vw, 2048px\" data-ot-ignore=\"\" \/>\n\t\t\t<\/div>\n\n\t\t\t<div class=\"w-full md:w-6\/12 lg:absolute top-1\/2 lg:-translate-y-1\/2 bg-white py-10 pl-9 pr-7 shadow-contentcard rounded-[2px] right-0\">\n\t\t\t\t<div class=\"content [&amp;_p]:text-[18px]    \">\n\t\t\t\t\t\t\t    <h3 id=\"block_acf-block-6697d4fbe994c4.17593540\" class=\"\">4: Parke an gut sichtbaren Orten<\/h3>\n\t\t\t    <div class=\"[&amp;_p]:text-[18px]\">\n        <p>Parke dein Fahrrad am besten an einem Ort mit viel Betrieb und Menschen, die warten, wie zum Beispiel an einer Bushaltestelle oder Stra\u00dfenbahnhaltestelle. Diebe m\u00f6gen es nicht, beobachtet zu werden. Ein Ort mit vielen Passanten ist jedoch weniger sicher, da sie weniger auf ihre Umgebung achten und sogar die Bewegungen eines Diebes tarnen k\u00f6nnen.<\/p>\n\n    <\/div>\n\t<\/div>\n\t\t\t<\/div>\n\n\t\t<\/div>\n\n\t<\/div>\n<\/section>\n\n\n<section id=\"\" class=\"is-layout-flex wp-block-acf-video-is-layout-flex\" style=\"padding-top:var(--wp--preset--spacing--80); padding-bottom:var(--wp--preset--spacing--80); color: var(--wp--preset--color--font); \">\n    <div class=\"container\">\n        <div class=\"flex flex-row gap-12 justify-end\">\n                <div class=\"w-full \">\n\n                                                <h3 id=\"block_acf-block-6697d4fbe99635.03809714\" class=\"mb-6\">Schau dir das Video mit Tipps an<\/h3>\n                    \n                                            <div class=\"video \">\n\t<iframe loading=\"lazy\" title=\"Beveiligingstips \u2013 Hoe zet ik mijn fiets op slot\" width=\"640\" height=\"360\" src=\"https:\/\/www.youtube.com\/embed\/mAVGQmPwywU?feature=oembed\" frameborder=\"0\" allow=\"accelerometer; autoplay; clipboard-write; encrypted-media; gyroscope; picture-in-picture; web-share\" referrerpolicy=\"strict-origin-when-cross-origin\" allowfullscreen data-ot-ignore><\/iframe>\n<\/div>\n                    \n                    \n                <\/div>\n            <\/div>\n    <\/div>\n<\/section>\n","protected":false},"excerpt":{"rendered":"","protected":false},"author":17,"featured_media":0,"parent":0,"menu_order":0,"comment_status":"closed","ping_status":"closed","template":"","meta":{"_acf_changed":false,"_trash_the_other_posts":false,"footnotes":""},"class_list":["post-15760","page","type-page","status-publish","hentry"],"acf":[],"yoast_head":"<!-- This site is optimized with the Yoast SEO plugin v27.1.1 - https:\/\/yoast.com\/product\/yoast-seo-wordpress\/ -->\n<title>Informationen - Wie schlie\u00dfe ich mein Fahrrad ab | AXA Bike Security \ud83c\udde9\ud83c\uddea<\/title>\n<meta name=\"description\" content=\"Neben einem guten Schloss ist es wichtig, dein Fahrrad richtig abzuschlie\u00dfen. Lies hier 4 Tipps, wie du das am besten machen kannst.\" \/>\n<meta name=\"robots\" content=\"index, follow, max-snippet:-1, max-image-preview:large, max-video-preview:-1\" \/>\n<link rel=\"canonical\" href=\"https:\/\/axabikesecurity.com\/de\/informatie-hoe-zet-ik-mijn-fiets-op-slot\/\" \/>\n<meta property=\"og:locale\" content=\"en_US\" \/>\n<meta property=\"og:type\" content=\"article\" \/>\n<meta property=\"og:title\" content=\"Informationen - Wie schlie\u00dfe ich mein Fahrrad ab | AXA Bike Security \ud83c\udde9\ud83c\uddea\" \/>\n<meta property=\"og:description\" content=\"Neben einem guten Schloss ist es wichtig, dein Fahrrad richtig abzuschlie\u00dfen. Lies hier 4 Tipps, wie du das am besten machen kannst.\" \/>\n<meta property=\"og:url\" content=\"https:\/\/axabikesecurity.com\/de\/informatie-hoe-zet-ik-mijn-fiets-op-slot\/\" \/>\n<meta property=\"og:site_name\" content=\"AXA Bike Security \ud83c\udde9\ud83c\uddea\" \/>\n<meta property=\"article:modified_time\" content=\"2024-07-17T14:28:13+00:00\" \/>\n<meta name=\"twitter:card\" content=\"summary_large_image\" \/>\n<script type=\"application\/ld+json\" class=\"yoast-schema-graph\">{\"@context\":\"https:\/\/schema.org\",\"@graph\":[{\"@type\":\"WebPage\",\"@id\":\"https:\/\/axabikesecurity.com\/de\/informatie-hoe-zet-ik-mijn-fiets-op-slot\/\",\"url\":\"https:\/\/axabikesecurity.com\/de\/informatie-hoe-zet-ik-mijn-fiets-op-slot\/\",\"name\":\"Informationen - Wie schlie\u00dfe ich mein Fahrrad ab | AXA Bike Security \ud83c\udde9\ud83c\uddea\",\"isPartOf\":{\"@id\":\"https:\/\/axabikesecurity.com\/de\/#website\"},\"datePublished\":\"2024-04-23T07:10:52+00:00\",\"dateModified\":\"2024-07-17T14:28:13+00:00\",\"description\":\"Neben einem guten Schloss ist es wichtig, dein Fahrrad richtig abzuschlie\u00dfen. Lies hier 4 Tipps, wie du das am besten machen kannst.\",\"breadcrumb\":{\"@id\":\"https:\/\/axabikesecurity.com\/de\/informatie-hoe-zet-ik-mijn-fiets-op-slot\/#breadcrumb\"},\"inLanguage\":\"en-US\",\"potentialAction\":[{\"@type\":\"ReadAction\",\"target\":[\"https:\/\/axabikesecurity.com\/de\/informatie-hoe-zet-ik-mijn-fiets-op-slot\/\"]}]},{\"@type\":\"BreadcrumbList\",\"@id\":\"https:\/\/axabikesecurity.com\/de\/informatie-hoe-zet-ik-mijn-fiets-op-slot\/#breadcrumb\",\"itemListElement\":[{\"@type\":\"ListItem\",\"position\":1,\"name\":\"house\",\"item\":\"https:\/\/axabikesecurity.com\/de\/\"},{\"@type\":\"ListItem\",\"position\":2,\"name\":\"Informationen &#8211; Wie schlie\u00dfe ich mein Fahrrad ab\"}]},{\"@type\":\"WebSite\",\"@id\":\"https:\/\/axabikesecurity.com\/de\/#website\",\"url\":\"https:\/\/axabikesecurity.com\/de\/\",\"name\":\"AXA Bike\",\"description\":\"\",\"potentialAction\":[{\"@type\":\"SearchAction\",\"target\":{\"@type\":\"EntryPoint\",\"urlTemplate\":\"https:\/\/axabikesecurity.com\/de\/?s={search_term_string}\"},\"query-input\":{\"@type\":\"PropertyValueSpecification\",\"valueRequired\":true,\"valueName\":\"search_term_string\"}}],\"inLanguage\":\"en-US\"}]}<\/script>\n<!-- \/ Yoast SEO plugin. -->","yoast_head_json":{"title":"Informationen - Wie schlie\u00dfe ich mein Fahrrad ab | AXA Bike Security \ud83c\udde9\ud83c\uddea","description":"Neben einem guten Schloss ist es wichtig, dein Fahrrad richtig abzuschlie\u00dfen. Lies hier 4 Tipps, wie du das am besten machen kannst.","robots":{"index":"index","follow":"follow","max-snippet":"max-snippet:-1","max-image-preview":"max-image-preview:large","max-video-preview":"max-video-preview:-1"},"canonical":"https:\/\/axabikesecurity.com\/de\/informatie-hoe-zet-ik-mijn-fiets-op-slot\/","og_locale":"en_US","og_type":"article","og_title":"Informationen - Wie schlie\u00dfe ich mein Fahrrad ab | AXA Bike Security \ud83c\udde9\ud83c\uddea","og_description":"Neben einem guten Schloss ist es wichtig, dein Fahrrad richtig abzuschlie\u00dfen. Lies hier 4 Tipps, wie du das am besten machen kannst.","og_url":"https:\/\/axabikesecurity.com\/de\/informatie-hoe-zet-ik-mijn-fiets-op-slot\/","og_site_name":"AXA Bike Security \ud83c\udde9\ud83c\uddea","article_modified_time":"2024-07-17T14:28:13+00:00","twitter_card":"summary_large_image","schema":{"@context":"https:\/\/schema.org","@graph":[{"@type":"WebPage","@id":"https:\/\/axabikesecurity.com\/de\/informatie-hoe-zet-ik-mijn-fiets-op-slot\/","url":"https:\/\/axabikesecurity.com\/de\/informatie-hoe-zet-ik-mijn-fiets-op-slot\/","name":"Informationen - Wie schlie\u00dfe ich mein Fahrrad ab | AXA Bike Security \ud83c\udde9\ud83c\uddea","isPartOf":{"@id":"https:\/\/axabikesecurity.com\/de\/#website"},"datePublished":"2024-04-23T07:10:52+00:00","dateModified":"2024-07-17T14:28:13+00:00","description":"Neben einem guten Schloss ist es wichtig, dein Fahrrad richtig abzuschlie\u00dfen. Lies hier 4 Tipps, wie du das am besten machen kannst.","breadcrumb":{"@id":"https:\/\/axabikesecurity.com\/de\/informatie-hoe-zet-ik-mijn-fiets-op-slot\/#breadcrumb"},"inLanguage":"en-US","potentialAction":[{"@type":"ReadAction","target":["https:\/\/axabikesecurity.com\/de\/informatie-hoe-zet-ik-mijn-fiets-op-slot\/"]}]},{"@type":"BreadcrumbList","@id":"https:\/\/axabikesecurity.com\/de\/informatie-hoe-zet-ik-mijn-fiets-op-slot\/#breadcrumb","itemListElement":[{"@type":"ListItem","position":1,"name":"house","item":"https:\/\/axabikesecurity.com\/de\/"},{"@type":"ListItem","position":2,"name":"Informationen &#8211; Wie schlie\u00dfe ich mein Fahrrad ab"}]},{"@type":"WebSite","@id":"https:\/\/axabikesecurity.com\/de\/#website","url":"https:\/\/axabikesecurity.com\/de\/","name":"AXA Bike","description":"","potentialAction":[{"@type":"SearchAction","target":{"@type":"EntryPoint","urlTemplate":"https:\/\/axabikesecurity.com\/de\/?s={search_term_string}"},"query-input":{"@type":"PropertyValueSpecification","valueRequired":true,"valueName":"search_term_string"}}],"inLanguage":"en-US"}]}},"jetpack_sharing_enabled":true,"_links":{"self":[{"href":"https:\/\/axabikesecurity.com\/de\/wp-json\/wp\/v2\/pages\/15760","targetHints":{"allow":["GET"]}}],"collection":[{"href":"https:\/\/axabikesecurity.com\/de\/wp-json\/wp\/v2\/pages"}],"about":[{"href":"https:\/\/axabikesecurity.com\/de\/wp-json\/wp\/v2\/types\/page"}],"author":[{"embeddable":true,"href":"https:\/\/axabikesecurity.com\/de\/wp-json\/wp\/v2\/users\/17"}],"replies":[{"embeddable":true,"href":"https:\/\/axabikesecurity.com\/de\/wp-json\/wp\/v2\/comments?post=15760"}],"version-history":[{"count":18,"href":"https:\/\/axabikesecurity.com\/de\/wp-json\/wp\/v2\/pages\/15760\/revisions"}],"predecessor-version":[{"id":17154,"href":"https:\/\/axabikesecurity.com\/de\/wp-json\/wp\/v2\/pages\/15760\/revisions\/17154"}],"wp:attachment":[{"href":"https:\/\/axabikesecurity.com\/de\/wp-json\/wp\/v2\/media?parent=15760"}],"curies":[{"name":"wp","href":"https:\/\/api.w.org\/{rel}","templated":true}]}}