{"id":15782,"date":"2024-04-24T13:08:40","date_gmt":"2024-04-24T13:08:40","guid":{"rendered":"https:\/\/axabikesecurity.com\/nl\/?page_id=15782"},"modified":"2024-07-17T10:32:35","modified_gmt":"2024-07-17T10:32:35","slug":"informatie-axa-sleutel-bestellen","status":"publish","type":"page","link":"https:\/\/axabikesecurity.com\/de\/informatie-axa-sleutel-bestellen\/","title":{"rendered":"Informationen &#8211; AXA Schl\u00fcssel bestellen"},"content":{"rendered":"<section id=\"\" class=\"relative after:w-full after:h-full after:top-0 after:left-0 after:bg-[rgba(0,0,0,0.35)] after:absolute   !pt-[96px] is-layout-flex wp-block-acf-hero-is-layout-flex\" style=\"padding-top:16px; padding-bottom:136px; color: var(--wp--preset--color--font); \">\n\n\t\t\t\t<img loading=\"lazy\" decoding=\"async\" width=\"2048\" height=\"1024\" src=\"https:\/\/axabikesecurity.com\/de\/wp-content\/uploads\/sites\/17\/2024\/04\/AXA-Sleutelservice.jpg?w=2048\" class=\"w-full h-full absolute top-0 left-0 object-cover \" alt=\"AXA Sleutel Service\" srcset=\"https:\/\/axabikesecurity.com\/de\/wp-content\/uploads\/sites\/17\/2024\/04\/AXA-Sleutelservice.jpg 2400w, https:\/\/axabikesecurity.com\/de\/wp-content\/uploads\/sites\/17\/2024\/04\/AXA-Sleutelservice.jpg?resize=512,256 512w, https:\/\/axabikesecurity.com\/de\/wp-content\/uploads\/sites\/17\/2024\/04\/AXA-Sleutelservice.jpg?resize=768,384 768w, https:\/\/axabikesecurity.com\/de\/wp-content\/uploads\/sites\/17\/2024\/04\/AXA-Sleutelservice.jpg?resize=2048,1024 2048w, https:\/\/axabikesecurity.com\/de\/wp-content\/uploads\/sites\/17\/2024\/04\/AXA-Sleutelservice.jpg?resize=1536,768 1536w, https:\/\/axabikesecurity.com\/de\/wp-content\/uploads\/sites\/17\/2024\/04\/AXA-Sleutelservice.jpg?resize=1440,720 1440w, https:\/\/axabikesecurity.com\/de\/wp-content\/uploads\/sites\/17\/2024\/04\/AXA-Sleutelservice.jpg?resize=600,300 600w\" sizes=\"auto, (max-width: 2048px) 100vw, 2048px\" data-ot-ignore=\"\" \/>\n\t\n\t\n\t<div class=\"relative container z-10\">\n\n\t\t<div class=\"relative w-full lg:w-6\/12\">\n\t\t\t<div class=\"content text-white    \">\n\t\t\t\t    <h1 class=\"\">AXA Schl\u00fcssel bestellen<\/h1>\n\t\t    <div class=\"text-white\">\n        <p>Es kann vorkommen, dass du deinen Fahrradschl\u00fcssel verlierst. Das ist kein Problem!<\/p>\n<p>Du kannst einfach und schnell einen neuen AXA Schl\u00fcssel \u00fcber unseren Online-Schl\u00fcsselservice bestellen.<\/p>\n\n    <\/div>\n\t<\/div>\n\t\t<\/div>\n\n\t<\/div>\n<\/section>\n\n\n<section id=\"\" class=\"\" style=\"padding-top:var(--wp--preset--spacing--80); padding-bottom:var(--wp--preset--spacing--80); color: var(--wp--preset--color--font); \">\n\t<div class=\"container\">\n\t\t<div class=\"content     \">\n\t\t\t\t\t\t    <div class=\"\">\n        <p>Nach deiner Bestellung wird diese innerhalb weniger Tage geliefert. AXA ist der einzige Anbieter, der Schl\u00fcssel in Eigenregie produziert und versendet. Dadurch bieten wir einen schnellen Service und Sicherheit.<\/p>\n\n    <\/div>\n\t\t<div class=\"flex flex-wrap gap-4 md:gap-6 \">\n\t\t\t\t\t\t\n\t<a href=\"https:\/\/keyservice.axasecurity.com\/de-DE\" class=\"btn  btn--solid flex-row-reverse\" target=\"_blank\">\n\t\t\t\t\t\t\t        <div class=\"h-6 w-6 text-[24px] color: var(--wp--preset--color--font); flex justify-center items-center \">\n        <span class=\"material-symbols-rounded\">open_in_new<\/span>\n    <\/div>\n\t\t\t\tAXA Schl\u00fcsselservice\n\t<\/a>\n\t\t\t<\/div>\n\n<\/div>\n\t<\/div>\n<\/section>\n\n\n<section id=\"\" class=\"is-layout-flex wp-block-acf-content-image-is-layout-flex\" style=\"padding-top:var(--wp--preset--spacing--80); padding-bottom:var(--wp--preset--spacing--80); color: var(--wp--preset--color--font); \">\n\t<div class=\"container\">\n\n\t\t<div class=\"flex flex-col gap-10 lg:gap-0 lg:flex-row relative justify-end items-center justify-start \">\n\n\t\t\t<div class=\"w-full md:w-7\/12\">\n\t\t\t\t\t<div class=\"rounded-[2px] overflow-hidden\">\n\t\t\t\t<img loading=\"lazy\" decoding=\"async\" width=\"1600\" height=\"1200\" src=\"https:\/\/axabikesecurity.com\/de\/wp-content\/uploads\/sites\/17\/2024\/07\/Keyservice_DE.png?w=1600\" class=\"w-full media-cutoff \" alt=\"AXA Schl\u00fcsselservice\" srcset=\"https:\/\/axabikesecurity.com\/de\/wp-content\/uploads\/sites\/17\/2024\/07\/Keyservice_DE.png 1600w, https:\/\/axabikesecurity.com\/de\/wp-content\/uploads\/sites\/17\/2024\/07\/Keyservice_DE.png?resize=512,384 512w, https:\/\/axabikesecurity.com\/de\/wp-content\/uploads\/sites\/17\/2024\/07\/Keyservice_DE.png?resize=768,576 768w, https:\/\/axabikesecurity.com\/de\/wp-content\/uploads\/sites\/17\/2024\/07\/Keyservice_DE.png?resize=1536,1152 1536w, https:\/\/axabikesecurity.com\/de\/wp-content\/uploads\/sites\/17\/2024\/07\/Keyservice_DE.png?resize=1080,810 1080w, https:\/\/axabikesecurity.com\/de\/wp-content\/uploads\/sites\/17\/2024\/07\/Keyservice_DE.png?resize=600,450 600w\" sizes=\"auto, (max-width: 1600px) 100vw, 1600px\" data-ot-ignore=\"\" \/>\n\t<\/div>\n\t\t\t<\/div>\n\n\t\t\t<div class=\"w-full md:w-6\/12 lg:absolute top-1\/2 lg:-translate-y-1\/2 bg-white py-10 pl-9 pr-7 shadow-contentcard rounded-[2px] left-0\">\n\t\t\t\t<div class=\"content [&amp;_p]:text-[18px]    \">\n\t\t\t\t\t\t\t    <h3 id=\"block_acf-block-66979dc2a20511.56966818\" class=\"\">Schl\u00fcsselnummer notieren<\/h3>\n\t\t\t    <div class=\"[&amp;_p]:text-[18px]\">\n        <p>Wenn du ein neues AXA-Fahrradschloss gekauft hast, befindet sich eine Nummer auf dem Schl\u00fcssel. Es ist wichtig, diese Schl\u00fcsselnummer an einem sicheren Ort zu notieren. Du ben\u00f6tigst diese Nummer, wenn du einen neuen AXA-Schl\u00fcssel bestellen m\u00f6chtest.<\/p>\n\n    <\/div>\n\t<\/div>\n\t\t\t<\/div>\n\n\t\t<\/div>\n\n\t<\/div>\n<\/section>\n","protected":false},"excerpt":{"rendered":"","protected":false},"author":17,"featured_media":0,"parent":0,"menu_order":0,"comment_status":"closed","ping_status":"closed","template":"","meta":{"_acf_changed":false,"_trash_the_other_posts":false,"footnotes":""},"class_list":["post-15782","page","type-page","status-publish","hentry"],"acf":[],"yoast_head":"<!-- This site is optimized with the Yoast SEO plugin v27.4 - https:\/\/yoast.com\/product\/yoast-seo-wordpress\/ -->\n<title>Informationen - AXA Schl\u00fcssel bestellen | AXA Bike Security \ud83c\udde9\ud83c\uddea<\/title>\n<meta name=\"description\" content=\"Es kann vorkommen, dass du deinen Fahrradschl\u00fcssel verlierst. Bestelle einfach einen neuen AXA-Schl\u00fcssel \u00fcber unseren Schl\u00fcsselservice.\" \/>\n<meta name=\"robots\" content=\"index, follow, max-snippet:-1, max-image-preview:large, max-video-preview:-1\" \/>\n<link rel=\"canonical\" href=\"https:\/\/axabikesecurity.com\/de\/informatie-axa-sleutel-bestellen\/\" \/>\n<meta property=\"og:locale\" content=\"en_US\" \/>\n<meta property=\"og:type\" content=\"article\" \/>\n<meta property=\"og:title\" content=\"Informationen - AXA Schl\u00fcssel bestellen | AXA Bike Security \ud83c\udde9\ud83c\uddea\" \/>\n<meta property=\"og:description\" content=\"Es kann vorkommen, dass du deinen Fahrradschl\u00fcssel verlierst. Bestelle einfach einen neuen AXA-Schl\u00fcssel \u00fcber unseren Schl\u00fcsselservice.\" \/>\n<meta property=\"og:url\" content=\"https:\/\/axabikesecurity.com\/de\/informatie-axa-sleutel-bestellen\/\" \/>\n<meta property=\"og:site_name\" content=\"AXA Bike Security \ud83c\udde9\ud83c\uddea\" \/>\n<meta property=\"article:modified_time\" content=\"2024-07-17T10:32:35+00:00\" \/>\n<meta name=\"twitter:card\" content=\"summary_large_image\" \/>\n<script type=\"application\/ld+json\" class=\"yoast-schema-graph\">{\"@context\":\"https:\\\/\\\/schema.org\",\"@graph\":[{\"@type\":\"WebPage\",\"@id\":\"https:\\\/\\\/axabikesecurity.com\\\/de\\\/informatie-axa-sleutel-bestellen\\\/\",\"url\":\"https:\\\/\\\/axabikesecurity.com\\\/de\\\/informatie-axa-sleutel-bestellen\\\/\",\"name\":\"Informationen - AXA Schl\u00fcssel bestellen | AXA Bike Security \ud83c\udde9\ud83c\uddea\",\"isPartOf\":{\"@id\":\"https:\\\/\\\/axabikesecurity.com\\\/de\\\/#website\"},\"datePublished\":\"2024-04-24T13:08:40+00:00\",\"dateModified\":\"2024-07-17T10:32:35+00:00\",\"description\":\"Es kann vorkommen, dass du deinen Fahrradschl\u00fcssel verlierst. Bestelle einfach einen neuen AXA-Schl\u00fcssel \u00fcber unseren Schl\u00fcsselservice.\",\"breadcrumb\":{\"@id\":\"https:\\\/\\\/axabikesecurity.com\\\/de\\\/informatie-axa-sleutel-bestellen\\\/#breadcrumb\"},\"inLanguage\":\"en-US\",\"potentialAction\":[{\"@type\":\"ReadAction\",\"target\":[\"https:\\\/\\\/axabikesecurity.com\\\/de\\\/informatie-axa-sleutel-bestellen\\\/\"]}]},{\"@type\":\"BreadcrumbList\",\"@id\":\"https:\\\/\\\/axabikesecurity.com\\\/de\\\/informatie-axa-sleutel-bestellen\\\/#breadcrumb\",\"itemListElement\":[{\"@type\":\"ListItem\",\"position\":1,\"name\":\"house\",\"item\":\"https:\\\/\\\/axabikesecurity.com\\\/de\\\/\"},{\"@type\":\"ListItem\",\"position\":2,\"name\":\"Informationen &#8211; AXA Schl\u00fcssel bestellen\"}]},{\"@type\":\"WebSite\",\"@id\":\"https:\\\/\\\/axabikesecurity.com\\\/de\\\/#website\",\"url\":\"https:\\\/\\\/axabikesecurity.com\\\/de\\\/\",\"name\":\"AXA Bike\",\"description\":\"\",\"potentialAction\":[{\"@type\":\"SearchAction\",\"target\":{\"@type\":\"EntryPoint\",\"urlTemplate\":\"https:\\\/\\\/axabikesecurity.com\\\/de\\\/?s={search_term_string}\"},\"query-input\":{\"@type\":\"PropertyValueSpecification\",\"valueRequired\":true,\"valueName\":\"search_term_string\"}}],\"inLanguage\":\"en-US\"}]}<\/script>\n<!-- \/ Yoast SEO plugin. -->","yoast_head_json":{"title":"Informationen - AXA Schl\u00fcssel bestellen | AXA Bike Security \ud83c\udde9\ud83c\uddea","description":"Es kann vorkommen, dass du deinen Fahrradschl\u00fcssel verlierst. Bestelle einfach einen neuen AXA-Schl\u00fcssel \u00fcber unseren Schl\u00fcsselservice.","robots":{"index":"index","follow":"follow","max-snippet":"max-snippet:-1","max-image-preview":"max-image-preview:large","max-video-preview":"max-video-preview:-1"},"canonical":"https:\/\/axabikesecurity.com\/de\/informatie-axa-sleutel-bestellen\/","og_locale":"en_US","og_type":"article","og_title":"Informationen - AXA Schl\u00fcssel bestellen | AXA Bike Security \ud83c\udde9\ud83c\uddea","og_description":"Es kann vorkommen, dass du deinen Fahrradschl\u00fcssel verlierst. Bestelle einfach einen neuen AXA-Schl\u00fcssel \u00fcber unseren Schl\u00fcsselservice.","og_url":"https:\/\/axabikesecurity.com\/de\/informatie-axa-sleutel-bestellen\/","og_site_name":"AXA Bike Security \ud83c\udde9\ud83c\uddea","article_modified_time":"2024-07-17T10:32:35+00:00","twitter_card":"summary_large_image","schema":{"@context":"https:\/\/schema.org","@graph":[{"@type":"WebPage","@id":"https:\/\/axabikesecurity.com\/de\/informatie-axa-sleutel-bestellen\/","url":"https:\/\/axabikesecurity.com\/de\/informatie-axa-sleutel-bestellen\/","name":"Informationen - AXA Schl\u00fcssel bestellen | AXA Bike Security \ud83c\udde9\ud83c\uddea","isPartOf":{"@id":"https:\/\/axabikesecurity.com\/de\/#website"},"datePublished":"2024-04-24T13:08:40+00:00","dateModified":"2024-07-17T10:32:35+00:00","description":"Es kann vorkommen, dass du deinen Fahrradschl\u00fcssel verlierst. Bestelle einfach einen neuen AXA-Schl\u00fcssel \u00fcber unseren Schl\u00fcsselservice.","breadcrumb":{"@id":"https:\/\/axabikesecurity.com\/de\/informatie-axa-sleutel-bestellen\/#breadcrumb"},"inLanguage":"en-US","potentialAction":[{"@type":"ReadAction","target":["https:\/\/axabikesecurity.com\/de\/informatie-axa-sleutel-bestellen\/"]}]},{"@type":"BreadcrumbList","@id":"https:\/\/axabikesecurity.com\/de\/informatie-axa-sleutel-bestellen\/#breadcrumb","itemListElement":[{"@type":"ListItem","position":1,"name":"house","item":"https:\/\/axabikesecurity.com\/de\/"},{"@type":"ListItem","position":2,"name":"Informationen &#8211; AXA Schl\u00fcssel bestellen"}]},{"@type":"WebSite","@id":"https:\/\/axabikesecurity.com\/de\/#website","url":"https:\/\/axabikesecurity.com\/de\/","name":"AXA Bike","description":"","potentialAction":[{"@type":"SearchAction","target":{"@type":"EntryPoint","urlTemplate":"https:\/\/axabikesecurity.com\/de\/?s={search_term_string}"},"query-input":{"@type":"PropertyValueSpecification","valueRequired":true,"valueName":"search_term_string"}}],"inLanguage":"en-US"}]}},"jetpack_sharing_enabled":true,"_links":{"self":[{"href":"https:\/\/axabikesecurity.com\/de\/wp-json\/wp\/v2\/pages\/15782","targetHints":{"allow":["GET"]}}],"collection":[{"href":"https:\/\/axabikesecurity.com\/de\/wp-json\/wp\/v2\/pages"}],"about":[{"href":"https:\/\/axabikesecurity.com\/de\/wp-json\/wp\/v2\/types\/page"}],"author":[{"embeddable":true,"href":"https:\/\/axabikesecurity.com\/de\/wp-json\/wp\/v2\/users\/17"}],"replies":[{"embeddable":true,"href":"https:\/\/axabikesecurity.com\/de\/wp-json\/wp\/v2\/comments?post=15782"}],"version-history":[{"count":16,"href":"https:\/\/axabikesecurity.com\/de\/wp-json\/wp\/v2\/pages\/15782\/revisions"}],"predecessor-version":[{"id":17133,"href":"https:\/\/axabikesecurity.com\/de\/wp-json\/wp\/v2\/pages\/15782\/revisions\/17133"}],"wp:attachment":[{"href":"https:\/\/axabikesecurity.com\/de\/wp-json\/wp\/v2\/media?parent=15782"}],"curies":[{"name":"wp","href":"https:\/\/api.w.org\/{rel}","templated":true}]}}