{"id":15897,"date":"2024-04-26T09:27:42","date_gmt":"2024-04-26T09:27:42","guid":{"rendered":"https:\/\/axabikesecurity.com\/nl\/?page_id=15897"},"modified":"2024-04-30T08:47:50","modified_gmt":"2024-04-30T08:47:50","slug":"landing-page-cherto-is-absolute-9-geworden","status":"publish","type":"page","link":"https:\/\/axabikesecurity.com\/de\/landing-page-cherto-is-absolute-9-geworden\/","title":{"rendered":"Landing page &#8211; Cherto wurde zu Absolute 9"},"content":{"rendered":"<section id=\"\" class=\"relative after:w-full after:h-full after:top-0 after:left-0 after:bg-[rgba(0,0,0,0.35)] after:absolute   !pt-[96px] is-layout-flex wp-block-acf-hero-is-layout-flex\" style=\"padding-top:16px; padding-bottom:136px; color: var(--wp--preset--color--font); \">\n\n\t\t\t\t<img loading=\"lazy\" decoding=\"async\" width=\"2048\" height=\"900\" src=\"https:\/\/axabikesecurity.com\/de\/wp-content\/uploads\/sites\/17\/2024\/04\/AXA-Cherto-Absolute_2732x1200px_NL.jpg?w=2048\" class=\"w-full h-full absolute top-0 left-0 object-cover \" alt=\"Cherto wordt Absolute\" srcset=\"https:\/\/axabikesecurity.com\/de\/wp-content\/uploads\/sites\/17\/2024\/04\/AXA-Cherto-Absolute_2732x1200px_NL.jpg 2732w, https:\/\/axabikesecurity.com\/de\/wp-content\/uploads\/sites\/17\/2024\/04\/AXA-Cherto-Absolute_2732x1200px_NL.jpg?resize=512,225 512w, https:\/\/axabikesecurity.com\/de\/wp-content\/uploads\/sites\/17\/2024\/04\/AXA-Cherto-Absolute_2732x1200px_NL.jpg?resize=768,337 768w, https:\/\/axabikesecurity.com\/de\/wp-content\/uploads\/sites\/17\/2024\/04\/AXA-Cherto-Absolute_2732x1200px_NL.jpg?resize=2048,900 2048w, https:\/\/axabikesecurity.com\/de\/wp-content\/uploads\/sites\/17\/2024\/04\/AXA-Cherto-Absolute_2732x1200px_NL.jpg?resize=1536,675 1536w, https:\/\/axabikesecurity.com\/de\/wp-content\/uploads\/sites\/17\/2024\/04\/AXA-Cherto-Absolute_2732x1200px_NL.jpg?resize=1440,633 1440w, https:\/\/axabikesecurity.com\/de\/wp-content\/uploads\/sites\/17\/2024\/04\/AXA-Cherto-Absolute_2732x1200px_NL.jpg?resize=600,264 600w\" sizes=\"auto, (max-width: 2048px) 100vw, 2048px\" data-ot-ignore=\"\" \/>\n\t\n\t\n\t<div class=\"relative container z-10\">\n\n\t\t<div class=\"relative w-full lg:w-6\/12\">\n\t\t\t<div class=\"content text-white    \">\n\t\t\t\t\t\t\t<\/div>\n\t\t<\/div>\n\n\t<\/div>\n<\/section>\n\n\n<section id=\"\" class=\"\" style=\"padding-top:var(--wp--preset--spacing--80); padding-bottom:var(--wp--preset--spacing--80); color: var(--wp--preset--color--font); \">\n\t<div class=\"container\">\n\t\t<div class=\"content     \">\n\t\t\t\t\t\t\t    <h2 class=\"\">Die AXA Cherto wurde durch die Absolute 9 ersetzt<\/h2>\n\t\t\t    <div class=\"\">\n        <p>Unsere ART 2-Sterne-zugelassene Cherto Kette wurde durch die verbesserte Absolute 9 Kette ersetzt. Und die Cherto City wurde durch die Absolute 8 ersetzt.<\/p>\n<p>Beide Ketten sind in 2 L\u00e4ngen erh\u00e4ltlich: 90 und 110 cm.<\/p>\n<p>Der Zylinder ist mit einer Abdeckkappe gesch\u00fctzt, und die starke schwarze Polyesterh\u00fclle sch\u00fctzt das Fahrrad vor Besch\u00e4digungen. Selbstverst\u00e4ndlich bietet diese Kette auch unseren bew\u00e4hrten Online-Schl\u00fcsselservice.<\/p>\n<p>Seit dem 16. Juli 2023 gilt die ART 2-Sterne-Zulassung nicht mehr f\u00fcr die Cherto Kette. Ab diesem Datum kann keine neue Fahrradversicherung mehr mit einer Cherto Kette abgeschlossen werden.<\/p>\n\n    <\/div>\n\t<\/div>\n\t<\/div>\n<\/section>\n\n\n\n\n<section id=\"\" class=\" relative\" style=\"padding-top:var(--wp--preset--spacing--80); padding-bottom:var(--wp--preset--spacing--80);  \">\n\t\t<div class=\"full-container relative md:overflow-hidden\">\n\t\t<div class=\"container\">\n\t\t\t<div class=\"flex flex-col lg:flex-row justify-between gap-4 w-full \">\n\t\t\t\t<div class=\"w-full lg:w-1\/3 flex flex-col lg:items-center lg:justify-center\">\n\t\t\t\t\t<div class=\"content     \">\n\t\t\t\t\t\t\t    <h2 class=\"\">AXA Absolute 9 Ketten<\/h2>\n\t\t\t\t<\/div>\n\t\t\t\t<\/div>\n\n\n\t\t\t\t<div class=\"w-full lg:w-1\/2\">\n\t\t\t\t\t\n\t\t\t\t<div class=\"\">\n\t<div class=\"slider\" data-swiper=\"{&quot;slidesPerView&quot;:1,&quot;spaceBetween&quot;:16,&quot;autoHeight&quot;:false,&quot;swipeDirection&quot;:&quot;next&quot;,&quot;breakpoints&quot;:{&quot;420&quot;:{&quot;slidesPerView&quot;:2},&quot;540&quot;:{&quot;slidesPerView&quot;:3},&quot;768&quot;:{&quot;spaceBetween&quot;:24},&quot;1024&quot;:{&quot;slidesPerView&quot;:2}}}\">\n\t\t<div class=\"swiper   \">\n\t\t\t<div class=\"swiper-wrapper cursor-grab\">\n\t\t\t\t\t\t\t<\/div>\n\t\t<\/div>\n\t\t<div class=\"mt-12 flex gap-9 items-center  relative z-10 justify-end\">\n\n\t\t\t\n\t\t\t\n\t\t\t<div class=\"flex gap-4 items-center\">\n\t\t\t\t<div class=\"swiper-button-prev \" style=\"\"><\/div>\n\t\t\t\t\t\t\t\t<div class=\"swiper-button-next \" style=\"\"><\/div>\n\t\t\t<\/div>\n\t\t<\/div>\n\t<\/div>\n\n<\/div>\n\t\t\t\t<\/div>\n\t\t\t<\/div>\n\t\t<\/div>\n\t<\/div>\n<\/section>\n","protected":false},"excerpt":{"rendered":"","protected":false},"author":17,"featured_media":0,"parent":0,"menu_order":0,"comment_status":"closed","ping_status":"closed","template":"","meta":{"_acf_changed":false,"_trash_the_other_posts":false,"footnotes":""},"class_list":["post-15897","page","type-page","status-publish","hentry"],"acf":[],"yoast_head":"<!-- This site is optimized with the Yoast SEO plugin v27.4 - https:\/\/yoast.com\/product\/yoast-seo-wordpress\/ -->\n<title>Landing page - Cherto wurde zu Absolute 9 | AXA Bike Security \ud83c\udde9\ud83c\uddea<\/title>\n<meta name=\"description\" content=\"Unsere ART 2-Sterne-zugelassene Cherto-Kette wurde durch die verbesserte Absolute 9-Kette ersetzt. Sie sind in 90 und 110 cm erh\u00e4ltlich.\" \/>\n<meta name=\"robots\" content=\"index, follow, max-snippet:-1, max-image-preview:large, max-video-preview:-1\" \/>\n<link rel=\"canonical\" href=\"https:\/\/axabikesecurity.com\/de\/landing-page-cherto-is-absolute-9-geworden\/\" \/>\n<meta property=\"og:locale\" content=\"en_US\" \/>\n<meta property=\"og:type\" content=\"article\" \/>\n<meta property=\"og:title\" content=\"Landing page - Cherto wurde zu Absolute 9 | AXA Bike Security \ud83c\udde9\ud83c\uddea\" \/>\n<meta property=\"og:description\" content=\"Unsere ART 2-Sterne-zugelassene Cherto-Kette wurde durch die verbesserte Absolute 9-Kette ersetzt. Sie sind in 90 und 110 cm erh\u00e4ltlich.\" \/>\n<meta property=\"og:url\" content=\"https:\/\/axabikesecurity.com\/de\/landing-page-cherto-is-absolute-9-geworden\/\" \/>\n<meta property=\"og:site_name\" content=\"AXA Bike Security \ud83c\udde9\ud83c\uddea\" \/>\n<meta property=\"article:modified_time\" content=\"2024-04-30T08:47:50+00:00\" \/>\n<meta name=\"twitter:card\" content=\"summary_large_image\" \/>\n<script type=\"application\/ld+json\" class=\"yoast-schema-graph\">{\"@context\":\"https:\\\/\\\/schema.org\",\"@graph\":[{\"@type\":\"WebPage\",\"@id\":\"https:\\\/\\\/axabikesecurity.com\\\/de\\\/landing-page-cherto-is-absolute-9-geworden\\\/\",\"url\":\"https:\\\/\\\/axabikesecurity.com\\\/de\\\/landing-page-cherto-is-absolute-9-geworden\\\/\",\"name\":\"Landing page - Cherto wurde zu Absolute 9 | AXA Bike Security \ud83c\udde9\ud83c\uddea\",\"isPartOf\":{\"@id\":\"https:\\\/\\\/axabikesecurity.com\\\/de\\\/#website\"},\"datePublished\":\"2024-04-26T09:27:42+00:00\",\"dateModified\":\"2024-04-30T08:47:50+00:00\",\"description\":\"Unsere ART 2-Sterne-zugelassene Cherto-Kette wurde durch die verbesserte Absolute 9-Kette ersetzt. Sie sind in 90 und 110 cm erh\u00e4ltlich.\",\"breadcrumb\":{\"@id\":\"https:\\\/\\\/axabikesecurity.com\\\/de\\\/landing-page-cherto-is-absolute-9-geworden\\\/#breadcrumb\"},\"inLanguage\":\"en-US\",\"potentialAction\":[{\"@type\":\"ReadAction\",\"target\":[\"https:\\\/\\\/axabikesecurity.com\\\/de\\\/landing-page-cherto-is-absolute-9-geworden\\\/\"]}]},{\"@type\":\"BreadcrumbList\",\"@id\":\"https:\\\/\\\/axabikesecurity.com\\\/de\\\/landing-page-cherto-is-absolute-9-geworden\\\/#breadcrumb\",\"itemListElement\":[{\"@type\":\"ListItem\",\"position\":1,\"name\":\"house\",\"item\":\"https:\\\/\\\/axabikesecurity.com\\\/de\\\/\"},{\"@type\":\"ListItem\",\"position\":2,\"name\":\"Landing page &#8211; Cherto wurde zu Absolute 9\"}]},{\"@type\":\"WebSite\",\"@id\":\"https:\\\/\\\/axabikesecurity.com\\\/de\\\/#website\",\"url\":\"https:\\\/\\\/axabikesecurity.com\\\/de\\\/\",\"name\":\"AXA Bike\",\"description\":\"\",\"potentialAction\":[{\"@type\":\"SearchAction\",\"target\":{\"@type\":\"EntryPoint\",\"urlTemplate\":\"https:\\\/\\\/axabikesecurity.com\\\/de\\\/?s={search_term_string}\"},\"query-input\":{\"@type\":\"PropertyValueSpecification\",\"valueRequired\":true,\"valueName\":\"search_term_string\"}}],\"inLanguage\":\"en-US\"}]}<\/script>\n<!-- \/ Yoast SEO plugin. -->","yoast_head_json":{"title":"Landing page - Cherto wurde zu Absolute 9 | AXA Bike Security \ud83c\udde9\ud83c\uddea","description":"Unsere ART 2-Sterne-zugelassene Cherto-Kette wurde durch die verbesserte Absolute 9-Kette ersetzt. Sie sind in 90 und 110 cm erh\u00e4ltlich.","robots":{"index":"index","follow":"follow","max-snippet":"max-snippet:-1","max-image-preview":"max-image-preview:large","max-video-preview":"max-video-preview:-1"},"canonical":"https:\/\/axabikesecurity.com\/de\/landing-page-cherto-is-absolute-9-geworden\/","og_locale":"en_US","og_type":"article","og_title":"Landing page - Cherto wurde zu Absolute 9 | AXA Bike Security \ud83c\udde9\ud83c\uddea","og_description":"Unsere ART 2-Sterne-zugelassene Cherto-Kette wurde durch die verbesserte Absolute 9-Kette ersetzt. Sie sind in 90 und 110 cm erh\u00e4ltlich.","og_url":"https:\/\/axabikesecurity.com\/de\/landing-page-cherto-is-absolute-9-geworden\/","og_site_name":"AXA Bike Security \ud83c\udde9\ud83c\uddea","article_modified_time":"2024-04-30T08:47:50+00:00","twitter_card":"summary_large_image","schema":{"@context":"https:\/\/schema.org","@graph":[{"@type":"WebPage","@id":"https:\/\/axabikesecurity.com\/de\/landing-page-cherto-is-absolute-9-geworden\/","url":"https:\/\/axabikesecurity.com\/de\/landing-page-cherto-is-absolute-9-geworden\/","name":"Landing page - Cherto wurde zu Absolute 9 | AXA Bike Security \ud83c\udde9\ud83c\uddea","isPartOf":{"@id":"https:\/\/axabikesecurity.com\/de\/#website"},"datePublished":"2024-04-26T09:27:42+00:00","dateModified":"2024-04-30T08:47:50+00:00","description":"Unsere ART 2-Sterne-zugelassene Cherto-Kette wurde durch die verbesserte Absolute 9-Kette ersetzt. Sie sind in 90 und 110 cm erh\u00e4ltlich.","breadcrumb":{"@id":"https:\/\/axabikesecurity.com\/de\/landing-page-cherto-is-absolute-9-geworden\/#breadcrumb"},"inLanguage":"en-US","potentialAction":[{"@type":"ReadAction","target":["https:\/\/axabikesecurity.com\/de\/landing-page-cherto-is-absolute-9-geworden\/"]}]},{"@type":"BreadcrumbList","@id":"https:\/\/axabikesecurity.com\/de\/landing-page-cherto-is-absolute-9-geworden\/#breadcrumb","itemListElement":[{"@type":"ListItem","position":1,"name":"house","item":"https:\/\/axabikesecurity.com\/de\/"},{"@type":"ListItem","position":2,"name":"Landing page &#8211; Cherto wurde zu Absolute 9"}]},{"@type":"WebSite","@id":"https:\/\/axabikesecurity.com\/de\/#website","url":"https:\/\/axabikesecurity.com\/de\/","name":"AXA Bike","description":"","potentialAction":[{"@type":"SearchAction","target":{"@type":"EntryPoint","urlTemplate":"https:\/\/axabikesecurity.com\/de\/?s={search_term_string}"},"query-input":{"@type":"PropertyValueSpecification","valueRequired":true,"valueName":"search_term_string"}}],"inLanguage":"en-US"}]}},"jetpack_sharing_enabled":true,"_links":{"self":[{"href":"https:\/\/axabikesecurity.com\/de\/wp-json\/wp\/v2\/pages\/15897","targetHints":{"allow":["GET"]}}],"collection":[{"href":"https:\/\/axabikesecurity.com\/de\/wp-json\/wp\/v2\/pages"}],"about":[{"href":"https:\/\/axabikesecurity.com\/de\/wp-json\/wp\/v2\/types\/page"}],"author":[{"embeddable":true,"href":"https:\/\/axabikesecurity.com\/de\/wp-json\/wp\/v2\/users\/17"}],"replies":[{"embeddable":true,"href":"https:\/\/axabikesecurity.com\/de\/wp-json\/wp\/v2\/comments?post=15897"}],"version-history":[{"count":15,"href":"https:\/\/axabikesecurity.com\/de\/wp-json\/wp\/v2\/pages\/15897\/revisions"}],"predecessor-version":[{"id":17025,"href":"https:\/\/axabikesecurity.com\/de\/wp-json\/wp\/v2\/pages\/15897\/revisions\/17025"}],"wp:attachment":[{"href":"https:\/\/axabikesecurity.com\/de\/wp-json\/wp\/v2\/media?parent=15897"}],"curies":[{"name":"wp","href":"https:\/\/api.w.org\/{rel}","templated":true}]}}