{"id":15988,"date":"2024-04-23T11:14:19","date_gmt":"2024-04-23T11:14:19","guid":{"rendered":"https:\/\/axabikesecurity.com\/nl\/?page_id=15988"},"modified":"2024-04-30T08:05:19","modified_gmt":"2024-04-30T08:05:19","slug":"over-ons-onze-briljante-engineers","status":"publish","type":"page","link":"https:\/\/axabikesecurity.com\/de\/over-ons-onze-briljante-engineers\/","title":{"rendered":"\u00dcber uns &#8211; Unsere brillanten Ingenieure"},"content":{"rendered":"<section id=\"\" class=\"relative after:w-full after:h-full after:top-0 after:left-0 after:bg-[rgba(0,0,0,0.35)] after:absolute   !pt-[96px] is-layout-flex wp-block-acf-hero-is-layout-flex\" style=\"padding-top:16px; padding-bottom:136px; color: var(--wp--preset--color--font); \">\n\n\t\t\t\t<img loading=\"lazy\" decoding=\"async\" width=\"2048\" height=\"1365\" src=\"https:\/\/axabikesecurity.com\/de\/wp-content\/uploads\/sites\/17\/2024\/04\/AXA-engineers.png?w=2048\" class=\"w-full h-full absolute top-0 left-0 object-cover \" alt=\"\" srcset=\"https:\/\/axabikesecurity.com\/de\/wp-content\/uploads\/sites\/17\/2024\/04\/AXA-engineers.png 2400w, https:\/\/axabikesecurity.com\/de\/wp-content\/uploads\/sites\/17\/2024\/04\/AXA-engineers.png?resize=512,341 512w, https:\/\/axabikesecurity.com\/de\/wp-content\/uploads\/sites\/17\/2024\/04\/AXA-engineers.png?resize=768,512 768w, https:\/\/axabikesecurity.com\/de\/wp-content\/uploads\/sites\/17\/2024\/04\/AXA-engineers.png?resize=2048,1365 2048w, https:\/\/axabikesecurity.com\/de\/wp-content\/uploads\/sites\/17\/2024\/04\/AXA-engineers.png?resize=1536,1024 1536w, https:\/\/axabikesecurity.com\/de\/wp-content\/uploads\/sites\/17\/2024\/04\/AXA-engineers.png?resize=1215,810 1215w, https:\/\/axabikesecurity.com\/de\/wp-content\/uploads\/sites\/17\/2024\/04\/AXA-engineers.png?resize=600,400 600w\" sizes=\"auto, (max-width: 2048px) 100vw, 2048px\" data-ot-ignore=\"\" \/>\n\t\n\t\n\t<div class=\"relative container z-10\">\n\n\t\t<div class=\"relative w-full lg:w-6\/12\">\n\t\t\t<div class=\"content text-white    \">\n\t\t\t\t    <h1 class=\"\">Unsere brillanten Ingenieure<\/h1>\n\t\t    <div class=\"text-white\">\n        <p>Der Erfolg hinter AXA<\/p>\n\n    <\/div>\n\t<\/div>\n\t\t<\/div>\n\n\t<\/div>\n<\/section>\n\n\n<section id=\"\" class=\"is-layout-flex wp-block-acf-content-image-is-layout-flex\" style=\"padding-top:var(--wp--preset--spacing--80); padding-bottom:var(--wp--preset--spacing--80); color: var(--wp--preset--color--font); \">\n\t<div class=\"container\">\n\n\t\t<div class=\"flex flex-col gap-10 lg:gap-0 lg:flex-row relative justify-start items-center justify-start \">\n\n\t\t\t<div class=\"w-full md:w-7\/12\">\n\t\t\t\t\t<img loading=\"lazy\" decoding=\"async\" width=\"2048\" height=\"1365\" src=\"https:\/\/axabikesecurity.com\/de\/wp-content\/uploads\/sites\/17\/2024\/04\/AXA-Fold-3-1.jpg?w=2048\" class=\"w-full rounded \" alt=\"AXA Fold\" srcset=\"https:\/\/axabikesecurity.com\/de\/wp-content\/uploads\/sites\/17\/2024\/04\/AXA-Fold-3-1.jpg 5472w, https:\/\/axabikesecurity.com\/de\/wp-content\/uploads\/sites\/17\/2024\/04\/AXA-Fold-3-1.jpg?resize=512,341 512w, https:\/\/axabikesecurity.com\/de\/wp-content\/uploads\/sites\/17\/2024\/04\/AXA-Fold-3-1.jpg?resize=768,512 768w, https:\/\/axabikesecurity.com\/de\/wp-content\/uploads\/sites\/17\/2024\/04\/AXA-Fold-3-1.jpg?resize=2048,1365 2048w, https:\/\/axabikesecurity.com\/de\/wp-content\/uploads\/sites\/17\/2024\/04\/AXA-Fold-3-1.jpg?resize=1536,1024 1536w, https:\/\/axabikesecurity.com\/de\/wp-content\/uploads\/sites\/17\/2024\/04\/AXA-Fold-3-1.jpg?resize=1215,810 1215w, https:\/\/axabikesecurity.com\/de\/wp-content\/uploads\/sites\/17\/2024\/04\/AXA-Fold-3-1.jpg?resize=600,400 600w\" sizes=\"auto, (max-width: 2048px) 100vw, 2048px\" data-ot-ignore=\"\" \/>\n\t\t\t<\/div>\n\n\t\t\t<div class=\"w-full md:w-6\/12 lg:absolute top-1\/2 lg:-translate-y-1\/2 bg-white py-10 pl-9 pr-7 shadow-contentcard rounded-[2px] right-0\">\n\t\t\t\t<div class=\"content [&amp;_p]:text-[18px]    \">\n\t\t\t\t\t\t    <div class=\"[&amp;_p]:text-[18px]\">\n        <p>Unsere Schlossingenieure arbeiten jeden Tag an den st\u00e4rksten und modernsten Schlossdesigns. Dabei wird dem Design genauso viel Aufmerksamkeit geschenkt wie der Benutzerfreundlichkeit und Sicherheit.<\/p>\n\n    <\/div>\n\t<\/div>\n\t\t\t<\/div>\n\n\t\t<\/div>\n\n\t<\/div>\n<\/section>\n\n\n<section id=\"\" class=\"is-layout-flex wp-block-acf-content-image-is-layout-flex\" style=\"padding-top:var(--wp--preset--spacing--80); padding-bottom:var(--wp--preset--spacing--80); color: var(--wp--preset--color--font); \">\n\t<div class=\"container\">\n\n\t\t<div class=\"flex flex-col gap-10 lg:gap-0 lg:flex-row relative justify-end items-center justify-start \">\n\n\t\t\t<div class=\"w-full md:w-7\/12\">\n\t\t\t\t\t<img loading=\"lazy\" decoding=\"async\" width=\"2048\" height=\"1365\" src=\"https:\/\/axabikesecurity.com\/de\/wp-content\/uploads\/sites\/17\/2024\/04\/Victory-meerdere-kleuren.jpg?w=2048\" class=\"w-full rounded \" alt=\"\" srcset=\"https:\/\/axabikesecurity.com\/de\/wp-content\/uploads\/sites\/17\/2024\/04\/Victory-meerdere-kleuren.jpg 5760w, https:\/\/axabikesecurity.com\/de\/wp-content\/uploads\/sites\/17\/2024\/04\/Victory-meerdere-kleuren.jpg?resize=512,341 512w, https:\/\/axabikesecurity.com\/de\/wp-content\/uploads\/sites\/17\/2024\/04\/Victory-meerdere-kleuren.jpg?resize=768,512 768w, https:\/\/axabikesecurity.com\/de\/wp-content\/uploads\/sites\/17\/2024\/04\/Victory-meerdere-kleuren.jpg?resize=2048,1365 2048w, https:\/\/axabikesecurity.com\/de\/wp-content\/uploads\/sites\/17\/2024\/04\/Victory-meerdere-kleuren.jpg?resize=1536,1024 1536w, https:\/\/axabikesecurity.com\/de\/wp-content\/uploads\/sites\/17\/2024\/04\/Victory-meerdere-kleuren.jpg?resize=1215,810 1215w, https:\/\/axabikesecurity.com\/de\/wp-content\/uploads\/sites\/17\/2024\/04\/Victory-meerdere-kleuren.jpg?resize=600,400 600w\" sizes=\"auto, (max-width: 2048px) 100vw, 2048px\" data-ot-ignore=\"\" \/>\n\t\t\t<\/div>\n\n\t\t\t<div class=\"w-full md:w-6\/12 lg:absolute top-1\/2 lg:-translate-y-1\/2 bg-white py-10 pl-9 pr-7 shadow-contentcard rounded-[2px] left-0\">\n\t\t\t\t<div class=\"content [&amp;_p]:text-[18px]    \">\n\t\t\t\t\t\t    <div class=\"[&amp;_p]:text-[18px]\">\n        <p>Fahrraddiebe und Einbrecher werden jeden Tag schlauer und geschickter, aber unsere Ingenieure wissen immer einen Schritt voraus zu sein. Sie sind daher st\u00e4ndig auf der Suche nach neuen Techniken f\u00fcr Schl\u00f6sser, wie der Schwei\u00dftechnik aus der Automobilindustrie. Diese Schwei\u00dftechnik wurde erstmals bei unserem Victory-Ringschloss angewendet.<\/p>\n<p>Die geschwei\u00dfte Verbindung macht es nahezu unm\u00f6glich, das Schloss aufzubrechen. Bei der Entwicklung neuer Schl\u00f6sser haben unsere Ingenieure nicht nur Diebe im Hinterkopf, sondern auch die Anforderungen der Polizei, Versicherungsgesellschaften und des Gesetzes. Insbesondere f\u00fcr teure E-Bikes werden diese Anforderungen immer sch\u00e4rfer.<\/p>\n\n    <\/div>\n\t<\/div>\n\t\t\t<\/div>\n\n\t\t<\/div>\n\n\t<\/div>\n<\/section>\n\n\n<section id=\"\" class=\"is-layout-flex wp-block-acf-content-image-is-layout-flex\" style=\"padding-top:var(--wp--preset--spacing--80); padding-bottom:var(--wp--preset--spacing--80); color: var(--wp--preset--color--font); \">\n\t<div class=\"container\">\n\n\t\t<div class=\"flex flex-col gap-10 lg:gap-0 lg:flex-row relative justify-start items-center justify-start \">\n\n\t\t\t<div class=\"w-full md:w-7\/12\">\n\t\t\t\t\t<img loading=\"lazy\" decoding=\"async\" width=\"2048\" height=\"1024\" src=\"https:\/\/axabikesecurity.com\/de\/wp-content\/uploads\/sites\/17\/2024\/04\/AXA-Nxt-versies.jpg?w=2048\" class=\"w-full rounded \" alt=\"AXA Nxt sfeer\" srcset=\"https:\/\/axabikesecurity.com\/de\/wp-content\/uploads\/sites\/17\/2024\/04\/AXA-Nxt-versies.jpg 2400w, https:\/\/axabikesecurity.com\/de\/wp-content\/uploads\/sites\/17\/2024\/04\/AXA-Nxt-versies.jpg?resize=512,256 512w, https:\/\/axabikesecurity.com\/de\/wp-content\/uploads\/sites\/17\/2024\/04\/AXA-Nxt-versies.jpg?resize=768,384 768w, https:\/\/axabikesecurity.com\/de\/wp-content\/uploads\/sites\/17\/2024\/04\/AXA-Nxt-versies.jpg?resize=2048,1024 2048w, https:\/\/axabikesecurity.com\/de\/wp-content\/uploads\/sites\/17\/2024\/04\/AXA-Nxt-versies.jpg?resize=1536,768 1536w, https:\/\/axabikesecurity.com\/de\/wp-content\/uploads\/sites\/17\/2024\/04\/AXA-Nxt-versies.jpg?resize=1440,720 1440w, https:\/\/axabikesecurity.com\/de\/wp-content\/uploads\/sites\/17\/2024\/04\/AXA-Nxt-versies.jpg?resize=600,300 600w\" sizes=\"auto, (max-width: 2048px) 100vw, 2048px\" data-ot-ignore=\"\" \/>\n\t\t\t<\/div>\n\n\t\t\t<div class=\"w-full md:w-6\/12 lg:absolute top-1\/2 lg:-translate-y-1\/2 bg-white py-10 pl-9 pr-7 shadow-contentcard rounded-[2px] right-0\">\n\t\t\t\t<div class=\"content [&amp;_p]:text-[18px]    \">\n\t\t\t\t\t\t\t    <h3 id=\"block_acf-block-6630a63e1d0346.39163621\" class=\"\">Sichere Fahrradbeleuchtung<\/h3>\n\t\t\t    <div class=\"[&amp;_p]:text-[18px]\">\n        <p>Unsere Lichtingenieure arbeiten kontinuierlich an neuer Beleuchtung, die Radfahrer sicher auf ihren Wegen begleitet \u2013 sowohl tags\u00fcber als auch abends und nachts.<\/p>\n\n    <\/div>\n\t<\/div>\n\t\t\t<\/div>\n\n\t\t<\/div>\n\n\t<\/div>\n<\/section>\n\n\n<section id=\"\" class=\"is-layout-flex wp-block-acf-content-image-is-layout-flex\" style=\"padding-top:var(--wp--preset--spacing--80); padding-bottom:var(--wp--preset--spacing--80); color: var(--wp--preset--color--font); \">\n\t<div class=\"container\">\n\n\t\t<div class=\"flex flex-col gap-10 lg:gap-0 lg:flex-row relative justify-end items-center justify-start \">\n\n\t\t\t<div class=\"w-full md:w-7\/12\">\n\t\t\t\t\t<img loading=\"lazy\" decoding=\"async\" width=\"2048\" height=\"1365\" src=\"https:\/\/axabikesecurity.com\/de\/wp-content\/uploads\/sites\/17\/2024\/04\/AXA-Juno-2.jpg?w=2048\" class=\"w-full rounded \" alt=\"AXA Juno\" srcset=\"https:\/\/axabikesecurity.com\/de\/wp-content\/uploads\/sites\/17\/2024\/04\/AXA-Juno-2.jpg 5472w, https:\/\/axabikesecurity.com\/de\/wp-content\/uploads\/sites\/17\/2024\/04\/AXA-Juno-2.jpg?resize=512,341 512w, https:\/\/axabikesecurity.com\/de\/wp-content\/uploads\/sites\/17\/2024\/04\/AXA-Juno-2.jpg?resize=768,512 768w, https:\/\/axabikesecurity.com\/de\/wp-content\/uploads\/sites\/17\/2024\/04\/AXA-Juno-2.jpg?resize=2048,1365 2048w, https:\/\/axabikesecurity.com\/de\/wp-content\/uploads\/sites\/17\/2024\/04\/AXA-Juno-2.jpg?resize=1536,1024 1536w, https:\/\/axabikesecurity.com\/de\/wp-content\/uploads\/sites\/17\/2024\/04\/AXA-Juno-2.jpg?resize=1215,810 1215w, https:\/\/axabikesecurity.com\/de\/wp-content\/uploads\/sites\/17\/2024\/04\/AXA-Juno-2.jpg?resize=600,400 600w\" sizes=\"auto, (max-width: 2048px) 100vw, 2048px\" data-ot-ignore=\"\" \/>\n\t\t\t<\/div>\n\n\t\t\t<div class=\"w-full md:w-6\/12 lg:absolute top-1\/2 lg:-translate-y-1\/2 bg-white py-10 pl-9 pr-7 shadow-contentcard rounded-[2px] left-0\">\n\t\t\t\t<div class=\"content [&amp;_p]:text-[18px]    \">\n\t\t\t\t\t\t    <div class=\"[&amp;_p]:text-[18px]\">\n        <p>Unsere Ingenieure haben bereits zahlreiche Innovationen entwickelt, wie zum Beispiel Sicherheitsleuchten, die auch bei Tageslicht optimale Sicherheit bieten. Und eine konstante Lichtfunktion, mit der der Radfahrer 4 Minuten lang Licht hat, wenn er steht. So bleibt er auch an einer Ampel gut sichtbar.<\/p>\n<p>Bei all diesen Innovationen arbeiten unsere Ingenieure immer nach internationalen Standards, damit unsere Fahrradbeleuchtung weltweit eingesetzt werden kann.<\/p>\n\n    <\/div>\n\t<\/div>\n\t\t\t<\/div>\n\n\t\t<\/div>\n\n\t<\/div>\n<\/section>\n","protected":false},"excerpt":{"rendered":"","protected":false},"author":17,"featured_media":0,"parent":0,"menu_order":0,"comment_status":"closed","ping_status":"closed","template":"","meta":{"_acf_changed":false,"_trash_the_other_posts":false,"footnotes":""},"class_list":["post-15988","page","type-page","status-publish","hentry"],"acf":[],"yoast_head":"<!-- This site is optimized with the Yoast SEO plugin v27.4 - https:\/\/yoast.com\/product\/yoast-seo-wordpress\/ -->\n<title>\u00dcber uns - Unsere brillanten Ingenieure | AXA Bike Security \ud83c\udde9\ud83c\uddea<\/title>\n<meta name=\"description\" content=\"Erfahren Sie mehr \u00fcber \u00dcber uns - Unsere brillanten Ingenieure bei AXA Bike. Entdecken Sie unsere hochwertigen Fahrradlichter und Schl\u00f6sser und finden Sie n\u00fctzliche Informationen zu \u00dcber uns - Unsere brillanten Ingenieure.\" \/>\n<meta name=\"robots\" content=\"index, follow, max-snippet:-1, max-image-preview:large, max-video-preview:-1\" \/>\n<link rel=\"canonical\" href=\"https:\/\/axabikesecurity.com\/de\/over-ons-onze-briljante-engineers\/\" \/>\n<meta property=\"og:locale\" content=\"en_US\" \/>\n<meta property=\"og:type\" content=\"article\" \/>\n<meta property=\"og:title\" content=\"\u00dcber uns - Unsere brillanten Ingenieure | AXA Bike Security \ud83c\udde9\ud83c\uddea\" \/>\n<meta property=\"og:description\" content=\"Erfahren Sie mehr \u00fcber \u00dcber uns - Unsere brillanten Ingenieure bei AXA Bike. Entdecken Sie unsere hochwertigen Fahrradlichter und Schl\u00f6sser und finden Sie n\u00fctzliche Informationen zu \u00dcber uns - Unsere brillanten Ingenieure.\" \/>\n<meta property=\"og:url\" content=\"https:\/\/axabikesecurity.com\/de\/over-ons-onze-briljante-engineers\/\" \/>\n<meta property=\"og:site_name\" content=\"AXA Bike Security \ud83c\udde9\ud83c\uddea\" \/>\n<meta property=\"article:modified_time\" content=\"2024-04-30T08:05:19+00:00\" \/>\n<meta name=\"twitter:card\" content=\"summary_large_image\" \/>\n<script type=\"application\/ld+json\" class=\"yoast-schema-graph\">{\"@context\":\"https:\\\/\\\/schema.org\",\"@graph\":[{\"@type\":\"WebPage\",\"@id\":\"https:\\\/\\\/axabikesecurity.com\\\/de\\\/over-ons-onze-briljante-engineers\\\/\",\"url\":\"https:\\\/\\\/axabikesecurity.com\\\/de\\\/over-ons-onze-briljante-engineers\\\/\",\"name\":\"\u00dcber uns - Unsere brillanten Ingenieure | AXA Bike Security \ud83c\udde9\ud83c\uddea\",\"isPartOf\":{\"@id\":\"https:\\\/\\\/axabikesecurity.com\\\/de\\\/#website\"},\"datePublished\":\"2024-04-23T11:14:19+00:00\",\"dateModified\":\"2024-04-30T08:05:19+00:00\",\"description\":\"Erfahren Sie mehr \u00fcber \u00dcber uns - Unsere brillanten Ingenieure bei AXA Bike. Entdecken Sie unsere hochwertigen Fahrradlichter und Schl\u00f6sser und finden Sie n\u00fctzliche Informationen zu \u00dcber uns - Unsere brillanten Ingenieure.\",\"breadcrumb\":{\"@id\":\"https:\\\/\\\/axabikesecurity.com\\\/de\\\/over-ons-onze-briljante-engineers\\\/#breadcrumb\"},\"inLanguage\":\"en-US\",\"potentialAction\":[{\"@type\":\"ReadAction\",\"target\":[\"https:\\\/\\\/axabikesecurity.com\\\/de\\\/over-ons-onze-briljante-engineers\\\/\"]}]},{\"@type\":\"BreadcrumbList\",\"@id\":\"https:\\\/\\\/axabikesecurity.com\\\/de\\\/over-ons-onze-briljante-engineers\\\/#breadcrumb\",\"itemListElement\":[{\"@type\":\"ListItem\",\"position\":1,\"name\":\"house\",\"item\":\"https:\\\/\\\/axabikesecurity.com\\\/de\\\/\"},{\"@type\":\"ListItem\",\"position\":2,\"name\":\"\u00dcber uns &#8211; Unsere brillanten Ingenieure\"}]},{\"@type\":\"WebSite\",\"@id\":\"https:\\\/\\\/axabikesecurity.com\\\/de\\\/#website\",\"url\":\"https:\\\/\\\/axabikesecurity.com\\\/de\\\/\",\"name\":\"AXA Bike\",\"description\":\"\",\"potentialAction\":[{\"@type\":\"SearchAction\",\"target\":{\"@type\":\"EntryPoint\",\"urlTemplate\":\"https:\\\/\\\/axabikesecurity.com\\\/de\\\/?s={search_term_string}\"},\"query-input\":{\"@type\":\"PropertyValueSpecification\",\"valueRequired\":true,\"valueName\":\"search_term_string\"}}],\"inLanguage\":\"en-US\"}]}<\/script>\n<!-- \/ Yoast SEO plugin. -->","yoast_head_json":{"title":"\u00dcber uns - Unsere brillanten Ingenieure | AXA Bike Security \ud83c\udde9\ud83c\uddea","description":"Erfahren Sie mehr \u00fcber \u00dcber uns - Unsere brillanten Ingenieure bei AXA Bike. Entdecken Sie unsere hochwertigen Fahrradlichter und Schl\u00f6sser und finden Sie n\u00fctzliche Informationen zu \u00dcber uns - Unsere brillanten Ingenieure.","robots":{"index":"index","follow":"follow","max-snippet":"max-snippet:-1","max-image-preview":"max-image-preview:large","max-video-preview":"max-video-preview:-1"},"canonical":"https:\/\/axabikesecurity.com\/de\/over-ons-onze-briljante-engineers\/","og_locale":"en_US","og_type":"article","og_title":"\u00dcber uns - Unsere brillanten Ingenieure | AXA Bike Security \ud83c\udde9\ud83c\uddea","og_description":"Erfahren Sie mehr \u00fcber \u00dcber uns - Unsere brillanten Ingenieure bei AXA Bike. Entdecken Sie unsere hochwertigen Fahrradlichter und Schl\u00f6sser und finden Sie n\u00fctzliche Informationen zu \u00dcber uns - Unsere brillanten Ingenieure.","og_url":"https:\/\/axabikesecurity.com\/de\/over-ons-onze-briljante-engineers\/","og_site_name":"AXA Bike Security \ud83c\udde9\ud83c\uddea","article_modified_time":"2024-04-30T08:05:19+00:00","twitter_card":"summary_large_image","schema":{"@context":"https:\/\/schema.org","@graph":[{"@type":"WebPage","@id":"https:\/\/axabikesecurity.com\/de\/over-ons-onze-briljante-engineers\/","url":"https:\/\/axabikesecurity.com\/de\/over-ons-onze-briljante-engineers\/","name":"\u00dcber uns - Unsere brillanten Ingenieure | AXA Bike Security \ud83c\udde9\ud83c\uddea","isPartOf":{"@id":"https:\/\/axabikesecurity.com\/de\/#website"},"datePublished":"2024-04-23T11:14:19+00:00","dateModified":"2024-04-30T08:05:19+00:00","description":"Erfahren Sie mehr \u00fcber \u00dcber uns - Unsere brillanten Ingenieure bei AXA Bike. Entdecken Sie unsere hochwertigen Fahrradlichter und Schl\u00f6sser und finden Sie n\u00fctzliche Informationen zu \u00dcber uns - Unsere brillanten Ingenieure.","breadcrumb":{"@id":"https:\/\/axabikesecurity.com\/de\/over-ons-onze-briljante-engineers\/#breadcrumb"},"inLanguage":"en-US","potentialAction":[{"@type":"ReadAction","target":["https:\/\/axabikesecurity.com\/de\/over-ons-onze-briljante-engineers\/"]}]},{"@type":"BreadcrumbList","@id":"https:\/\/axabikesecurity.com\/de\/over-ons-onze-briljante-engineers\/#breadcrumb","itemListElement":[{"@type":"ListItem","position":1,"name":"house","item":"https:\/\/axabikesecurity.com\/de\/"},{"@type":"ListItem","position":2,"name":"\u00dcber uns &#8211; Unsere brillanten Ingenieure"}]},{"@type":"WebSite","@id":"https:\/\/axabikesecurity.com\/de\/#website","url":"https:\/\/axabikesecurity.com\/de\/","name":"AXA Bike","description":"","potentialAction":[{"@type":"SearchAction","target":{"@type":"EntryPoint","urlTemplate":"https:\/\/axabikesecurity.com\/de\/?s={search_term_string}"},"query-input":{"@type":"PropertyValueSpecification","valueRequired":true,"valueName":"search_term_string"}}],"inLanguage":"en-US"}]}},"jetpack_sharing_enabled":true,"_links":{"self":[{"href":"https:\/\/axabikesecurity.com\/de\/wp-json\/wp\/v2\/pages\/15988","targetHints":{"allow":["GET"]}}],"collection":[{"href":"https:\/\/axabikesecurity.com\/de\/wp-json\/wp\/v2\/pages"}],"about":[{"href":"https:\/\/axabikesecurity.com\/de\/wp-json\/wp\/v2\/types\/page"}],"author":[{"embeddable":true,"href":"https:\/\/axabikesecurity.com\/de\/wp-json\/wp\/v2\/users\/17"}],"replies":[{"embeddable":true,"href":"https:\/\/axabikesecurity.com\/de\/wp-json\/wp\/v2\/comments?post=15988"}],"version-history":[{"count":18,"href":"https:\/\/axabikesecurity.com\/de\/wp-json\/wp\/v2\/pages\/15988\/revisions"}],"predecessor-version":[{"id":17004,"href":"https:\/\/axabikesecurity.com\/de\/wp-json\/wp\/v2\/pages\/15988\/revisions\/17004"}],"wp:attachment":[{"href":"https:\/\/axabikesecurity.com\/de\/wp-json\/wp\/v2\/media?parent=15988"}],"curies":[{"name":"wp","href":"https:\/\/api.w.org\/{rel}","templated":true}]}}