{"id":16185,"date":"2024-04-23T13:13:25","date_gmt":"2024-04-23T13:13:25","guid":{"rendered":"https:\/\/axabikesecurity.com\/nl\/?page_id=16185"},"modified":"2025-11-28T07:05:08","modified_gmt":"2025-11-28T07:05:08","slug":"footer-algemene-voorwaarden-sleutelservice","status":"publish","type":"page","link":"https:\/\/axabikesecurity.com\/de\/footer-algemene-voorwaarden-sleutelservice\/","title":{"rendered":"Footer &#8211; Lieferbedingungen Schl\u00fcsselservice"},"content":{"rendered":"<section id=\"\" class=\"relative after:w-full after:h-full after:top-0 after:left-0 after:bg-[rgba(0,0,0,0.35)] after:absolute   !pt-[96px] is-layout-flex wp-block-acf-hero-is-layout-flex\" style=\"padding-top:16px; padding-bottom:136px; color: var(--wp--preset--color--font); \">\n\n\t\t\t\t<img loading=\"lazy\" decoding=\"async\" width=\"2048\" height=\"1365\" src=\"https:\/\/axabikesecurity.com\/de\/wp-content\/uploads\/sites\/17\/2024\/04\/pand-AXA-Bike-Security.jpg?w=2048\" class=\"w-full h-full absolute top-0 left-0 object-cover \" alt=\"Pand AXA Bike Security\" srcset=\"https:\/\/axabikesecurity.com\/de\/wp-content\/uploads\/sites\/17\/2024\/04\/pand-AXA-Bike-Security.jpg 4724w, https:\/\/axabikesecurity.com\/de\/wp-content\/uploads\/sites\/17\/2024\/04\/pand-AXA-Bike-Security.jpg?resize=512,341 512w, https:\/\/axabikesecurity.com\/de\/wp-content\/uploads\/sites\/17\/2024\/04\/pand-AXA-Bike-Security.jpg?resize=768,512 768w, https:\/\/axabikesecurity.com\/de\/wp-content\/uploads\/sites\/17\/2024\/04\/pand-AXA-Bike-Security.jpg?resize=2048,1365 2048w, https:\/\/axabikesecurity.com\/de\/wp-content\/uploads\/sites\/17\/2024\/04\/pand-AXA-Bike-Security.jpg?resize=1536,1024 1536w, https:\/\/axabikesecurity.com\/de\/wp-content\/uploads\/sites\/17\/2024\/04\/pand-AXA-Bike-Security.jpg?resize=1215,810 1215w, https:\/\/axabikesecurity.com\/de\/wp-content\/uploads\/sites\/17\/2024\/04\/pand-AXA-Bike-Security.jpg?resize=600,400 600w\" sizes=\"auto, (max-width: 2048px) 100vw, 2048px\" data-ot-ignore=\"\" \/>\n\t\n\t\n\t<div class=\"relative container z-10\">\n\n\t\t<div class=\"relative w-full lg:w-6\/12\">\n\t\t\t<div class=\"content text-white    \">\n\t\t\t\t    <h1 class=\"\">Lieferbedingungen Schl\u00fcsselservice<\/h1>\n\t\t\t<\/div>\n\t\t<\/div>\n\n\t<\/div>\n<\/section>\n\n\n<section id=\"\" class=\"\" style=\"padding-top:var(--wp--preset--spacing--80); padding-bottom:var(--wp--preset--spacing--80); color: var(--wp--preset--color--font); \">\n\t<div class=\"container\">\n\t\t<div class=\"content     \">\n\t\t\t\t\t\t    <div class=\"\">\n        <p>Allgemeine Bedingungen des SCHL\u00dcSSELSERVICE von AXA BIKE SECURITY, Tochterunternehmen der Allegion Netherlands B.V. mit Sitz in Veenendaal, Niederlande<\/p>\n<p>Version gilt ab dem 01.01.2015<\/p>\n<h2>1. Allgemein<\/h2>\n<p>1.1 \u00a0Diese allgemeinen Bedingungen gelten f\u00fcr alle AXA-Angebote und f\u00fcr alle zwischen AXA und seinen Kunden getroffenen Vereinbarungen. Die Bedingungen sind \u00fcber die AXA-Website f\u00fcr jeden zug\u00e4nglich.<\/p>\n<p>1.2 \u00a0Durch die Bestellung best\u00e4tigen Sie, dass Sie den Zahlungs- und Lieferbedingungen zustimmen. AXA beh\u00e4lt sich das Recht vor, die Bedingungen im Hinblick auf Lieferung und\/oder Zahlung zu \u00e4ndern.<\/p>\n<p>1.3 \u00a0AXA gew\u00e4hrleistet, dass das gelieferte Produkt der Vereinbarung und den Angaben des Angebots entspricht.<\/p>\n<h2>2. Lieferung<\/h2>\n<p>2.1 \u00a0Die Lieferung erfolgt, solange der Vorrat reicht.<\/p>\n<p>2.2 \u00a0Alle auf der Website angegebenen Fristen sind nur Hinweise. Aus diesen Fristen k\u00f6nnen keine Rechte abgeleitet werden.<\/p>\n<p>2.3 \u00a0Die Lieferung erfolgt innerhalb von 30 Tagen.<\/p>\n<h2>3. Preise<\/h2>\n<p>3.1 \u00a0Alle auf der Website angegebenen Preise k\u00f6nnen Druckfehler aufweisen. F\u00fcr die Folgen von Druckfehlern wird keine Haftung \u00fcbernommen.<\/p>\n<p>3.2\u00a0 Die auf unserer Website angegebenen Preise f\u00fcr verkaufte Waren werden in Euro (EUR) angezeigt und enthalten die niederl\u00e4ndische Mehrwertsteuer. Der endg\u00fcltige Preis kann jedoch aufgrund des f\u00fcr Ihre Bestellung geltenden Mehrwertsteuersatzes abweichen. Bei Lieferungen in andere EU-L\u00e4nder wird der niederl\u00e4ndische Mehrwertsteuerbetrag abgezogen und der f\u00fcr das Bestimmungsland geltende Mehrwertsteuersatz hinzugef\u00fcgt. Der Endpreis beim Bezahlvorgang spiegelt den korrekten Mehrwertsteuersatz f\u00fcr das Bestimmungsland Ihrer Bestellung wider.<\/p>\n<h2>4. Betrachtungszeitraum \/ R\u00fccktrittsrecht<\/h2>\n<p>Alle Schl\u00fcssel werden speziell auf Ihre Bestellung hin gefertigt und sind gem\u00e4\u00df der Ausschlussklausel im Gesetz \u00fcber den Fernabsatz (Artikel 7:5 des B\u00fcrgerlichen Gesetzbuches der Niederlande) vom R\u00fccktrittsrecht ausgeschlossen.<\/p>\n<h2>5. Datenverwaltung<\/h2>\n<p>Wenn Sie bei AXA eine Bestellung aufgeben, werden Ihre Daten in die AXA-Kundendatenbank aufgenommen. Entsprechend dem niederl\u00e4ndischen Datenschutzgesetz gibt AXA Ihre pers\u00f6nlichen Daten nicht an Dritte weiter.<\/p>\n<h2>6. Gew\u00e4hrleistung und Konformit\u00e4t<\/h2>\n<p>6.1 \u00a0AXA garantiert, dass seine Produkte und\/oder Services der Vereinbarung, den angegebenen Spezifikationen, angemessenen Qualit\u00e4tsanforderungen und den bestehenden gesetzlichen Bestimmungen und\/oder Beh\u00f6rdenvorschriften entsprechen, die bei Vertragsabschluss g\u00fcltig waren.<\/p>\n<p>6.2 \u00a0Wenn ein geliefertes Produkt als fehlerhaft oder von minderer Qualit\u00e4t befunden wird, benachrichtigt der Kunde AXA schriftlich innerhalb eines Monats nach Feststellen der M\u00e4ngel (vor der R\u00fcckgabe des entsprechenden Produkts an AXA).<\/p>\n<p>6.3 \u00a0Wenn AXA die Reklamation des Kunden als gerechtfertigt betrachtet, wird der Schl\u00fcssel gratis ersetzt. Jegliche Haftung f\u00fcr durch AXA verursachte Sch\u00e4den ist auf den Rechnungsbetrag f\u00fcr die fraglichen G\u00fcter beschr\u00e4nkt. Jegliche Haftung f\u00fcr jede andere Art von durch AXA verursachten Sch\u00e4den ist ausgeschlossen. Dies gilt auch f\u00fcr zus\u00e4tzliche Wiedergutmachungen jedweder Art, Entsch\u00e4digungen f\u00fcr indirekte oder Folgesch\u00e4den oder f\u00fcr Sch\u00e4den durch entgangene Gewinne.<\/p>\n<p>6.4 Diese Gew\u00e4hrleistung gilt nicht: (A) solange der Kunde gegen\u00fcber AXA in Verzug ist; (B) wenn der Kunde die gelieferte Ware modifiziert oder deren Modifikation durch Dritte veranlasst hat; (C) wenn die gelieferten Waren abnormalen Bedingungen ausgesetzt waren oder in anderer Form nachl\u00e4ssig behandelt wurden.<\/p>\n<h2>7. Vereinbarung<\/h2>\n<p>7.1 \u00a0Eine Vereinbarung zwischen AXA und einem Kunden kommt zustande, sobald die Durchf\u00fchrbarkeit der Bestellung von AXA bewertet wurde.<\/p>\n<p>7.2 \u00a0AXA beh\u00e4lt sich das Recht vor, Bestellungen oder Anforderungen ohne Angabe von Gr\u00fcnden abzulehnen oder nur unter der Bedingung anzunehmen, dass sie gegen Nachnahme oder Vorkasse versandt werden.<\/p>\n<h2>8. Bilder und Spezifikationen<\/h2>\n<p>Alle Abbildungen, Fotos, Zeichnungen und Informationen zu Gewichten, Abmessungen, Farben etc. auf der AXA-Website sind nur ann\u00e4hernd ma\u00dfgebend und k\u00f6nnen nicht zur Beanspruchung von Entsch\u00e4digungen oder zur Aufl\u00f6sung der Vereinbarung geltend gemacht werden.<\/p>\n<h2>9. H\u00f6here Gewalt<\/h2>\n<p>9.1 \u00a0 \u00a0AXA haftet nicht f\u00fcr die Nichteinhaltung von Verpflichtungen aufgrund von h\u00f6herer Gewalt.<\/p>\n<p>9.2 \u00a0 \u00a0H\u00f6here Gewalt bezieht sich auf externe Ursachen oder Bedingungen, f\u00fcr die das Risiko nicht angemessenerweise von AXA getragen werden kann. H\u00f6here Gewalt bezieht sich ausdr\u00fccklich auch auf Verz\u00f6gerungen bei unseren Lieferanten oder deren Nichterf\u00fcllung von Services, St\u00f6rungen im Internet, Stromausf\u00e4lle, St\u00f6rungen im E-Mail-Verkehr sowie St\u00f6rungen oder \u00c4nderungen in der von Dritten bereitgestellten Technologie, Transportschwierigkeiten, Streiks, Regierungsma\u00dfnahmen, Lieferverz\u00f6gerungen und Fahrl\u00e4ssigkeit der Lieferanten und\/oder Hersteller von AXA.<\/p>\n<p>9.3 \u00a0 \u00a0Im Fall h\u00f6herer Gewalt beh\u00e4lt AXA sich das Recht vor, die Verpflichtungen auszusetzen, und ist dazu berechtigt, die Vereinbarung teilweise oder ganz aufzul\u00f6sen. In keinem Fall ist AXA zur Zahlung von Vertragsstrafen oder Schadensersatz verpflichtet.<\/p>\n\n    <\/div>\n\t<\/div>\n\t<\/div>\n<\/section>\n","protected":false},"excerpt":{"rendered":"","protected":false},"author":17,"featured_media":0,"parent":0,"menu_order":0,"comment_status":"closed","ping_status":"closed","template":"","meta":{"_acf_changed":true,"_trash_the_other_posts":false,"footnotes":""},"class_list":["post-16185","page","type-page","status-publish","hentry"],"acf":[],"yoast_head":"<!-- This site is optimized with the Yoast SEO plugin v27.4 - https:\/\/yoast.com\/product\/yoast-seo-wordpress\/ -->\n<title>Footer - Lieferbedingungen Schl\u00fcsselservice | AXA Bike Security \ud83c\udde9\ud83c\uddea<\/title>\n<meta name=\"description\" content=\"Hier finden Sie Informationen zu den allgemeinen Gesch\u00e4ftsbedingungen unseres Schl\u00fcsseldienstes. \u00dcber Lieferung, Preise, Widerrufsfrist, Datenverwaltung, Garantie und Konformit\u00e4t.\" \/>\n<meta name=\"robots\" content=\"index, follow, max-snippet:-1, max-image-preview:large, max-video-preview:-1\" \/>\n<link rel=\"canonical\" href=\"https:\/\/axabikesecurity.com\/de\/footer-algemene-voorwaarden-sleutelservice\/\" \/>\n<meta property=\"og:locale\" content=\"en_US\" \/>\n<meta property=\"og:type\" content=\"article\" \/>\n<meta property=\"og:title\" content=\"Footer - Lieferbedingungen Schl\u00fcsselservice | AXA Bike Security \ud83c\udde9\ud83c\uddea\" \/>\n<meta property=\"og:description\" content=\"Hier finden Sie Informationen zu den allgemeinen Gesch\u00e4ftsbedingungen unseres Schl\u00fcsseldienstes. \u00dcber Lieferung, Preise, Widerrufsfrist, Datenverwaltung, Garantie und Konformit\u00e4t.\" \/>\n<meta property=\"og:url\" content=\"https:\/\/axabikesecurity.com\/de\/footer-algemene-voorwaarden-sleutelservice\/\" \/>\n<meta property=\"og:site_name\" content=\"AXA Bike Security \ud83c\udde9\ud83c\uddea\" \/>\n<meta property=\"article:modified_time\" content=\"2025-11-28T07:05:08+00:00\" \/>\n<meta name=\"twitter:card\" content=\"summary_large_image\" \/>\n<script type=\"application\/ld+json\" class=\"yoast-schema-graph\">{\"@context\":\"https:\\\/\\\/schema.org\",\"@graph\":[{\"@type\":\"WebPage\",\"@id\":\"https:\\\/\\\/axabikesecurity.com\\\/de\\\/footer-algemene-voorwaarden-sleutelservice\\\/\",\"url\":\"https:\\\/\\\/axabikesecurity.com\\\/de\\\/footer-algemene-voorwaarden-sleutelservice\\\/\",\"name\":\"Footer - Lieferbedingungen Schl\u00fcsselservice | AXA Bike Security \ud83c\udde9\ud83c\uddea\",\"isPartOf\":{\"@id\":\"https:\\\/\\\/axabikesecurity.com\\\/de\\\/#website\"},\"datePublished\":\"2024-04-23T13:13:25+00:00\",\"dateModified\":\"2025-11-28T07:05:08+00:00\",\"description\":\"Hier finden Sie Informationen zu den allgemeinen Gesch\u00e4ftsbedingungen unseres Schl\u00fcsseldienstes. \u00dcber Lieferung, Preise, Widerrufsfrist, Datenverwaltung, Garantie und Konformit\u00e4t.\",\"breadcrumb\":{\"@id\":\"https:\\\/\\\/axabikesecurity.com\\\/de\\\/footer-algemene-voorwaarden-sleutelservice\\\/#breadcrumb\"},\"inLanguage\":\"en-US\",\"potentialAction\":[{\"@type\":\"ReadAction\",\"target\":[\"https:\\\/\\\/axabikesecurity.com\\\/de\\\/footer-algemene-voorwaarden-sleutelservice\\\/\"]}]},{\"@type\":\"BreadcrumbList\",\"@id\":\"https:\\\/\\\/axabikesecurity.com\\\/de\\\/footer-algemene-voorwaarden-sleutelservice\\\/#breadcrumb\",\"itemListElement\":[{\"@type\":\"ListItem\",\"position\":1,\"name\":\"house\",\"item\":\"https:\\\/\\\/axabikesecurity.com\\\/de\\\/\"},{\"@type\":\"ListItem\",\"position\":2,\"name\":\"Footer &#8211; Lieferbedingungen Schl\u00fcsselservice\"}]},{\"@type\":\"WebSite\",\"@id\":\"https:\\\/\\\/axabikesecurity.com\\\/de\\\/#website\",\"url\":\"https:\\\/\\\/axabikesecurity.com\\\/de\\\/\",\"name\":\"AXA Bike\",\"description\":\"\",\"potentialAction\":[{\"@type\":\"SearchAction\",\"target\":{\"@type\":\"EntryPoint\",\"urlTemplate\":\"https:\\\/\\\/axabikesecurity.com\\\/de\\\/?s={search_term_string}\"},\"query-input\":{\"@type\":\"PropertyValueSpecification\",\"valueRequired\":true,\"valueName\":\"search_term_string\"}}],\"inLanguage\":\"en-US\"}]}<\/script>\n<!-- \/ Yoast SEO plugin. -->","yoast_head_json":{"title":"Footer - Lieferbedingungen Schl\u00fcsselservice | AXA Bike Security \ud83c\udde9\ud83c\uddea","description":"Hier finden Sie Informationen zu den allgemeinen Gesch\u00e4ftsbedingungen unseres Schl\u00fcsseldienstes. \u00dcber Lieferung, Preise, Widerrufsfrist, Datenverwaltung, Garantie und Konformit\u00e4t.","robots":{"index":"index","follow":"follow","max-snippet":"max-snippet:-1","max-image-preview":"max-image-preview:large","max-video-preview":"max-video-preview:-1"},"canonical":"https:\/\/axabikesecurity.com\/de\/footer-algemene-voorwaarden-sleutelservice\/","og_locale":"en_US","og_type":"article","og_title":"Footer - Lieferbedingungen Schl\u00fcsselservice | AXA Bike Security \ud83c\udde9\ud83c\uddea","og_description":"Hier finden Sie Informationen zu den allgemeinen Gesch\u00e4ftsbedingungen unseres Schl\u00fcsseldienstes. \u00dcber Lieferung, Preise, Widerrufsfrist, Datenverwaltung, Garantie und Konformit\u00e4t.","og_url":"https:\/\/axabikesecurity.com\/de\/footer-algemene-voorwaarden-sleutelservice\/","og_site_name":"AXA Bike Security \ud83c\udde9\ud83c\uddea","article_modified_time":"2025-11-28T07:05:08+00:00","twitter_card":"summary_large_image","schema":{"@context":"https:\/\/schema.org","@graph":[{"@type":"WebPage","@id":"https:\/\/axabikesecurity.com\/de\/footer-algemene-voorwaarden-sleutelservice\/","url":"https:\/\/axabikesecurity.com\/de\/footer-algemene-voorwaarden-sleutelservice\/","name":"Footer - Lieferbedingungen Schl\u00fcsselservice | AXA Bike Security \ud83c\udde9\ud83c\uddea","isPartOf":{"@id":"https:\/\/axabikesecurity.com\/de\/#website"},"datePublished":"2024-04-23T13:13:25+00:00","dateModified":"2025-11-28T07:05:08+00:00","description":"Hier finden Sie Informationen zu den allgemeinen Gesch\u00e4ftsbedingungen unseres Schl\u00fcsseldienstes. \u00dcber Lieferung, Preise, Widerrufsfrist, Datenverwaltung, Garantie und Konformit\u00e4t.","breadcrumb":{"@id":"https:\/\/axabikesecurity.com\/de\/footer-algemene-voorwaarden-sleutelservice\/#breadcrumb"},"inLanguage":"en-US","potentialAction":[{"@type":"ReadAction","target":["https:\/\/axabikesecurity.com\/de\/footer-algemene-voorwaarden-sleutelservice\/"]}]},{"@type":"BreadcrumbList","@id":"https:\/\/axabikesecurity.com\/de\/footer-algemene-voorwaarden-sleutelservice\/#breadcrumb","itemListElement":[{"@type":"ListItem","position":1,"name":"house","item":"https:\/\/axabikesecurity.com\/de\/"},{"@type":"ListItem","position":2,"name":"Footer &#8211; Lieferbedingungen Schl\u00fcsselservice"}]},{"@type":"WebSite","@id":"https:\/\/axabikesecurity.com\/de\/#website","url":"https:\/\/axabikesecurity.com\/de\/","name":"AXA Bike","description":"","potentialAction":[{"@type":"SearchAction","target":{"@type":"EntryPoint","urlTemplate":"https:\/\/axabikesecurity.com\/de\/?s={search_term_string}"},"query-input":{"@type":"PropertyValueSpecification","valueRequired":true,"valueName":"search_term_string"}}],"inLanguage":"en-US"}]}},"jetpack_sharing_enabled":true,"_links":{"self":[{"href":"https:\/\/axabikesecurity.com\/de\/wp-json\/wp\/v2\/pages\/16185","targetHints":{"allow":["GET"]}}],"collection":[{"href":"https:\/\/axabikesecurity.com\/de\/wp-json\/wp\/v2\/pages"}],"about":[{"href":"https:\/\/axabikesecurity.com\/de\/wp-json\/wp\/v2\/types\/page"}],"author":[{"embeddable":true,"href":"https:\/\/axabikesecurity.com\/de\/wp-json\/wp\/v2\/users\/17"}],"replies":[{"embeddable":true,"href":"https:\/\/axabikesecurity.com\/de\/wp-json\/wp\/v2\/comments?post=16185"}],"version-history":[{"count":10,"href":"https:\/\/axabikesecurity.com\/de\/wp-json\/wp\/v2\/pages\/16185\/revisions"}],"predecessor-version":[{"id":17037,"href":"https:\/\/axabikesecurity.com\/de\/wp-json\/wp\/v2\/pages\/16185\/revisions\/17037"}],"wp:attachment":[{"href":"https:\/\/axabikesecurity.com\/de\/wp-json\/wp\/v2\/media?parent=16185"}],"curies":[{"name":"wp","href":"https:\/\/api.w.org\/{rel}","templated":true}]}}