{"id":16213,"date":"2024-04-23T13:57:20","date_gmt":"2024-04-23T13:57:20","guid":{"rendered":"https:\/\/axabikesecurity.com\/nl\/?page_id=16213"},"modified":"2024-04-30T08:55:03","modified_gmt":"2024-04-30T08:55:03","slug":"professional-fietsfabrikanten","status":"publish","type":"page","link":"https:\/\/axabikesecurity.com\/de\/professional-fietsfabrikanten\/","title":{"rendered":"Professionell &#8211; Fahrradhersteller"},"content":{"rendered":"<section id=\"\" class=\"relative after:w-full after:h-full after:top-0 after:left-0 after:bg-[rgba(0,0,0,0.35)] after:absolute   !pt-[96px] is-layout-flex wp-block-acf-hero-is-layout-flex\" style=\"padding-top:16px; padding-bottom:136px; color: var(--wp--preset--color--font); \">\n\n\t\t\t\t<img loading=\"lazy\" decoding=\"async\" width=\"1824\" height=\"1216\" src=\"https:\/\/axabikesecurity.com\/de\/wp-content\/uploads\/sites\/17\/2024\/04\/1DXA7433.jpg?w=1824\" class=\"w-full h-full absolute top-0 left-0 object-cover \" alt=\"\" srcset=\"https:\/\/axabikesecurity.com\/de\/wp-content\/uploads\/sites\/17\/2024\/04\/1DXA7433.jpg 1824w, https:\/\/axabikesecurity.com\/de\/wp-content\/uploads\/sites\/17\/2024\/04\/1DXA7433.jpg?resize=512,341 512w, https:\/\/axabikesecurity.com\/de\/wp-content\/uploads\/sites\/17\/2024\/04\/1DXA7433.jpg?resize=768,512 768w, https:\/\/axabikesecurity.com\/de\/wp-content\/uploads\/sites\/17\/2024\/04\/1DXA7433.jpg?resize=1536,1024 1536w, https:\/\/axabikesecurity.com\/de\/wp-content\/uploads\/sites\/17\/2024\/04\/1DXA7433.jpg?resize=1215,810 1215w, https:\/\/axabikesecurity.com\/de\/wp-content\/uploads\/sites\/17\/2024\/04\/1DXA7433.jpg?resize=600,400 600w\" sizes=\"auto, (max-width: 1824px) 100vw, 1824px\" data-ot-ignore=\"\" \/>\n\t\n\t\n\t<div class=\"relative container z-10\">\n\n\t\t<div class=\"relative w-full lg:w-6\/12\">\n\t\t\t<div class=\"content text-white    \">\n\t\t\t\t    <h1 class=\"\">Wir sind ein Original Equipment Manufacturer (OEM)<\/h1>\n\t\t    <div class=\"text-white\">\n        <p>AXA entwickelt und produziert Produkte f\u00fcr jedes Fahrrad. Wir haben eine breite Palette von Schl\u00f6ssern und Beleuchtung.<\/p>\n\n    <\/div>\n\t<\/div>\n\t\t<\/div>\n\n\t<\/div>\n<\/section>\n\n\n<section id=\"\" class=\"is-layout-flex wp-block-acf-content-image-is-layout-flex\" style=\"padding-top:var(--wp--preset--spacing--80); padding-bottom:var(--wp--preset--spacing--80); color: var(--wp--preset--color--font); \">\n\t<div class=\"container\">\n\n\t\t<div class=\"flex flex-col gap-10 lg:gap-0 lg:flex-row relative justify-start items-center justify-start \">\n\n\t\t\t<div class=\"w-full md:w-7\/12\">\n\t\t\t\t\t<img loading=\"lazy\" decoding=\"async\" width=\"2048\" height=\"1365\" src=\"https:\/\/axabikesecurity.com\/de\/wp-content\/uploads\/sites\/17\/2024\/04\/Victory-meerdere-kleuren.jpg?w=2048\" class=\"w-full rounded \" alt=\"\" srcset=\"https:\/\/axabikesecurity.com\/de\/wp-content\/uploads\/sites\/17\/2024\/04\/Victory-meerdere-kleuren.jpg 5760w, https:\/\/axabikesecurity.com\/de\/wp-content\/uploads\/sites\/17\/2024\/04\/Victory-meerdere-kleuren.jpg?resize=512,341 512w, https:\/\/axabikesecurity.com\/de\/wp-content\/uploads\/sites\/17\/2024\/04\/Victory-meerdere-kleuren.jpg?resize=768,512 768w, https:\/\/axabikesecurity.com\/de\/wp-content\/uploads\/sites\/17\/2024\/04\/Victory-meerdere-kleuren.jpg?resize=2048,1365 2048w, https:\/\/axabikesecurity.com\/de\/wp-content\/uploads\/sites\/17\/2024\/04\/Victory-meerdere-kleuren.jpg?resize=1536,1024 1536w, https:\/\/axabikesecurity.com\/de\/wp-content\/uploads\/sites\/17\/2024\/04\/Victory-meerdere-kleuren.jpg?resize=1215,810 1215w, https:\/\/axabikesecurity.com\/de\/wp-content\/uploads\/sites\/17\/2024\/04\/Victory-meerdere-kleuren.jpg?resize=600,400 600w\" sizes=\"auto, (max-width: 2048px) 100vw, 2048px\" data-ot-ignore=\"\" \/>\n\t\t\t<\/div>\n\n\t\t\t<div class=\"w-full md:w-6\/12 lg:absolute top-1\/2 lg:-translate-y-1\/2 bg-white py-10 pl-9 pr-7 shadow-contentcard rounded-[2px] right-0\">\n\t\t\t\t<div class=\"content [&amp;_p]:text-[18px]    \">\n\t\t\t\t\t\t    <div class=\"[&amp;_p]:text-[18px]\">\n        <p>Nat\u00fcrlich k\u00f6nnen wir unsere Standardprodukte an die W\u00fcnsche eines Herstellers anpassen. Wenn zum Beispiel eine abweichende Farbe, eine andere Kabell\u00e4nge oder spezielle B\u00fcgel gew\u00fcnscht werden.<\/p>\n\n    <\/div>\n\t<\/div>\n\t\t\t<\/div>\n\n\t\t<\/div>\n\n\t<\/div>\n<\/section>\n\n\n<section id=\"\" class=\"is-layout-flex wp-block-acf-content-image-is-layout-flex\" style=\"padding-top:var(--wp--preset--spacing--80); padding-bottom:var(--wp--preset--spacing--80); color: var(--wp--preset--color--font); \">\n\t<div class=\"container\">\n\n\t\t<div class=\"flex flex-col gap-10 lg:gap-0 lg:flex-row relative justify-start items-center justify-start \">\n\n\t\t\t<div class=\"w-full md:w-7\/12\">\n\t\t\t\t\t<img loading=\"lazy\" decoding=\"async\" width=\"2048\" height=\"1365\" src=\"https:\/\/axabikesecurity.com\/de\/wp-content\/uploads\/sites\/17\/2024\/04\/Centurion-customised.jpg?w=2048\" class=\"w-full rounded \" alt=\"\" srcset=\"https:\/\/axabikesecurity.com\/de\/wp-content\/uploads\/sites\/17\/2024\/04\/Centurion-customised.jpg 6720w, https:\/\/axabikesecurity.com\/de\/wp-content\/uploads\/sites\/17\/2024\/04\/Centurion-customised.jpg?resize=512,341 512w, https:\/\/axabikesecurity.com\/de\/wp-content\/uploads\/sites\/17\/2024\/04\/Centurion-customised.jpg?resize=768,512 768w, https:\/\/axabikesecurity.com\/de\/wp-content\/uploads\/sites\/17\/2024\/04\/Centurion-customised.jpg?resize=2048,1365 2048w, https:\/\/axabikesecurity.com\/de\/wp-content\/uploads\/sites\/17\/2024\/04\/Centurion-customised.jpg?resize=1536,1024 1536w, https:\/\/axabikesecurity.com\/de\/wp-content\/uploads\/sites\/17\/2024\/04\/Centurion-customised.jpg?resize=1215,810 1215w, https:\/\/axabikesecurity.com\/de\/wp-content\/uploads\/sites\/17\/2024\/04\/Centurion-customised.jpg?resize=600,400 600w\" sizes=\"auto, (max-width: 2048px) 100vw, 2048px\" data-ot-ignore=\"\" \/>\n\t\t\t<\/div>\n\n\t\t\t<div class=\"w-full md:w-6\/12 lg:absolute top-1\/2 lg:-translate-y-1\/2 bg-white py-10 pl-9 pr-7 shadow-contentcard rounded-[2px] right-0\">\n\t\t\t\t<div class=\"content [&amp;_p]:text-[18px]    \">\n\t\t\t\t\t\t    <div class=\"[&amp;_p]:text-[18px]\">\n        <p>Wir entwickeln und produzieren auch ma\u00dfgeschneiderte L\u00f6sungen. Denn kein Fahrrad ist gleich. Um Marken zu st\u00e4rken, helfen wir Herstellern bei der Schaffung ihres optimalen Fahrrads. Ein von uns ma\u00dfgeschneidertes Produkt st\u00e4rkt ihre Markenidentit\u00e4t.<\/p>\n<p>Mit kurzen Kommunikationswegen zwischen unseren Entwicklern und unseren Kunden sowie einer effizienten Inhouse-Produktion arbeiten wir seit vielen Jahren erfolgreich mit den gr\u00f6\u00dften Fahrradmarken der Welt zusammen.<\/p>\n\n    <\/div>\n\t\t<div class=\"flex flex-wrap gap-4 md:gap-6 mt-6\">\n\t\t\t\t\t\t\n\t<a href=\"https:\/\/bike.allegion.com\/\" class=\"btn mt-6 btn--solid flex-row-reverse\" target=\"_blank\">\n\t\t\t\t\t\t\t        <div class=\"h-6 w-6 text-[24px] color: var(--wp--preset--color--font); flex justify-center items-center \">\n        <span class=\"material-symbols-rounded\">open_in_new<\/span>\n    <\/div>\n\t\t\t\tHier kannst du alle M\u00f6glichkeiten einsehen\n\t<\/a>\n\t\t\t<\/div>\n\n<\/div>\n\t\t\t<\/div>\n\n\t\t<\/div>\n\n\t<\/div>\n<\/section>\n\n\n<section id=\"\" class=\"relative after:w-full after:h-full after:top-0 after:left-0 after:bg-[rgba(0,0,0,0.35)] after:absolute   !pt-[96px] is-layout-flex wp-block-acf-hero-is-layout-flex\" style=\"padding-top:16px; padding-bottom:136px; color: var(--wp--preset--color--font); \">\n\n\t\t\t\t<img loading=\"lazy\" decoding=\"async\" width=\"1920\" height=\"1181\" src=\"https:\/\/axabikesecurity.com\/de\/wp-content\/uploads\/sites\/17\/2024\/04\/AXA-IN-tracker.jpg?w=1920\" class=\"w-full h-full absolute top-0 left-0 object-cover \" alt=\"\" srcset=\"https:\/\/axabikesecurity.com\/de\/wp-content\/uploads\/sites\/17\/2024\/04\/AXA-IN-tracker.jpg 1920w, https:\/\/axabikesecurity.com\/de\/wp-content\/uploads\/sites\/17\/2024\/04\/AXA-IN-tracker.jpg?resize=512,315 512w, https:\/\/axabikesecurity.com\/de\/wp-content\/uploads\/sites\/17\/2024\/04\/AXA-IN-tracker.jpg?resize=768,472 768w, https:\/\/axabikesecurity.com\/de\/wp-content\/uploads\/sites\/17\/2024\/04\/AXA-IN-tracker.jpg?resize=1536,945 1536w, https:\/\/axabikesecurity.com\/de\/wp-content\/uploads\/sites\/17\/2024\/04\/AXA-IN-tracker.jpg?resize=1317,810 1317w, https:\/\/axabikesecurity.com\/de\/wp-content\/uploads\/sites\/17\/2024\/04\/AXA-IN-tracker.jpg?resize=600,369 600w\" sizes=\"auto, (max-width: 1920px) 100vw, 1920px\" data-ot-ignore=\"\" \/>\n\t\n\t\n\t<div class=\"relative container z-10\">\n\n\t\t<div class=\"relative w-full lg:w-6\/12\">\n\t\t\t<div class=\"content text-white    \">\n\t\t\t\t\t\t\t    <h2 class=\"\">Intelligente L\u00f6sungen<\/h2>\n\t\t\t    <div class=\"text-white\">\n        <p>Wir stellen nicht nur mechanische Schl\u00f6sser her, sondern entwickeln auch elektronische L\u00f6sungen.<\/p>\n\n    <\/div>\n\t<\/div>\n\t\t<\/div>\n\n\t<\/div>\n<\/section>\n\n\n<section id=\"\" class=\"is-layout-flex wp-block-acf-content-image-is-layout-flex\" style=\"padding-top:var(--wp--preset--spacing--80); padding-bottom:var(--wp--preset--spacing--80); color: var(--wp--preset--color--font); \">\n\t<div class=\"container\">\n\n\t\t<div class=\"flex flex-col gap-10 lg:gap-0 lg:flex-row relative justify-start items-center justify-start \">\n\n\t\t\t<div class=\"w-full md:w-7\/12\">\n\t\t\t\t\t<img loading=\"lazy\" decoding=\"async\" width=\"1920\" height=\"1226\" src=\"https:\/\/axabikesecurity.com\/de\/wp-content\/uploads\/sites\/17\/2024\/04\/AXA-IN-Fietsendealer.png?w=1920\" class=\"w-full rounded \" alt=\"AXA Bike Security Fietsendealer\" srcset=\"https:\/\/axabikesecurity.com\/de\/wp-content\/uploads\/sites\/17\/2024\/04\/AXA-IN-Fietsendealer.png 1920w, https:\/\/axabikesecurity.com\/de\/wp-content\/uploads\/sites\/17\/2024\/04\/AXA-IN-Fietsendealer.png?resize=512,327 512w, https:\/\/axabikesecurity.com\/de\/wp-content\/uploads\/sites\/17\/2024\/04\/AXA-IN-Fietsendealer.png?resize=768,490 768w, https:\/\/axabikesecurity.com\/de\/wp-content\/uploads\/sites\/17\/2024\/04\/AXA-IN-Fietsendealer.png?resize=1536,981 1536w, https:\/\/axabikesecurity.com\/de\/wp-content\/uploads\/sites\/17\/2024\/04\/AXA-IN-Fietsendealer.png?resize=1269,810 1269w, https:\/\/axabikesecurity.com\/de\/wp-content\/uploads\/sites\/17\/2024\/04\/AXA-IN-Fietsendealer.png?resize=600,383 600w\" sizes=\"auto, (max-width: 1920px) 100vw, 1920px\" data-ot-ignore=\"\" \/>\n\t\t\t<\/div>\n\n\t\t\t<div class=\"w-full md:w-6\/12 lg:absolute top-1\/2 lg:-translate-y-1\/2 bg-white py-10 pl-9 pr-7 shadow-contentcard rounded-[2px] right-0\">\n\t\t\t\t<div class=\"content [&amp;_p]:text-[18px]    \">\n\t\t\t\t\t\t    <div class=\"[&amp;_p]:text-[18px]\">\n        <p>Unser GPS-Tracker AXA IN macht jedes Fahrrad intelligent. Durch den Einbau in ein E-Bike steht der Benutzer direkt mit seinem Fahrrad in Verbindung. Er kann zum Beispiel sehen, wie viele Kilometer er gefahren ist und welche Strecke er zur\u00fcckgelegt hat.<\/p>\n<p>Der Fahrradhersteller erh\u00e4lt \u00fcber AXA IN Einblick in die Nutzung des Fahrrads und kann direkt mit dem Benutzer in Kontakt treten und zum Beispiel eine Benachrichtigung senden, wenn es Zeit f\u00fcr eine Wartung ist.<\/p>\n\n    <\/div>\n\t<\/div>\n\t\t\t<\/div>\n\n\t\t<\/div>\n\n\t<\/div>\n<\/section>\n\n\n<section id=\"\" class=\"is-layout-flex wp-block-acf-content-image-is-layout-flex\" style=\"padding-top:var(--wp--preset--spacing--80); padding-bottom:var(--wp--preset--spacing--80); color: var(--wp--preset--color--font); \">\n\t<div class=\"container\">\n\n\t\t<div class=\"flex flex-col gap-10 lg:gap-0 lg:flex-row relative justify-start items-center justify-start \">\n\n\t\t\t<div class=\"w-full md:w-7\/12\">\n\t\t\t\t\t<img loading=\"lazy\" decoding=\"async\" width=\"2048\" height=\"1551\" src=\"https:\/\/axabikesecurity.com\/de\/wp-content\/uploads\/sites\/17\/2024\/04\/AXA-IN-Electronic-ringlock.png?w=2048\" class=\"w-full rounded \" alt=\"\" srcset=\"https:\/\/axabikesecurity.com\/de\/wp-content\/uploads\/sites\/17\/2024\/04\/AXA-IN-Electronic-ringlock.png 6494w, https:\/\/axabikesecurity.com\/de\/wp-content\/uploads\/sites\/17\/2024\/04\/AXA-IN-Electronic-ringlock.png?resize=512,388 512w, https:\/\/axabikesecurity.com\/de\/wp-content\/uploads\/sites\/17\/2024\/04\/AXA-IN-Electronic-ringlock.png?resize=768,581 768w, https:\/\/axabikesecurity.com\/de\/wp-content\/uploads\/sites\/17\/2024\/04\/AXA-IN-Electronic-ringlock.png?resize=2048,1551 2048w, https:\/\/axabikesecurity.com\/de\/wp-content\/uploads\/sites\/17\/2024\/04\/AXA-IN-Electronic-ringlock.png?resize=1536,1163 1536w, https:\/\/axabikesecurity.com\/de\/wp-content\/uploads\/sites\/17\/2024\/04\/AXA-IN-Electronic-ringlock.png?resize=1070,810 1070w, https:\/\/axabikesecurity.com\/de\/wp-content\/uploads\/sites\/17\/2024\/04\/AXA-IN-Electronic-ringlock.png?resize=600,454 600w\" sizes=\"auto, (max-width: 2048px) 100vw, 2048px\" data-ot-ignore=\"\" \/>\n\t\t\t<\/div>\n\n\t\t\t<div class=\"w-full md:w-6\/12 lg:absolute top-1\/2 lg:-translate-y-1\/2 bg-white py-10 pl-9 pr-7 shadow-contentcard rounded-[2px] right-0\">\n\t\t\t\t<div class=\"content [&amp;_p]:text-[18px]    \">\n\t\t\t\t\t\t    <div class=\"[&amp;_p]:text-[18px]\">\n        <p>Dar\u00fcber hinaus haben wir ein elektronisches Ringschloss, das die L\u00f6sung f\u00fcr Fahrradverleiher oder Fahrrad-Sharing-Unternehmen ist. \u00dcber die App kannst du das Schloss \u00f6ffnen und schlie\u00dfen und sehen, wo sich das Fahrrad befindet.<\/p>\n\n    <\/div>\n\t\t<div class=\"flex flex-wrap gap-4 md:gap-6 mt-6\">\n\t\t\t\t\t\t\n\t<a href=\"https:\/\/www.axa-in.com\/\" class=\"btn mt-6 btn--solid flex-row-reverse\" target=\"_blank\">\n\t\t\t\t\t\t\t        <div class=\"h-6 w-6 text-[24px] color: var(--wp--preset--color--font); flex justify-center items-center \">\n        <span class=\"material-symbols-rounded\">open_in_new<\/span>\n    <\/div>\n\t\t\t\tHier kannst du alle M\u00f6glichkeiten einsehen\n\t<\/a>\n\t\t\t<\/div>\n\n<\/div>\n\t\t\t<\/div>\n\n\t\t<\/div>\n\n\t<\/div>\n<\/section>\n","protected":false},"excerpt":{"rendered":"","protected":false},"author":17,"featured_media":0,"parent":0,"menu_order":0,"comment_status":"closed","ping_status":"closed","template":"","meta":{"_acf_changed":false,"_trash_the_other_posts":false,"footnotes":""},"class_list":["post-16213","page","type-page","status-publish","hentry"],"acf":[],"yoast_head":"<!-- This site is optimized with the Yoast SEO plugin v27.1.1 - https:\/\/yoast.com\/product\/yoast-seo-wordpress\/ -->\n<title>Professionell - Fahrradhersteller | AXA Bike Security \ud83c\udde9\ud83c\uddea<\/title>\n<meta name=\"description\" content=\"Wir haben eine gro\u00dfe Auswahl an Schl\u00f6ssern und Beleuchtung. Wir entwickeln auch ma\u00dfgeschneiderte L\u00f6sungen. Eine L\u00f6sung f\u00fcr jedes Fahrrad.\" \/>\n<meta name=\"robots\" content=\"index, follow, max-snippet:-1, max-image-preview:large, max-video-preview:-1\" \/>\n<link rel=\"canonical\" href=\"https:\/\/axabikesecurity.com\/de\/professional-fietsfabrikanten\/\" \/>\n<meta property=\"og:locale\" content=\"en_US\" \/>\n<meta property=\"og:type\" content=\"article\" \/>\n<meta property=\"og:title\" content=\"Professionell - Fahrradhersteller | AXA Bike Security \ud83c\udde9\ud83c\uddea\" \/>\n<meta property=\"og:description\" content=\"Wir haben eine gro\u00dfe Auswahl an Schl\u00f6ssern und Beleuchtung. Wir entwickeln auch ma\u00dfgeschneiderte L\u00f6sungen. Eine L\u00f6sung f\u00fcr jedes Fahrrad.\" \/>\n<meta property=\"og:url\" content=\"https:\/\/axabikesecurity.com\/de\/professional-fietsfabrikanten\/\" \/>\n<meta property=\"og:site_name\" content=\"AXA Bike Security \ud83c\udde9\ud83c\uddea\" \/>\n<meta property=\"article:modified_time\" content=\"2024-04-30T08:55:03+00:00\" \/>\n<meta name=\"twitter:card\" content=\"summary_large_image\" \/>\n<script type=\"application\/ld+json\" class=\"yoast-schema-graph\">{\"@context\":\"https:\/\/schema.org\",\"@graph\":[{\"@type\":\"WebPage\",\"@id\":\"https:\/\/axabikesecurity.com\/de\/professional-fietsfabrikanten\/\",\"url\":\"https:\/\/axabikesecurity.com\/de\/professional-fietsfabrikanten\/\",\"name\":\"Professionell - Fahrradhersteller | AXA Bike Security \ud83c\udde9\ud83c\uddea\",\"isPartOf\":{\"@id\":\"https:\/\/axabikesecurity.com\/de\/#website\"},\"datePublished\":\"2024-04-23T13:57:20+00:00\",\"dateModified\":\"2024-04-30T08:55:03+00:00\",\"description\":\"Wir haben eine gro\u00dfe Auswahl an Schl\u00f6ssern und Beleuchtung. Wir entwickeln auch ma\u00dfgeschneiderte L\u00f6sungen. Eine L\u00f6sung f\u00fcr jedes Fahrrad.\",\"breadcrumb\":{\"@id\":\"https:\/\/axabikesecurity.com\/de\/professional-fietsfabrikanten\/#breadcrumb\"},\"inLanguage\":\"en-US\",\"potentialAction\":[{\"@type\":\"ReadAction\",\"target\":[\"https:\/\/axabikesecurity.com\/de\/professional-fietsfabrikanten\/\"]}]},{\"@type\":\"BreadcrumbList\",\"@id\":\"https:\/\/axabikesecurity.com\/de\/professional-fietsfabrikanten\/#breadcrumb\",\"itemListElement\":[{\"@type\":\"ListItem\",\"position\":1,\"name\":\"house\",\"item\":\"https:\/\/axabikesecurity.com\/de\/\"},{\"@type\":\"ListItem\",\"position\":2,\"name\":\"Professionell &#8211; Fahrradhersteller\"}]},{\"@type\":\"WebSite\",\"@id\":\"https:\/\/axabikesecurity.com\/de\/#website\",\"url\":\"https:\/\/axabikesecurity.com\/de\/\",\"name\":\"AXA Bike\",\"description\":\"\",\"potentialAction\":[{\"@type\":\"SearchAction\",\"target\":{\"@type\":\"EntryPoint\",\"urlTemplate\":\"https:\/\/axabikesecurity.com\/de\/?s={search_term_string}\"},\"query-input\":{\"@type\":\"PropertyValueSpecification\",\"valueRequired\":true,\"valueName\":\"search_term_string\"}}],\"inLanguage\":\"en-US\"}]}<\/script>\n<!-- \/ Yoast SEO plugin. -->","yoast_head_json":{"title":"Professionell - Fahrradhersteller | AXA Bike Security \ud83c\udde9\ud83c\uddea","description":"Wir haben eine gro\u00dfe Auswahl an Schl\u00f6ssern und Beleuchtung. Wir entwickeln auch ma\u00dfgeschneiderte L\u00f6sungen. Eine L\u00f6sung f\u00fcr jedes Fahrrad.","robots":{"index":"index","follow":"follow","max-snippet":"max-snippet:-1","max-image-preview":"max-image-preview:large","max-video-preview":"max-video-preview:-1"},"canonical":"https:\/\/axabikesecurity.com\/de\/professional-fietsfabrikanten\/","og_locale":"en_US","og_type":"article","og_title":"Professionell - Fahrradhersteller | AXA Bike Security \ud83c\udde9\ud83c\uddea","og_description":"Wir haben eine gro\u00dfe Auswahl an Schl\u00f6ssern und Beleuchtung. Wir entwickeln auch ma\u00dfgeschneiderte L\u00f6sungen. Eine L\u00f6sung f\u00fcr jedes Fahrrad.","og_url":"https:\/\/axabikesecurity.com\/de\/professional-fietsfabrikanten\/","og_site_name":"AXA Bike Security \ud83c\udde9\ud83c\uddea","article_modified_time":"2024-04-30T08:55:03+00:00","twitter_card":"summary_large_image","schema":{"@context":"https:\/\/schema.org","@graph":[{"@type":"WebPage","@id":"https:\/\/axabikesecurity.com\/de\/professional-fietsfabrikanten\/","url":"https:\/\/axabikesecurity.com\/de\/professional-fietsfabrikanten\/","name":"Professionell - Fahrradhersteller | AXA Bike Security \ud83c\udde9\ud83c\uddea","isPartOf":{"@id":"https:\/\/axabikesecurity.com\/de\/#website"},"datePublished":"2024-04-23T13:57:20+00:00","dateModified":"2024-04-30T08:55:03+00:00","description":"Wir haben eine gro\u00dfe Auswahl an Schl\u00f6ssern und Beleuchtung. Wir entwickeln auch ma\u00dfgeschneiderte L\u00f6sungen. Eine L\u00f6sung f\u00fcr jedes Fahrrad.","breadcrumb":{"@id":"https:\/\/axabikesecurity.com\/de\/professional-fietsfabrikanten\/#breadcrumb"},"inLanguage":"en-US","potentialAction":[{"@type":"ReadAction","target":["https:\/\/axabikesecurity.com\/de\/professional-fietsfabrikanten\/"]}]},{"@type":"BreadcrumbList","@id":"https:\/\/axabikesecurity.com\/de\/professional-fietsfabrikanten\/#breadcrumb","itemListElement":[{"@type":"ListItem","position":1,"name":"house","item":"https:\/\/axabikesecurity.com\/de\/"},{"@type":"ListItem","position":2,"name":"Professionell &#8211; Fahrradhersteller"}]},{"@type":"WebSite","@id":"https:\/\/axabikesecurity.com\/de\/#website","url":"https:\/\/axabikesecurity.com\/de\/","name":"AXA Bike","description":"","potentialAction":[{"@type":"SearchAction","target":{"@type":"EntryPoint","urlTemplate":"https:\/\/axabikesecurity.com\/de\/?s={search_term_string}"},"query-input":{"@type":"PropertyValueSpecification","valueRequired":true,"valueName":"search_term_string"}}],"inLanguage":"en-US"}]}},"jetpack_sharing_enabled":true,"_links":{"self":[{"href":"https:\/\/axabikesecurity.com\/de\/wp-json\/wp\/v2\/pages\/16213","targetHints":{"allow":["GET"]}}],"collection":[{"href":"https:\/\/axabikesecurity.com\/de\/wp-json\/wp\/v2\/pages"}],"about":[{"href":"https:\/\/axabikesecurity.com\/de\/wp-json\/wp\/v2\/types\/page"}],"author":[{"embeddable":true,"href":"https:\/\/axabikesecurity.com\/de\/wp-json\/wp\/v2\/users\/17"}],"replies":[{"embeddable":true,"href":"https:\/\/axabikesecurity.com\/de\/wp-json\/wp\/v2\/comments?post=16213"}],"version-history":[{"count":37,"href":"https:\/\/axabikesecurity.com\/de\/wp-json\/wp\/v2\/pages\/16213\/revisions"}],"predecessor-version":[{"id":17032,"href":"https:\/\/axabikesecurity.com\/de\/wp-json\/wp\/v2\/pages\/16213\/revisions\/17032"}],"wp:attachment":[{"href":"https:\/\/axabikesecurity.com\/de\/wp-json\/wp\/v2\/media?parent=16213"}],"curies":[{"name":"wp","href":"https:\/\/api.w.org\/{rel}","templated":true}]}}