{"id":16296,"date":"2024-04-24T13:13:31","date_gmt":"2024-04-24T13:13:31","guid":{"rendered":"https:\/\/axabikesecurity.com\/nl\/?page_id=16296"},"modified":"2024-06-01T05:35:20","modified_gmt":"2024-06-01T05:35:20","slug":"professional-sleutel-service","status":"publish","type":"page","link":"https:\/\/axabikesecurity.com\/de\/professional-sleutel-service\/","title":{"rendered":"Professionell &#8211; Schl\u00fcsselservice"},"content":{"rendered":"<section id=\"\" class=\"relative after:w-full after:h-full after:top-0 after:left-0 after:bg-[rgba(0,0,0,0.35)] after:absolute   !pt-[96px] is-layout-flex wp-block-acf-hero-is-layout-flex\" style=\"padding-top:16px; padding-bottom:136px; color: var(--wp--preset--color--font); \">\n\n\t\t\t\t<img loading=\"lazy\" decoding=\"async\" width=\"2048\" height=\"1024\" src=\"https:\/\/axabikesecurity.com\/de\/wp-content\/uploads\/sites\/17\/2024\/04\/Beeld-sleutelservice_1.jpg?w=2048\" class=\"w-full h-full absolute top-0 left-0 object-cover \" alt=\"AXA Bike Security Key Service\" srcset=\"https:\/\/axabikesecurity.com\/de\/wp-content\/uploads\/sites\/17\/2024\/04\/Beeld-sleutelservice_1.jpg 2400w, https:\/\/axabikesecurity.com\/de\/wp-content\/uploads\/sites\/17\/2024\/04\/Beeld-sleutelservice_1.jpg?resize=512,256 512w, https:\/\/axabikesecurity.com\/de\/wp-content\/uploads\/sites\/17\/2024\/04\/Beeld-sleutelservice_1.jpg?resize=768,384 768w, https:\/\/axabikesecurity.com\/de\/wp-content\/uploads\/sites\/17\/2024\/04\/Beeld-sleutelservice_1.jpg?resize=2048,1024 2048w, https:\/\/axabikesecurity.com\/de\/wp-content\/uploads\/sites\/17\/2024\/04\/Beeld-sleutelservice_1.jpg?resize=1536,768 1536w, https:\/\/axabikesecurity.com\/de\/wp-content\/uploads\/sites\/17\/2024\/04\/Beeld-sleutelservice_1.jpg?resize=1440,720 1440w, https:\/\/axabikesecurity.com\/de\/wp-content\/uploads\/sites\/17\/2024\/04\/Beeld-sleutelservice_1.jpg?resize=600,300 600w\" sizes=\"auto, (max-width: 2048px) 100vw, 2048px\" data-ot-ignore=\"\" \/>\n\t\n\t\n\t<div class=\"relative container z-10\">\n\n\t\t<div class=\"relative w-full lg:w-6\/12\">\n\t\t\t<div class=\"content text-white    \">\n\t\t\t\t    <h1 class=\"\">AXA Schl\u00fcsselservice<\/h1>\n\t\t    <div class=\"text-white\">\n        <p>Mit dem AXA Schl\u00fcsselservice kannst du sicher und schnell zus\u00e4tzliche Schl\u00fcssel bestellen, mit gro\u00dfer Benutzerfreundlichkeit sowohl f\u00fcr H\u00e4ndler als auch f\u00fcr Verbraucher.<\/p>\n<p>Als einziger Schlosshersteller hat AXA den gesamten Bestell-, Produktions- und Versandprozess vollst\u00e4ndig in eigener Hand.<\/p>\n<p>Extra schnell, extra sicher.<\/p>\n\n    <\/div>\n\t\t<div class=\"flex flex-wrap gap-4 md:gap-6 \">\n\t\t\t\t\t\t\n\t<a href=\"https:\/\/keyservice.axasecurity.com\/de-DE\" class=\"btn  btn--solid flex-row-reverse\" target=\"_blank\">\n\t\t\t\t\t\t\t        <div class=\"h-6 w-6 text-[24px] color: var(--wp--preset--color--font); flex justify-center items-center text-white\">\n        <span class=\"material-symbols-rounded\">open_in_new<\/span>\n    <\/div>\n\t\t\t\tAXA Schl\u00fcsselservice\n\t<\/a>\n\t\t\t\t\t\t\n\t<a href=\"https:\/\/www.axasecurity.com\/media\/5571\/axa-manual-key-service.zip\" class=\"btn  btn--solid flex-row-reverse\" target=\"_blank\">\n\t\t\t\t\t\t\t        <div class=\"h-6 w-6 text-[24px] color: var(--wp--preset--color--font); flex justify-center items-center text-white\">\n        <span class=\"material-symbols-rounded\">open_in_new<\/span>\n    <\/div>\n\t\t\t\tDownload Anleitung\n\t<\/a>\n\t\t\t<\/div>\n\n<\/div>\n\t\t<\/div>\n\n\t<\/div>\n<\/section>\n\n\n<section id=\"\" class=\"is-layout-flex wp-block-acf-content-image-is-layout-flex\" style=\"padding-top:var(--wp--preset--spacing--80); padding-bottom:var(--wp--preset--spacing--80); color: var(--wp--preset--color--font); \">\n\t<div class=\"container\">\n\n\t\t<div class=\"flex flex-col gap-10 lg:gap-0 lg:flex-row relative justify-start items-center justify-start \">\n\n\t\t\t<div class=\"w-full md:w-7\/12\">\n\t\t\t\t\t<img loading=\"lazy\" decoding=\"async\" width=\"1600\" height=\"1200\" src=\"https:\/\/axabikesecurity.com\/de\/wp-content\/uploads\/sites\/17\/2024\/06\/Keyservice_Dealer_DE.png?w=1600\" class=\"w-full rounded \" alt=\"\" srcset=\"https:\/\/axabikesecurity.com\/de\/wp-content\/uploads\/sites\/17\/2024\/06\/Keyservice_Dealer_DE.png 1600w, https:\/\/axabikesecurity.com\/de\/wp-content\/uploads\/sites\/17\/2024\/06\/Keyservice_Dealer_DE.png?resize=512,384 512w, https:\/\/axabikesecurity.com\/de\/wp-content\/uploads\/sites\/17\/2024\/06\/Keyservice_Dealer_DE.png?resize=768,576 768w, https:\/\/axabikesecurity.com\/de\/wp-content\/uploads\/sites\/17\/2024\/06\/Keyservice_Dealer_DE.png?resize=1536,1152 1536w, https:\/\/axabikesecurity.com\/de\/wp-content\/uploads\/sites\/17\/2024\/06\/Keyservice_Dealer_DE.png?resize=1080,810 1080w, https:\/\/axabikesecurity.com\/de\/wp-content\/uploads\/sites\/17\/2024\/06\/Keyservice_Dealer_DE.png?resize=600,450 600w\" sizes=\"auto, (max-width: 1600px) 100vw, 1600px\" data-ot-ignore=\"\" \/>\n\t\t\t<\/div>\n\n\t\t\t<div class=\"w-full md:w-6\/12 lg:absolute top-1\/2 lg:-translate-y-1\/2 bg-white py-10 pl-9 pr-7 shadow-contentcard rounded-[2px] right-0\">\n\t\t\t\t<div class=\"content [&amp;_p]:text-[18px]    \">\n\t\t\t\t\t\t\t    <h3 id=\"block_acf-block-665ab317b1d692.97258588\" class=\"\">Bequemlichkeit f\u00fcr den H\u00e4ndler<\/h3>\n\t\t\t    <div class=\"[&amp;_p]:text-[18px]\">\n        <p>\u00dcber den H\u00e4ndler-Login kannst du als Fachh\u00e4ndler ganz einfach ein Konto erstellen, um auf einen Schlag mehrere Schl\u00fcssel f\u00fcr deine Kunden zu bestellen. Als H\u00e4ndler erh\u00e4ltst du einen festen Rabatt von 15% auf alle deine Bestellungen.<\/p>\n\n    <\/div>\n\t<\/div>\n\t\t\t<\/div>\n\n\t\t<\/div>\n\n\t<\/div>\n<\/section>\n\n\n<section id=\"\" class=\"is-layout-flex wp-block-acf-content-image-is-layout-flex\" style=\"padding-top:var(--wp--preset--spacing--80); padding-bottom:var(--wp--preset--spacing--80); color: var(--wp--preset--color--font); \">\n\t<div class=\"container\">\n\n\t\t<div class=\"flex flex-col gap-10 lg:gap-0 lg:flex-row relative justify-end items-center justify-start \">\n\n\t\t\t<div class=\"w-full md:w-7\/12\">\n\t\t\t\t\t<img loading=\"lazy\" decoding=\"async\" width=\"1600\" height=\"1200\" src=\"https:\/\/axabikesecurity.com\/de\/wp-content\/uploads\/sites\/17\/2024\/04\/iphone-key-service-axa-NL.png?w=1600\" class=\"w-full rounded \" alt=\"iPhone AXA Bike Security Key-service\" srcset=\"https:\/\/axabikesecurity.com\/de\/wp-content\/uploads\/sites\/17\/2024\/04\/iphone-key-service-axa-NL.png 1600w, https:\/\/axabikesecurity.com\/de\/wp-content\/uploads\/sites\/17\/2024\/04\/iphone-key-service-axa-NL.png?resize=512,384 512w, https:\/\/axabikesecurity.com\/de\/wp-content\/uploads\/sites\/17\/2024\/04\/iphone-key-service-axa-NL.png?resize=768,576 768w, https:\/\/axabikesecurity.com\/de\/wp-content\/uploads\/sites\/17\/2024\/04\/iphone-key-service-axa-NL.png?resize=1536,1152 1536w, https:\/\/axabikesecurity.com\/de\/wp-content\/uploads\/sites\/17\/2024\/04\/iphone-key-service-axa-NL.png?resize=1080,810 1080w, https:\/\/axabikesecurity.com\/de\/wp-content\/uploads\/sites\/17\/2024\/04\/iphone-key-service-axa-NL.png?resize=600,450 600w\" sizes=\"auto, (max-width: 1600px) 100vw, 1600px\" data-ot-ignore=\"\" \/>\n\t\t\t<\/div>\n\n\t\t\t<div class=\"w-full md:w-6\/12 lg:absolute top-1\/2 lg:-translate-y-1\/2 bg-white py-10 pl-9 pr-7 shadow-contentcard rounded-[2px] left-0\">\n\t\t\t\t<div class=\"content [&amp;_p]:text-[18px]    \">\n\t\t\t\t\t\t\t    <h3 id=\"block_acf-block-665ab317b1da02.32210632\" class=\"\">\u00dcbersichtlich und klar<\/h3>\n\t\t\t    <div class=\"[&amp;_p]:text-[18px]\">\n        <p>Es ist m\u00f6glich, f\u00fcr jeden Schl\u00fcssel eine Referenz hinzuzuf\u00fcgen, damit du einen klaren \u00dcberblick dar\u00fcber hast, welcher Schl\u00fcssel f\u00fcr welchen Kunden ist. Die Bezahlung erfolgt \u00fcber die Website, auf der du auch eine \u00dcbersicht deiner Bestellungen findest. Du kannst mit iDeal, PayPal, Kreditkarte oder einer einmaligen Einzugserm\u00e4chtigung bezahlen.<\/p>\n\n    <\/div>\n\t<\/div>\n\t\t\t<\/div>\n\n\t\t<\/div>\n\n\t<\/div>\n<\/section>\n\n\n<section id=\"\" class=\"is-layout-flex wp-block-acf-content-image-is-layout-flex\" style=\"padding-top:var(--wp--preset--spacing--80); padding-bottom:var(--wp--preset--spacing--80); color: var(--wp--preset--color--font); \">\n\t<div class=\"container\">\n\n\t\t<div class=\"flex flex-col gap-10 lg:gap-0 lg:flex-row relative justify-start items-center justify-start \">\n\n\t\t\t<div class=\"w-full md:w-7\/12\">\n\t\t\t\t\t<div class=\"rounded-[2px] overflow-hidden\">\n\t\t\t\t<img loading=\"lazy\" decoding=\"async\" width=\"500\" height=\"300\" src=\"https:\/\/axabikesecurity.com\/de\/wp-content\/uploads\/sites\/17\/2024\/04\/tracktrace_gettingstarted.jpg?w=500\" class=\"w-full media-cutoff--reverse \" alt=\"AXA Bike Security Fietsendealer\" data-ot-ignore=\"\" \/>\n\t<\/div>\n\t\t\t<\/div>\n\n\t\t\t<div class=\"w-full md:w-6\/12 lg:absolute top-1\/2 lg:-translate-y-1\/2 bg-white py-10 pl-9 pr-7 shadow-contentcard rounded-[2px] right-0\">\n\t\t\t\t<div class=\"content [&amp;_p]:text-[18px]    \">\n\t\t\t\t\t\t\t    <h3 id=\"block_acf-block-665ab317b1df35.49723022\" class=\"\">Ein H\u00e4ndlerkonto erstellen<\/h3>\n\t\t\t    <div class=\"[&amp;_p]:text-[18px]\">\n        <ul>\n<li>Schritt 1: Klicke auf der Schl\u00fcsselservice-Homepage auf die Schaltfl\u00e4che &#8220;H\u00e4ndler&#8221; oben rechts auf der Seite<\/li>\n<li>Schritt 2: Klicke im H\u00e4ndler-Login-Bildschirm auf &#8220;Noch kein Konto&#8221;<\/li>\n<li>Schritt 3: Gib deine Daten ein und klicke auf &#8220;\u00dcberpr\u00fcfen&#8221;<\/li>\n<\/ul>\n\n    <\/div>\n\t\t<div class=\"flex flex-wrap gap-4 md:gap-6 mt-6\">\n\t\t\t\t\t\t\n\t<a href=\"https:\/\/keyservice.axasecurity.com\/de-DE\" class=\"btn mt-6 btn--solid flex-row-reverse\" target=\"_blank\">\n\t\t\t\t\t\t\t        <div class=\"h-6 w-6 text-[24px] color: var(--wp--preset--color--font); flex justify-center items-center \">\n        <span class=\"material-symbols-rounded\">open_in_new<\/span>\n    <\/div>\n\t\t\t\tAXA Schl\u00fcsselservice\n\t<\/a>\n\t\t\t\t\t\t\n\t<a href=\"https:\/\/www.axasecurity.com\/media\/5571\/axa-manual-key-service.zip\" class=\"btn mt-6 btn--solid flex-row-reverse\" target=\"_blank\">\n\t\t\t\t\t\t\t        <div class=\"h-6 w-6 text-[24px] color: var(--wp--preset--color--font); flex justify-center items-center \">\n        <span class=\"material-symbols-rounded\">open_in_new<\/span>\n    <\/div>\n\t\t\t\tDownload Anleitung\n\t<\/a>\n\t\t\t<\/div>\n\n<\/div>\n\t\t\t<\/div>\n\n\t\t<\/div>\n\n\t<\/div>\n<\/section>\n","protected":false},"excerpt":{"rendered":"","protected":false},"author":20,"featured_media":0,"parent":0,"menu_order":0,"comment_status":"closed","ping_status":"closed","template":"","meta":{"_acf_changed":false,"_trash_the_other_posts":false,"footnotes":""},"class_list":["post-16296","page","type-page","status-publish","hentry"],"acf":[],"yoast_head":"<!-- This site is optimized with the Yoast SEO plugin v27.4 - https:\/\/yoast.com\/product\/yoast-seo-wordpress\/ -->\n<title>Professionell - Schl\u00fcsselservice | AXA Bike Security \ud83c\udde9\ud83c\uddea<\/title>\n<meta name=\"description\" content=\"Mit dem AXA Schl\u00fcsselservice kannst du sicher und schnell zus\u00e4tzliche Schl\u00fcssel bestellen.\" \/>\n<meta name=\"robots\" content=\"index, follow, max-snippet:-1, max-image-preview:large, max-video-preview:-1\" \/>\n<link rel=\"canonical\" href=\"https:\/\/axabikesecurity.com\/de\/professional-sleutel-service\/\" \/>\n<meta property=\"og:locale\" content=\"en_US\" \/>\n<meta property=\"og:type\" content=\"article\" \/>\n<meta property=\"og:title\" content=\"Professionell - Schl\u00fcsselservice | AXA Bike Security \ud83c\udde9\ud83c\uddea\" \/>\n<meta property=\"og:description\" content=\"Mit dem AXA Schl\u00fcsselservice kannst du sicher und schnell zus\u00e4tzliche Schl\u00fcssel bestellen.\" \/>\n<meta property=\"og:url\" content=\"https:\/\/axabikesecurity.com\/de\/professional-sleutel-service\/\" \/>\n<meta property=\"og:site_name\" content=\"AXA Bike Security \ud83c\udde9\ud83c\uddea\" \/>\n<meta property=\"article:modified_time\" content=\"2024-06-01T05:35:20+00:00\" \/>\n<meta name=\"twitter:card\" content=\"summary_large_image\" \/>\n<script type=\"application\/ld+json\" class=\"yoast-schema-graph\">{\"@context\":\"https:\\\/\\\/schema.org\",\"@graph\":[{\"@type\":\"WebPage\",\"@id\":\"https:\\\/\\\/axabikesecurity.com\\\/de\\\/professional-sleutel-service\\\/\",\"url\":\"https:\\\/\\\/axabikesecurity.com\\\/de\\\/professional-sleutel-service\\\/\",\"name\":\"Professionell - Schl\u00fcsselservice | AXA Bike Security \ud83c\udde9\ud83c\uddea\",\"isPartOf\":{\"@id\":\"https:\\\/\\\/axabikesecurity.com\\\/de\\\/#website\"},\"datePublished\":\"2024-04-24T13:13:31+00:00\",\"dateModified\":\"2024-06-01T05:35:20+00:00\",\"description\":\"Mit dem AXA Schl\u00fcsselservice kannst du sicher und schnell zus\u00e4tzliche Schl\u00fcssel bestellen.\",\"breadcrumb\":{\"@id\":\"https:\\\/\\\/axabikesecurity.com\\\/de\\\/professional-sleutel-service\\\/#breadcrumb\"},\"inLanguage\":\"en-US\",\"potentialAction\":[{\"@type\":\"ReadAction\",\"target\":[\"https:\\\/\\\/axabikesecurity.com\\\/de\\\/professional-sleutel-service\\\/\"]}]},{\"@type\":\"BreadcrumbList\",\"@id\":\"https:\\\/\\\/axabikesecurity.com\\\/de\\\/professional-sleutel-service\\\/#breadcrumb\",\"itemListElement\":[{\"@type\":\"ListItem\",\"position\":1,\"name\":\"house\",\"item\":\"https:\\\/\\\/axabikesecurity.com\\\/de\\\/\"},{\"@type\":\"ListItem\",\"position\":2,\"name\":\"Professionell &#8211; Schl\u00fcsselservice\"}]},{\"@type\":\"WebSite\",\"@id\":\"https:\\\/\\\/axabikesecurity.com\\\/de\\\/#website\",\"url\":\"https:\\\/\\\/axabikesecurity.com\\\/de\\\/\",\"name\":\"AXA Bike\",\"description\":\"\",\"potentialAction\":[{\"@type\":\"SearchAction\",\"target\":{\"@type\":\"EntryPoint\",\"urlTemplate\":\"https:\\\/\\\/axabikesecurity.com\\\/de\\\/?s={search_term_string}\"},\"query-input\":{\"@type\":\"PropertyValueSpecification\",\"valueRequired\":true,\"valueName\":\"search_term_string\"}}],\"inLanguage\":\"en-US\"}]}<\/script>\n<!-- \/ Yoast SEO plugin. -->","yoast_head_json":{"title":"Professionell - Schl\u00fcsselservice | AXA Bike Security \ud83c\udde9\ud83c\uddea","description":"Mit dem AXA Schl\u00fcsselservice kannst du sicher und schnell zus\u00e4tzliche Schl\u00fcssel bestellen.","robots":{"index":"index","follow":"follow","max-snippet":"max-snippet:-1","max-image-preview":"max-image-preview:large","max-video-preview":"max-video-preview:-1"},"canonical":"https:\/\/axabikesecurity.com\/de\/professional-sleutel-service\/","og_locale":"en_US","og_type":"article","og_title":"Professionell - Schl\u00fcsselservice | AXA Bike Security \ud83c\udde9\ud83c\uddea","og_description":"Mit dem AXA Schl\u00fcsselservice kannst du sicher und schnell zus\u00e4tzliche Schl\u00fcssel bestellen.","og_url":"https:\/\/axabikesecurity.com\/de\/professional-sleutel-service\/","og_site_name":"AXA Bike Security \ud83c\udde9\ud83c\uddea","article_modified_time":"2024-06-01T05:35:20+00:00","twitter_card":"summary_large_image","schema":{"@context":"https:\/\/schema.org","@graph":[{"@type":"WebPage","@id":"https:\/\/axabikesecurity.com\/de\/professional-sleutel-service\/","url":"https:\/\/axabikesecurity.com\/de\/professional-sleutel-service\/","name":"Professionell - Schl\u00fcsselservice | AXA Bike Security \ud83c\udde9\ud83c\uddea","isPartOf":{"@id":"https:\/\/axabikesecurity.com\/de\/#website"},"datePublished":"2024-04-24T13:13:31+00:00","dateModified":"2024-06-01T05:35:20+00:00","description":"Mit dem AXA Schl\u00fcsselservice kannst du sicher und schnell zus\u00e4tzliche Schl\u00fcssel bestellen.","breadcrumb":{"@id":"https:\/\/axabikesecurity.com\/de\/professional-sleutel-service\/#breadcrumb"},"inLanguage":"en-US","potentialAction":[{"@type":"ReadAction","target":["https:\/\/axabikesecurity.com\/de\/professional-sleutel-service\/"]}]},{"@type":"BreadcrumbList","@id":"https:\/\/axabikesecurity.com\/de\/professional-sleutel-service\/#breadcrumb","itemListElement":[{"@type":"ListItem","position":1,"name":"house","item":"https:\/\/axabikesecurity.com\/de\/"},{"@type":"ListItem","position":2,"name":"Professionell &#8211; Schl\u00fcsselservice"}]},{"@type":"WebSite","@id":"https:\/\/axabikesecurity.com\/de\/#website","url":"https:\/\/axabikesecurity.com\/de\/","name":"AXA Bike","description":"","potentialAction":[{"@type":"SearchAction","target":{"@type":"EntryPoint","urlTemplate":"https:\/\/axabikesecurity.com\/de\/?s={search_term_string}"},"query-input":{"@type":"PropertyValueSpecification","valueRequired":true,"valueName":"search_term_string"}}],"inLanguage":"en-US"}]}},"jetpack_sharing_enabled":true,"_links":{"self":[{"href":"https:\/\/axabikesecurity.com\/de\/wp-json\/wp\/v2\/pages\/16296","targetHints":{"allow":["GET"]}}],"collection":[{"href":"https:\/\/axabikesecurity.com\/de\/wp-json\/wp\/v2\/pages"}],"about":[{"href":"https:\/\/axabikesecurity.com\/de\/wp-json\/wp\/v2\/types\/page"}],"author":[{"embeddable":true,"href":"https:\/\/axabikesecurity.com\/de\/wp-json\/wp\/v2\/users\/20"}],"replies":[{"embeddable":true,"href":"https:\/\/axabikesecurity.com\/de\/wp-json\/wp\/v2\/comments?post=16296"}],"version-history":[{"count":77,"href":"https:\/\/axabikesecurity.com\/de\/wp-json\/wp\/v2\/pages\/16296\/revisions"}],"predecessor-version":[{"id":17054,"href":"https:\/\/axabikesecurity.com\/de\/wp-json\/wp\/v2\/pages\/16296\/revisions\/17054"}],"wp:attachment":[{"href":"https:\/\/axabikesecurity.com\/de\/wp-json\/wp\/v2\/media?parent=16296"}],"curies":[{"name":"wp","href":"https:\/\/api.w.org\/{rel}","templated":true}]}}