{"id":16531,"date":"2024-04-24T13:12:08","date_gmt":"2024-04-24T13:12:08","guid":{"rendered":"https:\/\/axabikesecurity.com\/nl\/?page_id=16531"},"modified":"2024-07-16T14:51:39","modified_gmt":"2024-07-16T14:51:39","slug":"landing-page-recyclingsinfo-verpakkingen","status":"publish","type":"page","link":"https:\/\/axabikesecurity.com\/de\/landing-page-recyclingsinfo-verpakkingen\/","title":{"rendered":"Landing page &#8211; Recyclinginformationen"},"content":{"rendered":"<section id=\"\" class=\"relative after:w-full after:h-full after:top-0 after:left-0 after:bg-[rgba(0,0,0,0.35)] after:absolute   !pt-[96px] is-layout-flex wp-block-acf-hero-is-layout-flex\" style=\"padding-top:16px; padding-bottom:136px; color: var(--wp--preset--color--font); \">\n\n\t\t\t\t<img loading=\"lazy\" decoding=\"async\" width=\"2048\" height=\"1024\" src=\"https:\/\/axabikesecurity.com\/de\/wp-content\/uploads\/sites\/17\/2024\/06\/AXA-Recycle-info-Packaging.jpg?w=2048\" class=\"w-full h-full absolute top-0 left-0 object-cover \" alt=\"\" srcset=\"https:\/\/axabikesecurity.com\/de\/wp-content\/uploads\/sites\/17\/2024\/06\/AXA-Recycle-info-Packaging.jpg 2400w, https:\/\/axabikesecurity.com\/de\/wp-content\/uploads\/sites\/17\/2024\/06\/AXA-Recycle-info-Packaging.jpg?resize=512,256 512w, https:\/\/axabikesecurity.com\/de\/wp-content\/uploads\/sites\/17\/2024\/06\/AXA-Recycle-info-Packaging.jpg?resize=768,384 768w, https:\/\/axabikesecurity.com\/de\/wp-content\/uploads\/sites\/17\/2024\/06\/AXA-Recycle-info-Packaging.jpg?resize=2048,1024 2048w, https:\/\/axabikesecurity.com\/de\/wp-content\/uploads\/sites\/17\/2024\/06\/AXA-Recycle-info-Packaging.jpg?resize=1536,768 1536w, https:\/\/axabikesecurity.com\/de\/wp-content\/uploads\/sites\/17\/2024\/06\/AXA-Recycle-info-Packaging.jpg?resize=1440,720 1440w, https:\/\/axabikesecurity.com\/de\/wp-content\/uploads\/sites\/17\/2024\/06\/AXA-Recycle-info-Packaging.jpg?resize=600,300 600w\" sizes=\"auto, (max-width: 2048px) 100vw, 2048px\" data-ot-ignore=\"\" \/>\n\t\n\t\n\t<div class=\"relative container z-10\">\n\n\t\t<div class=\"relative w-full lg:w-6\/12\">\n\t\t\t<div class=\"content text-white    \">\n\t\t\t\t    <h1 class=\"\">Recyclinginformationen f\u00fcr Verpackungen<\/h1>\n\t\t    <div class=\"text-white\">\n        <p>Auf unseren Verpackungen finden Sie verschiedene Symbole, Icons, Texte und Erkl\u00e4rungen zu den Verpackungen. Viele dieser Elemente sind vorgeschrieben, um dem Verbraucher im Kaufland Klarheit \u00fcber die Verpackung oder das Produkt zu verschaffen.<\/p>\n<p>M\u00f6chten Sie wissen, was diese Elemente bedeuten? Laden Sie die speziell daf\u00fcr zusammengestellte PDF mit Erkl\u00e4rungen herunter.<\/p>\n\n    <\/div>\n\t\t<div class=\"flex flex-wrap gap-4 md:gap-6 \">\n\t\t\t\t\t\t\n\t<a href=\"https:\/\/axabikesecurity.com\/de\/wp-content\/uploads\/sites\/17\/2024\/07\/Informationen_Verpackung_DE.pdf\" class=\"btn  btn--solid flex-row-reverse\" target=\"_blank\">\n\t\t\t\t\t\t\t        <div class=\"h-6 w-6 text-[24px] color: var(--wp--preset--color--font); flex justify-center items-center text-white\">\n        <span class=\"material-symbols-rounded\">open_in_new<\/span>\n    <\/div>\n\t\t\t\tDownload Verpackung Informationen\n\t<\/a>\n\t\t\t<\/div>\n\n<\/div>\n\t\t<\/div>\n\n\t<\/div>\n<\/section>\n","protected":false},"excerpt":{"rendered":"","protected":false},"author":20,"featured_media":0,"parent":0,"menu_order":0,"comment_status":"closed","ping_status":"closed","template":"","meta":{"_acf_changed":false,"_trash_the_other_posts":false,"footnotes":""},"class_list":["post-16531","page","type-page","status-publish","hentry"],"acf":[],"yoast_head":"<!-- This site is optimized with the Yoast SEO plugin v27.4 - https:\/\/yoast.com\/product\/yoast-seo-wordpress\/ -->\n<title>Landing page - Recyclinginformationen | AXA Bike Security \ud83c\udde9\ud83c\uddea<\/title>\n<meta name=\"description\" content=\"Auf unseren Verpackungen finden Sie verschiedene Symbole, Icons, Texte und Erkl\u00e4rungen zur Verpackung. Lesen Sie hier die Erkl\u00e4rungen.\" \/>\n<meta name=\"robots\" content=\"index, follow, max-snippet:-1, max-image-preview:large, max-video-preview:-1\" \/>\n<link rel=\"canonical\" href=\"https:\/\/axabikesecurity.com\/de\/landing-page-recyclingsinfo-verpakkingen\/\" \/>\n<meta property=\"og:locale\" content=\"en_US\" \/>\n<meta property=\"og:type\" content=\"article\" \/>\n<meta property=\"og:title\" content=\"Landing page - Recyclinginformationen | AXA Bike Security \ud83c\udde9\ud83c\uddea\" \/>\n<meta property=\"og:description\" content=\"Auf unseren Verpackungen finden Sie verschiedene Symbole, Icons, Texte und Erkl\u00e4rungen zur Verpackung. Lesen Sie hier die Erkl\u00e4rungen.\" \/>\n<meta property=\"og:url\" content=\"https:\/\/axabikesecurity.com\/de\/landing-page-recyclingsinfo-verpakkingen\/\" \/>\n<meta property=\"og:site_name\" content=\"AXA Bike Security \ud83c\udde9\ud83c\uddea\" \/>\n<meta property=\"article:modified_time\" content=\"2024-07-16T14:51:39+00:00\" \/>\n<meta name=\"twitter:card\" content=\"summary_large_image\" \/>\n<script type=\"application\/ld+json\" class=\"yoast-schema-graph\">{\"@context\":\"https:\\\/\\\/schema.org\",\"@graph\":[{\"@type\":\"WebPage\",\"@id\":\"https:\\\/\\\/axabikesecurity.com\\\/de\\\/landing-page-recyclingsinfo-verpakkingen\\\/\",\"url\":\"https:\\\/\\\/axabikesecurity.com\\\/de\\\/landing-page-recyclingsinfo-verpakkingen\\\/\",\"name\":\"Landing page - Recyclinginformationen | AXA Bike Security \ud83c\udde9\ud83c\uddea\",\"isPartOf\":{\"@id\":\"https:\\\/\\\/axabikesecurity.com\\\/de\\\/#website\"},\"datePublished\":\"2024-04-24T13:12:08+00:00\",\"dateModified\":\"2024-07-16T14:51:39+00:00\",\"description\":\"Auf unseren Verpackungen finden Sie verschiedene Symbole, Icons, Texte und Erkl\u00e4rungen zur Verpackung. Lesen Sie hier die Erkl\u00e4rungen.\",\"breadcrumb\":{\"@id\":\"https:\\\/\\\/axabikesecurity.com\\\/de\\\/landing-page-recyclingsinfo-verpakkingen\\\/#breadcrumb\"},\"inLanguage\":\"en-US\",\"potentialAction\":[{\"@type\":\"ReadAction\",\"target\":[\"https:\\\/\\\/axabikesecurity.com\\\/de\\\/landing-page-recyclingsinfo-verpakkingen\\\/\"]}]},{\"@type\":\"BreadcrumbList\",\"@id\":\"https:\\\/\\\/axabikesecurity.com\\\/de\\\/landing-page-recyclingsinfo-verpakkingen\\\/#breadcrumb\",\"itemListElement\":[{\"@type\":\"ListItem\",\"position\":1,\"name\":\"house\",\"item\":\"https:\\\/\\\/axabikesecurity.com\\\/de\\\/\"},{\"@type\":\"ListItem\",\"position\":2,\"name\":\"Landing page &#8211; Recyclinginformationen\"}]},{\"@type\":\"WebSite\",\"@id\":\"https:\\\/\\\/axabikesecurity.com\\\/de\\\/#website\",\"url\":\"https:\\\/\\\/axabikesecurity.com\\\/de\\\/\",\"name\":\"AXA Bike\",\"description\":\"\",\"potentialAction\":[{\"@type\":\"SearchAction\",\"target\":{\"@type\":\"EntryPoint\",\"urlTemplate\":\"https:\\\/\\\/axabikesecurity.com\\\/de\\\/?s={search_term_string}\"},\"query-input\":{\"@type\":\"PropertyValueSpecification\",\"valueRequired\":true,\"valueName\":\"search_term_string\"}}],\"inLanguage\":\"en-US\"}]}<\/script>\n<!-- \/ Yoast SEO plugin. -->","yoast_head_json":{"title":"Landing page - Recyclinginformationen | AXA Bike Security \ud83c\udde9\ud83c\uddea","description":"Auf unseren Verpackungen finden Sie verschiedene Symbole, Icons, Texte und Erkl\u00e4rungen zur Verpackung. Lesen Sie hier die Erkl\u00e4rungen.","robots":{"index":"index","follow":"follow","max-snippet":"max-snippet:-1","max-image-preview":"max-image-preview:large","max-video-preview":"max-video-preview:-1"},"canonical":"https:\/\/axabikesecurity.com\/de\/landing-page-recyclingsinfo-verpakkingen\/","og_locale":"en_US","og_type":"article","og_title":"Landing page - Recyclinginformationen | AXA Bike Security \ud83c\udde9\ud83c\uddea","og_description":"Auf unseren Verpackungen finden Sie verschiedene Symbole, Icons, Texte und Erkl\u00e4rungen zur Verpackung. Lesen Sie hier die Erkl\u00e4rungen.","og_url":"https:\/\/axabikesecurity.com\/de\/landing-page-recyclingsinfo-verpakkingen\/","og_site_name":"AXA Bike Security \ud83c\udde9\ud83c\uddea","article_modified_time":"2024-07-16T14:51:39+00:00","twitter_card":"summary_large_image","schema":{"@context":"https:\/\/schema.org","@graph":[{"@type":"WebPage","@id":"https:\/\/axabikesecurity.com\/de\/landing-page-recyclingsinfo-verpakkingen\/","url":"https:\/\/axabikesecurity.com\/de\/landing-page-recyclingsinfo-verpakkingen\/","name":"Landing page - Recyclinginformationen | AXA Bike Security \ud83c\udde9\ud83c\uddea","isPartOf":{"@id":"https:\/\/axabikesecurity.com\/de\/#website"},"datePublished":"2024-04-24T13:12:08+00:00","dateModified":"2024-07-16T14:51:39+00:00","description":"Auf unseren Verpackungen finden Sie verschiedene Symbole, Icons, Texte und Erkl\u00e4rungen zur Verpackung. Lesen Sie hier die Erkl\u00e4rungen.","breadcrumb":{"@id":"https:\/\/axabikesecurity.com\/de\/landing-page-recyclingsinfo-verpakkingen\/#breadcrumb"},"inLanguage":"en-US","potentialAction":[{"@type":"ReadAction","target":["https:\/\/axabikesecurity.com\/de\/landing-page-recyclingsinfo-verpakkingen\/"]}]},{"@type":"BreadcrumbList","@id":"https:\/\/axabikesecurity.com\/de\/landing-page-recyclingsinfo-verpakkingen\/#breadcrumb","itemListElement":[{"@type":"ListItem","position":1,"name":"house","item":"https:\/\/axabikesecurity.com\/de\/"},{"@type":"ListItem","position":2,"name":"Landing page &#8211; Recyclinginformationen"}]},{"@type":"WebSite","@id":"https:\/\/axabikesecurity.com\/de\/#website","url":"https:\/\/axabikesecurity.com\/de\/","name":"AXA Bike","description":"","potentialAction":[{"@type":"SearchAction","target":{"@type":"EntryPoint","urlTemplate":"https:\/\/axabikesecurity.com\/de\/?s={search_term_string}"},"query-input":{"@type":"PropertyValueSpecification","valueRequired":true,"valueName":"search_term_string"}}],"inLanguage":"en-US"}]}},"jetpack_sharing_enabled":true,"_links":{"self":[{"href":"https:\/\/axabikesecurity.com\/de\/wp-json\/wp\/v2\/pages\/16531","targetHints":{"allow":["GET"]}}],"collection":[{"href":"https:\/\/axabikesecurity.com\/de\/wp-json\/wp\/v2\/pages"}],"about":[{"href":"https:\/\/axabikesecurity.com\/de\/wp-json\/wp\/v2\/types\/page"}],"author":[{"embeddable":true,"href":"https:\/\/axabikesecurity.com\/de\/wp-json\/wp\/v2\/users\/20"}],"replies":[{"embeddable":true,"href":"https:\/\/axabikesecurity.com\/de\/wp-json\/wp\/v2\/comments?post=16531"}],"version-history":[{"count":28,"href":"https:\/\/axabikesecurity.com\/de\/wp-json\/wp\/v2\/pages\/16531\/revisions"}],"predecessor-version":[{"id":17104,"href":"https:\/\/axabikesecurity.com\/de\/wp-json\/wp\/v2\/pages\/16531\/revisions\/17104"}],"wp:attachment":[{"href":"https:\/\/axabikesecurity.com\/de\/wp-json\/wp\/v2\/media?parent=16531"}],"curies":[{"name":"wp","href":"https:\/\/api.w.org\/{rel}","templated":true}]}}