{"id":16659,"date":"2024-04-24T11:54:45","date_gmt":"2024-04-24T11:54:45","guid":{"rendered":"https:\/\/axabikesecurity.com\/nl\/?page_id=16659"},"modified":"2024-08-28T07:14:10","modified_gmt":"2024-08-28T07:14:10","slug":"licht-selector","status":"publish","type":"page","link":"https:\/\/axabikesecurity.com\/de\/licht-selector\/","title":{"rendered":"Beleuchtungsauswahl"},"content":{"rendered":"<section id=\"\" class=\"relative after:w-full after:h-full after:top-0 after:left-0 after:bg-[rgba(0,0,0,0.35)] after:absolute   !pt-[96px] is-layout-flex wp-block-acf-hero-is-layout-flex\" style=\"padding-top:16px; padding-bottom:136px; color: var(--wp--preset--color--font); \">\n\n\t\t\t\t<img loading=\"lazy\" decoding=\"async\" width=\"2048\" height=\"1365\" src=\"https:\/\/axabikesecurity.com\/de\/wp-content\/uploads\/sites\/17\/2024\/04\/2023-Utrecht-AXA-Dwn-Nxt-Sfeer_03-1.jpg?w=2048\" class=\"w-full h-full absolute top-0 left-0 object-cover \" alt=\"\" srcset=\"https:\/\/axabikesecurity.com\/de\/wp-content\/uploads\/sites\/17\/2024\/04\/2023-Utrecht-AXA-Dwn-Nxt-Sfeer_03-1.jpg 8256w, https:\/\/axabikesecurity.com\/de\/wp-content\/uploads\/sites\/17\/2024\/04\/2023-Utrecht-AXA-Dwn-Nxt-Sfeer_03-1.jpg?resize=512,341 512w, https:\/\/axabikesecurity.com\/de\/wp-content\/uploads\/sites\/17\/2024\/04\/2023-Utrecht-AXA-Dwn-Nxt-Sfeer_03-1.jpg?resize=768,512 768w, https:\/\/axabikesecurity.com\/de\/wp-content\/uploads\/sites\/17\/2024\/04\/2023-Utrecht-AXA-Dwn-Nxt-Sfeer_03-1.jpg?resize=2048,1365 2048w, https:\/\/axabikesecurity.com\/de\/wp-content\/uploads\/sites\/17\/2024\/04\/2023-Utrecht-AXA-Dwn-Nxt-Sfeer_03-1.jpg?resize=1536,1024 1536w, https:\/\/axabikesecurity.com\/de\/wp-content\/uploads\/sites\/17\/2024\/04\/2023-Utrecht-AXA-Dwn-Nxt-Sfeer_03-1.jpg?resize=1215,810 1215w, https:\/\/axabikesecurity.com\/de\/wp-content\/uploads\/sites\/17\/2024\/04\/2023-Utrecht-AXA-Dwn-Nxt-Sfeer_03-1.jpg?resize=600,400 600w\" sizes=\"auto, (max-width: 2048px) 100vw, 2048px\" data-ot-ignore=\"\" \/>\n\t\n\t\n\t<div class=\"relative container z-10\">\n\n\t\t<div class=\"relative w-full lg:w-6\/12\">\n\t\t\t<div class=\"content text-white    \">\n\t\t\t\t    <h1 class=\"\">Beleuchtungsauswahl<\/h1>\n\t\t    <div class=\"text-white\">\n        <p>Finde die richtige Beleuchtung f\u00fcr dich!<\/p>\n<p>Wir helfen dir bei der Auswahl der besten Beleuchtung f\u00fcr dein Fahrrad und deine Umgebung. Egal, ob du h\u00e4ufig in der Stadt oder in einer weniger belebten Gegend f\u00e4hrst. Egal, ob du stolzer Besitzer eines Elektrofahrrads, eines Lastenrads, eines Speed Pedelecs oder eines normalen City- oder Kinderfahrrads bist: AXA hat immer die passende Fahrradbeleuchtung f\u00fcr deine Bed\u00fcrfnisse.<\/p>\n<h2>Folge den unten stehenden Schritten und finde die Beleuchtung, die zu dir passt.<\/h2>\n\n    <\/div>\n\t<\/div>\n\t\t<\/div>\n\n\t<\/div>\n<\/section>\n","protected":false},"excerpt":{"rendered":"","protected":false},"author":17,"featured_media":0,"parent":0,"menu_order":0,"comment_status":"closed","ping_status":"closed","template":"lightselector.php","meta":{"_acf_changed":false,"_trash_the_other_posts":false,"footnotes":""},"class_list":["post-16659","page","type-page","status-publish","hentry"],"acf":[],"yoast_head":"<!-- This site is optimized with the Yoast SEO plugin v27.1.1 - https:\/\/yoast.com\/product\/yoast-seo-wordpress\/ -->\n<title>Beleuchtungsauswahl | AXA Bike Security \ud83c\udde9\ud83c\uddea<\/title>\n<meta name=\"description\" content=\"Wir helfen Ihnen bei der Auswahl der besten Beleuchtung f\u00fcr Ihr Fahrrad und Ihre Umgebung. Finden Sie die Beleuchtung, die zu Ihnen passt.\" \/>\n<meta name=\"robots\" content=\"index, follow, max-snippet:-1, max-image-preview:large, max-video-preview:-1\" \/>\n<link rel=\"canonical\" href=\"https:\/\/axabikesecurity.com\/de\/licht-selector\/\" \/>\n<meta property=\"og:locale\" content=\"en_US\" \/>\n<meta property=\"og:type\" content=\"article\" \/>\n<meta property=\"og:title\" content=\"Beleuchtungsauswahl | AXA Bike Security \ud83c\udde9\ud83c\uddea\" \/>\n<meta property=\"og:description\" content=\"Wir helfen Ihnen bei der Auswahl der besten Beleuchtung f\u00fcr Ihr Fahrrad und Ihre Umgebung. Finden Sie die Beleuchtung, die zu Ihnen passt.\" \/>\n<meta property=\"og:url\" content=\"https:\/\/axabikesecurity.com\/de\/licht-selector\/\" \/>\n<meta property=\"og:site_name\" content=\"AXA Bike Security \ud83c\udde9\ud83c\uddea\" \/>\n<meta property=\"article:modified_time\" content=\"2024-08-28T07:14:10+00:00\" \/>\n<meta name=\"twitter:card\" content=\"summary_large_image\" \/>\n<script type=\"application\/ld+json\" class=\"yoast-schema-graph\">{\"@context\":\"https:\/\/schema.org\",\"@graph\":[{\"@type\":\"WebPage\",\"@id\":\"https:\/\/axabikesecurity.com\/de\/licht-selector\/\",\"url\":\"https:\/\/axabikesecurity.com\/de\/licht-selector\/\",\"name\":\"Beleuchtungsauswahl | AXA Bike Security \ud83c\udde9\ud83c\uddea\",\"isPartOf\":{\"@id\":\"https:\/\/axabikesecurity.com\/de\/#website\"},\"datePublished\":\"2024-04-24T11:54:45+00:00\",\"dateModified\":\"2024-08-28T07:14:10+00:00\",\"description\":\"Wir helfen Ihnen bei der Auswahl der besten Beleuchtung f\u00fcr Ihr Fahrrad und Ihre Umgebung. Finden Sie die Beleuchtung, die zu Ihnen passt.\",\"breadcrumb\":{\"@id\":\"https:\/\/axabikesecurity.com\/de\/licht-selector\/#breadcrumb\"},\"inLanguage\":\"en-US\",\"potentialAction\":[{\"@type\":\"ReadAction\",\"target\":[\"https:\/\/axabikesecurity.com\/de\/licht-selector\/\"]}]},{\"@type\":\"BreadcrumbList\",\"@id\":\"https:\/\/axabikesecurity.com\/de\/licht-selector\/#breadcrumb\",\"itemListElement\":[{\"@type\":\"ListItem\",\"position\":1,\"name\":\"house\",\"item\":\"https:\/\/axabikesecurity.com\/de\/\"},{\"@type\":\"ListItem\",\"position\":2,\"name\":\"Beleuchtungsauswahl\"}]},{\"@type\":\"WebSite\",\"@id\":\"https:\/\/axabikesecurity.com\/de\/#website\",\"url\":\"https:\/\/axabikesecurity.com\/de\/\",\"name\":\"AXA Bike\",\"description\":\"\",\"potentialAction\":[{\"@type\":\"SearchAction\",\"target\":{\"@type\":\"EntryPoint\",\"urlTemplate\":\"https:\/\/axabikesecurity.com\/de\/?s={search_term_string}\"},\"query-input\":{\"@type\":\"PropertyValueSpecification\",\"valueRequired\":true,\"valueName\":\"search_term_string\"}}],\"inLanguage\":\"en-US\"}]}<\/script>\n<!-- \/ Yoast SEO plugin. -->","yoast_head_json":{"title":"Beleuchtungsauswahl | AXA Bike Security \ud83c\udde9\ud83c\uddea","description":"Wir helfen Ihnen bei der Auswahl der besten Beleuchtung f\u00fcr Ihr Fahrrad und Ihre Umgebung. Finden Sie die Beleuchtung, die zu Ihnen passt.","robots":{"index":"index","follow":"follow","max-snippet":"max-snippet:-1","max-image-preview":"max-image-preview:large","max-video-preview":"max-video-preview:-1"},"canonical":"https:\/\/axabikesecurity.com\/de\/licht-selector\/","og_locale":"en_US","og_type":"article","og_title":"Beleuchtungsauswahl | AXA Bike Security \ud83c\udde9\ud83c\uddea","og_description":"Wir helfen Ihnen bei der Auswahl der besten Beleuchtung f\u00fcr Ihr Fahrrad und Ihre Umgebung. Finden Sie die Beleuchtung, die zu Ihnen passt.","og_url":"https:\/\/axabikesecurity.com\/de\/licht-selector\/","og_site_name":"AXA Bike Security \ud83c\udde9\ud83c\uddea","article_modified_time":"2024-08-28T07:14:10+00:00","twitter_card":"summary_large_image","schema":{"@context":"https:\/\/schema.org","@graph":[{"@type":"WebPage","@id":"https:\/\/axabikesecurity.com\/de\/licht-selector\/","url":"https:\/\/axabikesecurity.com\/de\/licht-selector\/","name":"Beleuchtungsauswahl | AXA Bike Security \ud83c\udde9\ud83c\uddea","isPartOf":{"@id":"https:\/\/axabikesecurity.com\/de\/#website"},"datePublished":"2024-04-24T11:54:45+00:00","dateModified":"2024-08-28T07:14:10+00:00","description":"Wir helfen Ihnen bei der Auswahl der besten Beleuchtung f\u00fcr Ihr Fahrrad und Ihre Umgebung. Finden Sie die Beleuchtung, die zu Ihnen passt.","breadcrumb":{"@id":"https:\/\/axabikesecurity.com\/de\/licht-selector\/#breadcrumb"},"inLanguage":"en-US","potentialAction":[{"@type":"ReadAction","target":["https:\/\/axabikesecurity.com\/de\/licht-selector\/"]}]},{"@type":"BreadcrumbList","@id":"https:\/\/axabikesecurity.com\/de\/licht-selector\/#breadcrumb","itemListElement":[{"@type":"ListItem","position":1,"name":"house","item":"https:\/\/axabikesecurity.com\/de\/"},{"@type":"ListItem","position":2,"name":"Beleuchtungsauswahl"}]},{"@type":"WebSite","@id":"https:\/\/axabikesecurity.com\/de\/#website","url":"https:\/\/axabikesecurity.com\/de\/","name":"AXA Bike","description":"","potentialAction":[{"@type":"SearchAction","target":{"@type":"EntryPoint","urlTemplate":"https:\/\/axabikesecurity.com\/de\/?s={search_term_string}"},"query-input":{"@type":"PropertyValueSpecification","valueRequired":true,"valueName":"search_term_string"}}],"inLanguage":"en-US"}]}},"jetpack_sharing_enabled":true,"_links":{"self":[{"href":"https:\/\/axabikesecurity.com\/de\/wp-json\/wp\/v2\/pages\/16659","targetHints":{"allow":["GET"]}}],"collection":[{"href":"https:\/\/axabikesecurity.com\/de\/wp-json\/wp\/v2\/pages"}],"about":[{"href":"https:\/\/axabikesecurity.com\/de\/wp-json\/wp\/v2\/types\/page"}],"author":[{"embeddable":true,"href":"https:\/\/axabikesecurity.com\/de\/wp-json\/wp\/v2\/users\/17"}],"replies":[{"embeddable":true,"href":"https:\/\/axabikesecurity.com\/de\/wp-json\/wp\/v2\/comments?post=16659"}],"version-history":[{"count":25,"href":"https:\/\/axabikesecurity.com\/de\/wp-json\/wp\/v2\/pages\/16659\/revisions"}],"predecessor-version":[{"id":20328,"href":"https:\/\/axabikesecurity.com\/de\/wp-json\/wp\/v2\/pages\/16659\/revisions\/20328"}],"wp:attachment":[{"href":"https:\/\/axabikesecurity.com\/de\/wp-json\/wp\/v2\/media?parent=16659"}],"curies":[{"name":"wp","href":"https:\/\/api.w.org\/{rel}","templated":true}]}}