{"id":16779,"date":"2024-04-24T13:23:35","date_gmt":"2024-04-24T13:23:35","guid":{"rendered":"https:\/\/axabikesecurity.com\/nl\/?page_id=16779"},"modified":"2024-04-30T08:01:31","modified_gmt":"2024-04-30T08:01:31","slug":"over-ons","status":"publish","type":"page","link":"https:\/\/axabikesecurity.com\/de\/over-ons\/","title":{"rendered":"\u00dcber uns"},"content":{"rendered":"","protected":false},"excerpt":{"rendered":"","protected":false},"author":17,"featured_media":0,"parent":0,"menu_order":0,"comment_status":"closed","ping_status":"closed","template":"","meta":{"_acf_changed":false,"_trash_the_other_posts":false,"footnotes":""},"class_list":["post-16779","page","type-page","status-publish","hentry"],"acf":[],"yoast_head":"<!-- This site is optimized with the Yoast SEO plugin v27.4 - https:\/\/yoast.com\/product\/yoast-seo-wordpress\/ -->\n<title>\u00dcber uns | AXA Bike Security \ud83c\udde9\ud83c\uddea<\/title>\n<meta name=\"description\" content=\"Erfahren Sie mehr \u00fcber \u00dcber uns bei AXA Bike. Entdecken Sie unsere hochwertigen Fahrradlichter und Schl\u00f6sser und finden Sie n\u00fctzliche Informationen zu \u00dcber uns.\" \/>\n<meta name=\"robots\" content=\"index, follow, max-snippet:-1, max-image-preview:large, max-video-preview:-1\" \/>\n<link rel=\"canonical\" href=\"https:\/\/axabikesecurity.com\/de\/over-ons\/\" \/>\n<meta property=\"og:locale\" content=\"en_US\" \/>\n<meta property=\"og:type\" content=\"article\" \/>\n<meta property=\"og:title\" content=\"\u00dcber uns | AXA Bike Security \ud83c\udde9\ud83c\uddea\" \/>\n<meta property=\"og:description\" content=\"Erfahren Sie mehr \u00fcber \u00dcber uns bei AXA Bike. Entdecken Sie unsere hochwertigen Fahrradlichter und Schl\u00f6sser und finden Sie n\u00fctzliche Informationen zu \u00dcber uns.\" \/>\n<meta property=\"og:url\" content=\"https:\/\/axabikesecurity.com\/de\/over-ons\/\" \/>\n<meta property=\"og:site_name\" content=\"AXA Bike Security \ud83c\udde9\ud83c\uddea\" \/>\n<meta property=\"article:modified_time\" content=\"2024-04-30T08:01:31+00:00\" \/>\n<meta name=\"twitter:card\" content=\"summary_large_image\" \/>\n<script type=\"application\/ld+json\" class=\"yoast-schema-graph\">{\"@context\":\"https:\\\/\\\/schema.org\",\"@graph\":[{\"@type\":\"WebPage\",\"@id\":\"https:\\\/\\\/axabikesecurity.com\\\/de\\\/over-ons\\\/\",\"url\":\"https:\\\/\\\/axabikesecurity.com\\\/de\\\/over-ons\\\/\",\"name\":\"\u00dcber uns | AXA Bike Security \ud83c\udde9\ud83c\uddea\",\"isPartOf\":{\"@id\":\"https:\\\/\\\/axabikesecurity.com\\\/de\\\/#website\"},\"datePublished\":\"2024-04-24T13:23:35+00:00\",\"dateModified\":\"2024-04-30T08:01:31+00:00\",\"description\":\"Erfahren Sie mehr \u00fcber \u00dcber uns bei AXA Bike. Entdecken Sie unsere hochwertigen Fahrradlichter und Schl\u00f6sser und finden Sie n\u00fctzliche Informationen zu \u00dcber uns.\",\"breadcrumb\":{\"@id\":\"https:\\\/\\\/axabikesecurity.com\\\/de\\\/over-ons\\\/#breadcrumb\"},\"inLanguage\":\"en-US\",\"potentialAction\":[{\"@type\":\"ReadAction\",\"target\":[\"https:\\\/\\\/axabikesecurity.com\\\/de\\\/over-ons\\\/\"]}]},{\"@type\":\"BreadcrumbList\",\"@id\":\"https:\\\/\\\/axabikesecurity.com\\\/de\\\/over-ons\\\/#breadcrumb\",\"itemListElement\":[{\"@type\":\"ListItem\",\"position\":1,\"name\":\"house\",\"item\":\"https:\\\/\\\/axabikesecurity.com\\\/de\\\/\"},{\"@type\":\"ListItem\",\"position\":2,\"name\":\"\u00dcber uns\"}]},{\"@type\":\"WebSite\",\"@id\":\"https:\\\/\\\/axabikesecurity.com\\\/de\\\/#website\",\"url\":\"https:\\\/\\\/axabikesecurity.com\\\/de\\\/\",\"name\":\"AXA Bike\",\"description\":\"\",\"potentialAction\":[{\"@type\":\"SearchAction\",\"target\":{\"@type\":\"EntryPoint\",\"urlTemplate\":\"https:\\\/\\\/axabikesecurity.com\\\/de\\\/?s={search_term_string}\"},\"query-input\":{\"@type\":\"PropertyValueSpecification\",\"valueRequired\":true,\"valueName\":\"search_term_string\"}}],\"inLanguage\":\"en-US\"}]}<\/script>\n<!-- \/ Yoast SEO plugin. -->","yoast_head_json":{"title":"\u00dcber uns | AXA Bike Security \ud83c\udde9\ud83c\uddea","description":"Erfahren Sie mehr \u00fcber \u00dcber uns bei AXA Bike. Entdecken Sie unsere hochwertigen Fahrradlichter und Schl\u00f6sser und finden Sie n\u00fctzliche Informationen zu \u00dcber uns.","robots":{"index":"index","follow":"follow","max-snippet":"max-snippet:-1","max-image-preview":"max-image-preview:large","max-video-preview":"max-video-preview:-1"},"canonical":"https:\/\/axabikesecurity.com\/de\/over-ons\/","og_locale":"en_US","og_type":"article","og_title":"\u00dcber uns | AXA Bike Security \ud83c\udde9\ud83c\uddea","og_description":"Erfahren Sie mehr \u00fcber \u00dcber uns bei AXA Bike. Entdecken Sie unsere hochwertigen Fahrradlichter und Schl\u00f6sser und finden Sie n\u00fctzliche Informationen zu \u00dcber uns.","og_url":"https:\/\/axabikesecurity.com\/de\/over-ons\/","og_site_name":"AXA Bike Security \ud83c\udde9\ud83c\uddea","article_modified_time":"2024-04-30T08:01:31+00:00","twitter_card":"summary_large_image","schema":{"@context":"https:\/\/schema.org","@graph":[{"@type":"WebPage","@id":"https:\/\/axabikesecurity.com\/de\/over-ons\/","url":"https:\/\/axabikesecurity.com\/de\/over-ons\/","name":"\u00dcber uns | AXA Bike Security \ud83c\udde9\ud83c\uddea","isPartOf":{"@id":"https:\/\/axabikesecurity.com\/de\/#website"},"datePublished":"2024-04-24T13:23:35+00:00","dateModified":"2024-04-30T08:01:31+00:00","description":"Erfahren Sie mehr \u00fcber \u00dcber uns bei AXA Bike. Entdecken Sie unsere hochwertigen Fahrradlichter und Schl\u00f6sser und finden Sie n\u00fctzliche Informationen zu \u00dcber uns.","breadcrumb":{"@id":"https:\/\/axabikesecurity.com\/de\/over-ons\/#breadcrumb"},"inLanguage":"en-US","potentialAction":[{"@type":"ReadAction","target":["https:\/\/axabikesecurity.com\/de\/over-ons\/"]}]},{"@type":"BreadcrumbList","@id":"https:\/\/axabikesecurity.com\/de\/over-ons\/#breadcrumb","itemListElement":[{"@type":"ListItem","position":1,"name":"house","item":"https:\/\/axabikesecurity.com\/de\/"},{"@type":"ListItem","position":2,"name":"\u00dcber uns"}]},{"@type":"WebSite","@id":"https:\/\/axabikesecurity.com\/de\/#website","url":"https:\/\/axabikesecurity.com\/de\/","name":"AXA Bike","description":"","potentialAction":[{"@type":"SearchAction","target":{"@type":"EntryPoint","urlTemplate":"https:\/\/axabikesecurity.com\/de\/?s={search_term_string}"},"query-input":{"@type":"PropertyValueSpecification","valueRequired":true,"valueName":"search_term_string"}}],"inLanguage":"en-US"}]}},"jetpack_sharing_enabled":true,"_links":{"self":[{"href":"https:\/\/axabikesecurity.com\/de\/wp-json\/wp\/v2\/pages\/16779","targetHints":{"allow":["GET"]}}],"collection":[{"href":"https:\/\/axabikesecurity.com\/de\/wp-json\/wp\/v2\/pages"}],"about":[{"href":"https:\/\/axabikesecurity.com\/de\/wp-json\/wp\/v2\/types\/page"}],"author":[{"embeddable":true,"href":"https:\/\/axabikesecurity.com\/de\/wp-json\/wp\/v2\/users\/17"}],"replies":[{"embeddable":true,"href":"https:\/\/axabikesecurity.com\/de\/wp-json\/wp\/v2\/comments?post=16779"}],"version-history":[{"count":2,"href":"https:\/\/axabikesecurity.com\/de\/wp-json\/wp\/v2\/pages\/16779\/revisions"}],"predecessor-version":[{"id":17001,"href":"https:\/\/axabikesecurity.com\/de\/wp-json\/wp\/v2\/pages\/16779\/revisions\/17001"}],"wp:attachment":[{"href":"https:\/\/axabikesecurity.com\/de\/wp-json\/wp\/v2\/media?parent=16779"}],"curies":[{"name":"wp","href":"https:\/\/api.w.org\/{rel}","templated":true}]}}