{"id":17080,"date":"2024-07-12T08:06:04","date_gmt":"2024-07-12T08:06:04","guid":{"rendered":"https:\/\/axabikesecurity.com\/de\/?page_id=17080"},"modified":"2024-07-12T08:06:05","modified_gmt":"2024-07-12T08:06:05","slug":"informationen-licht","status":"publish","type":"page","link":"https:\/\/axabikesecurity.com\/de\/informationen-licht\/","title":{"rendered":"Informationen &#8211; Licht"},"content":{"rendered":"","protected":false},"excerpt":{"rendered":"","protected":false},"author":17,"featured_media":0,"parent":0,"menu_order":0,"comment_status":"closed","ping_status":"closed","template":"","meta":{"_acf_changed":false,"_trash_the_other_posts":false,"footnotes":""},"class_list":["post-17080","page","type-page","status-publish","hentry"],"acf":[],"yoast_head":"<!-- This site is optimized with the Yoast SEO plugin v27.4 - https:\/\/yoast.com\/product\/yoast-seo-wordpress\/ -->\n<title>Informationen - Licht | AXA Bike Security \ud83c\udde9\ud83c\uddea<\/title>\n<meta name=\"description\" content=\"Erfahren Sie mehr \u00fcber Informationen - Licht bei AXA Bike. Entdecken Sie unsere hochwertigen Fahrradlichter und Schl\u00f6sser und finden Sie n\u00fctzliche Informationen zu Informationen - Licht.\" \/>\n<meta name=\"robots\" content=\"index, follow, max-snippet:-1, max-image-preview:large, max-video-preview:-1\" \/>\n<link rel=\"canonical\" href=\"https:\/\/axabikesecurity.com\/de\/informationen-licht\/\" \/>\n<meta property=\"og:locale\" content=\"en_US\" \/>\n<meta property=\"og:type\" content=\"article\" \/>\n<meta property=\"og:title\" content=\"Informationen - Licht | AXA Bike Security \ud83c\udde9\ud83c\uddea\" \/>\n<meta property=\"og:description\" content=\"Erfahren Sie mehr \u00fcber Informationen - Licht bei AXA Bike. Entdecken Sie unsere hochwertigen Fahrradlichter und Schl\u00f6sser und finden Sie n\u00fctzliche Informationen zu Informationen - Licht.\" \/>\n<meta property=\"og:url\" content=\"https:\/\/axabikesecurity.com\/de\/informationen-licht\/\" \/>\n<meta property=\"og:site_name\" content=\"AXA Bike Security \ud83c\udde9\ud83c\uddea\" \/>\n<meta property=\"article:modified_time\" content=\"2024-07-12T08:06:05+00:00\" \/>\n<meta name=\"twitter:card\" content=\"summary_large_image\" \/>\n<script type=\"application\/ld+json\" class=\"yoast-schema-graph\">{\"@context\":\"https:\\\/\\\/schema.org\",\"@graph\":[{\"@type\":\"WebPage\",\"@id\":\"https:\\\/\\\/axabikesecurity.com\\\/de\\\/informationen-licht\\\/\",\"url\":\"https:\\\/\\\/axabikesecurity.com\\\/de\\\/informationen-licht\\\/\",\"name\":\"Informationen - Licht | AXA Bike Security \ud83c\udde9\ud83c\uddea\",\"isPartOf\":{\"@id\":\"https:\\\/\\\/axabikesecurity.com\\\/de\\\/#website\"},\"datePublished\":\"2024-07-12T08:06:04+00:00\",\"dateModified\":\"2024-07-12T08:06:05+00:00\",\"description\":\"Erfahren Sie mehr \u00fcber Informationen - Licht bei AXA Bike. Entdecken Sie unsere hochwertigen Fahrradlichter und Schl\u00f6sser und finden Sie n\u00fctzliche Informationen zu Informationen - Licht.\",\"breadcrumb\":{\"@id\":\"https:\\\/\\\/axabikesecurity.com\\\/de\\\/informationen-licht\\\/#breadcrumb\"},\"inLanguage\":\"en-US\",\"potentialAction\":[{\"@type\":\"ReadAction\",\"target\":[\"https:\\\/\\\/axabikesecurity.com\\\/de\\\/informationen-licht\\\/\"]}]},{\"@type\":\"BreadcrumbList\",\"@id\":\"https:\\\/\\\/axabikesecurity.com\\\/de\\\/informationen-licht\\\/#breadcrumb\",\"itemListElement\":[{\"@type\":\"ListItem\",\"position\":1,\"name\":\"house\",\"item\":\"https:\\\/\\\/axabikesecurity.com\\\/de\\\/\"},{\"@type\":\"ListItem\",\"position\":2,\"name\":\"Informationen &#8211; Licht\"}]},{\"@type\":\"WebSite\",\"@id\":\"https:\\\/\\\/axabikesecurity.com\\\/de\\\/#website\",\"url\":\"https:\\\/\\\/axabikesecurity.com\\\/de\\\/\",\"name\":\"AXA Bike\",\"description\":\"\",\"potentialAction\":[{\"@type\":\"SearchAction\",\"target\":{\"@type\":\"EntryPoint\",\"urlTemplate\":\"https:\\\/\\\/axabikesecurity.com\\\/de\\\/?s={search_term_string}\"},\"query-input\":{\"@type\":\"PropertyValueSpecification\",\"valueRequired\":true,\"valueName\":\"search_term_string\"}}],\"inLanguage\":\"en-US\"}]}<\/script>\n<!-- \/ Yoast SEO plugin. -->","yoast_head_json":{"title":"Informationen - Licht | AXA Bike Security \ud83c\udde9\ud83c\uddea","description":"Erfahren Sie mehr \u00fcber Informationen - Licht bei AXA Bike. Entdecken Sie unsere hochwertigen Fahrradlichter und Schl\u00f6sser und finden Sie n\u00fctzliche Informationen zu Informationen - Licht.","robots":{"index":"index","follow":"follow","max-snippet":"max-snippet:-1","max-image-preview":"max-image-preview:large","max-video-preview":"max-video-preview:-1"},"canonical":"https:\/\/axabikesecurity.com\/de\/informationen-licht\/","og_locale":"en_US","og_type":"article","og_title":"Informationen - Licht | AXA Bike Security \ud83c\udde9\ud83c\uddea","og_description":"Erfahren Sie mehr \u00fcber Informationen - Licht bei AXA Bike. Entdecken Sie unsere hochwertigen Fahrradlichter und Schl\u00f6sser und finden Sie n\u00fctzliche Informationen zu Informationen - Licht.","og_url":"https:\/\/axabikesecurity.com\/de\/informationen-licht\/","og_site_name":"AXA Bike Security \ud83c\udde9\ud83c\uddea","article_modified_time":"2024-07-12T08:06:05+00:00","twitter_card":"summary_large_image","schema":{"@context":"https:\/\/schema.org","@graph":[{"@type":"WebPage","@id":"https:\/\/axabikesecurity.com\/de\/informationen-licht\/","url":"https:\/\/axabikesecurity.com\/de\/informationen-licht\/","name":"Informationen - Licht | AXA Bike Security \ud83c\udde9\ud83c\uddea","isPartOf":{"@id":"https:\/\/axabikesecurity.com\/de\/#website"},"datePublished":"2024-07-12T08:06:04+00:00","dateModified":"2024-07-12T08:06:05+00:00","description":"Erfahren Sie mehr \u00fcber Informationen - Licht bei AXA Bike. Entdecken Sie unsere hochwertigen Fahrradlichter und Schl\u00f6sser und finden Sie n\u00fctzliche Informationen zu Informationen - Licht.","breadcrumb":{"@id":"https:\/\/axabikesecurity.com\/de\/informationen-licht\/#breadcrumb"},"inLanguage":"en-US","potentialAction":[{"@type":"ReadAction","target":["https:\/\/axabikesecurity.com\/de\/informationen-licht\/"]}]},{"@type":"BreadcrumbList","@id":"https:\/\/axabikesecurity.com\/de\/informationen-licht\/#breadcrumb","itemListElement":[{"@type":"ListItem","position":1,"name":"house","item":"https:\/\/axabikesecurity.com\/de\/"},{"@type":"ListItem","position":2,"name":"Informationen &#8211; Licht"}]},{"@type":"WebSite","@id":"https:\/\/axabikesecurity.com\/de\/#website","url":"https:\/\/axabikesecurity.com\/de\/","name":"AXA Bike","description":"","potentialAction":[{"@type":"SearchAction","target":{"@type":"EntryPoint","urlTemplate":"https:\/\/axabikesecurity.com\/de\/?s={search_term_string}"},"query-input":{"@type":"PropertyValueSpecification","valueRequired":true,"valueName":"search_term_string"}}],"inLanguage":"en-US"}]}},"jetpack_sharing_enabled":true,"_links":{"self":[{"href":"https:\/\/axabikesecurity.com\/de\/wp-json\/wp\/v2\/pages\/17080","targetHints":{"allow":["GET"]}}],"collection":[{"href":"https:\/\/axabikesecurity.com\/de\/wp-json\/wp\/v2\/pages"}],"about":[{"href":"https:\/\/axabikesecurity.com\/de\/wp-json\/wp\/v2\/types\/page"}],"author":[{"embeddable":true,"href":"https:\/\/axabikesecurity.com\/de\/wp-json\/wp\/v2\/users\/17"}],"replies":[{"embeddable":true,"href":"https:\/\/axabikesecurity.com\/de\/wp-json\/wp\/v2\/comments?post=17080"}],"version-history":[{"count":1,"href":"https:\/\/axabikesecurity.com\/de\/wp-json\/wp\/v2\/pages\/17080\/revisions"}],"predecessor-version":[{"id":17081,"href":"https:\/\/axabikesecurity.com\/de\/wp-json\/wp\/v2\/pages\/17080\/revisions\/17081"}],"wp:attachment":[{"href":"https:\/\/axabikesecurity.com\/de\/wp-json\/wp\/v2\/media?parent=17080"}],"curies":[{"name":"wp","href":"https:\/\/api.w.org\/{rel}","templated":true}]}}