{"id":17194,"date":"2024-08-02T09:03:42","date_gmt":"2024-08-02T09:03:42","guid":{"rendered":"https:\/\/axabikesecurity.com\/de\/?page_id=17194"},"modified":"2024-08-08T13:12:06","modified_gmt":"2024-08-08T13:12:06","slug":"datenschutzerklarung","status":"publish","type":"page","link":"https:\/\/axabikesecurity.com\/de\/datenschutzerklarung\/","title":{"rendered":"Datenschutzerkl\u00e4rung"},"content":{"rendered":"<section id=\"\" class=\"is-layout-flex wp-block-acf-custom-html-is-layout-flex\" style=\"padding-top:var(--wp--preset--spacing--80); padding-bottom:var(--wp--preset--spacing--80); color: var(--wp--preset--color--font); \">\n\t<div class=\"container\">\n\t\t<!-- Container in which the privacy notice will be rendered -->\r\n<div id=\"otnotice-eb5623a7-8bd2-4923-bed2-9c8fa5300289\" class=\"otnotice\"><\/div>\r\n<script src=\"https:\/\/privacyportal-cdn.onetrust.com\/privacy-notice-scripts\/otnotice-1.0.min.js\" type=\"text\/javascript\" charset=\"UTF-8\" id=\"otprivacy-notice-script\">\r\n      settings=\"eyJjYWxsYmFja1VybCI6Imh0dHBzOi8vYWxsZWdpb24tcHJpdmFjeS5teS5vbmV0cnVzdC5jb20vcmVxdWVzdC92MS9wcml2YWN5Tm90aWNlcy9zdGF0cy92aWV3cyJ9\"\r\n    <\/script>\r\n\r\n<script type=\"text\/javascript\" charset=\"UTF-8\">\r\n      \/\/ To ensure external settings are loaded, use the Initialized promise:\r\n      OneTrust.NoticeApi.Initialized.then(function() {\r\n        OneTrust.NoticeApi.LoadNotices([\"https:\/\/privacyportal-cdn.onetrust.com\/8b164882-ffc8-4155-8514-dc33976fd253\/privacy-notices\/eb5623a7-8bd2-4923-bed2-9c8fa5300289.json\"]);\r\n      });\r\n    <\/script>\n\t<\/div>\n<\/section>\n\n\n<section id=\"\" class=\"is-layout-flex wp-block-acf-custom-html-is-layout-flex\" style=\"padding-top:var(--wp--preset--spacing--80); padding-bottom:var(--wp--preset--spacing--80); color: var(--wp--preset--color--font); \">\n\t<div class=\"container\">\n\t\t<!-- OneTrust Exercise Rights start -->\r\n<style>\r\n    .ot-btn-anchor {\r\n        text-decoration: none;\r\n    }\r\n\r\n    .ot-exercise-button-light {\r\n        background: #eee;\r\n        border: 1px solid #aaa;\r\n    }\r\n\r\n    .ot-exercise-button-light {\r\n        margin-left: 44px;\r\n    }\r\n\r\n    .ot-exercise-button {\r\n        margin-top: 10px;\r\n        padding: 6px 10px;\r\n        border-radius: 5px;\r\n        cursor: pointer;\r\n    }\r\n\r\n    .ot-exercise-button img {\r\n        margin-right: 0px;\r\n        vertical-align: middle;\r\n    }\r\n\r\n    .ot-exercise-button .ot-text-container {\r\n        vertical-align: middle;\r\n        display: inline-block;\r\n        margin-top: -4px;\r\n        color: #6cc04a;\r\n        font-size:13px;\r\n    }\r\n\r\n<\/style>\r\n<a class=\"ot-btn-anchor\" href=\"https:\/\/allegion-privacy.my.onetrust.com\/webform\/8b164882-ffc8-4155-8514-dc33976fd253\/1d641348-c3fb-48f1-a1ee-bc89b06877a9\">\r\n    <button type=\"button\" class=\"ot-exercise-button ot-exercise-button-light\">\r\n                <span class=\"ot-text-container\">Submit DSR<\/span>\r\n    <\/button>\r\n<\/a>\r\n<!-- OneTrust Exercise Rights end -->\n\t<\/div>\n<\/section>\n","protected":false},"excerpt":{"rendered":"","protected":false},"author":9,"featured_media":0,"parent":0,"menu_order":0,"comment_status":"closed","ping_status":"closed","template":"","meta":{"_acf_changed":false,"_trash_the_other_posts":false,"footnotes":""},"class_list":["post-17194","page","type-page","status-publish","hentry"],"acf":[],"yoast_head":"<!-- This site is optimized with the Yoast SEO plugin v27.1.1 - https:\/\/yoast.com\/product\/yoast-seo-wordpress\/ -->\n<title>Datenschutzerkl\u00e4rung | AXA Bike Security \ud83c\udde9\ud83c\uddea<\/title>\n<meta name=\"description\" content=\"Erfahren Sie mehr \u00fcber Datenschutzerkl\u00e4rung bei AXA Bike. Entdecken Sie unsere hochwertigen Fahrradlichter und Schl\u00f6sser und finden Sie n\u00fctzliche Informationen zu Datenschutzerkl\u00e4rung.\" \/>\n<meta name=\"robots\" content=\"index, follow, max-snippet:-1, max-image-preview:large, max-video-preview:-1\" \/>\n<link rel=\"canonical\" href=\"https:\/\/axabikesecurity.com\/de\/datenschutzerklarung\/\" \/>\n<meta property=\"og:locale\" content=\"en_US\" \/>\n<meta property=\"og:type\" content=\"article\" \/>\n<meta property=\"og:title\" content=\"Datenschutzerkl\u00e4rung | AXA Bike Security \ud83c\udde9\ud83c\uddea\" \/>\n<meta property=\"og:description\" content=\"Erfahren Sie mehr \u00fcber Datenschutzerkl\u00e4rung bei AXA Bike. Entdecken Sie unsere hochwertigen Fahrradlichter und Schl\u00f6sser und finden Sie n\u00fctzliche Informationen zu Datenschutzerkl\u00e4rung.\" \/>\n<meta property=\"og:url\" content=\"https:\/\/axabikesecurity.com\/de\/datenschutzerklarung\/\" \/>\n<meta property=\"og:site_name\" content=\"AXA Bike Security \ud83c\udde9\ud83c\uddea\" \/>\n<meta property=\"article:modified_time\" content=\"2024-08-08T13:12:06+00:00\" \/>\n<meta name=\"twitter:card\" content=\"summary_large_image\" \/>\n<script type=\"application\/ld+json\" class=\"yoast-schema-graph\">{\"@context\":\"https:\/\/schema.org\",\"@graph\":[{\"@type\":\"WebPage\",\"@id\":\"https:\/\/axabikesecurity.com\/de\/datenschutzerklarung\/\",\"url\":\"https:\/\/axabikesecurity.com\/de\/datenschutzerklarung\/\",\"name\":\"Datenschutzerkl\u00e4rung | AXA Bike Security \ud83c\udde9\ud83c\uddea\",\"isPartOf\":{\"@id\":\"https:\/\/axabikesecurity.com\/de\/#website\"},\"datePublished\":\"2024-08-02T09:03:42+00:00\",\"dateModified\":\"2024-08-08T13:12:06+00:00\",\"description\":\"Erfahren Sie mehr \u00fcber Datenschutzerkl\u00e4rung bei AXA Bike. Entdecken Sie unsere hochwertigen Fahrradlichter und Schl\u00f6sser und finden Sie n\u00fctzliche Informationen zu Datenschutzerkl\u00e4rung.\",\"breadcrumb\":{\"@id\":\"https:\/\/axabikesecurity.com\/de\/datenschutzerklarung\/#breadcrumb\"},\"inLanguage\":\"en-US\",\"potentialAction\":[{\"@type\":\"ReadAction\",\"target\":[\"https:\/\/axabikesecurity.com\/de\/datenschutzerklarung\/\"]}]},{\"@type\":\"BreadcrumbList\",\"@id\":\"https:\/\/axabikesecurity.com\/de\/datenschutzerklarung\/#breadcrumb\",\"itemListElement\":[{\"@type\":\"ListItem\",\"position\":1,\"name\":\"house\",\"item\":\"https:\/\/axabikesecurity.com\/de\/\"},{\"@type\":\"ListItem\",\"position\":2,\"name\":\"Datenschutzerkl\u00e4rung\"}]},{\"@type\":\"WebSite\",\"@id\":\"https:\/\/axabikesecurity.com\/de\/#website\",\"url\":\"https:\/\/axabikesecurity.com\/de\/\",\"name\":\"AXA Bike\",\"description\":\"\",\"potentialAction\":[{\"@type\":\"SearchAction\",\"target\":{\"@type\":\"EntryPoint\",\"urlTemplate\":\"https:\/\/axabikesecurity.com\/de\/?s={search_term_string}\"},\"query-input\":{\"@type\":\"PropertyValueSpecification\",\"valueRequired\":true,\"valueName\":\"search_term_string\"}}],\"inLanguage\":\"en-US\"}]}<\/script>\n<!-- \/ Yoast SEO plugin. -->","yoast_head_json":{"title":"Datenschutzerkl\u00e4rung | AXA Bike Security \ud83c\udde9\ud83c\uddea","description":"Erfahren Sie mehr \u00fcber Datenschutzerkl\u00e4rung bei AXA Bike. Entdecken Sie unsere hochwertigen Fahrradlichter und Schl\u00f6sser und finden Sie n\u00fctzliche Informationen zu Datenschutzerkl\u00e4rung.","robots":{"index":"index","follow":"follow","max-snippet":"max-snippet:-1","max-image-preview":"max-image-preview:large","max-video-preview":"max-video-preview:-1"},"canonical":"https:\/\/axabikesecurity.com\/de\/datenschutzerklarung\/","og_locale":"en_US","og_type":"article","og_title":"Datenschutzerkl\u00e4rung | AXA Bike Security \ud83c\udde9\ud83c\uddea","og_description":"Erfahren Sie mehr \u00fcber Datenschutzerkl\u00e4rung bei AXA Bike. Entdecken Sie unsere hochwertigen Fahrradlichter und Schl\u00f6sser und finden Sie n\u00fctzliche Informationen zu Datenschutzerkl\u00e4rung.","og_url":"https:\/\/axabikesecurity.com\/de\/datenschutzerklarung\/","og_site_name":"AXA Bike Security \ud83c\udde9\ud83c\uddea","article_modified_time":"2024-08-08T13:12:06+00:00","twitter_card":"summary_large_image","schema":{"@context":"https:\/\/schema.org","@graph":[{"@type":"WebPage","@id":"https:\/\/axabikesecurity.com\/de\/datenschutzerklarung\/","url":"https:\/\/axabikesecurity.com\/de\/datenschutzerklarung\/","name":"Datenschutzerkl\u00e4rung | AXA Bike Security \ud83c\udde9\ud83c\uddea","isPartOf":{"@id":"https:\/\/axabikesecurity.com\/de\/#website"},"datePublished":"2024-08-02T09:03:42+00:00","dateModified":"2024-08-08T13:12:06+00:00","description":"Erfahren Sie mehr \u00fcber Datenschutzerkl\u00e4rung bei AXA Bike. Entdecken Sie unsere hochwertigen Fahrradlichter und Schl\u00f6sser und finden Sie n\u00fctzliche Informationen zu Datenschutzerkl\u00e4rung.","breadcrumb":{"@id":"https:\/\/axabikesecurity.com\/de\/datenschutzerklarung\/#breadcrumb"},"inLanguage":"en-US","potentialAction":[{"@type":"ReadAction","target":["https:\/\/axabikesecurity.com\/de\/datenschutzerklarung\/"]}]},{"@type":"BreadcrumbList","@id":"https:\/\/axabikesecurity.com\/de\/datenschutzerklarung\/#breadcrumb","itemListElement":[{"@type":"ListItem","position":1,"name":"house","item":"https:\/\/axabikesecurity.com\/de\/"},{"@type":"ListItem","position":2,"name":"Datenschutzerkl\u00e4rung"}]},{"@type":"WebSite","@id":"https:\/\/axabikesecurity.com\/de\/#website","url":"https:\/\/axabikesecurity.com\/de\/","name":"AXA Bike","description":"","potentialAction":[{"@type":"SearchAction","target":{"@type":"EntryPoint","urlTemplate":"https:\/\/axabikesecurity.com\/de\/?s={search_term_string}"},"query-input":{"@type":"PropertyValueSpecification","valueRequired":true,"valueName":"search_term_string"}}],"inLanguage":"en-US"}]}},"jetpack_sharing_enabled":true,"_links":{"self":[{"href":"https:\/\/axabikesecurity.com\/de\/wp-json\/wp\/v2\/pages\/17194","targetHints":{"allow":["GET"]}}],"collection":[{"href":"https:\/\/axabikesecurity.com\/de\/wp-json\/wp\/v2\/pages"}],"about":[{"href":"https:\/\/axabikesecurity.com\/de\/wp-json\/wp\/v2\/types\/page"}],"author":[{"embeddable":true,"href":"https:\/\/axabikesecurity.com\/de\/wp-json\/wp\/v2\/users\/9"}],"replies":[{"embeddable":true,"href":"https:\/\/axabikesecurity.com\/de\/wp-json\/wp\/v2\/comments?post=17194"}],"version-history":[{"count":3,"href":"https:\/\/axabikesecurity.com\/de\/wp-json\/wp\/v2\/pages\/17194\/revisions"}],"predecessor-version":[{"id":18428,"href":"https:\/\/axabikesecurity.com\/de\/wp-json\/wp\/v2\/pages\/17194\/revisions\/18428"}],"wp:attachment":[{"href":"https:\/\/axabikesecurity.com\/de\/wp-json\/wp\/v2\/media?parent=17194"}],"curies":[{"name":"wp","href":"https:\/\/api.w.org\/{rel}","templated":true}]}}