{"id":20866,"date":"2025-01-09T10:46:05","date_gmt":"2025-01-09T10:46:05","guid":{"rendered":"https:\/\/axabikesecurity.com\/de\/?page_id=20866"},"modified":"2025-01-09T11:25:54","modified_gmt":"2025-01-09T11:25:54","slug":"lksg","status":"publish","type":"page","link":"https:\/\/axabikesecurity.com\/de\/lksg\/","title":{"rendered":"LkSG"},"content":{"rendered":"<section id=\"\" class=\"\" style=\"padding-top:var(--wp--preset--spacing--20); padding-bottom:var(--wp--preset--spacing--20); color: var(--wp--preset--color--font); \">\n\t<div class=\"container\">\n\t\t<div class=\"content     \">\n\t\t\t\t    <h1 class=\"\">LkSG<\/h1>\n\t\t\t<\/div>\n\t<\/div>\n<\/section>\n\n\n<section id=\"\" class=\"is-layout-flex wp-block-acf-custom-html-is-layout-flex\" style=\"padding-top:0; padding-bottom:0; color: var(--wp--preset--color--font); \">\n\t<div class=\"container\">\n\t\t<!-- Container in which the privacy notice will be rendered -->\r\n<div id=\"otnotice-e96df313-b17a-4e7a-9687-56a22364e75c\" class=\"otnotice\"><\/div>\r\n<script src=\"https:\/\/privacyportal-cdn.onetrust.com\/privacy-notice-scripts\/otnotice-1.0.min.js\" type=\"text\/javascript\" charset=\"UTF-8\" id=\"otprivacy-notice-script\">\r\n\r\n      settings=\"eyJjYWxsYmFja1VybCI6Imh0dHBzOi8vYWxsZWdpb24tcHJpdmFjeS5teS5vbmV0cnVzdC5jb20vcmVxdWVzdC92MS9wcml2YWN5Tm90aWNlcy9zdGF0cy92aWV3cyJ9\"\r\n\r\n    <\/script>\r\n\r\n<script type=\"text\/javascript\" charset=\"UTF-8\">\r\n\r\n      \/\/ To ensure external settings are loaded, use the Initialized promise:\r\n\r\n      OneTrust.NoticeApi.Initialized.then(function() {\r\n\r\n        OneTrust.NoticeApi.LoadNotices([\"https:\/\/privacyportal-cdn.onetrust.com\/8b164882-ffc8-4155-8514-dc33976fd253\/privacy-notices\/e96df313-b17a-4e7a-9687-56a22364e75c.json\"]);\r\n\r\n      });\r\n\r\n    <\/script>\n\t<\/div>\n<\/section>\n","protected":false},"excerpt":{"rendered":"","protected":false},"author":32,"featured_media":0,"parent":0,"menu_order":0,"comment_status":"closed","ping_status":"closed","template":"","meta":{"_acf_changed":false,"_trash_the_other_posts":false,"footnotes":""},"class_list":["post-20866","page","type-page","status-publish","hentry"],"acf":[],"yoast_head":"<!-- This site is optimized with the Yoast SEO plugin v27.4 - https:\/\/yoast.com\/product\/yoast-seo-wordpress\/ -->\n<title>LkSG | AXA Bike Security \ud83c\udde9\ud83c\uddea<\/title>\n<meta name=\"description\" content=\"Erfahren Sie mehr \u00fcber LkSG bei AXA Bike. Entdecken Sie unsere hochwertigen Fahrradlichter und Schl\u00f6sser und finden Sie n\u00fctzliche Informationen zu LkSG.\" \/>\n<meta name=\"robots\" content=\"index, follow, max-snippet:-1, max-image-preview:large, max-video-preview:-1\" \/>\n<link rel=\"canonical\" href=\"https:\/\/axabikesecurity.com\/de\/lksg\/\" \/>\n<meta property=\"og:locale\" content=\"en_US\" \/>\n<meta property=\"og:type\" content=\"article\" \/>\n<meta property=\"og:title\" content=\"LkSG | AXA Bike Security \ud83c\udde9\ud83c\uddea\" \/>\n<meta property=\"og:description\" content=\"Erfahren Sie mehr \u00fcber LkSG bei AXA Bike. Entdecken Sie unsere hochwertigen Fahrradlichter und Schl\u00f6sser und finden Sie n\u00fctzliche Informationen zu LkSG.\" \/>\n<meta property=\"og:url\" content=\"https:\/\/axabikesecurity.com\/de\/lksg\/\" \/>\n<meta property=\"og:site_name\" content=\"AXA Bike Security \ud83c\udde9\ud83c\uddea\" \/>\n<meta property=\"article:modified_time\" content=\"2025-01-09T11:25:54+00:00\" \/>\n<meta name=\"twitter:card\" content=\"summary_large_image\" \/>\n<script type=\"application\/ld+json\" class=\"yoast-schema-graph\">{\"@context\":\"https:\\\/\\\/schema.org\",\"@graph\":[{\"@type\":\"WebPage\",\"@id\":\"https:\\\/\\\/axabikesecurity.com\\\/de\\\/lksg\\\/\",\"url\":\"https:\\\/\\\/axabikesecurity.com\\\/de\\\/lksg\\\/\",\"name\":\"LkSG | AXA Bike Security \ud83c\udde9\ud83c\uddea\",\"isPartOf\":{\"@id\":\"https:\\\/\\\/axabikesecurity.com\\\/de\\\/#website\"},\"datePublished\":\"2025-01-09T10:46:05+00:00\",\"dateModified\":\"2025-01-09T11:25:54+00:00\",\"description\":\"Erfahren Sie mehr \u00fcber LkSG bei AXA Bike. Entdecken Sie unsere hochwertigen Fahrradlichter und Schl\u00f6sser und finden Sie n\u00fctzliche Informationen zu LkSG.\",\"breadcrumb\":{\"@id\":\"https:\\\/\\\/axabikesecurity.com\\\/de\\\/lksg\\\/#breadcrumb\"},\"inLanguage\":\"en-US\",\"potentialAction\":[{\"@type\":\"ReadAction\",\"target\":[\"https:\\\/\\\/axabikesecurity.com\\\/de\\\/lksg\\\/\"]}]},{\"@type\":\"BreadcrumbList\",\"@id\":\"https:\\\/\\\/axabikesecurity.com\\\/de\\\/lksg\\\/#breadcrumb\",\"itemListElement\":[{\"@type\":\"ListItem\",\"position\":1,\"name\":\"house\",\"item\":\"https:\\\/\\\/axabikesecurity.com\\\/de\\\/\"},{\"@type\":\"ListItem\",\"position\":2,\"name\":\"LkSG\"}]},{\"@type\":\"WebSite\",\"@id\":\"https:\\\/\\\/axabikesecurity.com\\\/de\\\/#website\",\"url\":\"https:\\\/\\\/axabikesecurity.com\\\/de\\\/\",\"name\":\"AXA Bike\",\"description\":\"\",\"potentialAction\":[{\"@type\":\"SearchAction\",\"target\":{\"@type\":\"EntryPoint\",\"urlTemplate\":\"https:\\\/\\\/axabikesecurity.com\\\/de\\\/?s={search_term_string}\"},\"query-input\":{\"@type\":\"PropertyValueSpecification\",\"valueRequired\":true,\"valueName\":\"search_term_string\"}}],\"inLanguage\":\"en-US\"}]}<\/script>\n<!-- \/ Yoast SEO plugin. -->","yoast_head_json":{"title":"LkSG | AXA Bike Security \ud83c\udde9\ud83c\uddea","description":"Erfahren Sie mehr \u00fcber LkSG bei AXA Bike. Entdecken Sie unsere hochwertigen Fahrradlichter und Schl\u00f6sser und finden Sie n\u00fctzliche Informationen zu LkSG.","robots":{"index":"index","follow":"follow","max-snippet":"max-snippet:-1","max-image-preview":"max-image-preview:large","max-video-preview":"max-video-preview:-1"},"canonical":"https:\/\/axabikesecurity.com\/de\/lksg\/","og_locale":"en_US","og_type":"article","og_title":"LkSG | AXA Bike Security \ud83c\udde9\ud83c\uddea","og_description":"Erfahren Sie mehr \u00fcber LkSG bei AXA Bike. Entdecken Sie unsere hochwertigen Fahrradlichter und Schl\u00f6sser und finden Sie n\u00fctzliche Informationen zu LkSG.","og_url":"https:\/\/axabikesecurity.com\/de\/lksg\/","og_site_name":"AXA Bike Security \ud83c\udde9\ud83c\uddea","article_modified_time":"2025-01-09T11:25:54+00:00","twitter_card":"summary_large_image","schema":{"@context":"https:\/\/schema.org","@graph":[{"@type":"WebPage","@id":"https:\/\/axabikesecurity.com\/de\/lksg\/","url":"https:\/\/axabikesecurity.com\/de\/lksg\/","name":"LkSG | AXA Bike Security \ud83c\udde9\ud83c\uddea","isPartOf":{"@id":"https:\/\/axabikesecurity.com\/de\/#website"},"datePublished":"2025-01-09T10:46:05+00:00","dateModified":"2025-01-09T11:25:54+00:00","description":"Erfahren Sie mehr \u00fcber LkSG bei AXA Bike. Entdecken Sie unsere hochwertigen Fahrradlichter und Schl\u00f6sser und finden Sie n\u00fctzliche Informationen zu LkSG.","breadcrumb":{"@id":"https:\/\/axabikesecurity.com\/de\/lksg\/#breadcrumb"},"inLanguage":"en-US","potentialAction":[{"@type":"ReadAction","target":["https:\/\/axabikesecurity.com\/de\/lksg\/"]}]},{"@type":"BreadcrumbList","@id":"https:\/\/axabikesecurity.com\/de\/lksg\/#breadcrumb","itemListElement":[{"@type":"ListItem","position":1,"name":"house","item":"https:\/\/axabikesecurity.com\/de\/"},{"@type":"ListItem","position":2,"name":"LkSG"}]},{"@type":"WebSite","@id":"https:\/\/axabikesecurity.com\/de\/#website","url":"https:\/\/axabikesecurity.com\/de\/","name":"AXA Bike","description":"","potentialAction":[{"@type":"SearchAction","target":{"@type":"EntryPoint","urlTemplate":"https:\/\/axabikesecurity.com\/de\/?s={search_term_string}"},"query-input":{"@type":"PropertyValueSpecification","valueRequired":true,"valueName":"search_term_string"}}],"inLanguage":"en-US"}]}},"jetpack_sharing_enabled":true,"_links":{"self":[{"href":"https:\/\/axabikesecurity.com\/de\/wp-json\/wp\/v2\/pages\/20866","targetHints":{"allow":["GET"]}}],"collection":[{"href":"https:\/\/axabikesecurity.com\/de\/wp-json\/wp\/v2\/pages"}],"about":[{"href":"https:\/\/axabikesecurity.com\/de\/wp-json\/wp\/v2\/types\/page"}],"author":[{"embeddable":true,"href":"https:\/\/axabikesecurity.com\/de\/wp-json\/wp\/v2\/users\/32"}],"replies":[{"embeddable":true,"href":"https:\/\/axabikesecurity.com\/de\/wp-json\/wp\/v2\/comments?post=20866"}],"version-history":[{"count":3,"href":"https:\/\/axabikesecurity.com\/de\/wp-json\/wp\/v2\/pages\/20866\/revisions"}],"predecessor-version":[{"id":20870,"href":"https:\/\/axabikesecurity.com\/de\/wp-json\/wp\/v2\/pages\/20866\/revisions\/20870"}],"wp:attachment":[{"href":"https:\/\/axabikesecurity.com\/de\/wp-json\/wp\/v2\/media?parent=20866"}],"curies":[{"name":"wp","href":"https:\/\/api.w.org\/{rel}","templated":true}]}}