{"id":17627,"date":"2026-01-03T23:01:06","date_gmt":"2026-01-03T23:01:06","guid":{"rendered":"http:\/\/axabikesecurity.com\/de\/product\/pico30-switch-card-10p\/"},"modified":"2026-01-03T23:01:07","modified_gmt":"2026-01-03T23:01:07","slug":"axa-pico-30-switch","status":"publish","type":"product","link":"https:\/\/axabikesecurity.com\/de\/product\/axa-pico-30-switch\/","title":{"rendered":"AXA Pico 30 Switch"},"content":{"rendered":"","protected":false},"excerpt":{"rendered":"","protected":false},"featured_media":19591,"comment_status":"closed","ping_status":"closed","template":"","meta":{"_acf_changed":false,"_trash_the_other_posts":false},"product_brand":[],"product_cat":[1899],"product_tag":[],"class_list":{"0":"post-17627","1":"product","2":"type-product","3":"status-publish","4":"has-post-thumbnail","6":"product_cat-dynamo-scheinwerfer-445","8":"first","9":"instock","10":"shipping-taxable","11":"product-type-variable"},"acf":[],"yoast_head":"<!-- This site is optimized with the Yoast SEO plugin v27.1.1 - https:\/\/yoast.com\/product\/yoast-seo-wordpress\/ -->\n<title>AXA Pico 30 Switch | AXA Bike Security \ud83c\udde9\ud83c\uddea<\/title>\n<meta name=\"description\" content=\"Das AXA Pico30 ist ein Mini-Power-Paket mit einer Beleuchtungsst\u00e4rke von 30 lux. Das kompakte und schlanke Design ist f\u00fcr sportliche Fahrr\u00e4der ein Gewinn.\" \/>\n<meta name=\"robots\" content=\"index, follow, max-snippet:-1, max-image-preview:large, max-video-preview:-1\" \/>\n<link rel=\"canonical\" href=\"https:\/\/axabikesecurity.com\/de\/product\/axa-pico-30-switch\/\" \/>\n<meta property=\"og:locale\" content=\"en_US\" \/>\n<meta property=\"og:type\" content=\"article\" \/>\n<meta property=\"og:title\" content=\"AXA Pico 30 Switch | AXA Bike Security \ud83c\udde9\ud83c\uddea\" \/>\n<meta property=\"og:description\" content=\"Das AXA Pico30 ist ein Mini-Power-Paket mit einer Beleuchtungsst\u00e4rke von 30 lux. Das kompakte und schlanke Design ist f\u00fcr sportliche Fahrr\u00e4der ein Gewinn.\" \/>\n<meta property=\"og:url\" content=\"https:\/\/axabikesecurity.com\/de\/product\/axa-pico-30-switch\/\" \/>\n<meta property=\"og:site_name\" content=\"AXA Bike Security \ud83c\udde9\ud83c\uddea\" \/>\n<meta property=\"article:modified_time\" content=\"2026-01-03T23:01:07+00:00\" \/>\n<meta property=\"og:image\" content=\"https:\/\/axabikesecurity.com\/de\/wp-content\/uploads\/sites\/17\/2024\/08\/axa-pico-30_E0003341.jpg\" \/>\n\t<meta property=\"og:image:width\" content=\"653\" \/>\n\t<meta property=\"og:image:height\" content=\"1181\" \/>\n\t<meta property=\"og:image:type\" content=\"image\/jpeg\" \/>\n<meta name=\"twitter:card\" content=\"summary_large_image\" \/>\n<script type=\"application\/ld+json\" class=\"yoast-schema-graph\">{\"@context\":\"https:\/\/schema.org\",\"@graph\":[{\"@type\":\"WebPage\",\"@id\":\"https:\/\/axabikesecurity.com\/de\/product\/axa-pico-30-switch\/\",\"url\":\"https:\/\/axabikesecurity.com\/de\/product\/axa-pico-30-switch\/\",\"name\":\"AXA Pico 30 Switch | AXA Bike Security \ud83c\udde9\ud83c\uddea\",\"isPartOf\":{\"@id\":\"https:\/\/axabikesecurity.com\/de\/#website\"},\"primaryImageOfPage\":{\"@id\":\"https:\/\/axabikesecurity.com\/de\/product\/axa-pico-30-switch\/#primaryimage\"},\"image\":{\"@id\":\"https:\/\/axabikesecurity.com\/de\/product\/axa-pico-30-switch\/#primaryimage\"},\"thumbnailUrl\":\"https:\/\/axabikesecurity.com\/de\/wp-content\/uploads\/sites\/17\/2024\/08\/axa-pico-30_E0003341.jpg\",\"datePublished\":\"2026-01-03T23:01:06+00:00\",\"dateModified\":\"2026-01-03T23:01:07+00:00\",\"description\":\"Das AXA Pico30 ist ein Mini-Power-Paket mit einer Beleuchtungsst\u00e4rke von 30 lux. Das kompakte und schlanke Design ist f\u00fcr sportliche Fahrr\u00e4der ein Gewinn.\",\"breadcrumb\":{\"@id\":\"https:\/\/axabikesecurity.com\/de\/product\/axa-pico-30-switch\/#breadcrumb\"},\"inLanguage\":\"en-US\",\"potentialAction\":[{\"@type\":\"ReadAction\",\"target\":[\"https:\/\/axabikesecurity.com\/de\/product\/axa-pico-30-switch\/\"]}]},{\"@type\":\"ImageObject\",\"inLanguage\":\"en-US\",\"@id\":\"https:\/\/axabikesecurity.com\/de\/product\/axa-pico-30-switch\/#primaryimage\",\"url\":\"https:\/\/axabikesecurity.com\/de\/wp-content\/uploads\/sites\/17\/2024\/08\/axa-pico-30_E0003341.jpg\",\"contentUrl\":\"https:\/\/axabikesecurity.com\/de\/wp-content\/uploads\/sites\/17\/2024\/08\/axa-pico-30_E0003341.jpg\",\"width\":653,\"height\":1181},{\"@type\":\"BreadcrumbList\",\"@id\":\"https:\/\/axabikesecurity.com\/de\/product\/axa-pico-30-switch\/#breadcrumb\",\"itemListElement\":[{\"@type\":\"ListItem\",\"position\":1,\"name\":\"house\",\"item\":\"https:\/\/axabikesecurity.com\/de\/\"},{\"@type\":\"ListItem\",\"position\":2,\"name\":\"Produkte\",\"item\":\"https:\/\/axabikesecurity.com\/de\/producten\/\"},{\"@type\":\"ListItem\",\"position\":3,\"name\":\"AXA Pico 30 Switch\"}]},{\"@type\":\"WebSite\",\"@id\":\"https:\/\/axabikesecurity.com\/de\/#website\",\"url\":\"https:\/\/axabikesecurity.com\/de\/\",\"name\":\"AXA Bike\",\"description\":\"\",\"potentialAction\":[{\"@type\":\"SearchAction\",\"target\":{\"@type\":\"EntryPoint\",\"urlTemplate\":\"https:\/\/axabikesecurity.com\/de\/?s={search_term_string}\"},\"query-input\":{\"@type\":\"PropertyValueSpecification\",\"valueRequired\":true,\"valueName\":\"search_term_string\"}}],\"inLanguage\":\"en-US\"}]}<\/script>\n<!-- \/ Yoast SEO plugin. -->","yoast_head_json":{"title":"AXA Pico 30 Switch | AXA Bike Security \ud83c\udde9\ud83c\uddea","description":"Das AXA Pico30 ist ein Mini-Power-Paket mit einer Beleuchtungsst\u00e4rke von 30 lux. Das kompakte und schlanke Design ist f\u00fcr sportliche Fahrr\u00e4der ein Gewinn.","robots":{"index":"index","follow":"follow","max-snippet":"max-snippet:-1","max-image-preview":"max-image-preview:large","max-video-preview":"max-video-preview:-1"},"canonical":"https:\/\/axabikesecurity.com\/de\/product\/axa-pico-30-switch\/","og_locale":"en_US","og_type":"article","og_title":"AXA Pico 30 Switch | AXA Bike Security \ud83c\udde9\ud83c\uddea","og_description":"Das AXA Pico30 ist ein Mini-Power-Paket mit einer Beleuchtungsst\u00e4rke von 30 lux. Das kompakte und schlanke Design ist f\u00fcr sportliche Fahrr\u00e4der ein Gewinn.","og_url":"https:\/\/axabikesecurity.com\/de\/product\/axa-pico-30-switch\/","og_site_name":"AXA Bike Security \ud83c\udde9\ud83c\uddea","article_modified_time":"2026-01-03T23:01:07+00:00","og_image":[{"width":653,"height":1181,"url":"https:\/\/axabikesecurity.com\/de\/wp-content\/uploads\/sites\/17\/2024\/08\/axa-pico-30_E0003341.jpg","type":"image\/jpeg"}],"twitter_card":"summary_large_image","schema":{"@context":"https:\/\/schema.org","@graph":[{"@type":"WebPage","@id":"https:\/\/axabikesecurity.com\/de\/product\/axa-pico-30-switch\/","url":"https:\/\/axabikesecurity.com\/de\/product\/axa-pico-30-switch\/","name":"AXA Pico 30 Switch | AXA Bike Security \ud83c\udde9\ud83c\uddea","isPartOf":{"@id":"https:\/\/axabikesecurity.com\/de\/#website"},"primaryImageOfPage":{"@id":"https:\/\/axabikesecurity.com\/de\/product\/axa-pico-30-switch\/#primaryimage"},"image":{"@id":"https:\/\/axabikesecurity.com\/de\/product\/axa-pico-30-switch\/#primaryimage"},"thumbnailUrl":"https:\/\/axabikesecurity.com\/de\/wp-content\/uploads\/sites\/17\/2024\/08\/axa-pico-30_E0003341.jpg","datePublished":"2026-01-03T23:01:06+00:00","dateModified":"2026-01-03T23:01:07+00:00","description":"Das AXA Pico30 ist ein Mini-Power-Paket mit einer Beleuchtungsst\u00e4rke von 30 lux. Das kompakte und schlanke Design ist f\u00fcr sportliche Fahrr\u00e4der ein Gewinn.","breadcrumb":{"@id":"https:\/\/axabikesecurity.com\/de\/product\/axa-pico-30-switch\/#breadcrumb"},"inLanguage":"en-US","potentialAction":[{"@type":"ReadAction","target":["https:\/\/axabikesecurity.com\/de\/product\/axa-pico-30-switch\/"]}]},{"@type":"ImageObject","inLanguage":"en-US","@id":"https:\/\/axabikesecurity.com\/de\/product\/axa-pico-30-switch\/#primaryimage","url":"https:\/\/axabikesecurity.com\/de\/wp-content\/uploads\/sites\/17\/2024\/08\/axa-pico-30_E0003341.jpg","contentUrl":"https:\/\/axabikesecurity.com\/de\/wp-content\/uploads\/sites\/17\/2024\/08\/axa-pico-30_E0003341.jpg","width":653,"height":1181},{"@type":"BreadcrumbList","@id":"https:\/\/axabikesecurity.com\/de\/product\/axa-pico-30-switch\/#breadcrumb","itemListElement":[{"@type":"ListItem","position":1,"name":"house","item":"https:\/\/axabikesecurity.com\/de\/"},{"@type":"ListItem","position":2,"name":"Produkte","item":"https:\/\/axabikesecurity.com\/de\/producten\/"},{"@type":"ListItem","position":3,"name":"AXA Pico 30 Switch"}]},{"@type":"WebSite","@id":"https:\/\/axabikesecurity.com\/de\/#website","url":"https:\/\/axabikesecurity.com\/de\/","name":"AXA Bike","description":"","potentialAction":[{"@type":"SearchAction","target":{"@type":"EntryPoint","urlTemplate":"https:\/\/axabikesecurity.com\/de\/?s={search_term_string}"},"query-input":{"@type":"PropertyValueSpecification","valueRequired":true,"valueName":"search_term_string"}}],"inLanguage":"en-US"}]}},"jetpack_sharing_enabled":true,"_links":{"self":[{"href":"https:\/\/axabikesecurity.com\/de\/wp-json\/wp\/v2\/product\/17627","targetHints":{"allow":["GET"]}}],"collection":[{"href":"https:\/\/axabikesecurity.com\/de\/wp-json\/wp\/v2\/product"}],"about":[{"href":"https:\/\/axabikesecurity.com\/de\/wp-json\/wp\/v2\/types\/product"}],"replies":[{"embeddable":true,"href":"https:\/\/axabikesecurity.com\/de\/wp-json\/wp\/v2\/comments?post=17627"}],"wp:featuredmedia":[{"embeddable":true,"href":"https:\/\/axabikesecurity.com\/de\/wp-json\/wp\/v2\/media\/19591"}],"wp:attachment":[{"href":"https:\/\/axabikesecurity.com\/de\/wp-json\/wp\/v2\/media?parent=17627"}],"wp:term":[{"taxonomy":"product_brand","embeddable":true,"href":"https:\/\/axabikesecurity.com\/de\/wp-json\/wp\/v2\/product_brand?post=17627"},{"taxonomy":"product_cat","embeddable":true,"href":"https:\/\/axabikesecurity.com\/de\/wp-json\/wp\/v2\/product_cat?post=17627"},{"taxonomy":"product_tag","embeddable":true,"href":"https:\/\/axabikesecurity.com\/de\/wp-json\/wp\/v2\/product_tag?post=17627"}],"curies":[{"name":"wp","href":"https:\/\/api.w.org\/{rel}","templated":true}]}}