{"id":18007,"date":"2026-01-03T23:02:50","date_gmt":"2026-01-03T23:02:50","guid":{"rendered":"https:\/\/axabikesecurity.com\/de\/product\/city-rear-batt-on-off-80mm-card\/"},"modified":"2026-01-03T23:02:51","modified_gmt":"2026-01-03T23:02:51","slug":"axa-city-rear","status":"publish","type":"product","link":"https:\/\/axabikesecurity.com\/de\/product\/axa-city-rear\/","title":{"rendered":"AXA City Rear"},"content":{"rendered":"","protected":false},"excerpt":{"rendered":"","protected":false},"featured_media":19681,"comment_status":"closed","ping_status":"closed","template":"","meta":{"_acf_changed":false,"_trash_the_other_posts":false},"product_brand":[],"product_cat":[1902],"product_tag":[],"class_list":{"0":"post-18007","1":"product","2":"type-product","3":"status-publish","4":"has-post-thumbnail","6":"product_cat-batterie-rucklicht-448","8":"first","9":"instock","10":"shipping-taxable","11":"product-type-variable"},"acf":[],"yoast_head":"<!-- This site is optimized with the Yoast SEO plugin v27.4 - https:\/\/yoast.com\/product\/yoast-seo-wordpress\/ -->\n<title>AXA City Rear | AXA Bike Security \ud83c\udde9\ud83c\uddea<\/title>\n<meta name=\"description\" content=\"Dieses R\u00fccklicht hat ein modernes und elegantes Design, das es erm\u00f6glicht, f\u00fcr den Verkehr sichtbar zu sein, der sich Ihnen von der Seite n\u00e4hert. Mit dem R\u00fccklicht erreichen Sie den nachfolgenden Verkehr bis zu 500 Meter weit.\" \/>\n<meta name=\"robots\" content=\"index, follow, max-snippet:-1, max-image-preview:large, max-video-preview:-1\" \/>\n<link rel=\"canonical\" href=\"https:\/\/axabikesecurity.com\/de\/product\/axa-city-rear\/\" \/>\n<meta property=\"og:locale\" content=\"en_US\" \/>\n<meta property=\"og:type\" content=\"article\" \/>\n<meta property=\"og:title\" content=\"AXA City Rear | AXA Bike Security \ud83c\udde9\ud83c\uddea\" \/>\n<meta property=\"og:description\" content=\"Dieses R\u00fccklicht hat ein modernes und elegantes Design, das es erm\u00f6glicht, f\u00fcr den Verkehr sichtbar zu sein, der sich Ihnen von der Seite n\u00e4hert. Mit dem R\u00fccklicht erreichen Sie den nachfolgenden Verkehr bis zu 500 Meter weit.\" \/>\n<meta property=\"og:url\" content=\"https:\/\/axabikesecurity.com\/de\/product\/axa-city-rear\/\" \/>\n<meta property=\"og:site_name\" content=\"AXA Bike Security \ud83c\udde9\ud83c\uddea\" \/>\n<meta property=\"article:modified_time\" content=\"2026-01-03T23:02:51+00:00\" \/>\n<meta property=\"og:image\" content=\"https:\/\/axabikesecurity.com\/de\/wp-content\/uploads\/sites\/17\/2024\/08\/axa-city-rear_E0002714.jpg\" \/>\n\t<meta property=\"og:image:width\" content=\"1181\" \/>\n\t<meta property=\"og:image:height\" content=\"787\" \/>\n\t<meta property=\"og:image:type\" content=\"image\/jpeg\" \/>\n<meta name=\"twitter:card\" content=\"summary_large_image\" \/>\n<script type=\"application\/ld+json\" class=\"yoast-schema-graph\">{\"@context\":\"https:\\\/\\\/schema.org\",\"@graph\":[{\"@type\":\"WebPage\",\"@id\":\"https:\\\/\\\/axabikesecurity.com\\\/de\\\/product\\\/axa-city-rear\\\/\",\"url\":\"https:\\\/\\\/axabikesecurity.com\\\/de\\\/product\\\/axa-city-rear\\\/\",\"name\":\"AXA City Rear | AXA Bike Security \ud83c\udde9\ud83c\uddea\",\"isPartOf\":{\"@id\":\"https:\\\/\\\/axabikesecurity.com\\\/de\\\/#website\"},\"primaryImageOfPage\":{\"@id\":\"https:\\\/\\\/axabikesecurity.com\\\/de\\\/product\\\/axa-city-rear\\\/#primaryimage\"},\"image\":{\"@id\":\"https:\\\/\\\/axabikesecurity.com\\\/de\\\/product\\\/axa-city-rear\\\/#primaryimage\"},\"thumbnailUrl\":\"https:\\\/\\\/axabikesecurity.com\\\/de\\\/wp-content\\\/uploads\\\/sites\\\/17\\\/2024\\\/08\\\/axa-city-rear_E0002714.jpg\",\"datePublished\":\"2026-01-03T23:02:50+00:00\",\"dateModified\":\"2026-01-03T23:02:51+00:00\",\"description\":\"Dieses R\u00fccklicht hat ein modernes und elegantes Design, das es erm\u00f6glicht, f\u00fcr den Verkehr sichtbar zu sein, der sich Ihnen von der Seite n\u00e4hert. Mit dem R\u00fccklicht erreichen Sie den nachfolgenden Verkehr bis zu 500 Meter weit.\",\"breadcrumb\":{\"@id\":\"https:\\\/\\\/axabikesecurity.com\\\/de\\\/product\\\/axa-city-rear\\\/#breadcrumb\"},\"inLanguage\":\"en-US\",\"potentialAction\":[{\"@type\":\"ReadAction\",\"target\":[\"https:\\\/\\\/axabikesecurity.com\\\/de\\\/product\\\/axa-city-rear\\\/\"]}]},{\"@type\":\"ImageObject\",\"inLanguage\":\"en-US\",\"@id\":\"https:\\\/\\\/axabikesecurity.com\\\/de\\\/product\\\/axa-city-rear\\\/#primaryimage\",\"url\":\"https:\\\/\\\/axabikesecurity.com\\\/de\\\/wp-content\\\/uploads\\\/sites\\\/17\\\/2024\\\/08\\\/axa-city-rear_E0002714.jpg\",\"contentUrl\":\"https:\\\/\\\/axabikesecurity.com\\\/de\\\/wp-content\\\/uploads\\\/sites\\\/17\\\/2024\\\/08\\\/axa-city-rear_E0002714.jpg\",\"width\":1181,\"height\":787},{\"@type\":\"BreadcrumbList\",\"@id\":\"https:\\\/\\\/axabikesecurity.com\\\/de\\\/product\\\/axa-city-rear\\\/#breadcrumb\",\"itemListElement\":[{\"@type\":\"ListItem\",\"position\":1,\"name\":\"house\",\"item\":\"https:\\\/\\\/axabikesecurity.com\\\/de\\\/\"},{\"@type\":\"ListItem\",\"position\":2,\"name\":\"Produkte\",\"item\":\"https:\\\/\\\/axabikesecurity.com\\\/de\\\/producten\\\/\"},{\"@type\":\"ListItem\",\"position\":3,\"name\":\"AXA City Rear\"}]},{\"@type\":\"WebSite\",\"@id\":\"https:\\\/\\\/axabikesecurity.com\\\/de\\\/#website\",\"url\":\"https:\\\/\\\/axabikesecurity.com\\\/de\\\/\",\"name\":\"AXA Bike\",\"description\":\"\",\"potentialAction\":[{\"@type\":\"SearchAction\",\"target\":{\"@type\":\"EntryPoint\",\"urlTemplate\":\"https:\\\/\\\/axabikesecurity.com\\\/de\\\/?s={search_term_string}\"},\"query-input\":{\"@type\":\"PropertyValueSpecification\",\"valueRequired\":true,\"valueName\":\"search_term_string\"}}],\"inLanguage\":\"en-US\"}]}<\/script>\n<!-- \/ Yoast SEO plugin. -->","yoast_head_json":{"title":"AXA City Rear | AXA Bike Security \ud83c\udde9\ud83c\uddea","description":"Dieses R\u00fccklicht hat ein modernes und elegantes Design, das es erm\u00f6glicht, f\u00fcr den Verkehr sichtbar zu sein, der sich Ihnen von der Seite n\u00e4hert. Mit dem R\u00fccklicht erreichen Sie den nachfolgenden Verkehr bis zu 500 Meter weit.","robots":{"index":"index","follow":"follow","max-snippet":"max-snippet:-1","max-image-preview":"max-image-preview:large","max-video-preview":"max-video-preview:-1"},"canonical":"https:\/\/axabikesecurity.com\/de\/product\/axa-city-rear\/","og_locale":"en_US","og_type":"article","og_title":"AXA City Rear | AXA Bike Security \ud83c\udde9\ud83c\uddea","og_description":"Dieses R\u00fccklicht hat ein modernes und elegantes Design, das es erm\u00f6glicht, f\u00fcr den Verkehr sichtbar zu sein, der sich Ihnen von der Seite n\u00e4hert. Mit dem R\u00fccklicht erreichen Sie den nachfolgenden Verkehr bis zu 500 Meter weit.","og_url":"https:\/\/axabikesecurity.com\/de\/product\/axa-city-rear\/","og_site_name":"AXA Bike Security \ud83c\udde9\ud83c\uddea","article_modified_time":"2026-01-03T23:02:51+00:00","og_image":[{"width":1181,"height":787,"url":"https:\/\/axabikesecurity.com\/de\/wp-content\/uploads\/sites\/17\/2024\/08\/axa-city-rear_E0002714.jpg","type":"image\/jpeg"}],"twitter_card":"summary_large_image","schema":{"@context":"https:\/\/schema.org","@graph":[{"@type":"WebPage","@id":"https:\/\/axabikesecurity.com\/de\/product\/axa-city-rear\/","url":"https:\/\/axabikesecurity.com\/de\/product\/axa-city-rear\/","name":"AXA City Rear | AXA Bike Security \ud83c\udde9\ud83c\uddea","isPartOf":{"@id":"https:\/\/axabikesecurity.com\/de\/#website"},"primaryImageOfPage":{"@id":"https:\/\/axabikesecurity.com\/de\/product\/axa-city-rear\/#primaryimage"},"image":{"@id":"https:\/\/axabikesecurity.com\/de\/product\/axa-city-rear\/#primaryimage"},"thumbnailUrl":"https:\/\/axabikesecurity.com\/de\/wp-content\/uploads\/sites\/17\/2024\/08\/axa-city-rear_E0002714.jpg","datePublished":"2026-01-03T23:02:50+00:00","dateModified":"2026-01-03T23:02:51+00:00","description":"Dieses R\u00fccklicht hat ein modernes und elegantes Design, das es erm\u00f6glicht, f\u00fcr den Verkehr sichtbar zu sein, der sich Ihnen von der Seite n\u00e4hert. Mit dem R\u00fccklicht erreichen Sie den nachfolgenden Verkehr bis zu 500 Meter weit.","breadcrumb":{"@id":"https:\/\/axabikesecurity.com\/de\/product\/axa-city-rear\/#breadcrumb"},"inLanguage":"en-US","potentialAction":[{"@type":"ReadAction","target":["https:\/\/axabikesecurity.com\/de\/product\/axa-city-rear\/"]}]},{"@type":"ImageObject","inLanguage":"en-US","@id":"https:\/\/axabikesecurity.com\/de\/product\/axa-city-rear\/#primaryimage","url":"https:\/\/axabikesecurity.com\/de\/wp-content\/uploads\/sites\/17\/2024\/08\/axa-city-rear_E0002714.jpg","contentUrl":"https:\/\/axabikesecurity.com\/de\/wp-content\/uploads\/sites\/17\/2024\/08\/axa-city-rear_E0002714.jpg","width":1181,"height":787},{"@type":"BreadcrumbList","@id":"https:\/\/axabikesecurity.com\/de\/product\/axa-city-rear\/#breadcrumb","itemListElement":[{"@type":"ListItem","position":1,"name":"house","item":"https:\/\/axabikesecurity.com\/de\/"},{"@type":"ListItem","position":2,"name":"Produkte","item":"https:\/\/axabikesecurity.com\/de\/producten\/"},{"@type":"ListItem","position":3,"name":"AXA City Rear"}]},{"@type":"WebSite","@id":"https:\/\/axabikesecurity.com\/de\/#website","url":"https:\/\/axabikesecurity.com\/de\/","name":"AXA Bike","description":"","potentialAction":[{"@type":"SearchAction","target":{"@type":"EntryPoint","urlTemplate":"https:\/\/axabikesecurity.com\/de\/?s={search_term_string}"},"query-input":{"@type":"PropertyValueSpecification","valueRequired":true,"valueName":"search_term_string"}}],"inLanguage":"en-US"}]}},"jetpack_sharing_enabled":true,"_links":{"self":[{"href":"https:\/\/axabikesecurity.com\/de\/wp-json\/wp\/v2\/product\/18007","targetHints":{"allow":["GET"]}}],"collection":[{"href":"https:\/\/axabikesecurity.com\/de\/wp-json\/wp\/v2\/product"}],"about":[{"href":"https:\/\/axabikesecurity.com\/de\/wp-json\/wp\/v2\/types\/product"}],"replies":[{"embeddable":true,"href":"https:\/\/axabikesecurity.com\/de\/wp-json\/wp\/v2\/comments?post=18007"}],"wp:featuredmedia":[{"embeddable":true,"href":"https:\/\/axabikesecurity.com\/de\/wp-json\/wp\/v2\/media\/19681"}],"wp:attachment":[{"href":"https:\/\/axabikesecurity.com\/de\/wp-json\/wp\/v2\/media?parent=18007"}],"wp:term":[{"taxonomy":"product_brand","embeddable":true,"href":"https:\/\/axabikesecurity.com\/de\/wp-json\/wp\/v2\/product_brand?post=18007"},{"taxonomy":"product_cat","embeddable":true,"href":"https:\/\/axabikesecurity.com\/de\/wp-json\/wp\/v2\/product_cat?post=18007"},{"taxonomy":"product_tag","embeddable":true,"href":"https:\/\/axabikesecurity.com\/de\/wp-json\/wp\/v2\/product_tag?post=18007"}],"curies":[{"name":"wp","href":"https:\/\/api.w.org\/{rel}","templated":true}]}}