{"id":18160,"date":"2026-03-11T23:01:39","date_gmt":"2026-03-11T23:01:39","guid":{"rendered":"https:\/\/axabikesecurity.com\/de\/product\/axa-dwn-70-usb-set\/"},"modified":"2026-03-11T23:01:39","modified_gmt":"2026-03-11T23:01:39","slug":"axa-dwn-set-70-lux-brake-light","status":"publish","type":"product","link":"https:\/\/axabikesecurity.com\/de\/product\/axa-dwn-set-70-lux-brake-light\/","title":{"rendered":"AXA Dwn Set 70 Lux &#8211; Brake light"},"content":{"rendered":"","protected":false},"excerpt":{"rendered":"","protected":false},"featured_media":19769,"comment_status":"closed","ping_status":"closed","template":"","meta":{"_acf_changed":false,"_trash_the_other_posts":false},"product_brand":[],"product_cat":[1907],"product_tag":[],"class_list":{"0":"post-18160","1":"product","2":"type-product","3":"status-publish","4":"has-post-thumbnail","6":"product_cat-usb-sets-453","8":"first","9":"instock","10":"shipping-taxable","11":"product-type-variable"},"acf":[],"yoast_head":"<!-- This site is optimized with the Yoast SEO plugin v27.4 - https:\/\/yoast.com\/product\/yoast-seo-wordpress\/ -->\n<title>AXA Dwn Set 70 Lux - Brake light | AXA Bike Security \ud83c\udde9\ud83c\uddea<\/title>\n<meta name=\"description\" content=\"Dieses Set besteht aus dem Dwn 70 Lux Frontlicht und dem Dwn R\u00fccklicht mit Bremslichtfunktion. Beide Leuchten sind per USB aufladbar und eignen sich dank des flexiblen Gummibandes zur Befestigung an fast jedem Fahrrad. Mit diesem Band k\u00f6nnen Sie das Vorderlicht einfach am Lenker befestigen. Das R\u00fccklicht kann auf 2 Arten montiert werden. Sie k\u00f6nnen es an der Sattelst\u00fctze oder an der Sitzstrebe montieren. Beide Lichter k\u00f6nnen schnell abgenommen werden.\" \/>\n<meta name=\"robots\" content=\"index, follow, max-snippet:-1, max-image-preview:large, max-video-preview:-1\" \/>\n<link rel=\"canonical\" href=\"https:\/\/axabikesecurity.com\/de\/product\/axa-dwn-set-70-lux-brake-light\/\" \/>\n<meta property=\"og:locale\" content=\"en_US\" \/>\n<meta property=\"og:type\" content=\"article\" \/>\n<meta property=\"og:title\" content=\"AXA Dwn Set 70 Lux - Brake light | AXA Bike Security \ud83c\udde9\ud83c\uddea\" \/>\n<meta property=\"og:description\" content=\"Dieses Set besteht aus dem Dwn 70 Lux Frontlicht und dem Dwn R\u00fccklicht mit Bremslichtfunktion. Beide Leuchten sind per USB aufladbar und eignen sich dank des flexiblen Gummibandes zur Befestigung an fast jedem Fahrrad. Mit diesem Band k\u00f6nnen Sie das Vorderlicht einfach am Lenker befestigen. Das R\u00fccklicht kann auf 2 Arten montiert werden. Sie k\u00f6nnen es an der Sattelst\u00fctze oder an der Sitzstrebe montieren. Beide Lichter k\u00f6nnen schnell abgenommen werden.\" \/>\n<meta property=\"og:url\" content=\"https:\/\/axabikesecurity.com\/de\/product\/axa-dwn-set-70-lux-brake-light\/\" \/>\n<meta property=\"og:site_name\" content=\"AXA Bike Security \ud83c\udde9\ud83c\uddea\" \/>\n<meta property=\"og:image\" content=\"https:\/\/axabikesecurity.com\/de\/wp-content\/uploads\/sites\/17\/2024\/08\/axa-dwn-set-70-100-lux_E0020614.jpg\" \/>\n\t<meta property=\"og:image:width\" content=\"1181\" \/>\n\t<meta property=\"og:image:height\" content=\"1181\" \/>\n\t<meta property=\"og:image:type\" content=\"image\/jpeg\" \/>\n<meta name=\"twitter:card\" content=\"summary_large_image\" \/>\n<script type=\"application\/ld+json\" class=\"yoast-schema-graph\">{\"@context\":\"https:\\\/\\\/schema.org\",\"@graph\":[{\"@type\":\"WebPage\",\"@id\":\"https:\\\/\\\/axabikesecurity.com\\\/de\\\/product\\\/axa-dwn-set-70-lux-brake-light\\\/\",\"url\":\"https:\\\/\\\/axabikesecurity.com\\\/de\\\/product\\\/axa-dwn-set-70-lux-brake-light\\\/\",\"name\":\"AXA Dwn Set 70 Lux - Brake light | AXA Bike Security \ud83c\udde9\ud83c\uddea\",\"isPartOf\":{\"@id\":\"https:\\\/\\\/axabikesecurity.com\\\/de\\\/#website\"},\"primaryImageOfPage\":{\"@id\":\"https:\\\/\\\/axabikesecurity.com\\\/de\\\/product\\\/axa-dwn-set-70-lux-brake-light\\\/#primaryimage\"},\"image\":{\"@id\":\"https:\\\/\\\/axabikesecurity.com\\\/de\\\/product\\\/axa-dwn-set-70-lux-brake-light\\\/#primaryimage\"},\"thumbnailUrl\":\"https:\\\/\\\/axabikesecurity.com\\\/de\\\/wp-content\\\/uploads\\\/sites\\\/17\\\/2024\\\/08\\\/axa-dwn-set-70-100-lux_E0020614.jpg\",\"datePublished\":\"2026-03-11T23:01:39+00:00\",\"description\":\"Dieses Set besteht aus dem Dwn 70 Lux Frontlicht und dem Dwn R\u00fccklicht mit Bremslichtfunktion. Beide Leuchten sind per USB aufladbar und eignen sich dank des flexiblen Gummibandes zur Befestigung an fast jedem Fahrrad. Mit diesem Band k\u00f6nnen Sie das Vorderlicht einfach am Lenker befestigen. Das R\u00fccklicht kann auf 2 Arten montiert werden. Sie k\u00f6nnen es an der Sattelst\u00fctze oder an der Sitzstrebe montieren. Beide Lichter k\u00f6nnen schnell abgenommen werden.\",\"breadcrumb\":{\"@id\":\"https:\\\/\\\/axabikesecurity.com\\\/de\\\/product\\\/axa-dwn-set-70-lux-brake-light\\\/#breadcrumb\"},\"inLanguage\":\"en-US\",\"potentialAction\":[{\"@type\":\"ReadAction\",\"target\":[\"https:\\\/\\\/axabikesecurity.com\\\/de\\\/product\\\/axa-dwn-set-70-lux-brake-light\\\/\"]}]},{\"@type\":\"ImageObject\",\"inLanguage\":\"en-US\",\"@id\":\"https:\\\/\\\/axabikesecurity.com\\\/de\\\/product\\\/axa-dwn-set-70-lux-brake-light\\\/#primaryimage\",\"url\":\"https:\\\/\\\/axabikesecurity.com\\\/de\\\/wp-content\\\/uploads\\\/sites\\\/17\\\/2024\\\/08\\\/axa-dwn-set-70-100-lux_E0020614.jpg\",\"contentUrl\":\"https:\\\/\\\/axabikesecurity.com\\\/de\\\/wp-content\\\/uploads\\\/sites\\\/17\\\/2024\\\/08\\\/axa-dwn-set-70-100-lux_E0020614.jpg\",\"width\":1181,\"height\":1181},{\"@type\":\"BreadcrumbList\",\"@id\":\"https:\\\/\\\/axabikesecurity.com\\\/de\\\/product\\\/axa-dwn-set-70-lux-brake-light\\\/#breadcrumb\",\"itemListElement\":[{\"@type\":\"ListItem\",\"position\":1,\"name\":\"house\",\"item\":\"https:\\\/\\\/axabikesecurity.com\\\/de\\\/\"},{\"@type\":\"ListItem\",\"position\":2,\"name\":\"Produkte\",\"item\":\"https:\\\/\\\/axabikesecurity.com\\\/de\\\/producten\\\/\"},{\"@type\":\"ListItem\",\"position\":3,\"name\":\"AXA Dwn Set 70 Lux &#8211; Brake light\"}]},{\"@type\":\"WebSite\",\"@id\":\"https:\\\/\\\/axabikesecurity.com\\\/de\\\/#website\",\"url\":\"https:\\\/\\\/axabikesecurity.com\\\/de\\\/\",\"name\":\"AXA Bike\",\"description\":\"\",\"potentialAction\":[{\"@type\":\"SearchAction\",\"target\":{\"@type\":\"EntryPoint\",\"urlTemplate\":\"https:\\\/\\\/axabikesecurity.com\\\/de\\\/?s={search_term_string}\"},\"query-input\":{\"@type\":\"PropertyValueSpecification\",\"valueRequired\":true,\"valueName\":\"search_term_string\"}}],\"inLanguage\":\"en-US\"}]}<\/script>\n<!-- \/ Yoast SEO plugin. -->","yoast_head_json":{"title":"AXA Dwn Set 70 Lux - Brake light | AXA Bike Security \ud83c\udde9\ud83c\uddea","description":"Dieses Set besteht aus dem Dwn 70 Lux Frontlicht und dem Dwn R\u00fccklicht mit Bremslichtfunktion. Beide Leuchten sind per USB aufladbar und eignen sich dank des flexiblen Gummibandes zur Befestigung an fast jedem Fahrrad. Mit diesem Band k\u00f6nnen Sie das Vorderlicht einfach am Lenker befestigen. Das R\u00fccklicht kann auf 2 Arten montiert werden. Sie k\u00f6nnen es an der Sattelst\u00fctze oder an der Sitzstrebe montieren. Beide Lichter k\u00f6nnen schnell abgenommen werden.","robots":{"index":"index","follow":"follow","max-snippet":"max-snippet:-1","max-image-preview":"max-image-preview:large","max-video-preview":"max-video-preview:-1"},"canonical":"https:\/\/axabikesecurity.com\/de\/product\/axa-dwn-set-70-lux-brake-light\/","og_locale":"en_US","og_type":"article","og_title":"AXA Dwn Set 70 Lux - Brake light | AXA Bike Security \ud83c\udde9\ud83c\uddea","og_description":"Dieses Set besteht aus dem Dwn 70 Lux Frontlicht und dem Dwn R\u00fccklicht mit Bremslichtfunktion. Beide Leuchten sind per USB aufladbar und eignen sich dank des flexiblen Gummibandes zur Befestigung an fast jedem Fahrrad. Mit diesem Band k\u00f6nnen Sie das Vorderlicht einfach am Lenker befestigen. Das R\u00fccklicht kann auf 2 Arten montiert werden. Sie k\u00f6nnen es an der Sattelst\u00fctze oder an der Sitzstrebe montieren. Beide Lichter k\u00f6nnen schnell abgenommen werden.","og_url":"https:\/\/axabikesecurity.com\/de\/product\/axa-dwn-set-70-lux-brake-light\/","og_site_name":"AXA Bike Security \ud83c\udde9\ud83c\uddea","og_image":[{"width":1181,"height":1181,"url":"https:\/\/axabikesecurity.com\/de\/wp-content\/uploads\/sites\/17\/2024\/08\/axa-dwn-set-70-100-lux_E0020614.jpg","type":"image\/jpeg"}],"twitter_card":"summary_large_image","schema":{"@context":"https:\/\/schema.org","@graph":[{"@type":"WebPage","@id":"https:\/\/axabikesecurity.com\/de\/product\/axa-dwn-set-70-lux-brake-light\/","url":"https:\/\/axabikesecurity.com\/de\/product\/axa-dwn-set-70-lux-brake-light\/","name":"AXA Dwn Set 70 Lux - Brake light | AXA Bike Security \ud83c\udde9\ud83c\uddea","isPartOf":{"@id":"https:\/\/axabikesecurity.com\/de\/#website"},"primaryImageOfPage":{"@id":"https:\/\/axabikesecurity.com\/de\/product\/axa-dwn-set-70-lux-brake-light\/#primaryimage"},"image":{"@id":"https:\/\/axabikesecurity.com\/de\/product\/axa-dwn-set-70-lux-brake-light\/#primaryimage"},"thumbnailUrl":"https:\/\/axabikesecurity.com\/de\/wp-content\/uploads\/sites\/17\/2024\/08\/axa-dwn-set-70-100-lux_E0020614.jpg","datePublished":"2026-03-11T23:01:39+00:00","description":"Dieses Set besteht aus dem Dwn 70 Lux Frontlicht und dem Dwn R\u00fccklicht mit Bremslichtfunktion. Beide Leuchten sind per USB aufladbar und eignen sich dank des flexiblen Gummibandes zur Befestigung an fast jedem Fahrrad. Mit diesem Band k\u00f6nnen Sie das Vorderlicht einfach am Lenker befestigen. Das R\u00fccklicht kann auf 2 Arten montiert werden. Sie k\u00f6nnen es an der Sattelst\u00fctze oder an der Sitzstrebe montieren. Beide Lichter k\u00f6nnen schnell abgenommen werden.","breadcrumb":{"@id":"https:\/\/axabikesecurity.com\/de\/product\/axa-dwn-set-70-lux-brake-light\/#breadcrumb"},"inLanguage":"en-US","potentialAction":[{"@type":"ReadAction","target":["https:\/\/axabikesecurity.com\/de\/product\/axa-dwn-set-70-lux-brake-light\/"]}]},{"@type":"ImageObject","inLanguage":"en-US","@id":"https:\/\/axabikesecurity.com\/de\/product\/axa-dwn-set-70-lux-brake-light\/#primaryimage","url":"https:\/\/axabikesecurity.com\/de\/wp-content\/uploads\/sites\/17\/2024\/08\/axa-dwn-set-70-100-lux_E0020614.jpg","contentUrl":"https:\/\/axabikesecurity.com\/de\/wp-content\/uploads\/sites\/17\/2024\/08\/axa-dwn-set-70-100-lux_E0020614.jpg","width":1181,"height":1181},{"@type":"BreadcrumbList","@id":"https:\/\/axabikesecurity.com\/de\/product\/axa-dwn-set-70-lux-brake-light\/#breadcrumb","itemListElement":[{"@type":"ListItem","position":1,"name":"house","item":"https:\/\/axabikesecurity.com\/de\/"},{"@type":"ListItem","position":2,"name":"Produkte","item":"https:\/\/axabikesecurity.com\/de\/producten\/"},{"@type":"ListItem","position":3,"name":"AXA Dwn Set 70 Lux &#8211; Brake light"}]},{"@type":"WebSite","@id":"https:\/\/axabikesecurity.com\/de\/#website","url":"https:\/\/axabikesecurity.com\/de\/","name":"AXA Bike","description":"","potentialAction":[{"@type":"SearchAction","target":{"@type":"EntryPoint","urlTemplate":"https:\/\/axabikesecurity.com\/de\/?s={search_term_string}"},"query-input":{"@type":"PropertyValueSpecification","valueRequired":true,"valueName":"search_term_string"}}],"inLanguage":"en-US"}]}},"jetpack_sharing_enabled":true,"_links":{"self":[{"href":"https:\/\/axabikesecurity.com\/de\/wp-json\/wp\/v2\/product\/18160","targetHints":{"allow":["GET"]}}],"collection":[{"href":"https:\/\/axabikesecurity.com\/de\/wp-json\/wp\/v2\/product"}],"about":[{"href":"https:\/\/axabikesecurity.com\/de\/wp-json\/wp\/v2\/types\/product"}],"replies":[{"embeddable":true,"href":"https:\/\/axabikesecurity.com\/de\/wp-json\/wp\/v2\/comments?post=18160"}],"wp:featuredmedia":[{"embeddable":true,"href":"https:\/\/axabikesecurity.com\/de\/wp-json\/wp\/v2\/media\/19769"}],"wp:attachment":[{"href":"https:\/\/axabikesecurity.com\/de\/wp-json\/wp\/v2\/media?parent=18160"}],"wp:term":[{"taxonomy":"product_brand","embeddable":true,"href":"https:\/\/axabikesecurity.com\/de\/wp-json\/wp\/v2\/product_brand?post=18160"},{"taxonomy":"product_cat","embeddable":true,"href":"https:\/\/axabikesecurity.com\/de\/wp-json\/wp\/v2\/product_cat?post=18160"},{"taxonomy":"product_tag","embeddable":true,"href":"https:\/\/axabikesecurity.com\/de\/wp-json\/wp\/v2\/product_tag?post=18160"}],"curies":[{"name":"wp","href":"https:\/\/api.w.org\/{rel}","templated":true}]}}