{"id":21081,"date":"2026-01-03T23:09:52","date_gmt":"2026-01-03T23:09:52","guid":{"rendered":"https:\/\/axabikesecurity.com\/de\/product\/axa-absolute-5-90\/"},"modified":"2026-01-03T23:09:52","modified_gmt":"2026-01-03T23:09:52","slug":"axa-absolute-5-90","status":"publish","type":"product","link":"https:\/\/axabikesecurity.com\/de\/product\/axa-absolute-5-90\/","title":{"rendered":"AXA Absolute 5-90"},"content":{"rendered":"","protected":false},"excerpt":{"rendered":"","protected":false},"featured_media":20053,"comment_status":"closed","ping_status":"closed","template":"","meta":{"_acf_changed":false,"_trash_the_other_posts":false},"product_brand":[],"product_cat":[1910],"product_tag":[],"class_list":{"0":"post-21081","1":"product","2":"type-product","3":"status-publish","4":"has-post-thumbnail","6":"product_cat-kettenschloss-437","8":"first","9":"instock","10":"shipping-taxable","11":"product-type-variable"},"acf":[],"yoast_head":"<!-- This site is optimized with the Yoast SEO plugin v27.1.1 - https:\/\/yoast.com\/product\/yoast-seo-wordpress\/ -->\n<title>AXA Absolute 5-90 | AXA Bike Security \ud83c\udde9\ud83c\uddea<\/title>\n<meta name=\"description\" content=\"Die Absolute 5-90 ist eine Kette f\u00fcr den Alltag, besonders geeignet, um ihr Fahrrad kurz bis mittelfristig zu parken oder als zweites Schloss. Dieses Kettenschloss hat eine ausgezeichnete Qualit\u00e4t, wenn es um die Schneidest\u00e4rke der Kettenglieder geht, da diese aus geh\u00e4rteten Stahl gefertigt wurden.\" \/>\n<meta name=\"robots\" content=\"index, follow, max-snippet:-1, max-image-preview:large, max-video-preview:-1\" \/>\n<link rel=\"canonical\" href=\"https:\/\/axabikesecurity.com\/de\/product\/axa-absolute-5-90\/\" \/>\n<meta property=\"og:locale\" content=\"en_US\" \/>\n<meta property=\"og:type\" content=\"article\" \/>\n<meta property=\"og:title\" content=\"AXA Absolute 5-90 | AXA Bike Security \ud83c\udde9\ud83c\uddea\" \/>\n<meta property=\"og:description\" content=\"Die Absolute 5-90 ist eine Kette f\u00fcr den Alltag, besonders geeignet, um ihr Fahrrad kurz bis mittelfristig zu parken oder als zweites Schloss. Dieses Kettenschloss hat eine ausgezeichnete Qualit\u00e4t, wenn es um die Schneidest\u00e4rke der Kettenglieder geht, da diese aus geh\u00e4rteten Stahl gefertigt wurden.\" \/>\n<meta property=\"og:url\" content=\"https:\/\/axabikesecurity.com\/de\/product\/axa-absolute-5-90\/\" \/>\n<meta property=\"og:site_name\" content=\"AXA Bike Security \ud83c\udde9\ud83c\uddea\" \/>\n<meta property=\"og:image\" content=\"https:\/\/axabikesecurity.com\/de\/wp-content\/uploads\/sites\/17\/2024\/08\/axa-absolute-5-90_E0011504.jpg\" \/>\n\t<meta property=\"og:image:width\" content=\"787\" \/>\n\t<meta property=\"og:image:height\" content=\"1181\" \/>\n\t<meta property=\"og:image:type\" content=\"image\/jpeg\" \/>\n<meta name=\"twitter:card\" content=\"summary_large_image\" \/>\n<script type=\"application\/ld+json\" class=\"yoast-schema-graph\">{\"@context\":\"https:\/\/schema.org\",\"@graph\":[{\"@type\":\"WebPage\",\"@id\":\"https:\/\/axabikesecurity.com\/de\/product\/axa-absolute-5-90\/\",\"url\":\"https:\/\/axabikesecurity.com\/de\/product\/axa-absolute-5-90\/\",\"name\":\"AXA Absolute 5-90 | AXA Bike Security \ud83c\udde9\ud83c\uddea\",\"isPartOf\":{\"@id\":\"https:\/\/axabikesecurity.com\/de\/#website\"},\"primaryImageOfPage\":{\"@id\":\"https:\/\/axabikesecurity.com\/de\/product\/axa-absolute-5-90\/#primaryimage\"},\"image\":{\"@id\":\"https:\/\/axabikesecurity.com\/de\/product\/axa-absolute-5-90\/#primaryimage\"},\"thumbnailUrl\":\"https:\/\/axabikesecurity.com\/de\/wp-content\/uploads\/sites\/17\/2024\/08\/axa-absolute-5-90_E0011504.jpg\",\"datePublished\":\"2026-01-03T23:09:52+00:00\",\"description\":\"Die Absolute 5-90 ist eine Kette f\u00fcr den Alltag, besonders geeignet, um ihr Fahrrad kurz bis mittelfristig zu parken oder als zweites Schloss. Dieses Kettenschloss hat eine ausgezeichnete Qualit\u00e4t, wenn es um die Schneidest\u00e4rke der Kettenglieder geht, da diese aus geh\u00e4rteten Stahl gefertigt wurden.\",\"breadcrumb\":{\"@id\":\"https:\/\/axabikesecurity.com\/de\/product\/axa-absolute-5-90\/#breadcrumb\"},\"inLanguage\":\"en-US\",\"potentialAction\":[{\"@type\":\"ReadAction\",\"target\":[\"https:\/\/axabikesecurity.com\/de\/product\/axa-absolute-5-90\/\"]}]},{\"@type\":\"ImageObject\",\"inLanguage\":\"en-US\",\"@id\":\"https:\/\/axabikesecurity.com\/de\/product\/axa-absolute-5-90\/#primaryimage\",\"url\":\"https:\/\/axabikesecurity.com\/de\/wp-content\/uploads\/sites\/17\/2024\/08\/axa-absolute-5-90_E0011504.jpg\",\"contentUrl\":\"https:\/\/axabikesecurity.com\/de\/wp-content\/uploads\/sites\/17\/2024\/08\/axa-absolute-5-90_E0011504.jpg\",\"width\":787,\"height\":1181},{\"@type\":\"BreadcrumbList\",\"@id\":\"https:\/\/axabikesecurity.com\/de\/product\/axa-absolute-5-90\/#breadcrumb\",\"itemListElement\":[{\"@type\":\"ListItem\",\"position\":1,\"name\":\"house\",\"item\":\"https:\/\/axabikesecurity.com\/de\/\"},{\"@type\":\"ListItem\",\"position\":2,\"name\":\"Produkte\",\"item\":\"https:\/\/axabikesecurity.com\/de\/producten\/\"},{\"@type\":\"ListItem\",\"position\":3,\"name\":\"AXA Absolute 5-90\"}]},{\"@type\":\"WebSite\",\"@id\":\"https:\/\/axabikesecurity.com\/de\/#website\",\"url\":\"https:\/\/axabikesecurity.com\/de\/\",\"name\":\"AXA Bike\",\"description\":\"\",\"potentialAction\":[{\"@type\":\"SearchAction\",\"target\":{\"@type\":\"EntryPoint\",\"urlTemplate\":\"https:\/\/axabikesecurity.com\/de\/?s={search_term_string}\"},\"query-input\":{\"@type\":\"PropertyValueSpecification\",\"valueRequired\":true,\"valueName\":\"search_term_string\"}}],\"inLanguage\":\"en-US\"}]}<\/script>\n<!-- \/ Yoast SEO plugin. -->","yoast_head_json":{"title":"AXA Absolute 5-90 | AXA Bike Security \ud83c\udde9\ud83c\uddea","description":"Die Absolute 5-90 ist eine Kette f\u00fcr den Alltag, besonders geeignet, um ihr Fahrrad kurz bis mittelfristig zu parken oder als zweites Schloss. Dieses Kettenschloss hat eine ausgezeichnete Qualit\u00e4t, wenn es um die Schneidest\u00e4rke der Kettenglieder geht, da diese aus geh\u00e4rteten Stahl gefertigt wurden.","robots":{"index":"index","follow":"follow","max-snippet":"max-snippet:-1","max-image-preview":"max-image-preview:large","max-video-preview":"max-video-preview:-1"},"canonical":"https:\/\/axabikesecurity.com\/de\/product\/axa-absolute-5-90\/","og_locale":"en_US","og_type":"article","og_title":"AXA Absolute 5-90 | AXA Bike Security \ud83c\udde9\ud83c\uddea","og_description":"Die Absolute 5-90 ist eine Kette f\u00fcr den Alltag, besonders geeignet, um ihr Fahrrad kurz bis mittelfristig zu parken oder als zweites Schloss. Dieses Kettenschloss hat eine ausgezeichnete Qualit\u00e4t, wenn es um die Schneidest\u00e4rke der Kettenglieder geht, da diese aus geh\u00e4rteten Stahl gefertigt wurden.","og_url":"https:\/\/axabikesecurity.com\/de\/product\/axa-absolute-5-90\/","og_site_name":"AXA Bike Security \ud83c\udde9\ud83c\uddea","og_image":[{"width":787,"height":1181,"url":"https:\/\/axabikesecurity.com\/de\/wp-content\/uploads\/sites\/17\/2024\/08\/axa-absolute-5-90_E0011504.jpg","type":"image\/jpeg"}],"twitter_card":"summary_large_image","schema":{"@context":"https:\/\/schema.org","@graph":[{"@type":"WebPage","@id":"https:\/\/axabikesecurity.com\/de\/product\/axa-absolute-5-90\/","url":"https:\/\/axabikesecurity.com\/de\/product\/axa-absolute-5-90\/","name":"AXA Absolute 5-90 | AXA Bike Security \ud83c\udde9\ud83c\uddea","isPartOf":{"@id":"https:\/\/axabikesecurity.com\/de\/#website"},"primaryImageOfPage":{"@id":"https:\/\/axabikesecurity.com\/de\/product\/axa-absolute-5-90\/#primaryimage"},"image":{"@id":"https:\/\/axabikesecurity.com\/de\/product\/axa-absolute-5-90\/#primaryimage"},"thumbnailUrl":"https:\/\/axabikesecurity.com\/de\/wp-content\/uploads\/sites\/17\/2024\/08\/axa-absolute-5-90_E0011504.jpg","datePublished":"2026-01-03T23:09:52+00:00","description":"Die Absolute 5-90 ist eine Kette f\u00fcr den Alltag, besonders geeignet, um ihr Fahrrad kurz bis mittelfristig zu parken oder als zweites Schloss. Dieses Kettenschloss hat eine ausgezeichnete Qualit\u00e4t, wenn es um die Schneidest\u00e4rke der Kettenglieder geht, da diese aus geh\u00e4rteten Stahl gefertigt wurden.","breadcrumb":{"@id":"https:\/\/axabikesecurity.com\/de\/product\/axa-absolute-5-90\/#breadcrumb"},"inLanguage":"en-US","potentialAction":[{"@type":"ReadAction","target":["https:\/\/axabikesecurity.com\/de\/product\/axa-absolute-5-90\/"]}]},{"@type":"ImageObject","inLanguage":"en-US","@id":"https:\/\/axabikesecurity.com\/de\/product\/axa-absolute-5-90\/#primaryimage","url":"https:\/\/axabikesecurity.com\/de\/wp-content\/uploads\/sites\/17\/2024\/08\/axa-absolute-5-90_E0011504.jpg","contentUrl":"https:\/\/axabikesecurity.com\/de\/wp-content\/uploads\/sites\/17\/2024\/08\/axa-absolute-5-90_E0011504.jpg","width":787,"height":1181},{"@type":"BreadcrumbList","@id":"https:\/\/axabikesecurity.com\/de\/product\/axa-absolute-5-90\/#breadcrumb","itemListElement":[{"@type":"ListItem","position":1,"name":"house","item":"https:\/\/axabikesecurity.com\/de\/"},{"@type":"ListItem","position":2,"name":"Produkte","item":"https:\/\/axabikesecurity.com\/de\/producten\/"},{"@type":"ListItem","position":3,"name":"AXA Absolute 5-90"}]},{"@type":"WebSite","@id":"https:\/\/axabikesecurity.com\/de\/#website","url":"https:\/\/axabikesecurity.com\/de\/","name":"AXA Bike","description":"","potentialAction":[{"@type":"SearchAction","target":{"@type":"EntryPoint","urlTemplate":"https:\/\/axabikesecurity.com\/de\/?s={search_term_string}"},"query-input":{"@type":"PropertyValueSpecification","valueRequired":true,"valueName":"search_term_string"}}],"inLanguage":"en-US"}]}},"jetpack_sharing_enabled":true,"_links":{"self":[{"href":"https:\/\/axabikesecurity.com\/de\/wp-json\/wp\/v2\/product\/21081","targetHints":{"allow":["GET"]}}],"collection":[{"href":"https:\/\/axabikesecurity.com\/de\/wp-json\/wp\/v2\/product"}],"about":[{"href":"https:\/\/axabikesecurity.com\/de\/wp-json\/wp\/v2\/types\/product"}],"replies":[{"embeddable":true,"href":"https:\/\/axabikesecurity.com\/de\/wp-json\/wp\/v2\/comments?post=21081"}],"wp:featuredmedia":[{"embeddable":true,"href":"https:\/\/axabikesecurity.com\/de\/wp-json\/wp\/v2\/media\/20053"}],"wp:attachment":[{"href":"https:\/\/axabikesecurity.com\/de\/wp-json\/wp\/v2\/media?parent=21081"}],"wp:term":[{"taxonomy":"product_brand","embeddable":true,"href":"https:\/\/axabikesecurity.com\/de\/wp-json\/wp\/v2\/product_brand?post=21081"},{"taxonomy":"product_cat","embeddable":true,"href":"https:\/\/axabikesecurity.com\/de\/wp-json\/wp\/v2\/product_cat?post=21081"},{"taxonomy":"product_tag","embeddable":true,"href":"https:\/\/axabikesecurity.com\/de\/wp-json\/wp\/v2\/product_tag?post=21081"}],"curies":[{"name":"wp","href":"https:\/\/api.w.org\/{rel}","templated":true}]}}