{"id":21129,"date":"2025-07-24T23:00:41","date_gmt":"2025-07-24T23:00:41","guid":{"rendered":"https:\/\/axabikesecurity.com\/de\/product\/axa-combo-8-u-lock\/"},"modified":"2025-07-24T23:00:42","modified_gmt":"2025-07-24T23:00:42","slug":"axa-combo-8-u-lock","status":"publish","type":"product","link":"https:\/\/axabikesecurity.com\/de\/product\/axa-combo-8-u-lock\/","title":{"rendered":"AXA COMBO 8 U-LOCK"},"content":{"rendered":"","protected":false},"excerpt":{"rendered":"","protected":false},"featured_media":21131,"comment_status":"closed","ping_status":"closed","template":"","meta":{"_acf_changed":false,"_trash_the_other_posts":false},"product_brand":[],"product_cat":[1913],"product_tag":[],"class_list":{"0":"post-21129","1":"product","2":"type-product","3":"status-publish","4":"has-post-thumbnail","6":"product_cat-bugelschloss-440","8":"first","9":"instock","10":"shipping-taxable","11":"product-type-variable"},"acf":[],"yoast_head":"<!-- This site is optimized with the Yoast SEO plugin v27.4 - https:\/\/yoast.com\/product\/yoast-seo-wordpress\/ -->\n<title>AXA COMBO 8 U-LOCK | AXA Bike Security \ud83c\udde9\ud83c\uddea<\/title>\n<meta name=\"description\" content=\"Das AXA Combo U-Lock ist die perfekte Kombination aus St\u00e4rke, Komfort und Zuverl\u00e4ssigkeit f\u00fcr den t\u00e4glichen Gebrauch. Dieses robuste Schloss verf\u00fcgt \u00fcber einen widerstandsf\u00e4higen U-f\u00f6rmigen B\u00fcgel, der schwer zu knacken ist und somit dein Fahrrad optimal sch\u00fctzt. Das integrierte Zahlenschloss erm\u00f6glicht es dir, dein Fahrrad schnell und ohne Schl\u00fcssel zu sichern oder zu \u00f6ffnen \u2013 f\u00fcr zus\u00e4tzlichen Komfort.\" \/>\n<meta name=\"robots\" content=\"index, follow, max-snippet:-1, max-image-preview:large, max-video-preview:-1\" \/>\n<link rel=\"canonical\" href=\"https:\/\/axabikesecurity.com\/de\/product\/axa-combo-8-u-lock\/\" \/>\n<meta property=\"og:locale\" content=\"en_US\" \/>\n<meta property=\"og:type\" content=\"article\" \/>\n<meta property=\"og:title\" content=\"AXA COMBO 8 U-LOCK | AXA Bike Security \ud83c\udde9\ud83c\uddea\" \/>\n<meta property=\"og:description\" content=\"Das AXA Combo U-Lock ist die perfekte Kombination aus St\u00e4rke, Komfort und Zuverl\u00e4ssigkeit f\u00fcr den t\u00e4glichen Gebrauch. Dieses robuste Schloss verf\u00fcgt \u00fcber einen widerstandsf\u00e4higen U-f\u00f6rmigen B\u00fcgel, der schwer zu knacken ist und somit dein Fahrrad optimal sch\u00fctzt. Das integrierte Zahlenschloss erm\u00f6glicht es dir, dein Fahrrad schnell und ohne Schl\u00fcssel zu sichern oder zu \u00f6ffnen \u2013 f\u00fcr zus\u00e4tzlichen Komfort.\" \/>\n<meta property=\"og:url\" content=\"https:\/\/axabikesecurity.com\/de\/product\/axa-combo-8-u-lock\/\" \/>\n<meta property=\"og:site_name\" content=\"AXA Bike Security \ud83c\udde9\ud83c\uddea\" \/>\n<meta property=\"article:modified_time\" content=\"2025-07-24T23:00:42+00:00\" \/>\n<meta property=\"og:image\" content=\"https:\/\/axabikesecurity.com\/de\/wp-content\/uploads\/sites\/17\/2025\/07\/axa-combo-8-u-lock-front_E0025574.jpg\" \/>\n\t<meta property=\"og:image:width\" content=\"1181\" \/>\n\t<meta property=\"og:image:height\" content=\"1181\" \/>\n\t<meta property=\"og:image:type\" content=\"image\/jpeg\" \/>\n<meta name=\"twitter:card\" content=\"summary_large_image\" \/>\n<script type=\"application\/ld+json\" class=\"yoast-schema-graph\">{\"@context\":\"https:\\\/\\\/schema.org\",\"@graph\":[{\"@type\":\"WebPage\",\"@id\":\"https:\\\/\\\/axabikesecurity.com\\\/de\\\/product\\\/axa-combo-8-u-lock\\\/\",\"url\":\"https:\\\/\\\/axabikesecurity.com\\\/de\\\/product\\\/axa-combo-8-u-lock\\\/\",\"name\":\"AXA COMBO 8 U-LOCK | AXA Bike Security \ud83c\udde9\ud83c\uddea\",\"isPartOf\":{\"@id\":\"https:\\\/\\\/axabikesecurity.com\\\/de\\\/#website\"},\"primaryImageOfPage\":{\"@id\":\"https:\\\/\\\/axabikesecurity.com\\\/de\\\/product\\\/axa-combo-8-u-lock\\\/#primaryimage\"},\"image\":{\"@id\":\"https:\\\/\\\/axabikesecurity.com\\\/de\\\/product\\\/axa-combo-8-u-lock\\\/#primaryimage\"},\"thumbnailUrl\":\"https:\\\/\\\/axabikesecurity.com\\\/de\\\/wp-content\\\/uploads\\\/sites\\\/17\\\/2025\\\/07\\\/axa-combo-8-u-lock-front_E0025574.jpg\",\"datePublished\":\"2025-07-24T23:00:41+00:00\",\"dateModified\":\"2025-07-24T23:00:42+00:00\",\"description\":\"Das AXA Combo U-Lock ist die perfekte Kombination aus St\u00e4rke, Komfort und Zuverl\u00e4ssigkeit f\u00fcr den t\u00e4glichen Gebrauch. Dieses robuste Schloss verf\u00fcgt \u00fcber einen widerstandsf\u00e4higen U-f\u00f6rmigen B\u00fcgel, der schwer zu knacken ist und somit dein Fahrrad optimal sch\u00fctzt. Das integrierte Zahlenschloss erm\u00f6glicht es dir, dein Fahrrad schnell und ohne Schl\u00fcssel zu sichern oder zu \u00f6ffnen \u2013 f\u00fcr zus\u00e4tzlichen Komfort.\",\"breadcrumb\":{\"@id\":\"https:\\\/\\\/axabikesecurity.com\\\/de\\\/product\\\/axa-combo-8-u-lock\\\/#breadcrumb\"},\"inLanguage\":\"en-US\",\"potentialAction\":[{\"@type\":\"ReadAction\",\"target\":[\"https:\\\/\\\/axabikesecurity.com\\\/de\\\/product\\\/axa-combo-8-u-lock\\\/\"]}]},{\"@type\":\"ImageObject\",\"inLanguage\":\"en-US\",\"@id\":\"https:\\\/\\\/axabikesecurity.com\\\/de\\\/product\\\/axa-combo-8-u-lock\\\/#primaryimage\",\"url\":\"https:\\\/\\\/axabikesecurity.com\\\/de\\\/wp-content\\\/uploads\\\/sites\\\/17\\\/2025\\\/07\\\/axa-combo-8-u-lock-front_E0025574.jpg\",\"contentUrl\":\"https:\\\/\\\/axabikesecurity.com\\\/de\\\/wp-content\\\/uploads\\\/sites\\\/17\\\/2025\\\/07\\\/axa-combo-8-u-lock-front_E0025574.jpg\",\"width\":1181,\"height\":1181},{\"@type\":\"BreadcrumbList\",\"@id\":\"https:\\\/\\\/axabikesecurity.com\\\/de\\\/product\\\/axa-combo-8-u-lock\\\/#breadcrumb\",\"itemListElement\":[{\"@type\":\"ListItem\",\"position\":1,\"name\":\"house\",\"item\":\"https:\\\/\\\/axabikesecurity.com\\\/de\\\/\"},{\"@type\":\"ListItem\",\"position\":2,\"name\":\"Produkte\",\"item\":\"https:\\\/\\\/axabikesecurity.com\\\/de\\\/producten\\\/\"},{\"@type\":\"ListItem\",\"position\":3,\"name\":\"AXA COMBO 8 U-LOCK\"}]},{\"@type\":\"WebSite\",\"@id\":\"https:\\\/\\\/axabikesecurity.com\\\/de\\\/#website\",\"url\":\"https:\\\/\\\/axabikesecurity.com\\\/de\\\/\",\"name\":\"AXA Bike\",\"description\":\"\",\"potentialAction\":[{\"@type\":\"SearchAction\",\"target\":{\"@type\":\"EntryPoint\",\"urlTemplate\":\"https:\\\/\\\/axabikesecurity.com\\\/de\\\/?s={search_term_string}\"},\"query-input\":{\"@type\":\"PropertyValueSpecification\",\"valueRequired\":true,\"valueName\":\"search_term_string\"}}],\"inLanguage\":\"en-US\"}]}<\/script>\n<!-- \/ Yoast SEO plugin. -->","yoast_head_json":{"title":"AXA COMBO 8 U-LOCK | AXA Bike Security \ud83c\udde9\ud83c\uddea","description":"Das AXA Combo U-Lock ist die perfekte Kombination aus St\u00e4rke, Komfort und Zuverl\u00e4ssigkeit f\u00fcr den t\u00e4glichen Gebrauch. Dieses robuste Schloss verf\u00fcgt \u00fcber einen widerstandsf\u00e4higen U-f\u00f6rmigen B\u00fcgel, der schwer zu knacken ist und somit dein Fahrrad optimal sch\u00fctzt. Das integrierte Zahlenschloss erm\u00f6glicht es dir, dein Fahrrad schnell und ohne Schl\u00fcssel zu sichern oder zu \u00f6ffnen \u2013 f\u00fcr zus\u00e4tzlichen Komfort.","robots":{"index":"index","follow":"follow","max-snippet":"max-snippet:-1","max-image-preview":"max-image-preview:large","max-video-preview":"max-video-preview:-1"},"canonical":"https:\/\/axabikesecurity.com\/de\/product\/axa-combo-8-u-lock\/","og_locale":"en_US","og_type":"article","og_title":"AXA COMBO 8 U-LOCK | AXA Bike Security \ud83c\udde9\ud83c\uddea","og_description":"Das AXA Combo U-Lock ist die perfekte Kombination aus St\u00e4rke, Komfort und Zuverl\u00e4ssigkeit f\u00fcr den t\u00e4glichen Gebrauch. Dieses robuste Schloss verf\u00fcgt \u00fcber einen widerstandsf\u00e4higen U-f\u00f6rmigen B\u00fcgel, der schwer zu knacken ist und somit dein Fahrrad optimal sch\u00fctzt. Das integrierte Zahlenschloss erm\u00f6glicht es dir, dein Fahrrad schnell und ohne Schl\u00fcssel zu sichern oder zu \u00f6ffnen \u2013 f\u00fcr zus\u00e4tzlichen Komfort.","og_url":"https:\/\/axabikesecurity.com\/de\/product\/axa-combo-8-u-lock\/","og_site_name":"AXA Bike Security \ud83c\udde9\ud83c\uddea","article_modified_time":"2025-07-24T23:00:42+00:00","og_image":[{"width":1181,"height":1181,"url":"https:\/\/axabikesecurity.com\/de\/wp-content\/uploads\/sites\/17\/2025\/07\/axa-combo-8-u-lock-front_E0025574.jpg","type":"image\/jpeg"}],"twitter_card":"summary_large_image","schema":{"@context":"https:\/\/schema.org","@graph":[{"@type":"WebPage","@id":"https:\/\/axabikesecurity.com\/de\/product\/axa-combo-8-u-lock\/","url":"https:\/\/axabikesecurity.com\/de\/product\/axa-combo-8-u-lock\/","name":"AXA COMBO 8 U-LOCK | AXA Bike Security \ud83c\udde9\ud83c\uddea","isPartOf":{"@id":"https:\/\/axabikesecurity.com\/de\/#website"},"primaryImageOfPage":{"@id":"https:\/\/axabikesecurity.com\/de\/product\/axa-combo-8-u-lock\/#primaryimage"},"image":{"@id":"https:\/\/axabikesecurity.com\/de\/product\/axa-combo-8-u-lock\/#primaryimage"},"thumbnailUrl":"https:\/\/axabikesecurity.com\/de\/wp-content\/uploads\/sites\/17\/2025\/07\/axa-combo-8-u-lock-front_E0025574.jpg","datePublished":"2025-07-24T23:00:41+00:00","dateModified":"2025-07-24T23:00:42+00:00","description":"Das AXA Combo U-Lock ist die perfekte Kombination aus St\u00e4rke, Komfort und Zuverl\u00e4ssigkeit f\u00fcr den t\u00e4glichen Gebrauch. Dieses robuste Schloss verf\u00fcgt \u00fcber einen widerstandsf\u00e4higen U-f\u00f6rmigen B\u00fcgel, der schwer zu knacken ist und somit dein Fahrrad optimal sch\u00fctzt. Das integrierte Zahlenschloss erm\u00f6glicht es dir, dein Fahrrad schnell und ohne Schl\u00fcssel zu sichern oder zu \u00f6ffnen \u2013 f\u00fcr zus\u00e4tzlichen Komfort.","breadcrumb":{"@id":"https:\/\/axabikesecurity.com\/de\/product\/axa-combo-8-u-lock\/#breadcrumb"},"inLanguage":"en-US","potentialAction":[{"@type":"ReadAction","target":["https:\/\/axabikesecurity.com\/de\/product\/axa-combo-8-u-lock\/"]}]},{"@type":"ImageObject","inLanguage":"en-US","@id":"https:\/\/axabikesecurity.com\/de\/product\/axa-combo-8-u-lock\/#primaryimage","url":"https:\/\/axabikesecurity.com\/de\/wp-content\/uploads\/sites\/17\/2025\/07\/axa-combo-8-u-lock-front_E0025574.jpg","contentUrl":"https:\/\/axabikesecurity.com\/de\/wp-content\/uploads\/sites\/17\/2025\/07\/axa-combo-8-u-lock-front_E0025574.jpg","width":1181,"height":1181},{"@type":"BreadcrumbList","@id":"https:\/\/axabikesecurity.com\/de\/product\/axa-combo-8-u-lock\/#breadcrumb","itemListElement":[{"@type":"ListItem","position":1,"name":"house","item":"https:\/\/axabikesecurity.com\/de\/"},{"@type":"ListItem","position":2,"name":"Produkte","item":"https:\/\/axabikesecurity.com\/de\/producten\/"},{"@type":"ListItem","position":3,"name":"AXA COMBO 8 U-LOCK"}]},{"@type":"WebSite","@id":"https:\/\/axabikesecurity.com\/de\/#website","url":"https:\/\/axabikesecurity.com\/de\/","name":"AXA Bike","description":"","potentialAction":[{"@type":"SearchAction","target":{"@type":"EntryPoint","urlTemplate":"https:\/\/axabikesecurity.com\/de\/?s={search_term_string}"},"query-input":{"@type":"PropertyValueSpecification","valueRequired":true,"valueName":"search_term_string"}}],"inLanguage":"en-US"}]}},"jetpack_sharing_enabled":true,"_links":{"self":[{"href":"https:\/\/axabikesecurity.com\/de\/wp-json\/wp\/v2\/product\/21129","targetHints":{"allow":["GET"]}}],"collection":[{"href":"https:\/\/axabikesecurity.com\/de\/wp-json\/wp\/v2\/product"}],"about":[{"href":"https:\/\/axabikesecurity.com\/de\/wp-json\/wp\/v2\/types\/product"}],"replies":[{"embeddable":true,"href":"https:\/\/axabikesecurity.com\/de\/wp-json\/wp\/v2\/comments?post=21129"}],"wp:featuredmedia":[{"embeddable":true,"href":"https:\/\/axabikesecurity.com\/de\/wp-json\/wp\/v2\/media\/21131"}],"wp:attachment":[{"href":"https:\/\/axabikesecurity.com\/de\/wp-json\/wp\/v2\/media?parent=21129"}],"wp:term":[{"taxonomy":"product_brand","embeddable":true,"href":"https:\/\/axabikesecurity.com\/de\/wp-json\/wp\/v2\/product_brand?post=21129"},{"taxonomy":"product_cat","embeddable":true,"href":"https:\/\/axabikesecurity.com\/de\/wp-json\/wp\/v2\/product_cat?post=21129"},{"taxonomy":"product_tag","embeddable":true,"href":"https:\/\/axabikesecurity.com\/de\/wp-json\/wp\/v2\/product_tag?post=21129"}],"curies":[{"name":"wp","href":"https:\/\/api.w.org\/{rel}","templated":true}]}}