{"id":21201,"date":"2026-01-03T23:03:33","date_gmt":"2026-01-03T23:03:33","guid":{"rendered":"https:\/\/axabikesecurity.com\/de\/product\/axa-slim-steady-50-mm-2\/"},"modified":"2026-01-03T23:03:33","modified_gmt":"2026-01-03T23:03:33","slug":"axa-slim-steady-50-mm","status":"publish","type":"product","link":"https:\/\/axabikesecurity.com\/de\/product\/axa-slim-steady-50-mm\/","title":{"rendered":"AXA Slim Steady 50 mm"},"content":{"rendered":"","protected":false},"excerpt":{"rendered":"","protected":false},"featured_media":19724,"comment_status":"closed","ping_status":"closed","template":"","meta":{"_acf_changed":false,"_trash_the_other_posts":false},"product_brand":[],"product_cat":[1903],"product_tag":[],"class_list":{"0":"post-21201","1":"product","2":"type-product","3":"status-publish","4":"has-post-thumbnail","6":"product_cat-dynamo-rucklicht-449","8":"first","9":"instock","10":"shipping-taxable","11":"product-type-variable"},"acf":[],"yoast_head":"<!-- This site is optimized with the Yoast SEO plugin v27.1.1 - https:\/\/yoast.com\/product\/yoast-seo-wordpress\/ -->\n<title>AXA Slim Steady 50 mm | AXA Bike Security \ud83c\udde9\ud83c\uddea<\/title>\n<meta name=\"description\" content=\"Das Slim-Steady-Design passt ausgezeichnet zu dem Trend zu immer leichteren und schmaler aussehenden Fahrr\u00e4dern. Dieses R\u00fccklicht ist noch nicht einmal 20 mm dick und kann dank seiner minimalen Produkth\u00f6he auf nahezu jedem Gep\u00e4cktr\u00e4ger verwendet werden.\" \/>\n<meta name=\"robots\" content=\"index, follow, max-snippet:-1, max-image-preview:large, max-video-preview:-1\" \/>\n<link rel=\"canonical\" href=\"https:\/\/axabikesecurity.com\/de\/product\/axa-slim-steady-50-mm\/\" \/>\n<meta property=\"og:locale\" content=\"en_US\" \/>\n<meta property=\"og:type\" content=\"article\" \/>\n<meta property=\"og:title\" content=\"AXA Slim Steady 50 mm | AXA Bike Security \ud83c\udde9\ud83c\uddea\" \/>\n<meta property=\"og:description\" content=\"Das Slim-Steady-Design passt ausgezeichnet zu dem Trend zu immer leichteren und schmaler aussehenden Fahrr\u00e4dern. Dieses R\u00fccklicht ist noch nicht einmal 20 mm dick und kann dank seiner minimalen Produkth\u00f6he auf nahezu jedem Gep\u00e4cktr\u00e4ger verwendet werden.\" \/>\n<meta property=\"og:url\" content=\"https:\/\/axabikesecurity.com\/de\/product\/axa-slim-steady-50-mm\/\" \/>\n<meta property=\"og:site_name\" content=\"AXA Bike Security \ud83c\udde9\ud83c\uddea\" \/>\n<meta property=\"og:image\" content=\"https:\/\/axabikesecurity.com\/de\/wp-content\/uploads\/sites\/17\/2024\/08\/axa-slim-steady_E0006051.jpg\" \/>\n\t<meta property=\"og:image:width\" content=\"1181\" \/>\n\t<meta property=\"og:image:height\" content=\"664\" \/>\n\t<meta property=\"og:image:type\" content=\"image\/jpeg\" \/>\n<meta name=\"twitter:card\" content=\"summary_large_image\" \/>\n<script type=\"application\/ld+json\" class=\"yoast-schema-graph\">{\"@context\":\"https:\/\/schema.org\",\"@graph\":[{\"@type\":\"WebPage\",\"@id\":\"https:\/\/axabikesecurity.com\/de\/product\/axa-slim-steady-50-mm\/\",\"url\":\"https:\/\/axabikesecurity.com\/de\/product\/axa-slim-steady-50-mm\/\",\"name\":\"AXA Slim Steady 50 mm | AXA Bike Security \ud83c\udde9\ud83c\uddea\",\"isPartOf\":{\"@id\":\"https:\/\/axabikesecurity.com\/de\/#website\"},\"primaryImageOfPage\":{\"@id\":\"https:\/\/axabikesecurity.com\/de\/product\/axa-slim-steady-50-mm\/#primaryimage\"},\"image\":{\"@id\":\"https:\/\/axabikesecurity.com\/de\/product\/axa-slim-steady-50-mm\/#primaryimage\"},\"thumbnailUrl\":\"https:\/\/axabikesecurity.com\/de\/wp-content\/uploads\/sites\/17\/2024\/08\/axa-slim-steady_E0006051.jpg\",\"datePublished\":\"2026-01-03T23:03:33+00:00\",\"description\":\"Das Slim-Steady-Design passt ausgezeichnet zu dem Trend zu immer leichteren und schmaler aussehenden Fahrr\u00e4dern. Dieses R\u00fccklicht ist noch nicht einmal 20 mm dick und kann dank seiner minimalen Produkth\u00f6he auf nahezu jedem Gep\u00e4cktr\u00e4ger verwendet werden.\",\"breadcrumb\":{\"@id\":\"https:\/\/axabikesecurity.com\/de\/product\/axa-slim-steady-50-mm\/#breadcrumb\"},\"inLanguage\":\"en-US\",\"potentialAction\":[{\"@type\":\"ReadAction\",\"target\":[\"https:\/\/axabikesecurity.com\/de\/product\/axa-slim-steady-50-mm\/\"]}]},{\"@type\":\"ImageObject\",\"inLanguage\":\"en-US\",\"@id\":\"https:\/\/axabikesecurity.com\/de\/product\/axa-slim-steady-50-mm\/#primaryimage\",\"url\":\"https:\/\/axabikesecurity.com\/de\/wp-content\/uploads\/sites\/17\/2024\/08\/axa-slim-steady_E0006051.jpg\",\"contentUrl\":\"https:\/\/axabikesecurity.com\/de\/wp-content\/uploads\/sites\/17\/2024\/08\/axa-slim-steady_E0006051.jpg\",\"width\":1181,\"height\":664},{\"@type\":\"BreadcrumbList\",\"@id\":\"https:\/\/axabikesecurity.com\/de\/product\/axa-slim-steady-50-mm\/#breadcrumb\",\"itemListElement\":[{\"@type\":\"ListItem\",\"position\":1,\"name\":\"house\",\"item\":\"https:\/\/axabikesecurity.com\/de\/\"},{\"@type\":\"ListItem\",\"position\":2,\"name\":\"Produkte\",\"item\":\"https:\/\/axabikesecurity.com\/de\/producten\/\"},{\"@type\":\"ListItem\",\"position\":3,\"name\":\"AXA Slim Steady 50 mm\"}]},{\"@type\":\"WebSite\",\"@id\":\"https:\/\/axabikesecurity.com\/de\/#website\",\"url\":\"https:\/\/axabikesecurity.com\/de\/\",\"name\":\"AXA Bike\",\"description\":\"\",\"potentialAction\":[{\"@type\":\"SearchAction\",\"target\":{\"@type\":\"EntryPoint\",\"urlTemplate\":\"https:\/\/axabikesecurity.com\/de\/?s={search_term_string}\"},\"query-input\":{\"@type\":\"PropertyValueSpecification\",\"valueRequired\":true,\"valueName\":\"search_term_string\"}}],\"inLanguage\":\"en-US\"}]}<\/script>\n<!-- \/ Yoast SEO plugin. -->","yoast_head_json":{"title":"AXA Slim Steady 50 mm | AXA Bike Security \ud83c\udde9\ud83c\uddea","description":"Das Slim-Steady-Design passt ausgezeichnet zu dem Trend zu immer leichteren und schmaler aussehenden Fahrr\u00e4dern. Dieses R\u00fccklicht ist noch nicht einmal 20 mm dick und kann dank seiner minimalen Produkth\u00f6he auf nahezu jedem Gep\u00e4cktr\u00e4ger verwendet werden.","robots":{"index":"index","follow":"follow","max-snippet":"max-snippet:-1","max-image-preview":"max-image-preview:large","max-video-preview":"max-video-preview:-1"},"canonical":"https:\/\/axabikesecurity.com\/de\/product\/axa-slim-steady-50-mm\/","og_locale":"en_US","og_type":"article","og_title":"AXA Slim Steady 50 mm | AXA Bike Security \ud83c\udde9\ud83c\uddea","og_description":"Das Slim-Steady-Design passt ausgezeichnet zu dem Trend zu immer leichteren und schmaler aussehenden Fahrr\u00e4dern. Dieses R\u00fccklicht ist noch nicht einmal 20 mm dick und kann dank seiner minimalen Produkth\u00f6he auf nahezu jedem Gep\u00e4cktr\u00e4ger verwendet werden.","og_url":"https:\/\/axabikesecurity.com\/de\/product\/axa-slim-steady-50-mm\/","og_site_name":"AXA Bike Security \ud83c\udde9\ud83c\uddea","og_image":[{"width":1181,"height":664,"url":"https:\/\/axabikesecurity.com\/de\/wp-content\/uploads\/sites\/17\/2024\/08\/axa-slim-steady_E0006051.jpg","type":"image\/jpeg"}],"twitter_card":"summary_large_image","schema":{"@context":"https:\/\/schema.org","@graph":[{"@type":"WebPage","@id":"https:\/\/axabikesecurity.com\/de\/product\/axa-slim-steady-50-mm\/","url":"https:\/\/axabikesecurity.com\/de\/product\/axa-slim-steady-50-mm\/","name":"AXA Slim Steady 50 mm | AXA Bike Security \ud83c\udde9\ud83c\uddea","isPartOf":{"@id":"https:\/\/axabikesecurity.com\/de\/#website"},"primaryImageOfPage":{"@id":"https:\/\/axabikesecurity.com\/de\/product\/axa-slim-steady-50-mm\/#primaryimage"},"image":{"@id":"https:\/\/axabikesecurity.com\/de\/product\/axa-slim-steady-50-mm\/#primaryimage"},"thumbnailUrl":"https:\/\/axabikesecurity.com\/de\/wp-content\/uploads\/sites\/17\/2024\/08\/axa-slim-steady_E0006051.jpg","datePublished":"2026-01-03T23:03:33+00:00","description":"Das Slim-Steady-Design passt ausgezeichnet zu dem Trend zu immer leichteren und schmaler aussehenden Fahrr\u00e4dern. Dieses R\u00fccklicht ist noch nicht einmal 20 mm dick und kann dank seiner minimalen Produkth\u00f6he auf nahezu jedem Gep\u00e4cktr\u00e4ger verwendet werden.","breadcrumb":{"@id":"https:\/\/axabikesecurity.com\/de\/product\/axa-slim-steady-50-mm\/#breadcrumb"},"inLanguage":"en-US","potentialAction":[{"@type":"ReadAction","target":["https:\/\/axabikesecurity.com\/de\/product\/axa-slim-steady-50-mm\/"]}]},{"@type":"ImageObject","inLanguage":"en-US","@id":"https:\/\/axabikesecurity.com\/de\/product\/axa-slim-steady-50-mm\/#primaryimage","url":"https:\/\/axabikesecurity.com\/de\/wp-content\/uploads\/sites\/17\/2024\/08\/axa-slim-steady_E0006051.jpg","contentUrl":"https:\/\/axabikesecurity.com\/de\/wp-content\/uploads\/sites\/17\/2024\/08\/axa-slim-steady_E0006051.jpg","width":1181,"height":664},{"@type":"BreadcrumbList","@id":"https:\/\/axabikesecurity.com\/de\/product\/axa-slim-steady-50-mm\/#breadcrumb","itemListElement":[{"@type":"ListItem","position":1,"name":"house","item":"https:\/\/axabikesecurity.com\/de\/"},{"@type":"ListItem","position":2,"name":"Produkte","item":"https:\/\/axabikesecurity.com\/de\/producten\/"},{"@type":"ListItem","position":3,"name":"AXA Slim Steady 50 mm"}]},{"@type":"WebSite","@id":"https:\/\/axabikesecurity.com\/de\/#website","url":"https:\/\/axabikesecurity.com\/de\/","name":"AXA Bike","description":"","potentialAction":[{"@type":"SearchAction","target":{"@type":"EntryPoint","urlTemplate":"https:\/\/axabikesecurity.com\/de\/?s={search_term_string}"},"query-input":{"@type":"PropertyValueSpecification","valueRequired":true,"valueName":"search_term_string"}}],"inLanguage":"en-US"}]}},"jetpack_sharing_enabled":true,"_links":{"self":[{"href":"https:\/\/axabikesecurity.com\/de\/wp-json\/wp\/v2\/product\/21201","targetHints":{"allow":["GET"]}}],"collection":[{"href":"https:\/\/axabikesecurity.com\/de\/wp-json\/wp\/v2\/product"}],"about":[{"href":"https:\/\/axabikesecurity.com\/de\/wp-json\/wp\/v2\/types\/product"}],"replies":[{"embeddable":true,"href":"https:\/\/axabikesecurity.com\/de\/wp-json\/wp\/v2\/comments?post=21201"}],"wp:featuredmedia":[{"embeddable":true,"href":"https:\/\/axabikesecurity.com\/de\/wp-json\/wp\/v2\/media\/19724"}],"wp:attachment":[{"href":"https:\/\/axabikesecurity.com\/de\/wp-json\/wp\/v2\/media?parent=21201"}],"wp:term":[{"taxonomy":"product_brand","embeddable":true,"href":"https:\/\/axabikesecurity.com\/de\/wp-json\/wp\/v2\/product_brand?post=21201"},{"taxonomy":"product_cat","embeddable":true,"href":"https:\/\/axabikesecurity.com\/de\/wp-json\/wp\/v2\/product_cat?post=21201"},{"taxonomy":"product_tag","embeddable":true,"href":"https:\/\/axabikesecurity.com\/de\/wp-json\/wp\/v2\/product_tag?post=21201"}],"curies":[{"name":"wp","href":"https:\/\/api.w.org\/{rel}","templated":true}]}}