{"id":21224,"date":"2026-01-03T23:00:40","date_gmt":"2026-01-03T23:00:40","guid":{"rendered":"https:\/\/axabikesecurity.com\/de\/product\/axa-nox-city-auto-off-2\/"},"modified":"2026-01-03T23:00:41","modified_gmt":"2026-01-03T23:00:41","slug":"axa-nox-city-auto-off","status":"publish","type":"product","link":"https:\/\/axabikesecurity.com\/de\/product\/axa-nox-city-auto-off\/","title":{"rendered":"AXA Nox City Auto Off"},"content":{"rendered":"","protected":false},"excerpt":{"rendered":"","protected":false},"featured_media":19533,"comment_status":"closed","ping_status":"closed","template":"","meta":{"_acf_changed":false,"_trash_the_other_posts":false},"product_brand":[],"product_cat":[1898],"product_tag":[],"class_list":{"0":"post-21224","1":"product","2":"type-product","3":"status-publish","4":"has-post-thumbnail","6":"product_cat-batterie-scheinwerfer-444","8":"first","9":"instock","10":"shipping-taxable","11":"product-type-variable"},"acf":[],"yoast_head":"<!-- This site is optimized with the Yoast SEO plugin v27.1.1 - https:\/\/yoast.com\/product\/yoast-seo-wordpress\/ -->\n<title>AXA Nox City Auto Off | AXA Bike Security \ud83c\udde9\ud83c\uddea<\/title>\n<meta name=\"description\" content=\"Das Modell AXA Nox City ist ein universell einsetzbares Vorderlicht mit einer Lichtst\u00e4rke von 4 Lux. Das moderne Design ist f\u00fcr eine Vielzahl an Fahrr\u00e4dern, darunter Stadtfahrr\u00e4der, geeignet. Der integrierte reflektor und die Doppellinsen-Technologie sorgen daf\u00fcr, dass Sie sowohl f\u00fcr entgegenkommenden Verkehr als auch f\u00fcr Verkehr, der sich von der Seite n\u00e4hert, gut zu sehen sind.\" \/>\n<meta name=\"robots\" content=\"index, follow, max-snippet:-1, max-image-preview:large, max-video-preview:-1\" \/>\n<link rel=\"canonical\" href=\"https:\/\/axabikesecurity.com\/de\/product\/axa-nox-city-auto-off\/\" \/>\n<meta property=\"og:locale\" content=\"en_US\" \/>\n<meta property=\"og:type\" content=\"article\" \/>\n<meta property=\"og:title\" content=\"AXA Nox City Auto Off | AXA Bike Security \ud83c\udde9\ud83c\uddea\" \/>\n<meta property=\"og:description\" content=\"Das Modell AXA Nox City ist ein universell einsetzbares Vorderlicht mit einer Lichtst\u00e4rke von 4 Lux. Das moderne Design ist f\u00fcr eine Vielzahl an Fahrr\u00e4dern, darunter Stadtfahrr\u00e4der, geeignet. Der integrierte reflektor und die Doppellinsen-Technologie sorgen daf\u00fcr, dass Sie sowohl f\u00fcr entgegenkommenden Verkehr als auch f\u00fcr Verkehr, der sich von der Seite n\u00e4hert, gut zu sehen sind.\" \/>\n<meta property=\"og:url\" content=\"https:\/\/axabikesecurity.com\/de\/product\/axa-nox-city-auto-off\/\" \/>\n<meta property=\"og:site_name\" content=\"AXA Bike Security \ud83c\udde9\ud83c\uddea\" \/>\n<meta property=\"article:modified_time\" content=\"2026-01-03T23:00:41+00:00\" \/>\n<meta property=\"og:image\" content=\"https:\/\/axabikesecurity.com\/de\/wp-content\/uploads\/sites\/17\/2024\/08\/axa-nox-city-angle_E0008951.jpg\" \/>\n\t<meta property=\"og:image:width\" content=\"1181\" \/>\n\t<meta property=\"og:image:height\" content=\"1181\" \/>\n\t<meta property=\"og:image:type\" content=\"image\/jpeg\" \/>\n<meta name=\"twitter:card\" content=\"summary_large_image\" \/>\n<script type=\"application\/ld+json\" class=\"yoast-schema-graph\">{\"@context\":\"https:\/\/schema.org\",\"@graph\":[{\"@type\":\"WebPage\",\"@id\":\"https:\/\/axabikesecurity.com\/de\/product\/axa-nox-city-auto-off\/\",\"url\":\"https:\/\/axabikesecurity.com\/de\/product\/axa-nox-city-auto-off\/\",\"name\":\"AXA Nox City Auto Off | AXA Bike Security \ud83c\udde9\ud83c\uddea\",\"isPartOf\":{\"@id\":\"https:\/\/axabikesecurity.com\/de\/#website\"},\"primaryImageOfPage\":{\"@id\":\"https:\/\/axabikesecurity.com\/de\/product\/axa-nox-city-auto-off\/#primaryimage\"},\"image\":{\"@id\":\"https:\/\/axabikesecurity.com\/de\/product\/axa-nox-city-auto-off\/#primaryimage\"},\"thumbnailUrl\":\"https:\/\/axabikesecurity.com\/de\/wp-content\/uploads\/sites\/17\/2024\/08\/axa-nox-city-angle_E0008951.jpg\",\"datePublished\":\"2026-01-03T23:00:40+00:00\",\"dateModified\":\"2026-01-03T23:00:41+00:00\",\"description\":\"Das Modell AXA Nox City ist ein universell einsetzbares Vorderlicht mit einer Lichtst\u00e4rke von 4 Lux. Das moderne Design ist f\u00fcr eine Vielzahl an Fahrr\u00e4dern, darunter Stadtfahrr\u00e4der, geeignet. Der integrierte reflektor und die Doppellinsen-Technologie sorgen daf\u00fcr, dass Sie sowohl f\u00fcr entgegenkommenden Verkehr als auch f\u00fcr Verkehr, der sich von der Seite n\u00e4hert, gut zu sehen sind.\",\"breadcrumb\":{\"@id\":\"https:\/\/axabikesecurity.com\/de\/product\/axa-nox-city-auto-off\/#breadcrumb\"},\"inLanguage\":\"en-US\",\"potentialAction\":[{\"@type\":\"ReadAction\",\"target\":[\"https:\/\/axabikesecurity.com\/de\/product\/axa-nox-city-auto-off\/\"]}]},{\"@type\":\"ImageObject\",\"inLanguage\":\"en-US\",\"@id\":\"https:\/\/axabikesecurity.com\/de\/product\/axa-nox-city-auto-off\/#primaryimage\",\"url\":\"https:\/\/axabikesecurity.com\/de\/wp-content\/uploads\/sites\/17\/2024\/08\/axa-nox-city-angle_E0008951.jpg\",\"contentUrl\":\"https:\/\/axabikesecurity.com\/de\/wp-content\/uploads\/sites\/17\/2024\/08\/axa-nox-city-angle_E0008951.jpg\",\"width\":1181,\"height\":1181},{\"@type\":\"BreadcrumbList\",\"@id\":\"https:\/\/axabikesecurity.com\/de\/product\/axa-nox-city-auto-off\/#breadcrumb\",\"itemListElement\":[{\"@type\":\"ListItem\",\"position\":1,\"name\":\"house\",\"item\":\"https:\/\/axabikesecurity.com\/de\/\"},{\"@type\":\"ListItem\",\"position\":2,\"name\":\"Produkte\",\"item\":\"https:\/\/axabikesecurity.com\/de\/producten\/\"},{\"@type\":\"ListItem\",\"position\":3,\"name\":\"AXA Nox City Auto Off\"}]},{\"@type\":\"WebSite\",\"@id\":\"https:\/\/axabikesecurity.com\/de\/#website\",\"url\":\"https:\/\/axabikesecurity.com\/de\/\",\"name\":\"AXA Bike\",\"description\":\"\",\"potentialAction\":[{\"@type\":\"SearchAction\",\"target\":{\"@type\":\"EntryPoint\",\"urlTemplate\":\"https:\/\/axabikesecurity.com\/de\/?s={search_term_string}\"},\"query-input\":{\"@type\":\"PropertyValueSpecification\",\"valueRequired\":true,\"valueName\":\"search_term_string\"}}],\"inLanguage\":\"en-US\"}]}<\/script>\n<!-- \/ Yoast SEO plugin. -->","yoast_head_json":{"title":"AXA Nox City Auto Off | AXA Bike Security \ud83c\udde9\ud83c\uddea","description":"Das Modell AXA Nox City ist ein universell einsetzbares Vorderlicht mit einer Lichtst\u00e4rke von 4 Lux. Das moderne Design ist f\u00fcr eine Vielzahl an Fahrr\u00e4dern, darunter Stadtfahrr\u00e4der, geeignet. Der integrierte reflektor und die Doppellinsen-Technologie sorgen daf\u00fcr, dass Sie sowohl f\u00fcr entgegenkommenden Verkehr als auch f\u00fcr Verkehr, der sich von der Seite n\u00e4hert, gut zu sehen sind.","robots":{"index":"index","follow":"follow","max-snippet":"max-snippet:-1","max-image-preview":"max-image-preview:large","max-video-preview":"max-video-preview:-1"},"canonical":"https:\/\/axabikesecurity.com\/de\/product\/axa-nox-city-auto-off\/","og_locale":"en_US","og_type":"article","og_title":"AXA Nox City Auto Off | AXA Bike Security \ud83c\udde9\ud83c\uddea","og_description":"Das Modell AXA Nox City ist ein universell einsetzbares Vorderlicht mit einer Lichtst\u00e4rke von 4 Lux. Das moderne Design ist f\u00fcr eine Vielzahl an Fahrr\u00e4dern, darunter Stadtfahrr\u00e4der, geeignet. Der integrierte reflektor und die Doppellinsen-Technologie sorgen daf\u00fcr, dass Sie sowohl f\u00fcr entgegenkommenden Verkehr als auch f\u00fcr Verkehr, der sich von der Seite n\u00e4hert, gut zu sehen sind.","og_url":"https:\/\/axabikesecurity.com\/de\/product\/axa-nox-city-auto-off\/","og_site_name":"AXA Bike Security \ud83c\udde9\ud83c\uddea","article_modified_time":"2026-01-03T23:00:41+00:00","og_image":[{"width":1181,"height":1181,"url":"https:\/\/axabikesecurity.com\/de\/wp-content\/uploads\/sites\/17\/2024\/08\/axa-nox-city-angle_E0008951.jpg","type":"image\/jpeg"}],"twitter_card":"summary_large_image","schema":{"@context":"https:\/\/schema.org","@graph":[{"@type":"WebPage","@id":"https:\/\/axabikesecurity.com\/de\/product\/axa-nox-city-auto-off\/","url":"https:\/\/axabikesecurity.com\/de\/product\/axa-nox-city-auto-off\/","name":"AXA Nox City Auto Off | AXA Bike Security \ud83c\udde9\ud83c\uddea","isPartOf":{"@id":"https:\/\/axabikesecurity.com\/de\/#website"},"primaryImageOfPage":{"@id":"https:\/\/axabikesecurity.com\/de\/product\/axa-nox-city-auto-off\/#primaryimage"},"image":{"@id":"https:\/\/axabikesecurity.com\/de\/product\/axa-nox-city-auto-off\/#primaryimage"},"thumbnailUrl":"https:\/\/axabikesecurity.com\/de\/wp-content\/uploads\/sites\/17\/2024\/08\/axa-nox-city-angle_E0008951.jpg","datePublished":"2026-01-03T23:00:40+00:00","dateModified":"2026-01-03T23:00:41+00:00","description":"Das Modell AXA Nox City ist ein universell einsetzbares Vorderlicht mit einer Lichtst\u00e4rke von 4 Lux. Das moderne Design ist f\u00fcr eine Vielzahl an Fahrr\u00e4dern, darunter Stadtfahrr\u00e4der, geeignet. Der integrierte reflektor und die Doppellinsen-Technologie sorgen daf\u00fcr, dass Sie sowohl f\u00fcr entgegenkommenden Verkehr als auch f\u00fcr Verkehr, der sich von der Seite n\u00e4hert, gut zu sehen sind.","breadcrumb":{"@id":"https:\/\/axabikesecurity.com\/de\/product\/axa-nox-city-auto-off\/#breadcrumb"},"inLanguage":"en-US","potentialAction":[{"@type":"ReadAction","target":["https:\/\/axabikesecurity.com\/de\/product\/axa-nox-city-auto-off\/"]}]},{"@type":"ImageObject","inLanguage":"en-US","@id":"https:\/\/axabikesecurity.com\/de\/product\/axa-nox-city-auto-off\/#primaryimage","url":"https:\/\/axabikesecurity.com\/de\/wp-content\/uploads\/sites\/17\/2024\/08\/axa-nox-city-angle_E0008951.jpg","contentUrl":"https:\/\/axabikesecurity.com\/de\/wp-content\/uploads\/sites\/17\/2024\/08\/axa-nox-city-angle_E0008951.jpg","width":1181,"height":1181},{"@type":"BreadcrumbList","@id":"https:\/\/axabikesecurity.com\/de\/product\/axa-nox-city-auto-off\/#breadcrumb","itemListElement":[{"@type":"ListItem","position":1,"name":"house","item":"https:\/\/axabikesecurity.com\/de\/"},{"@type":"ListItem","position":2,"name":"Produkte","item":"https:\/\/axabikesecurity.com\/de\/producten\/"},{"@type":"ListItem","position":3,"name":"AXA Nox City Auto Off"}]},{"@type":"WebSite","@id":"https:\/\/axabikesecurity.com\/de\/#website","url":"https:\/\/axabikesecurity.com\/de\/","name":"AXA Bike","description":"","potentialAction":[{"@type":"SearchAction","target":{"@type":"EntryPoint","urlTemplate":"https:\/\/axabikesecurity.com\/de\/?s={search_term_string}"},"query-input":{"@type":"PropertyValueSpecification","valueRequired":true,"valueName":"search_term_string"}}],"inLanguage":"en-US"}]}},"jetpack_sharing_enabled":true,"_links":{"self":[{"href":"https:\/\/axabikesecurity.com\/de\/wp-json\/wp\/v2\/product\/21224","targetHints":{"allow":["GET"]}}],"collection":[{"href":"https:\/\/axabikesecurity.com\/de\/wp-json\/wp\/v2\/product"}],"about":[{"href":"https:\/\/axabikesecurity.com\/de\/wp-json\/wp\/v2\/types\/product"}],"replies":[{"embeddable":true,"href":"https:\/\/axabikesecurity.com\/de\/wp-json\/wp\/v2\/comments?post=21224"}],"wp:featuredmedia":[{"embeddable":true,"href":"https:\/\/axabikesecurity.com\/de\/wp-json\/wp\/v2\/media\/19533"}],"wp:attachment":[{"href":"https:\/\/axabikesecurity.com\/de\/wp-json\/wp\/v2\/media?parent=21224"}],"wp:term":[{"taxonomy":"product_brand","embeddable":true,"href":"https:\/\/axabikesecurity.com\/de\/wp-json\/wp\/v2\/product_brand?post=21224"},{"taxonomy":"product_cat","embeddable":true,"href":"https:\/\/axabikesecurity.com\/de\/wp-json\/wp\/v2\/product_cat?post=21224"},{"taxonomy":"product_tag","embeddable":true,"href":"https:\/\/axabikesecurity.com\/de\/wp-json\/wp\/v2\/product_tag?post=21224"}],"curies":[{"name":"wp","href":"https:\/\/api.w.org\/{rel}","templated":true}]}}