{"id":21275,"date":"2026-01-03T23:03:29","date_gmt":"2026-01-03T23:03:29","guid":{"rendered":"https:\/\/axabikesecurity.com\/de\/product\/axa-blueline-steady-80mm-2\/"},"modified":"2026-01-03T23:03:29","modified_gmt":"2026-01-03T23:03:29","slug":"axa-blueline-steady-80mm","status":"publish","type":"product","link":"https:\/\/axabikesecurity.com\/de\/product\/axa-blueline-steady-80mm\/","title":{"rendered":"AXA Blueline Steady 80mm"},"content":{"rendered":"","protected":false},"excerpt":{"rendered":"","protected":false},"featured_media":19720,"comment_status":"closed","ping_status":"closed","template":"","meta":{"_acf_changed":false,"_trash_the_other_posts":false},"product_brand":[],"product_cat":[1903],"product_tag":[],"class_list":{"0":"post-21275","1":"product","2":"type-product","3":"status-publish","4":"has-post-thumbnail","6":"product_cat-dynamo-rucklicht-449","8":"first","9":"instock","10":"shipping-taxable","11":"product-type-variable"},"acf":[],"yoast_head":"<!-- This site is optimized with the Yoast SEO plugin v27.4 - https:\/\/yoast.com\/product\/yoast-seo-wordpress\/ -->\n<title>AXA Blueline Steady 80mm | AXA Bike Security \ud83c\udde9\ud83c\uddea<\/title>\n<meta name=\"description\" content=\"Das Blueline Steady passt ausgezeichnet zu dem Trend zu immer leichteren und schmaler aussehenden Fahrr\u00e4dern. Dieses R\u00fccklicht ist noch nicht einmal 20 mm dick, ist auch das komplette R\u00fccklicht, das mit Lichtleitertechnologie beleuchtet wird.\" \/>\n<meta name=\"robots\" content=\"index, follow, max-snippet:-1, max-image-preview:large, max-video-preview:-1\" \/>\n<link rel=\"canonical\" href=\"https:\/\/axabikesecurity.com\/de\/product\/axa-blueline-steady-80mm\/\" \/>\n<meta property=\"og:locale\" content=\"en_US\" \/>\n<meta property=\"og:type\" content=\"article\" \/>\n<meta property=\"og:title\" content=\"AXA Blueline Steady 80mm | AXA Bike Security \ud83c\udde9\ud83c\uddea\" \/>\n<meta property=\"og:description\" content=\"Das Blueline Steady passt ausgezeichnet zu dem Trend zu immer leichteren und schmaler aussehenden Fahrr\u00e4dern. Dieses R\u00fccklicht ist noch nicht einmal 20 mm dick, ist auch das komplette R\u00fccklicht, das mit Lichtleitertechnologie beleuchtet wird.\" \/>\n<meta property=\"og:url\" content=\"https:\/\/axabikesecurity.com\/de\/product\/axa-blueline-steady-80mm\/\" \/>\n<meta property=\"og:site_name\" content=\"AXA Bike Security \ud83c\udde9\ud83c\uddea\" \/>\n<meta property=\"og:image\" content=\"https:\/\/axabikesecurity.com\/de\/wp-content\/uploads\/sites\/17\/2024\/08\/axa-blueline-rear_E0006045.jpg\" \/>\n\t<meta property=\"og:image:width\" content=\"1181\" \/>\n\t<meta property=\"og:image:height\" content=\"600\" \/>\n\t<meta property=\"og:image:type\" content=\"image\/jpeg\" \/>\n<meta name=\"twitter:card\" content=\"summary_large_image\" \/>\n<script type=\"application\/ld+json\" class=\"yoast-schema-graph\">{\"@context\":\"https:\\\/\\\/schema.org\",\"@graph\":[{\"@type\":\"WebPage\",\"@id\":\"https:\\\/\\\/axabikesecurity.com\\\/de\\\/product\\\/axa-blueline-steady-80mm\\\/\",\"url\":\"https:\\\/\\\/axabikesecurity.com\\\/de\\\/product\\\/axa-blueline-steady-80mm\\\/\",\"name\":\"AXA Blueline Steady 80mm | AXA Bike Security \ud83c\udde9\ud83c\uddea\",\"isPartOf\":{\"@id\":\"https:\\\/\\\/axabikesecurity.com\\\/de\\\/#website\"},\"primaryImageOfPage\":{\"@id\":\"https:\\\/\\\/axabikesecurity.com\\\/de\\\/product\\\/axa-blueline-steady-80mm\\\/#primaryimage\"},\"image\":{\"@id\":\"https:\\\/\\\/axabikesecurity.com\\\/de\\\/product\\\/axa-blueline-steady-80mm\\\/#primaryimage\"},\"thumbnailUrl\":\"https:\\\/\\\/axabikesecurity.com\\\/de\\\/wp-content\\\/uploads\\\/sites\\\/17\\\/2024\\\/08\\\/axa-blueline-rear_E0006045.jpg\",\"datePublished\":\"2026-01-03T23:03:29+00:00\",\"description\":\"Das Blueline Steady passt ausgezeichnet zu dem Trend zu immer leichteren und schmaler aussehenden Fahrr\u00e4dern. Dieses R\u00fccklicht ist noch nicht einmal 20 mm dick, ist auch das komplette R\u00fccklicht, das mit Lichtleitertechnologie beleuchtet wird.\",\"breadcrumb\":{\"@id\":\"https:\\\/\\\/axabikesecurity.com\\\/de\\\/product\\\/axa-blueline-steady-80mm\\\/#breadcrumb\"},\"inLanguage\":\"en-US\",\"potentialAction\":[{\"@type\":\"ReadAction\",\"target\":[\"https:\\\/\\\/axabikesecurity.com\\\/de\\\/product\\\/axa-blueline-steady-80mm\\\/\"]}]},{\"@type\":\"ImageObject\",\"inLanguage\":\"en-US\",\"@id\":\"https:\\\/\\\/axabikesecurity.com\\\/de\\\/product\\\/axa-blueline-steady-80mm\\\/#primaryimage\",\"url\":\"https:\\\/\\\/axabikesecurity.com\\\/de\\\/wp-content\\\/uploads\\\/sites\\\/17\\\/2024\\\/08\\\/axa-blueline-rear_E0006045.jpg\",\"contentUrl\":\"https:\\\/\\\/axabikesecurity.com\\\/de\\\/wp-content\\\/uploads\\\/sites\\\/17\\\/2024\\\/08\\\/axa-blueline-rear_E0006045.jpg\",\"width\":1181,\"height\":600},{\"@type\":\"BreadcrumbList\",\"@id\":\"https:\\\/\\\/axabikesecurity.com\\\/de\\\/product\\\/axa-blueline-steady-80mm\\\/#breadcrumb\",\"itemListElement\":[{\"@type\":\"ListItem\",\"position\":1,\"name\":\"house\",\"item\":\"https:\\\/\\\/axabikesecurity.com\\\/de\\\/\"},{\"@type\":\"ListItem\",\"position\":2,\"name\":\"Produkte\",\"item\":\"https:\\\/\\\/axabikesecurity.com\\\/de\\\/producten\\\/\"},{\"@type\":\"ListItem\",\"position\":3,\"name\":\"AXA Blueline Steady 80mm\"}]},{\"@type\":\"WebSite\",\"@id\":\"https:\\\/\\\/axabikesecurity.com\\\/de\\\/#website\",\"url\":\"https:\\\/\\\/axabikesecurity.com\\\/de\\\/\",\"name\":\"AXA Bike\",\"description\":\"\",\"potentialAction\":[{\"@type\":\"SearchAction\",\"target\":{\"@type\":\"EntryPoint\",\"urlTemplate\":\"https:\\\/\\\/axabikesecurity.com\\\/de\\\/?s={search_term_string}\"},\"query-input\":{\"@type\":\"PropertyValueSpecification\",\"valueRequired\":true,\"valueName\":\"search_term_string\"}}],\"inLanguage\":\"en-US\"}]}<\/script>\n<!-- \/ Yoast SEO plugin. -->","yoast_head_json":{"title":"AXA Blueline Steady 80mm | AXA Bike Security \ud83c\udde9\ud83c\uddea","description":"Das Blueline Steady passt ausgezeichnet zu dem Trend zu immer leichteren und schmaler aussehenden Fahrr\u00e4dern. Dieses R\u00fccklicht ist noch nicht einmal 20 mm dick, ist auch das komplette R\u00fccklicht, das mit Lichtleitertechnologie beleuchtet wird.","robots":{"index":"index","follow":"follow","max-snippet":"max-snippet:-1","max-image-preview":"max-image-preview:large","max-video-preview":"max-video-preview:-1"},"canonical":"https:\/\/axabikesecurity.com\/de\/product\/axa-blueline-steady-80mm\/","og_locale":"en_US","og_type":"article","og_title":"AXA Blueline Steady 80mm | AXA Bike Security \ud83c\udde9\ud83c\uddea","og_description":"Das Blueline Steady passt ausgezeichnet zu dem Trend zu immer leichteren und schmaler aussehenden Fahrr\u00e4dern. Dieses R\u00fccklicht ist noch nicht einmal 20 mm dick, ist auch das komplette R\u00fccklicht, das mit Lichtleitertechnologie beleuchtet wird.","og_url":"https:\/\/axabikesecurity.com\/de\/product\/axa-blueline-steady-80mm\/","og_site_name":"AXA Bike Security \ud83c\udde9\ud83c\uddea","og_image":[{"width":1181,"height":600,"url":"https:\/\/axabikesecurity.com\/de\/wp-content\/uploads\/sites\/17\/2024\/08\/axa-blueline-rear_E0006045.jpg","type":"image\/jpeg"}],"twitter_card":"summary_large_image","schema":{"@context":"https:\/\/schema.org","@graph":[{"@type":"WebPage","@id":"https:\/\/axabikesecurity.com\/de\/product\/axa-blueline-steady-80mm\/","url":"https:\/\/axabikesecurity.com\/de\/product\/axa-blueline-steady-80mm\/","name":"AXA Blueline Steady 80mm | AXA Bike Security \ud83c\udde9\ud83c\uddea","isPartOf":{"@id":"https:\/\/axabikesecurity.com\/de\/#website"},"primaryImageOfPage":{"@id":"https:\/\/axabikesecurity.com\/de\/product\/axa-blueline-steady-80mm\/#primaryimage"},"image":{"@id":"https:\/\/axabikesecurity.com\/de\/product\/axa-blueline-steady-80mm\/#primaryimage"},"thumbnailUrl":"https:\/\/axabikesecurity.com\/de\/wp-content\/uploads\/sites\/17\/2024\/08\/axa-blueline-rear_E0006045.jpg","datePublished":"2026-01-03T23:03:29+00:00","description":"Das Blueline Steady passt ausgezeichnet zu dem Trend zu immer leichteren und schmaler aussehenden Fahrr\u00e4dern. Dieses R\u00fccklicht ist noch nicht einmal 20 mm dick, ist auch das komplette R\u00fccklicht, das mit Lichtleitertechnologie beleuchtet wird.","breadcrumb":{"@id":"https:\/\/axabikesecurity.com\/de\/product\/axa-blueline-steady-80mm\/#breadcrumb"},"inLanguage":"en-US","potentialAction":[{"@type":"ReadAction","target":["https:\/\/axabikesecurity.com\/de\/product\/axa-blueline-steady-80mm\/"]}]},{"@type":"ImageObject","inLanguage":"en-US","@id":"https:\/\/axabikesecurity.com\/de\/product\/axa-blueline-steady-80mm\/#primaryimage","url":"https:\/\/axabikesecurity.com\/de\/wp-content\/uploads\/sites\/17\/2024\/08\/axa-blueline-rear_E0006045.jpg","contentUrl":"https:\/\/axabikesecurity.com\/de\/wp-content\/uploads\/sites\/17\/2024\/08\/axa-blueline-rear_E0006045.jpg","width":1181,"height":600},{"@type":"BreadcrumbList","@id":"https:\/\/axabikesecurity.com\/de\/product\/axa-blueline-steady-80mm\/#breadcrumb","itemListElement":[{"@type":"ListItem","position":1,"name":"house","item":"https:\/\/axabikesecurity.com\/de\/"},{"@type":"ListItem","position":2,"name":"Produkte","item":"https:\/\/axabikesecurity.com\/de\/producten\/"},{"@type":"ListItem","position":3,"name":"AXA Blueline Steady 80mm"}]},{"@type":"WebSite","@id":"https:\/\/axabikesecurity.com\/de\/#website","url":"https:\/\/axabikesecurity.com\/de\/","name":"AXA Bike","description":"","potentialAction":[{"@type":"SearchAction","target":{"@type":"EntryPoint","urlTemplate":"https:\/\/axabikesecurity.com\/de\/?s={search_term_string}"},"query-input":{"@type":"PropertyValueSpecification","valueRequired":true,"valueName":"search_term_string"}}],"inLanguage":"en-US"}]}},"jetpack_sharing_enabled":true,"_links":{"self":[{"href":"https:\/\/axabikesecurity.com\/de\/wp-json\/wp\/v2\/product\/21275","targetHints":{"allow":["GET"]}}],"collection":[{"href":"https:\/\/axabikesecurity.com\/de\/wp-json\/wp\/v2\/product"}],"about":[{"href":"https:\/\/axabikesecurity.com\/de\/wp-json\/wp\/v2\/types\/product"}],"replies":[{"embeddable":true,"href":"https:\/\/axabikesecurity.com\/de\/wp-json\/wp\/v2\/comments?post=21275"}],"wp:featuredmedia":[{"embeddable":true,"href":"https:\/\/axabikesecurity.com\/de\/wp-json\/wp\/v2\/media\/19720"}],"wp:attachment":[{"href":"https:\/\/axabikesecurity.com\/de\/wp-json\/wp\/v2\/media?parent=21275"}],"wp:term":[{"taxonomy":"product_brand","embeddable":true,"href":"https:\/\/axabikesecurity.com\/de\/wp-json\/wp\/v2\/product_brand?post=21275"},{"taxonomy":"product_cat","embeddable":true,"href":"https:\/\/axabikesecurity.com\/de\/wp-json\/wp\/v2\/product_cat?post=21275"},{"taxonomy":"product_tag","embeddable":true,"href":"https:\/\/axabikesecurity.com\/de\/wp-json\/wp\/v2\/product_tag?post=21275"}],"curies":[{"name":"wp","href":"https:\/\/api.w.org\/{rel}","templated":true}]}}