{"id":21281,"date":"2026-01-03T23:04:06","date_gmt":"2026-01-03T23:04:06","guid":{"rendered":"https:\/\/axabikesecurity.com\/de\/product\/axa-blueline-rear-6-12v-80-mm-2\/"},"modified":"2026-01-03T23:04:07","modified_gmt":"2026-01-03T23:04:07","slug":"axa-blueline-rear-6-12v-80-mm","status":"publish","type":"product","link":"https:\/\/axabikesecurity.com\/de\/product\/axa-blueline-rear-6-12v-80-mm\/","title":{"rendered":"AXA Blueline Rear 6-12V 80 mm"},"content":{"rendered":"","protected":false},"excerpt":{"rendered":"","protected":false},"featured_media":19720,"comment_status":"closed","ping_status":"closed","template":"","meta":{"_acf_changed":false,"_trash_the_other_posts":false},"product_brand":[],"product_cat":[1904],"product_tag":[],"class_list":{"0":"post-21281","1":"product","2":"type-product","3":"status-publish","4":"has-post-thumbnail","6":"product_cat-e-bike-rucklicht-450","8":"first","9":"instock","10":"shipping-taxable","11":"product-type-variable"},"acf":[],"yoast_head":"<!-- This site is optimized with the Yoast SEO plugin v27.4 - https:\/\/yoast.com\/product\/yoast-seo-wordpress\/ -->\n<title>AXA Blueline Rear 6-12V 80 mm | AXA Bike Security \ud83c\udde9\ud83c\uddea<\/title>\n<meta name=\"description\" content=\"Das Blueline passt ausgezeichnet zu dem Trend zu immer leichteren und schmaler aussehenden Fahrr\u00e4dern. Dieses R\u00fccklicht ist noch nicht einmal 20 mm dick und kann dank seiner minimalen Produkth\u00f6he auf nahezu jedem Gep\u00e4cktr\u00e4ger verwendet werden.\" \/>\n<meta name=\"robots\" content=\"index, follow, max-snippet:-1, max-image-preview:large, max-video-preview:-1\" \/>\n<link rel=\"canonical\" href=\"https:\/\/axabikesecurity.com\/de\/product\/axa-blueline-rear-6-12v-80-mm\/\" \/>\n<meta property=\"og:locale\" content=\"en_US\" \/>\n<meta property=\"og:type\" content=\"article\" \/>\n<meta property=\"og:title\" content=\"AXA Blueline Rear 6-12V 80 mm | AXA Bike Security \ud83c\udde9\ud83c\uddea\" \/>\n<meta property=\"og:description\" content=\"Das Blueline passt ausgezeichnet zu dem Trend zu immer leichteren und schmaler aussehenden Fahrr\u00e4dern. Dieses R\u00fccklicht ist noch nicht einmal 20 mm dick und kann dank seiner minimalen Produkth\u00f6he auf nahezu jedem Gep\u00e4cktr\u00e4ger verwendet werden.\" \/>\n<meta property=\"og:url\" content=\"https:\/\/axabikesecurity.com\/de\/product\/axa-blueline-rear-6-12v-80-mm\/\" \/>\n<meta property=\"og:site_name\" content=\"AXA Bike Security \ud83c\udde9\ud83c\uddea\" \/>\n<meta property=\"article:modified_time\" content=\"2026-01-03T23:04:07+00:00\" \/>\n<meta property=\"og:image\" content=\"https:\/\/axabikesecurity.com\/de\/wp-content\/uploads\/sites\/17\/2024\/08\/axa-blueline-rear_E0006045.jpg\" \/>\n\t<meta property=\"og:image:width\" content=\"1181\" \/>\n\t<meta property=\"og:image:height\" content=\"600\" \/>\n\t<meta property=\"og:image:type\" content=\"image\/jpeg\" \/>\n<meta name=\"twitter:card\" content=\"summary_large_image\" \/>\n<script type=\"application\/ld+json\" class=\"yoast-schema-graph\">{\"@context\":\"https:\\\/\\\/schema.org\",\"@graph\":[{\"@type\":\"WebPage\",\"@id\":\"https:\\\/\\\/axabikesecurity.com\\\/de\\\/product\\\/axa-blueline-rear-6-12v-80-mm\\\/\",\"url\":\"https:\\\/\\\/axabikesecurity.com\\\/de\\\/product\\\/axa-blueline-rear-6-12v-80-mm\\\/\",\"name\":\"AXA Blueline Rear 6-12V 80 mm | AXA Bike Security \ud83c\udde9\ud83c\uddea\",\"isPartOf\":{\"@id\":\"https:\\\/\\\/axabikesecurity.com\\\/de\\\/#website\"},\"primaryImageOfPage\":{\"@id\":\"https:\\\/\\\/axabikesecurity.com\\\/de\\\/product\\\/axa-blueline-rear-6-12v-80-mm\\\/#primaryimage\"},\"image\":{\"@id\":\"https:\\\/\\\/axabikesecurity.com\\\/de\\\/product\\\/axa-blueline-rear-6-12v-80-mm\\\/#primaryimage\"},\"thumbnailUrl\":\"https:\\\/\\\/axabikesecurity.com\\\/de\\\/wp-content\\\/uploads\\\/sites\\\/17\\\/2024\\\/08\\\/axa-blueline-rear_E0006045.jpg\",\"datePublished\":\"2026-01-03T23:04:06+00:00\",\"dateModified\":\"2026-01-03T23:04:07+00:00\",\"description\":\"Das Blueline passt ausgezeichnet zu dem Trend zu immer leichteren und schmaler aussehenden Fahrr\u00e4dern. Dieses R\u00fccklicht ist noch nicht einmal 20 mm dick und kann dank seiner minimalen Produkth\u00f6he auf nahezu jedem Gep\u00e4cktr\u00e4ger verwendet werden.\",\"breadcrumb\":{\"@id\":\"https:\\\/\\\/axabikesecurity.com\\\/de\\\/product\\\/axa-blueline-rear-6-12v-80-mm\\\/#breadcrumb\"},\"inLanguage\":\"en-US\",\"potentialAction\":[{\"@type\":\"ReadAction\",\"target\":[\"https:\\\/\\\/axabikesecurity.com\\\/de\\\/product\\\/axa-blueline-rear-6-12v-80-mm\\\/\"]}]},{\"@type\":\"ImageObject\",\"inLanguage\":\"en-US\",\"@id\":\"https:\\\/\\\/axabikesecurity.com\\\/de\\\/product\\\/axa-blueline-rear-6-12v-80-mm\\\/#primaryimage\",\"url\":\"https:\\\/\\\/axabikesecurity.com\\\/de\\\/wp-content\\\/uploads\\\/sites\\\/17\\\/2024\\\/08\\\/axa-blueline-rear_E0006045.jpg\",\"contentUrl\":\"https:\\\/\\\/axabikesecurity.com\\\/de\\\/wp-content\\\/uploads\\\/sites\\\/17\\\/2024\\\/08\\\/axa-blueline-rear_E0006045.jpg\",\"width\":1181,\"height\":600},{\"@type\":\"BreadcrumbList\",\"@id\":\"https:\\\/\\\/axabikesecurity.com\\\/de\\\/product\\\/axa-blueline-rear-6-12v-80-mm\\\/#breadcrumb\",\"itemListElement\":[{\"@type\":\"ListItem\",\"position\":1,\"name\":\"house\",\"item\":\"https:\\\/\\\/axabikesecurity.com\\\/de\\\/\"},{\"@type\":\"ListItem\",\"position\":2,\"name\":\"Produkte\",\"item\":\"https:\\\/\\\/axabikesecurity.com\\\/de\\\/producten\\\/\"},{\"@type\":\"ListItem\",\"position\":3,\"name\":\"AXA Blueline Rear 6-12V 80 mm\"}]},{\"@type\":\"WebSite\",\"@id\":\"https:\\\/\\\/axabikesecurity.com\\\/de\\\/#website\",\"url\":\"https:\\\/\\\/axabikesecurity.com\\\/de\\\/\",\"name\":\"AXA Bike\",\"description\":\"\",\"potentialAction\":[{\"@type\":\"SearchAction\",\"target\":{\"@type\":\"EntryPoint\",\"urlTemplate\":\"https:\\\/\\\/axabikesecurity.com\\\/de\\\/?s={search_term_string}\"},\"query-input\":{\"@type\":\"PropertyValueSpecification\",\"valueRequired\":true,\"valueName\":\"search_term_string\"}}],\"inLanguage\":\"en-US\"}]}<\/script>\n<!-- \/ Yoast SEO plugin. -->","yoast_head_json":{"title":"AXA Blueline Rear 6-12V 80 mm | AXA Bike Security \ud83c\udde9\ud83c\uddea","description":"Das Blueline passt ausgezeichnet zu dem Trend zu immer leichteren und schmaler aussehenden Fahrr\u00e4dern. Dieses R\u00fccklicht ist noch nicht einmal 20 mm dick und kann dank seiner minimalen Produkth\u00f6he auf nahezu jedem Gep\u00e4cktr\u00e4ger verwendet werden.","robots":{"index":"index","follow":"follow","max-snippet":"max-snippet:-1","max-image-preview":"max-image-preview:large","max-video-preview":"max-video-preview:-1"},"canonical":"https:\/\/axabikesecurity.com\/de\/product\/axa-blueline-rear-6-12v-80-mm\/","og_locale":"en_US","og_type":"article","og_title":"AXA Blueline Rear 6-12V 80 mm | AXA Bike Security \ud83c\udde9\ud83c\uddea","og_description":"Das Blueline passt ausgezeichnet zu dem Trend zu immer leichteren und schmaler aussehenden Fahrr\u00e4dern. Dieses R\u00fccklicht ist noch nicht einmal 20 mm dick und kann dank seiner minimalen Produkth\u00f6he auf nahezu jedem Gep\u00e4cktr\u00e4ger verwendet werden.","og_url":"https:\/\/axabikesecurity.com\/de\/product\/axa-blueline-rear-6-12v-80-mm\/","og_site_name":"AXA Bike Security \ud83c\udde9\ud83c\uddea","article_modified_time":"2026-01-03T23:04:07+00:00","og_image":[{"width":1181,"height":600,"url":"https:\/\/axabikesecurity.com\/de\/wp-content\/uploads\/sites\/17\/2024\/08\/axa-blueline-rear_E0006045.jpg","type":"image\/jpeg"}],"twitter_card":"summary_large_image","schema":{"@context":"https:\/\/schema.org","@graph":[{"@type":"WebPage","@id":"https:\/\/axabikesecurity.com\/de\/product\/axa-blueline-rear-6-12v-80-mm\/","url":"https:\/\/axabikesecurity.com\/de\/product\/axa-blueline-rear-6-12v-80-mm\/","name":"AXA Blueline Rear 6-12V 80 mm | AXA Bike Security \ud83c\udde9\ud83c\uddea","isPartOf":{"@id":"https:\/\/axabikesecurity.com\/de\/#website"},"primaryImageOfPage":{"@id":"https:\/\/axabikesecurity.com\/de\/product\/axa-blueline-rear-6-12v-80-mm\/#primaryimage"},"image":{"@id":"https:\/\/axabikesecurity.com\/de\/product\/axa-blueline-rear-6-12v-80-mm\/#primaryimage"},"thumbnailUrl":"https:\/\/axabikesecurity.com\/de\/wp-content\/uploads\/sites\/17\/2024\/08\/axa-blueline-rear_E0006045.jpg","datePublished":"2026-01-03T23:04:06+00:00","dateModified":"2026-01-03T23:04:07+00:00","description":"Das Blueline passt ausgezeichnet zu dem Trend zu immer leichteren und schmaler aussehenden Fahrr\u00e4dern. Dieses R\u00fccklicht ist noch nicht einmal 20 mm dick und kann dank seiner minimalen Produkth\u00f6he auf nahezu jedem Gep\u00e4cktr\u00e4ger verwendet werden.","breadcrumb":{"@id":"https:\/\/axabikesecurity.com\/de\/product\/axa-blueline-rear-6-12v-80-mm\/#breadcrumb"},"inLanguage":"en-US","potentialAction":[{"@type":"ReadAction","target":["https:\/\/axabikesecurity.com\/de\/product\/axa-blueline-rear-6-12v-80-mm\/"]}]},{"@type":"ImageObject","inLanguage":"en-US","@id":"https:\/\/axabikesecurity.com\/de\/product\/axa-blueline-rear-6-12v-80-mm\/#primaryimage","url":"https:\/\/axabikesecurity.com\/de\/wp-content\/uploads\/sites\/17\/2024\/08\/axa-blueline-rear_E0006045.jpg","contentUrl":"https:\/\/axabikesecurity.com\/de\/wp-content\/uploads\/sites\/17\/2024\/08\/axa-blueline-rear_E0006045.jpg","width":1181,"height":600},{"@type":"BreadcrumbList","@id":"https:\/\/axabikesecurity.com\/de\/product\/axa-blueline-rear-6-12v-80-mm\/#breadcrumb","itemListElement":[{"@type":"ListItem","position":1,"name":"house","item":"https:\/\/axabikesecurity.com\/de\/"},{"@type":"ListItem","position":2,"name":"Produkte","item":"https:\/\/axabikesecurity.com\/de\/producten\/"},{"@type":"ListItem","position":3,"name":"AXA Blueline Rear 6-12V 80 mm"}]},{"@type":"WebSite","@id":"https:\/\/axabikesecurity.com\/de\/#website","url":"https:\/\/axabikesecurity.com\/de\/","name":"AXA Bike","description":"","potentialAction":[{"@type":"SearchAction","target":{"@type":"EntryPoint","urlTemplate":"https:\/\/axabikesecurity.com\/de\/?s={search_term_string}"},"query-input":{"@type":"PropertyValueSpecification","valueRequired":true,"valueName":"search_term_string"}}],"inLanguage":"en-US"}]}},"jetpack_sharing_enabled":true,"_links":{"self":[{"href":"https:\/\/axabikesecurity.com\/de\/wp-json\/wp\/v2\/product\/21281","targetHints":{"allow":["GET"]}}],"collection":[{"href":"https:\/\/axabikesecurity.com\/de\/wp-json\/wp\/v2\/product"}],"about":[{"href":"https:\/\/axabikesecurity.com\/de\/wp-json\/wp\/v2\/types\/product"}],"replies":[{"embeddable":true,"href":"https:\/\/axabikesecurity.com\/de\/wp-json\/wp\/v2\/comments?post=21281"}],"wp:featuredmedia":[{"embeddable":true,"href":"https:\/\/axabikesecurity.com\/de\/wp-json\/wp\/v2\/media\/19720"}],"wp:attachment":[{"href":"https:\/\/axabikesecurity.com\/de\/wp-json\/wp\/v2\/media?parent=21281"}],"wp:term":[{"taxonomy":"product_brand","embeddable":true,"href":"https:\/\/axabikesecurity.com\/de\/wp-json\/wp\/v2\/product_brand?post=21281"},{"taxonomy":"product_cat","embeddable":true,"href":"https:\/\/axabikesecurity.com\/de\/wp-json\/wp\/v2\/product_cat?post=21281"},{"taxonomy":"product_tag","embeddable":true,"href":"https:\/\/axabikesecurity.com\/de\/wp-json\/wp\/v2\/product_tag?post=21281"}],"curies":[{"name":"wp","href":"https:\/\/api.w.org\/{rel}","templated":true}]}}