{"id":21330,"date":"2026-04-30T23:00:52","date_gmt":"2026-04-30T23:00:52","guid":{"rendered":"https:\/\/axabikesecurity.com\/de\/product\/axa-visto-3\/"},"modified":"2026-04-30T23:00:52","modified_gmt":"2026-04-30T23:00:52","slug":"axa-visto-3","status":"publish","type":"product","link":"https:\/\/axabikesecurity.com\/de\/product\/axa-visto-3\/","title":{"rendered":"AXA Visto 3"},"content":{"rendered":"","protected":false},"excerpt":{"rendered":"","protected":false},"featured_media":21317,"comment_status":"closed","ping_status":"closed","template":"","meta":{"_acf_changed":false,"_trash_the_other_posts":false},"product_brand":[],"product_cat":[1906],"product_tag":[],"class_list":{"0":"post-21330","1":"product","2":"type-product","3":"status-publish","4":"has-post-thumbnail","6":"product_cat-batterie-sets-452","8":"first","9":"instock","10":"shipping-taxable","11":"product-type-variable"},"acf":[],"yoast_head":"<!-- This site is optimized with the Yoast SEO plugin v27.4 - https:\/\/yoast.com\/product\/yoast-seo-wordpress\/ -->\n<title>AXA Visto 3 | AXA Bike Security \ud83c\udde9\ud83c\uddea<\/title>\n<meta name=\"description\" content=\"Die Visto 3 ist eine batteriebetriebene Fahrradlampe mit einer Lichtleistung von 10 Lux. Dank des flexiblen Gummibandes eignet sie sich f\u00fcr nahezu jedes Fahrrad. Mit diesem Band l\u00e4sst sie sich einfach am Lenker befestigen und schnell wieder abnehmen. Das Visto 3 Beleuchtungsset entspricht den aktuellen deutschen, franz\u00f6sischen und d\u00e4nischen Vorschriften und gew\u00e4hrleistet somit eine sichere und gesetzeskonforme Fahrradbeleuchtung.\" \/>\n<meta name=\"robots\" content=\"index, follow, max-snippet:-1, max-image-preview:large, max-video-preview:-1\" \/>\n<link rel=\"canonical\" href=\"https:\/\/axabikesecurity.com\/de\/product\/axa-visto-3\/\" \/>\n<meta property=\"og:locale\" content=\"en_US\" \/>\n<meta property=\"og:type\" content=\"article\" \/>\n<meta property=\"og:title\" content=\"AXA Visto 3 | AXA Bike Security \ud83c\udde9\ud83c\uddea\" \/>\n<meta property=\"og:description\" content=\"Die Visto 3 ist eine batteriebetriebene Fahrradlampe mit einer Lichtleistung von 10 Lux. Dank des flexiblen Gummibandes eignet sie sich f\u00fcr nahezu jedes Fahrrad. Mit diesem Band l\u00e4sst sie sich einfach am Lenker befestigen und schnell wieder abnehmen. Das Visto 3 Beleuchtungsset entspricht den aktuellen deutschen, franz\u00f6sischen und d\u00e4nischen Vorschriften und gew\u00e4hrleistet somit eine sichere und gesetzeskonforme Fahrradbeleuchtung.\" \/>\n<meta property=\"og:url\" content=\"https:\/\/axabikesecurity.com\/de\/product\/axa-visto-3\/\" \/>\n<meta property=\"og:site_name\" content=\"AXA Bike Security \ud83c\udde9\ud83c\uddea\" \/>\n<meta property=\"og:image\" content=\"https:\/\/axabikesecurity.com\/de\/wp-content\/uploads\/sites\/17\/2026\/01\/axa-visto-set_E0026480.jpg\" \/>\n\t<meta property=\"og:image:width\" content=\"1181\" \/>\n\t<meta property=\"og:image:height\" content=\"1181\" \/>\n\t<meta property=\"og:image:type\" content=\"image\/jpeg\" \/>\n<meta name=\"twitter:card\" content=\"summary_large_image\" \/>\n<script type=\"application\/ld+json\" class=\"yoast-schema-graph\">{\"@context\":\"https:\\\/\\\/schema.org\",\"@graph\":[{\"@type\":\"WebPage\",\"@id\":\"https:\\\/\\\/axabikesecurity.com\\\/de\\\/product\\\/axa-visto-3\\\/\",\"url\":\"https:\\\/\\\/axabikesecurity.com\\\/de\\\/product\\\/axa-visto-3\\\/\",\"name\":\"AXA Visto 3 | AXA Bike Security \ud83c\udde9\ud83c\uddea\",\"isPartOf\":{\"@id\":\"https:\\\/\\\/axabikesecurity.com\\\/de\\\/#website\"},\"primaryImageOfPage\":{\"@id\":\"https:\\\/\\\/axabikesecurity.com\\\/de\\\/product\\\/axa-visto-3\\\/#primaryimage\"},\"image\":{\"@id\":\"https:\\\/\\\/axabikesecurity.com\\\/de\\\/product\\\/axa-visto-3\\\/#primaryimage\"},\"thumbnailUrl\":\"https:\\\/\\\/axabikesecurity.com\\\/de\\\/wp-content\\\/uploads\\\/sites\\\/17\\\/2026\\\/01\\\/axa-visto-set_E0026480.jpg\",\"datePublished\":\"2026-04-30T23:00:52+00:00\",\"description\":\"Die Visto 3 ist eine batteriebetriebene Fahrradlampe mit einer Lichtleistung von 10 Lux. Dank des flexiblen Gummibandes eignet sie sich f\u00fcr nahezu jedes Fahrrad. Mit diesem Band l\u00e4sst sie sich einfach am Lenker befestigen und schnell wieder abnehmen. Das Visto 3 Beleuchtungsset entspricht den aktuellen deutschen, franz\u00f6sischen und d\u00e4nischen Vorschriften und gew\u00e4hrleistet somit eine sichere und gesetzeskonforme Fahrradbeleuchtung.\",\"breadcrumb\":{\"@id\":\"https:\\\/\\\/axabikesecurity.com\\\/de\\\/product\\\/axa-visto-3\\\/#breadcrumb\"},\"inLanguage\":\"en-US\",\"potentialAction\":[{\"@type\":\"ReadAction\",\"target\":[\"https:\\\/\\\/axabikesecurity.com\\\/de\\\/product\\\/axa-visto-3\\\/\"]}]},{\"@type\":\"ImageObject\",\"inLanguage\":\"en-US\",\"@id\":\"https:\\\/\\\/axabikesecurity.com\\\/de\\\/product\\\/axa-visto-3\\\/#primaryimage\",\"url\":\"https:\\\/\\\/axabikesecurity.com\\\/de\\\/wp-content\\\/uploads\\\/sites\\\/17\\\/2026\\\/01\\\/axa-visto-set_E0026480.jpg\",\"contentUrl\":\"https:\\\/\\\/axabikesecurity.com\\\/de\\\/wp-content\\\/uploads\\\/sites\\\/17\\\/2026\\\/01\\\/axa-visto-set_E0026480.jpg\",\"width\":1181,\"height\":1181},{\"@type\":\"BreadcrumbList\",\"@id\":\"https:\\\/\\\/axabikesecurity.com\\\/de\\\/product\\\/axa-visto-3\\\/#breadcrumb\",\"itemListElement\":[{\"@type\":\"ListItem\",\"position\":1,\"name\":\"house\",\"item\":\"https:\\\/\\\/axabikesecurity.com\\\/de\\\/\"},{\"@type\":\"ListItem\",\"position\":2,\"name\":\"Produkte\",\"item\":\"https:\\\/\\\/axabikesecurity.com\\\/de\\\/producten\\\/\"},{\"@type\":\"ListItem\",\"position\":3,\"name\":\"AXA Visto 3\"}]},{\"@type\":\"WebSite\",\"@id\":\"https:\\\/\\\/axabikesecurity.com\\\/de\\\/#website\",\"url\":\"https:\\\/\\\/axabikesecurity.com\\\/de\\\/\",\"name\":\"AXA Bike\",\"description\":\"\",\"potentialAction\":[{\"@type\":\"SearchAction\",\"target\":{\"@type\":\"EntryPoint\",\"urlTemplate\":\"https:\\\/\\\/axabikesecurity.com\\\/de\\\/?s={search_term_string}\"},\"query-input\":{\"@type\":\"PropertyValueSpecification\",\"valueRequired\":true,\"valueName\":\"search_term_string\"}}],\"inLanguage\":\"en-US\"}]}<\/script>\n<!-- \/ Yoast SEO plugin. -->","yoast_head_json":{"title":"AXA Visto 3 | AXA Bike Security \ud83c\udde9\ud83c\uddea","description":"Die Visto 3 ist eine batteriebetriebene Fahrradlampe mit einer Lichtleistung von 10 Lux. Dank des flexiblen Gummibandes eignet sie sich f\u00fcr nahezu jedes Fahrrad. Mit diesem Band l\u00e4sst sie sich einfach am Lenker befestigen und schnell wieder abnehmen. Das Visto 3 Beleuchtungsset entspricht den aktuellen deutschen, franz\u00f6sischen und d\u00e4nischen Vorschriften und gew\u00e4hrleistet somit eine sichere und gesetzeskonforme Fahrradbeleuchtung.","robots":{"index":"index","follow":"follow","max-snippet":"max-snippet:-1","max-image-preview":"max-image-preview:large","max-video-preview":"max-video-preview:-1"},"canonical":"https:\/\/axabikesecurity.com\/de\/product\/axa-visto-3\/","og_locale":"en_US","og_type":"article","og_title":"AXA Visto 3 | AXA Bike Security \ud83c\udde9\ud83c\uddea","og_description":"Die Visto 3 ist eine batteriebetriebene Fahrradlampe mit einer Lichtleistung von 10 Lux. Dank des flexiblen Gummibandes eignet sie sich f\u00fcr nahezu jedes Fahrrad. Mit diesem Band l\u00e4sst sie sich einfach am Lenker befestigen und schnell wieder abnehmen. Das Visto 3 Beleuchtungsset entspricht den aktuellen deutschen, franz\u00f6sischen und d\u00e4nischen Vorschriften und gew\u00e4hrleistet somit eine sichere und gesetzeskonforme Fahrradbeleuchtung.","og_url":"https:\/\/axabikesecurity.com\/de\/product\/axa-visto-3\/","og_site_name":"AXA Bike Security \ud83c\udde9\ud83c\uddea","og_image":[{"width":1181,"height":1181,"url":"https:\/\/axabikesecurity.com\/de\/wp-content\/uploads\/sites\/17\/2026\/01\/axa-visto-set_E0026480.jpg","type":"image\/jpeg"}],"twitter_card":"summary_large_image","schema":{"@context":"https:\/\/schema.org","@graph":[{"@type":"WebPage","@id":"https:\/\/axabikesecurity.com\/de\/product\/axa-visto-3\/","url":"https:\/\/axabikesecurity.com\/de\/product\/axa-visto-3\/","name":"AXA Visto 3 | AXA Bike Security \ud83c\udde9\ud83c\uddea","isPartOf":{"@id":"https:\/\/axabikesecurity.com\/de\/#website"},"primaryImageOfPage":{"@id":"https:\/\/axabikesecurity.com\/de\/product\/axa-visto-3\/#primaryimage"},"image":{"@id":"https:\/\/axabikesecurity.com\/de\/product\/axa-visto-3\/#primaryimage"},"thumbnailUrl":"https:\/\/axabikesecurity.com\/de\/wp-content\/uploads\/sites\/17\/2026\/01\/axa-visto-set_E0026480.jpg","datePublished":"2026-04-30T23:00:52+00:00","description":"Die Visto 3 ist eine batteriebetriebene Fahrradlampe mit einer Lichtleistung von 10 Lux. Dank des flexiblen Gummibandes eignet sie sich f\u00fcr nahezu jedes Fahrrad. Mit diesem Band l\u00e4sst sie sich einfach am Lenker befestigen und schnell wieder abnehmen. Das Visto 3 Beleuchtungsset entspricht den aktuellen deutschen, franz\u00f6sischen und d\u00e4nischen Vorschriften und gew\u00e4hrleistet somit eine sichere und gesetzeskonforme Fahrradbeleuchtung.","breadcrumb":{"@id":"https:\/\/axabikesecurity.com\/de\/product\/axa-visto-3\/#breadcrumb"},"inLanguage":"en-US","potentialAction":[{"@type":"ReadAction","target":["https:\/\/axabikesecurity.com\/de\/product\/axa-visto-3\/"]}]},{"@type":"ImageObject","inLanguage":"en-US","@id":"https:\/\/axabikesecurity.com\/de\/product\/axa-visto-3\/#primaryimage","url":"https:\/\/axabikesecurity.com\/de\/wp-content\/uploads\/sites\/17\/2026\/01\/axa-visto-set_E0026480.jpg","contentUrl":"https:\/\/axabikesecurity.com\/de\/wp-content\/uploads\/sites\/17\/2026\/01\/axa-visto-set_E0026480.jpg","width":1181,"height":1181},{"@type":"BreadcrumbList","@id":"https:\/\/axabikesecurity.com\/de\/product\/axa-visto-3\/#breadcrumb","itemListElement":[{"@type":"ListItem","position":1,"name":"house","item":"https:\/\/axabikesecurity.com\/de\/"},{"@type":"ListItem","position":2,"name":"Produkte","item":"https:\/\/axabikesecurity.com\/de\/producten\/"},{"@type":"ListItem","position":3,"name":"AXA Visto 3"}]},{"@type":"WebSite","@id":"https:\/\/axabikesecurity.com\/de\/#website","url":"https:\/\/axabikesecurity.com\/de\/","name":"AXA Bike","description":"","potentialAction":[{"@type":"SearchAction","target":{"@type":"EntryPoint","urlTemplate":"https:\/\/axabikesecurity.com\/de\/?s={search_term_string}"},"query-input":{"@type":"PropertyValueSpecification","valueRequired":true,"valueName":"search_term_string"}}],"inLanguage":"en-US"}]}},"jetpack_sharing_enabled":true,"_links":{"self":[{"href":"https:\/\/axabikesecurity.com\/de\/wp-json\/wp\/v2\/product\/21330","targetHints":{"allow":["GET"]}}],"collection":[{"href":"https:\/\/axabikesecurity.com\/de\/wp-json\/wp\/v2\/product"}],"about":[{"href":"https:\/\/axabikesecurity.com\/de\/wp-json\/wp\/v2\/types\/product"}],"replies":[{"embeddable":true,"href":"https:\/\/axabikesecurity.com\/de\/wp-json\/wp\/v2\/comments?post=21330"}],"wp:featuredmedia":[{"embeddable":true,"href":"https:\/\/axabikesecurity.com\/de\/wp-json\/wp\/v2\/media\/21317"}],"wp:attachment":[{"href":"https:\/\/axabikesecurity.com\/de\/wp-json\/wp\/v2\/media?parent=21330"}],"wp:term":[{"taxonomy":"product_brand","embeddable":true,"href":"https:\/\/axabikesecurity.com\/de\/wp-json\/wp\/v2\/product_brand?post=21330"},{"taxonomy":"product_cat","embeddable":true,"href":"https:\/\/axabikesecurity.com\/de\/wp-json\/wp\/v2\/product_cat?post=21330"},{"taxonomy":"product_tag","embeddable":true,"href":"https:\/\/axabikesecurity.com\/de\/wp-json\/wp\/v2\/product_tag?post=21330"}],"curies":[{"name":"wp","href":"https:\/\/api.w.org\/{rel}","templated":true}]}}