{"id":21357,"date":"2026-03-28T23:01:05","date_gmt":"2026-03-28T23:01:05","guid":{"rendered":"https:\/\/axabikesecurity.com\/de\/product\/axa-fold-130\/"},"modified":"2026-03-28T23:01:05","modified_gmt":"2026-03-28T23:01:05","slug":"axa-fold-130","status":"publish","type":"product","link":"https:\/\/axabikesecurity.com\/de\/product\/axa-fold-130\/","title":{"rendered":"AXA Fold 130"},"content":{"rendered":"","protected":false},"excerpt":{"rendered":"","protected":false},"featured_media":21335,"comment_status":"closed","ping_status":"closed","template":"","meta":{"_acf_changed":false,"_trash_the_other_posts":false},"product_brand":[],"product_cat":[1911],"product_tag":[],"class_list":{"0":"post-21357","1":"product","2":"type-product","3":"status-publish","4":"has-post-thumbnail","6":"product_cat-faltschloss-438","8":"first","9":"instock","10":"shipping-taxable","11":"product-type-variable"},"acf":[],"yoast_head":"<!-- This site is optimized with the Yoast SEO plugin v27.1.1 - https:\/\/yoast.com\/product\/yoast-seo-wordpress\/ -->\n<title>AXA Fold 130 | AXA Bike Security \ud83c\udde9\ud83c\uddea<\/title>\n<meta name=\"description\" content=\"Das neue AXA Fold kombiniert verl\u00e4ssliche Sicherheit mit einfacher Handhabung und ist die passende L\u00f6sung f\u00fcr Radfahrer:innen, die ihr Fahrrad im Alltag nutzen und dabei Wert auf Komfort und Sorgenfreiheit legen. Mit acht geh\u00e4rteten Stahlelementen erreicht das Schloss eine Schlie\u00dfl\u00e4ngen von 110 cm, wodurch sich Fahrr\u00e4der flexibel und sicher anschlie\u00dfen lassen \u2013 auch an breiteren Objekten.\" \/>\n<meta name=\"robots\" content=\"index, follow, max-snippet:-1, max-image-preview:large, max-video-preview:-1\" \/>\n<link rel=\"canonical\" href=\"https:\/\/axabikesecurity.com\/de\/product\/axa-fold-130\/\" \/>\n<meta property=\"og:locale\" content=\"en_US\" \/>\n<meta property=\"og:type\" content=\"article\" \/>\n<meta property=\"og:title\" content=\"AXA Fold 130 | AXA Bike Security \ud83c\udde9\ud83c\uddea\" \/>\n<meta property=\"og:description\" content=\"Das neue AXA Fold kombiniert verl\u00e4ssliche Sicherheit mit einfacher Handhabung und ist die passende L\u00f6sung f\u00fcr Radfahrer:innen, die ihr Fahrrad im Alltag nutzen und dabei Wert auf Komfort und Sorgenfreiheit legen. Mit acht geh\u00e4rteten Stahlelementen erreicht das Schloss eine Schlie\u00dfl\u00e4ngen von 110 cm, wodurch sich Fahrr\u00e4der flexibel und sicher anschlie\u00dfen lassen \u2013 auch an breiteren Objekten.\" \/>\n<meta property=\"og:url\" content=\"https:\/\/axabikesecurity.com\/de\/product\/axa-fold-130\/\" \/>\n<meta property=\"og:site_name\" content=\"AXA Bike Security \ud83c\udde9\ud83c\uddea\" \/>\n<meta property=\"og:image\" content=\"https:\/\/axabikesecurity.com\/de\/wp-content\/uploads\/sites\/17\/2026\/02\/axa-fold-130-front-in-bracket_E0026502.jpg\" \/>\n\t<meta property=\"og:image:width\" content=\"1181\" \/>\n\t<meta property=\"og:image:height\" content=\"1181\" \/>\n\t<meta property=\"og:image:type\" content=\"image\/jpeg\" \/>\n<meta name=\"twitter:card\" content=\"summary_large_image\" \/>\n<script type=\"application\/ld+json\" class=\"yoast-schema-graph\">{\"@context\":\"https:\/\/schema.org\",\"@graph\":[{\"@type\":\"WebPage\",\"@id\":\"https:\/\/axabikesecurity.com\/de\/product\/axa-fold-130\/\",\"url\":\"https:\/\/axabikesecurity.com\/de\/product\/axa-fold-130\/\",\"name\":\"AXA Fold 130 | AXA Bike Security \ud83c\udde9\ud83c\uddea\",\"isPartOf\":{\"@id\":\"https:\/\/axabikesecurity.com\/de\/#website\"},\"primaryImageOfPage\":{\"@id\":\"https:\/\/axabikesecurity.com\/de\/product\/axa-fold-130\/#primaryimage\"},\"image\":{\"@id\":\"https:\/\/axabikesecurity.com\/de\/product\/axa-fold-130\/#primaryimage\"},\"thumbnailUrl\":\"https:\/\/axabikesecurity.com\/de\/wp-content\/uploads\/sites\/17\/2026\/02\/axa-fold-130-front-in-bracket_E0026502.jpg\",\"datePublished\":\"2026-03-28T23:01:05+00:00\",\"description\":\"Das neue AXA Fold kombiniert verl\u00e4ssliche Sicherheit mit einfacher Handhabung und ist die passende L\u00f6sung f\u00fcr Radfahrer:innen, die ihr Fahrrad im Alltag nutzen und dabei Wert auf Komfort und Sorgenfreiheit legen. Mit acht geh\u00e4rteten Stahlelementen erreicht das Schloss eine Schlie\u00dfl\u00e4ngen von 110 cm, wodurch sich Fahrr\u00e4der flexibel und sicher anschlie\u00dfen lassen \u2013 auch an breiteren Objekten.\",\"breadcrumb\":{\"@id\":\"https:\/\/axabikesecurity.com\/de\/product\/axa-fold-130\/#breadcrumb\"},\"inLanguage\":\"en-US\",\"potentialAction\":[{\"@type\":\"ReadAction\",\"target\":[\"https:\/\/axabikesecurity.com\/de\/product\/axa-fold-130\/\"]}]},{\"@type\":\"ImageObject\",\"inLanguage\":\"en-US\",\"@id\":\"https:\/\/axabikesecurity.com\/de\/product\/axa-fold-130\/#primaryimage\",\"url\":\"https:\/\/axabikesecurity.com\/de\/wp-content\/uploads\/sites\/17\/2026\/02\/axa-fold-130-front-in-bracket_E0026502.jpg\",\"contentUrl\":\"https:\/\/axabikesecurity.com\/de\/wp-content\/uploads\/sites\/17\/2026\/02\/axa-fold-130-front-in-bracket_E0026502.jpg\",\"width\":1181,\"height\":1181},{\"@type\":\"BreadcrumbList\",\"@id\":\"https:\/\/axabikesecurity.com\/de\/product\/axa-fold-130\/#breadcrumb\",\"itemListElement\":[{\"@type\":\"ListItem\",\"position\":1,\"name\":\"house\",\"item\":\"https:\/\/axabikesecurity.com\/de\/\"},{\"@type\":\"ListItem\",\"position\":2,\"name\":\"Produkte\",\"item\":\"https:\/\/axabikesecurity.com\/de\/producten\/\"},{\"@type\":\"ListItem\",\"position\":3,\"name\":\"AXA Fold 130\"}]},{\"@type\":\"WebSite\",\"@id\":\"https:\/\/axabikesecurity.com\/de\/#website\",\"url\":\"https:\/\/axabikesecurity.com\/de\/\",\"name\":\"AXA Bike\",\"description\":\"\",\"potentialAction\":[{\"@type\":\"SearchAction\",\"target\":{\"@type\":\"EntryPoint\",\"urlTemplate\":\"https:\/\/axabikesecurity.com\/de\/?s={search_term_string}\"},\"query-input\":{\"@type\":\"PropertyValueSpecification\",\"valueRequired\":true,\"valueName\":\"search_term_string\"}}],\"inLanguage\":\"en-US\"}]}<\/script>\n<!-- \/ Yoast SEO plugin. -->","yoast_head_json":{"title":"AXA Fold 130 | AXA Bike Security \ud83c\udde9\ud83c\uddea","description":"Das neue AXA Fold kombiniert verl\u00e4ssliche Sicherheit mit einfacher Handhabung und ist die passende L\u00f6sung f\u00fcr Radfahrer:innen, die ihr Fahrrad im Alltag nutzen und dabei Wert auf Komfort und Sorgenfreiheit legen. Mit acht geh\u00e4rteten Stahlelementen erreicht das Schloss eine Schlie\u00dfl\u00e4ngen von 110 cm, wodurch sich Fahrr\u00e4der flexibel und sicher anschlie\u00dfen lassen \u2013 auch an breiteren Objekten.","robots":{"index":"index","follow":"follow","max-snippet":"max-snippet:-1","max-image-preview":"max-image-preview:large","max-video-preview":"max-video-preview:-1"},"canonical":"https:\/\/axabikesecurity.com\/de\/product\/axa-fold-130\/","og_locale":"en_US","og_type":"article","og_title":"AXA Fold 130 | AXA Bike Security \ud83c\udde9\ud83c\uddea","og_description":"Das neue AXA Fold kombiniert verl\u00e4ssliche Sicherheit mit einfacher Handhabung und ist die passende L\u00f6sung f\u00fcr Radfahrer:innen, die ihr Fahrrad im Alltag nutzen und dabei Wert auf Komfort und Sorgenfreiheit legen. Mit acht geh\u00e4rteten Stahlelementen erreicht das Schloss eine Schlie\u00dfl\u00e4ngen von 110 cm, wodurch sich Fahrr\u00e4der flexibel und sicher anschlie\u00dfen lassen \u2013 auch an breiteren Objekten.","og_url":"https:\/\/axabikesecurity.com\/de\/product\/axa-fold-130\/","og_site_name":"AXA Bike Security \ud83c\udde9\ud83c\uddea","og_image":[{"width":1181,"height":1181,"url":"https:\/\/axabikesecurity.com\/de\/wp-content\/uploads\/sites\/17\/2026\/02\/axa-fold-130-front-in-bracket_E0026502.jpg","type":"image\/jpeg"}],"twitter_card":"summary_large_image","schema":{"@context":"https:\/\/schema.org","@graph":[{"@type":"WebPage","@id":"https:\/\/axabikesecurity.com\/de\/product\/axa-fold-130\/","url":"https:\/\/axabikesecurity.com\/de\/product\/axa-fold-130\/","name":"AXA Fold 130 | AXA Bike Security \ud83c\udde9\ud83c\uddea","isPartOf":{"@id":"https:\/\/axabikesecurity.com\/de\/#website"},"primaryImageOfPage":{"@id":"https:\/\/axabikesecurity.com\/de\/product\/axa-fold-130\/#primaryimage"},"image":{"@id":"https:\/\/axabikesecurity.com\/de\/product\/axa-fold-130\/#primaryimage"},"thumbnailUrl":"https:\/\/axabikesecurity.com\/de\/wp-content\/uploads\/sites\/17\/2026\/02\/axa-fold-130-front-in-bracket_E0026502.jpg","datePublished":"2026-03-28T23:01:05+00:00","description":"Das neue AXA Fold kombiniert verl\u00e4ssliche Sicherheit mit einfacher Handhabung und ist die passende L\u00f6sung f\u00fcr Radfahrer:innen, die ihr Fahrrad im Alltag nutzen und dabei Wert auf Komfort und Sorgenfreiheit legen. Mit acht geh\u00e4rteten Stahlelementen erreicht das Schloss eine Schlie\u00dfl\u00e4ngen von 110 cm, wodurch sich Fahrr\u00e4der flexibel und sicher anschlie\u00dfen lassen \u2013 auch an breiteren Objekten.","breadcrumb":{"@id":"https:\/\/axabikesecurity.com\/de\/product\/axa-fold-130\/#breadcrumb"},"inLanguage":"en-US","potentialAction":[{"@type":"ReadAction","target":["https:\/\/axabikesecurity.com\/de\/product\/axa-fold-130\/"]}]},{"@type":"ImageObject","inLanguage":"en-US","@id":"https:\/\/axabikesecurity.com\/de\/product\/axa-fold-130\/#primaryimage","url":"https:\/\/axabikesecurity.com\/de\/wp-content\/uploads\/sites\/17\/2026\/02\/axa-fold-130-front-in-bracket_E0026502.jpg","contentUrl":"https:\/\/axabikesecurity.com\/de\/wp-content\/uploads\/sites\/17\/2026\/02\/axa-fold-130-front-in-bracket_E0026502.jpg","width":1181,"height":1181},{"@type":"BreadcrumbList","@id":"https:\/\/axabikesecurity.com\/de\/product\/axa-fold-130\/#breadcrumb","itemListElement":[{"@type":"ListItem","position":1,"name":"house","item":"https:\/\/axabikesecurity.com\/de\/"},{"@type":"ListItem","position":2,"name":"Produkte","item":"https:\/\/axabikesecurity.com\/de\/producten\/"},{"@type":"ListItem","position":3,"name":"AXA Fold 130"}]},{"@type":"WebSite","@id":"https:\/\/axabikesecurity.com\/de\/#website","url":"https:\/\/axabikesecurity.com\/de\/","name":"AXA Bike","description":"","potentialAction":[{"@type":"SearchAction","target":{"@type":"EntryPoint","urlTemplate":"https:\/\/axabikesecurity.com\/de\/?s={search_term_string}"},"query-input":{"@type":"PropertyValueSpecification","valueRequired":true,"valueName":"search_term_string"}}],"inLanguage":"en-US"}]}},"jetpack_sharing_enabled":true,"_links":{"self":[{"href":"https:\/\/axabikesecurity.com\/de\/wp-json\/wp\/v2\/product\/21357","targetHints":{"allow":["GET"]}}],"collection":[{"href":"https:\/\/axabikesecurity.com\/de\/wp-json\/wp\/v2\/product"}],"about":[{"href":"https:\/\/axabikesecurity.com\/de\/wp-json\/wp\/v2\/types\/product"}],"replies":[{"embeddable":true,"href":"https:\/\/axabikesecurity.com\/de\/wp-json\/wp\/v2\/comments?post=21357"}],"wp:featuredmedia":[{"embeddable":true,"href":"https:\/\/axabikesecurity.com\/de\/wp-json\/wp\/v2\/media\/21335"}],"wp:attachment":[{"href":"https:\/\/axabikesecurity.com\/de\/wp-json\/wp\/v2\/media?parent=21357"}],"wp:term":[{"taxonomy":"product_brand","embeddable":true,"href":"https:\/\/axabikesecurity.com\/de\/wp-json\/wp\/v2\/product_brand?post=21357"},{"taxonomy":"product_cat","embeddable":true,"href":"https:\/\/axabikesecurity.com\/de\/wp-json\/wp\/v2\/product_cat?post=21357"},{"taxonomy":"product_tag","embeddable":true,"href":"https:\/\/axabikesecurity.com\/de\/wp-json\/wp\/v2\/product_tag?post=21357"}],"curies":[{"name":"wp","href":"https:\/\/api.w.org\/{rel}","templated":true}]}}