{"id":21432,"date":"2026-05-14T23:00:33","date_gmt":"2026-05-14T23:00:33","guid":{"rendered":"https:\/\/axabikesecurity.com\/de\/product\/globe-40-e\/"},"modified":"2026-05-14T23:00:33","modified_gmt":"2026-05-14T23:00:33","slug":"globe-40-e","status":"publish","type":"product","link":"https:\/\/axabikesecurity.com\/de\/product\/globe-40-e\/","title":{"rendered":"Globe 40 E"},"content":{"rendered":"","protected":false},"excerpt":{"rendered":"","protected":false},"featured_media":21430,"comment_status":"closed","ping_status":"closed","template":"","meta":{"_acf_changed":false,"_trash_the_other_posts":false},"product_brand":[],"product_cat":[1900],"product_tag":[],"class_list":{"0":"post-21432","1":"product","2":"type-product","3":"status-publish","4":"has-post-thumbnail","6":"product_cat-e-bike-scheinwerfer-446","8":"first","9":"instock","10":"shipping-taxable","11":"product-type-variable"},"acf":[],"yoast_head":"<!-- This site is optimized with the Yoast SEO plugin v27.4 - https:\/\/yoast.com\/product\/yoast-seo-wordpress\/ -->\n<title>Globe 40 E | AXA Bike Security \ud83c\udde9\ud83c\uddea<\/title>\n<meta name=\"description\" content=\"Die AXA Globe 40 ist ein E\u2011Bike\u2011Frontscheinwerfer mit einer Lichtst\u00e4rke von 40\u202fLux, modernem, schlankem Design und vollst\u00e4ndiger Konformit\u00e4t mit deutschen sowie franz\u00f6sischen Vorschriften. Sie bietet zuverl\u00e4ssige Leistung, eine stilvolle Optik und eine unkomplizierte Montage.\" \/>\n<meta name=\"robots\" content=\"index, follow, max-snippet:-1, max-image-preview:large, max-video-preview:-1\" \/>\n<link rel=\"canonical\" href=\"https:\/\/axabikesecurity.com\/de\/product\/globe-40-e\/\" \/>\n<meta property=\"og:locale\" content=\"en_US\" \/>\n<meta property=\"og:type\" content=\"article\" \/>\n<meta property=\"og:title\" content=\"Globe 40 E | AXA Bike Security \ud83c\udde9\ud83c\uddea\" \/>\n<meta property=\"og:description\" content=\"Die AXA Globe 40 ist ein E\u2011Bike\u2011Frontscheinwerfer mit einer Lichtst\u00e4rke von 40\u202fLux, modernem, schlankem Design und vollst\u00e4ndiger Konformit\u00e4t mit deutschen sowie franz\u00f6sischen Vorschriften. Sie bietet zuverl\u00e4ssige Leistung, eine stilvolle Optik und eine unkomplizierte Montage.\" \/>\n<meta property=\"og:url\" content=\"https:\/\/axabikesecurity.com\/de\/product\/globe-40-e\/\" \/>\n<meta property=\"og:site_name\" content=\"AXA Bike Security \ud83c\udde9\ud83c\uddea\" \/>\n<meta property=\"og:image\" content=\"https:\/\/axabikesecurity.com\/de\/wp-content\/uploads\/sites\/17\/2026\/05\/axa-globe-40-e-bike-angle-front-right-fork_E0026977.jpg\" \/>\n\t<meta property=\"og:image:width\" content=\"1181\" \/>\n\t<meta property=\"og:image:height\" content=\"1181\" \/>\n\t<meta property=\"og:image:type\" content=\"image\/jpeg\" \/>\n<meta name=\"twitter:card\" content=\"summary_large_image\" \/>\n<script type=\"application\/ld+json\" class=\"yoast-schema-graph\">{\"@context\":\"https:\\\/\\\/schema.org\",\"@graph\":[{\"@type\":\"WebPage\",\"@id\":\"https:\\\/\\\/axabikesecurity.com\\\/de\\\/product\\\/globe-40-e\\\/\",\"url\":\"https:\\\/\\\/axabikesecurity.com\\\/de\\\/product\\\/globe-40-e\\\/\",\"name\":\"Globe 40 E | AXA Bike Security \ud83c\udde9\ud83c\uddea\",\"isPartOf\":{\"@id\":\"https:\\\/\\\/axabikesecurity.com\\\/de\\\/#website\"},\"primaryImageOfPage\":{\"@id\":\"https:\\\/\\\/axabikesecurity.com\\\/de\\\/product\\\/globe-40-e\\\/#primaryimage\"},\"image\":{\"@id\":\"https:\\\/\\\/axabikesecurity.com\\\/de\\\/product\\\/globe-40-e\\\/#primaryimage\"},\"thumbnailUrl\":\"https:\\\/\\\/axabikesecurity.com\\\/de\\\/wp-content\\\/uploads\\\/sites\\\/17\\\/2026\\\/05\\\/axa-globe-40-e-bike-angle-front-right-fork_E0026977.jpg\",\"datePublished\":\"2026-05-14T23:00:33+00:00\",\"description\":\"Die AXA Globe 40 ist ein E\u2011Bike\u2011Frontscheinwerfer mit einer Lichtst\u00e4rke von 40\u202fLux, modernem, schlankem Design und vollst\u00e4ndiger Konformit\u00e4t mit deutschen sowie franz\u00f6sischen Vorschriften. Sie bietet zuverl\u00e4ssige Leistung, eine stilvolle Optik und eine unkomplizierte Montage.\",\"breadcrumb\":{\"@id\":\"https:\\\/\\\/axabikesecurity.com\\\/de\\\/product\\\/globe-40-e\\\/#breadcrumb\"},\"inLanguage\":\"en-US\",\"potentialAction\":[{\"@type\":\"ReadAction\",\"target\":[\"https:\\\/\\\/axabikesecurity.com\\\/de\\\/product\\\/globe-40-e\\\/\"]}]},{\"@type\":\"ImageObject\",\"inLanguage\":\"en-US\",\"@id\":\"https:\\\/\\\/axabikesecurity.com\\\/de\\\/product\\\/globe-40-e\\\/#primaryimage\",\"url\":\"https:\\\/\\\/axabikesecurity.com\\\/de\\\/wp-content\\\/uploads\\\/sites\\\/17\\\/2026\\\/05\\\/axa-globe-40-e-bike-angle-front-right-fork_E0026977.jpg\",\"contentUrl\":\"https:\\\/\\\/axabikesecurity.com\\\/de\\\/wp-content\\\/uploads\\\/sites\\\/17\\\/2026\\\/05\\\/axa-globe-40-e-bike-angle-front-right-fork_E0026977.jpg\",\"width\":1181,\"height\":1181},{\"@type\":\"BreadcrumbList\",\"@id\":\"https:\\\/\\\/axabikesecurity.com\\\/de\\\/product\\\/globe-40-e\\\/#breadcrumb\",\"itemListElement\":[{\"@type\":\"ListItem\",\"position\":1,\"name\":\"house\",\"item\":\"https:\\\/\\\/axabikesecurity.com\\\/de\\\/\"},{\"@type\":\"ListItem\",\"position\":2,\"name\":\"Produkte\",\"item\":\"https:\\\/\\\/axabikesecurity.com\\\/de\\\/producten\\\/\"},{\"@type\":\"ListItem\",\"position\":3,\"name\":\"Globe 40 E\"}]},{\"@type\":\"WebSite\",\"@id\":\"https:\\\/\\\/axabikesecurity.com\\\/de\\\/#website\",\"url\":\"https:\\\/\\\/axabikesecurity.com\\\/de\\\/\",\"name\":\"AXA Bike\",\"description\":\"\",\"potentialAction\":[{\"@type\":\"SearchAction\",\"target\":{\"@type\":\"EntryPoint\",\"urlTemplate\":\"https:\\\/\\\/axabikesecurity.com\\\/de\\\/?s={search_term_string}\"},\"query-input\":{\"@type\":\"PropertyValueSpecification\",\"valueRequired\":true,\"valueName\":\"search_term_string\"}}],\"inLanguage\":\"en-US\"}]}<\/script>\n<!-- \/ Yoast SEO plugin. -->","yoast_head_json":{"title":"Globe 40 E | AXA Bike Security \ud83c\udde9\ud83c\uddea","description":"Die AXA Globe 40 ist ein E\u2011Bike\u2011Frontscheinwerfer mit einer Lichtst\u00e4rke von 40\u202fLux, modernem, schlankem Design und vollst\u00e4ndiger Konformit\u00e4t mit deutschen sowie franz\u00f6sischen Vorschriften. Sie bietet zuverl\u00e4ssige Leistung, eine stilvolle Optik und eine unkomplizierte Montage.","robots":{"index":"index","follow":"follow","max-snippet":"max-snippet:-1","max-image-preview":"max-image-preview:large","max-video-preview":"max-video-preview:-1"},"canonical":"https:\/\/axabikesecurity.com\/de\/product\/globe-40-e\/","og_locale":"en_US","og_type":"article","og_title":"Globe 40 E | AXA Bike Security \ud83c\udde9\ud83c\uddea","og_description":"Die AXA Globe 40 ist ein E\u2011Bike\u2011Frontscheinwerfer mit einer Lichtst\u00e4rke von 40\u202fLux, modernem, schlankem Design und vollst\u00e4ndiger Konformit\u00e4t mit deutschen sowie franz\u00f6sischen Vorschriften. Sie bietet zuverl\u00e4ssige Leistung, eine stilvolle Optik und eine unkomplizierte Montage.","og_url":"https:\/\/axabikesecurity.com\/de\/product\/globe-40-e\/","og_site_name":"AXA Bike Security \ud83c\udde9\ud83c\uddea","og_image":[{"width":1181,"height":1181,"url":"https:\/\/axabikesecurity.com\/de\/wp-content\/uploads\/sites\/17\/2026\/05\/axa-globe-40-e-bike-angle-front-right-fork_E0026977.jpg","type":"image\/jpeg"}],"twitter_card":"summary_large_image","schema":{"@context":"https:\/\/schema.org","@graph":[{"@type":"WebPage","@id":"https:\/\/axabikesecurity.com\/de\/product\/globe-40-e\/","url":"https:\/\/axabikesecurity.com\/de\/product\/globe-40-e\/","name":"Globe 40 E | AXA Bike Security \ud83c\udde9\ud83c\uddea","isPartOf":{"@id":"https:\/\/axabikesecurity.com\/de\/#website"},"primaryImageOfPage":{"@id":"https:\/\/axabikesecurity.com\/de\/product\/globe-40-e\/#primaryimage"},"image":{"@id":"https:\/\/axabikesecurity.com\/de\/product\/globe-40-e\/#primaryimage"},"thumbnailUrl":"https:\/\/axabikesecurity.com\/de\/wp-content\/uploads\/sites\/17\/2026\/05\/axa-globe-40-e-bike-angle-front-right-fork_E0026977.jpg","datePublished":"2026-05-14T23:00:33+00:00","description":"Die AXA Globe 40 ist ein E\u2011Bike\u2011Frontscheinwerfer mit einer Lichtst\u00e4rke von 40\u202fLux, modernem, schlankem Design und vollst\u00e4ndiger Konformit\u00e4t mit deutschen sowie franz\u00f6sischen Vorschriften. Sie bietet zuverl\u00e4ssige Leistung, eine stilvolle Optik und eine unkomplizierte Montage.","breadcrumb":{"@id":"https:\/\/axabikesecurity.com\/de\/product\/globe-40-e\/#breadcrumb"},"inLanguage":"en-US","potentialAction":[{"@type":"ReadAction","target":["https:\/\/axabikesecurity.com\/de\/product\/globe-40-e\/"]}]},{"@type":"ImageObject","inLanguage":"en-US","@id":"https:\/\/axabikesecurity.com\/de\/product\/globe-40-e\/#primaryimage","url":"https:\/\/axabikesecurity.com\/de\/wp-content\/uploads\/sites\/17\/2026\/05\/axa-globe-40-e-bike-angle-front-right-fork_E0026977.jpg","contentUrl":"https:\/\/axabikesecurity.com\/de\/wp-content\/uploads\/sites\/17\/2026\/05\/axa-globe-40-e-bike-angle-front-right-fork_E0026977.jpg","width":1181,"height":1181},{"@type":"BreadcrumbList","@id":"https:\/\/axabikesecurity.com\/de\/product\/globe-40-e\/#breadcrumb","itemListElement":[{"@type":"ListItem","position":1,"name":"house","item":"https:\/\/axabikesecurity.com\/de\/"},{"@type":"ListItem","position":2,"name":"Produkte","item":"https:\/\/axabikesecurity.com\/de\/producten\/"},{"@type":"ListItem","position":3,"name":"Globe 40 E"}]},{"@type":"WebSite","@id":"https:\/\/axabikesecurity.com\/de\/#website","url":"https:\/\/axabikesecurity.com\/de\/","name":"AXA Bike","description":"","potentialAction":[{"@type":"SearchAction","target":{"@type":"EntryPoint","urlTemplate":"https:\/\/axabikesecurity.com\/de\/?s={search_term_string}"},"query-input":{"@type":"PropertyValueSpecification","valueRequired":true,"valueName":"search_term_string"}}],"inLanguage":"en-US"}]}},"jetpack_sharing_enabled":true,"_links":{"self":[{"href":"https:\/\/axabikesecurity.com\/de\/wp-json\/wp\/v2\/product\/21432","targetHints":{"allow":["GET"]}}],"collection":[{"href":"https:\/\/axabikesecurity.com\/de\/wp-json\/wp\/v2\/product"}],"about":[{"href":"https:\/\/axabikesecurity.com\/de\/wp-json\/wp\/v2\/types\/product"}],"replies":[{"embeddable":true,"href":"https:\/\/axabikesecurity.com\/de\/wp-json\/wp\/v2\/comments?post=21432"}],"wp:featuredmedia":[{"embeddable":true,"href":"https:\/\/axabikesecurity.com\/de\/wp-json\/wp\/v2\/media\/21430"}],"wp:attachment":[{"href":"https:\/\/axabikesecurity.com\/de\/wp-json\/wp\/v2\/media?parent=21432"}],"wp:term":[{"taxonomy":"product_brand","embeddable":true,"href":"https:\/\/axabikesecurity.com\/de\/wp-json\/wp\/v2\/product_brand?post=21432"},{"taxonomy":"product_cat","embeddable":true,"href":"https:\/\/axabikesecurity.com\/de\/wp-json\/wp\/v2\/product_cat?post=21432"},{"taxonomy":"product_tag","embeddable":true,"href":"https:\/\/axabikesecurity.com\/de\/wp-json\/wp\/v2\/product_tag?post=21432"}],"curies":[{"name":"wp","href":"https:\/\/api.w.org\/{rel}","templated":true}]}}